{"id":1454,"date":"2024-11-03T21:33:04","date_gmt":"2024-11-03T21:33:04","guid":{"rendered":"https:\/\/caliweedeurope.com\/?post_type=product&#038;p=1454"},"modified":"2024-11-03T21:33:26","modified_gmt":"2024-11-03T21:33:26","slug":"buy-acdc-marijuana-strain","status":"publish","type":"product","link":"https:\/\/caliweedeurope.com\/it\/product\/buy-acdc-marijuana-strain\/","title":{"rendered":"Acquista la variet\u00e0 di marijuana ACDC"},"content":{"rendered":"<h1>Acquista la variet\u00e0 di marijuana ACDC \u2013 Buy weed Europe<\/h1>\n<p>Acquista erba ACDC in Europa, Regno Unito, USA, tanto confortante e rivitalizzante quanto ascoltare alcune delle tue canzoni preferite, <a href=\"https:\/\/www.leafly.com\/strains\/acdc\" target=\"_blank\" rel=\"noopener noreferrer\">ACDC<\/a>\u00a0questa variet\u00e0 ti rinvigorir\u00e0 e ti preparer\u00e0 a spaccare. Ha un livello di CBD molto alto ed \u00e8 stata votata come una delle migliori variet\u00e0 ad alto contenuto di CBD per uso medico. ACDC pu\u00f2 aiutare con qualsiasi cosa, dal dolore nervoso e la sclerosi multipla, fino all'epilessia e al PTSD. Tutto questo con quasi nessun effetto psicoattivo. Sebbene non producano effetti psicoattivi, le variet\u00e0 di cannabis ad alto contenuto di CBD come ACDC sono molto richieste per la loro forma di terapia non intossicante e 100% naturale.<\/p>\n<p>ACDC \u00e8 tra le variet\u00e0 rare di\u00a0<a href=\"https:\/\/www.bonzaseeds.com\/blog\/different-types-cannabis-plants\/\" target=\"_blank\" rel=\"noopener noreferrer\">cannabis<\/a> ACDC \u00e8 una delle variet\u00e0 rare che offre un \"high\" senza effetti psicoattivi. Con questa variet\u00e0, non ci sono esperienze psichedeliche o un effetto narcotico. Dove eccelle \u00e8 nell'uso medico. Perci\u00f2 alcune persone la considerano come un integratore alimentare. Acquista la variet\u00e0 ACDC o i semi per il trattamento del dolore, dell'ansia, del sonno e della depressione in quantit\u00e0 all'ingrosso in Europa, da un dispensario online affidabile con consegna gratuita in una notte. Puoi comprare erba in Georgia, dove comprare erba in Georgia, comprare erba in Irlanda, comprare una pipa per erba in Irlanda, il posto migliore dove comprare erba in Irlanda.<\/p>\n<div class=\"css-63oe3q\">\n<div class=\"css-63oe3q\"><\/div>\n<\/p><\/div>\n<h2><strong>Cannabis in Vendita Online \u2013 Cannabis Medica in Vendita \u2013 Acquista la Variet\u00e0 ACDC<\/strong><\/h2>\n<p>ACDC ha ricevuto numerosi premi e riconoscimenti. In un mondo dove la maggior parte delle persone pensa al cannabis in termini di potenza, questo \u00e8 l'opposto. Contiene fino al 24% di CBD, rendendolo un trattamento efficace per le crisi e l'epilessia.<\/p>\n<p>Sebbene molte variet\u00e0 di marijuana siano progettate per farti sballare,\u00a0<strong>fare qualche risata buona<\/strong>, e 'aggiustate' la chimica del vostro cervello al punto da non prendere la vita troppo sul serio, esiste un regno di erba medicinale il cui unico scopo \u00e8 guarire il corpo e la mente \u2013 senza effetti psicoattivi.<\/p>\n<p>Questi tipi di cannabis sono una creazione relativamente nuova, poich\u00e9 hanno iniziato a guadagnare popolarit\u00e0 solo quando le persone hanno capito che alti livelli di CBD possono produrre risultati terapeutici profondi, con praticamente nessun effetto psicoattivo. Infatti, molte persone negli ultimi anni hanno richiesto agli allevatori di sviluppare variet\u00e0 con una percentuale elevata di CBD, proprio per questi motivi. ACDC ha ricevuto un brillante riconoscimento nella comunit\u00e0 del cannabis, vincendo persino un Cannabis Cup per i suoi effetti terapeutici e non inebrianti.<\/p>\n<h2 class=\"translation-block\">ACDC Marijuana Strain: Info sulla coltivazione \u2013 Posso<strong> comprare marijuana online in Europa?<\/strong><\/h2>\n<p>L'ACDC \u00e8 una pianta di altezza media, che cresce generalmente fino a circa un metro e venti al massimo. La sua struttura \u00e8 simile a quella delle variet\u00e0 tradizionali \"skunk\", con fiori che si raggruppano in grandi mazzi noti come colas. La maggior parte delle persone sarebbe d'accordo nel dire che l'ACDC \u00e8 abbastanza difficile da coltivare e richiede molta manutenzione per ottenere un raccolto di successo. La pianta ha bisogno di un enorme supporto, a partire da una piattaforma a cui pu\u00f2 aggrapparsi, in modo da sviluppare un forte stelo e rami.<\/p>\n<p class=\"translation-block\">ACDC traccia la sua discendenza da <a href=\"https:\/\/www.bonzaseeds.com\/blog\/cannatonic\/\" target=\"_blank\" rel=\"noopener noreferrer\">CannaTonic<\/a>. Da questa variet\u00e0, NorStar Genetics ha selezionato con cura uno dei suoi fenotipi. Poi l'hanno incrociata con una pianta di cannabis <a href=\"https:\/\/www.bonzaseeds.com\/blog\/different-types-cannabis-plants\/\" target=\"_blank\" rel=\"noopener noreferrer\">Ruderalis<\/a>. In sostanza, ci\u00f2 che ha fatto l'allevatore \u00e8 stato creare una versione migliore della variet\u00e0 madre originale, con molto meno THC ma pi\u00f9 CBD.<\/p>\n<p>acdc strain allbud, acdc strain seeds, acdc strain edibles, acdc cbd oil online, cannatonic strain, acdc strain for sale, ac dc cbd oil for sale, ac dc strain information, ac dc greatest hits, ac dc strain marijuana, acdc strain seeds, acdc strain oil, acdc strain near me, acdc cbd oil online, cbd strains, Ac Dc Strain Info, Acdc Flower Strain, Ac Dc Cbd Oil For Sale, Acdc Cookie Strain, All Marijuana Strain List A Z, Cannabis Strains Guide Chart, Ac Dc Cbd Oil, Complete List Of Marijuana Strains, Ac Dc Cbd Hemp Flower, Acdc Flower Strain, Acdc Strain For Sale, Ac Dc Cbd Flower, Acdc Hemp Flowers For Sale, Acdc Weed Strain For Sale, Buy Acdc Flower<\/p>","protected":false},"excerpt":{"rendered":"<p><b>Acquista la variet\u00e0 di marijuana ACDC\u00a0<a href=\"https:\/\/www.wikileaf.com\/strain\/acdc\/\">acdc<\/a>\u00a0Strain in vendita in Europa utilizzato per il dolore, l'ansia, il sonno e la depressione. Stai cercando fornitori di cannabis ACDC all'ingrosso in Europa con consegna gratuita durante la notte?<\/b>\u00a0 Puoi comprare erba in Europa. Migliore qualit\u00e0 e ottimi servizi di consegna. La soddisfazione del cliente \u00e8 la nostra massima priorit\u00e0. Abbiamo un eccellente team di imballaggio altamente qualificato, specializzato nel fornire un imballaggio discreto perfetto in cui tutti i odori e altri fattori sono ben curati. Offriamo una garanzia di rimborso di 7 giorni su tutti gli ordini se l'ordine viene perso o non ricevuto. Compila il modulo qui sotto se desideri fare un ordine misto o negoziare il prezzo per ordini all'ingrosso (oltre 5 libbre). Visita la nostra pagina FAQ per maggiori dettagli o utilizza la nostra chat online se hai bisogno di assistenza aggiuntiva.<\/p>","protected":false},"featured_media":1478,"comment_status":"closed","ping_status":"closed","template":"","meta":{"_uag_custom_page_level_css":"","site-sidebar-layout":"default","site-content-layout":"","ast-site-content-layout":"","site-content-style":"default","site-sidebar-style":"default","ast-global-header-display":"","ast-banner-title-visibility":"","ast-main-header-display":"","ast-hfb-above-header-display":"","ast-hfb-below-header-display":"","ast-hfb-mobile-header-display":"","site-post-title":"","ast-breadcrumbs-content":"","ast-featured-img":"","footer-sml-layout":"","theme-transparent-header-meta":"","adv-header-id-meta":"","stick-header-meta":"","header-above-stick-meta":"","header-main-stick-meta":"","header-below-stick-meta":"","astra-migrate-meta-layouts":"default","ast-page-background-enabled":"default","ast-page-background-meta":{"desktop":{"background-color":"var(--ast-global-color-4)","background-image":"","background-repeat":"repeat","background-position":"center center","background-size":"auto","background-attachment":"scroll","background-type":"","background-media":"","overlay-type":"","overlay-color":"","overlay-opacity":"","overlay-gradient":""},"tablet":{"background-color":"","background-image":"","background-repeat":"repeat","background-position":"center center","background-size":"auto","background-attachment":"scroll","background-type":"","background-media":"","overlay-type":"","overlay-color":"","overlay-opacity":"","overlay-gradient":""},"mobile":{"background-color":"","background-image":"","background-repeat":"repeat","background-position":"center center","background-size":"auto","background-attachment":"scroll","background-type":"","background-media":"","overlay-type":"","overlay-color":"","overlay-opacity":"","overlay-gradient":""}},"ast-content-background-meta":{"desktop":{"background-color":"var(--ast-global-color-5)","background-image":"","background-repeat":"repeat","background-position":"center center","background-size":"auto","background-attachment":"scroll","background-type":"","background-media":"","overlay-type":"","overlay-color":"","overlay-opacity":"","overlay-gradient":""},"tablet":{"background-color":"var(--ast-global-color-5)","background-image":"","background-repeat":"repeat","background-position":"center center","background-size":"auto","background-attachment":"scroll","background-type":"","background-media":"","overlay-type":"","overlay-color":"","overlay-opacity":"","overlay-gradient":""},"mobile":{"background-color":"var(--ast-global-color-5)","background-image":"","background-repeat":"repeat","background-position":"center center","background-size":"auto","background-attachment":"scroll","background-type":"","background-media":"","overlay-type":"","overlay-color":"","overlay-opacity":"","overlay-gradient":""}}},"product_brand":[],"product_cat":[22,228],"product_tag":[290,291,292,276,293,294,295,296,297,281,283,245,285,286,287,288,298,289],"class_list":{"0":"post-1454","1":"product","2":"type-product","3":"status-publish","4":"has-post-thumbnail","6":"product_cat-hybrid","7":"product_cat-indica","8":"product_tag-an-you-buy-weed-in-ga","9":"product_tag-best-place-to-buy-weed-ireland","10":"product_tag-buy-cannabis","11":"product_tag-buy-cannabis-online","12":"product_tag-buy-weed-france","13":"product_tag-buy-weed-germanay","14":"product_tag-buy-weed-ireland","15":"product_tag-buy-weed-pipe-ireland","16":"product_tag-buy-weed-poland","17":"product_tag-cannabis-online-in-the-uk","18":"product_tag-get-cannabis","19":"product_tag-mail-order-weed-uk","20":"product_tag-order-weed-online-ireland","21":"product_tag-we-deliver-fast-using-next-day-delivery","22":"product_tag-weed-for-sale-in-uk","23":"product_tag-weed-supermarket-buy-cannabis-online-uk","24":"product_tag-where-can-i-buy-weed-in-ga","25":"product_tag-you-can-order-weed","26":"desktop-align-center","27":"tablet-align-left","28":"mobile-align-left","30":"first","31":"instock","32":"sale","33":"shipping-taxable","34":"purchasable","35":"product-type-variable"},"uagb_featured_image_src":{"full":["https:\/\/caliweedeurope.com\/wp-content\/uploads\/2024\/11\/89348954-340894593489.jpeg",937,1171,false],"thumbnail":["https:\/\/caliweedeurope.com\/wp-content\/uploads\/2024\/11\/89348954-340894593489-150x150.jpeg",150,150,true],"medium":["https:\/\/caliweedeurope.com\/wp-content\/uploads\/2024\/11\/89348954-340894593489-240x300.jpeg",240,300,true],"medium_large":["https:\/\/caliweedeurope.com\/wp-content\/uploads\/2024\/11\/89348954-340894593489-768x960.jpeg",768,960,true],"large":["https:\/\/caliweedeurope.com\/wp-content\/uploads\/2024\/11\/89348954-340894593489-819x1024.jpeg",819,1024,true],"1536x1536":["https:\/\/caliweedeurope.com\/wp-content\/uploads\/2024\/11\/89348954-340894593489.jpeg",937,1171,false],"2048x2048":["https:\/\/caliweedeurope.com\/wp-content\/uploads\/2024\/11\/89348954-340894593489.jpeg",937,1171,false],"trp-custom-language-flag":["https:\/\/caliweedeurope.com\/wp-content\/uploads\/2024\/11\/89348954-340894593489.jpeg",10,12,false],"woocommerce_thumbnail":["https:\/\/caliweedeurope.com\/wp-content\/uploads\/2024\/11\/89348954-340894593489-300x300.jpeg",300,300,true],"woocommerce_single":["https:\/\/caliweedeurope.com\/wp-content\/uploads\/2024\/11\/89348954-340894593489-600x750.jpeg",600,750,true],"woocommerce_gallery_thumbnail":["https:\/\/caliweedeurope.com\/wp-content\/uploads\/2024\/11\/89348954-340894593489-100x100.jpeg",100,100,true]},"uagb_author_info":{"display_name":"jetskiforsaleuk@gmail.com","author_link":"https:\/\/caliweedeurope.com\/it\/author\/"},"uagb_comment_info":0,"uagb_excerpt":"Buy ACDC Marijuana Strain,\u00a0acdc\u00a0strain for sale Europe is use for pain, anxiety, sleep, depression. Are you looking for\u00a0 bulk ACDC cannabis suppliers in Europe with free overnight delivery?.\u00a0 you can Buy Weed in Europe .Best quality &amp; delivery services are excellent. Customer satisfaction is our top priority. We\u2019ve got an excellent trained packaging team that&hellip;","_links":{"self":[{"href":"https:\/\/caliweedeurope.com\/it\/wp-json\/wp\/v2\/product\/1454"}],"collection":[{"href":"https:\/\/caliweedeurope.com\/it\/wp-json\/wp\/v2\/product"}],"about":[{"href":"https:\/\/caliweedeurope.com\/it\/wp-json\/wp\/v2\/types\/product"}],"replies":[{"embeddable":true,"href":"https:\/\/caliweedeurope.com\/it\/wp-json\/wp\/v2\/comments?post=1454"}],"wp:featuredmedia":[{"embeddable":true,"href":"https:\/\/caliweedeurope.com\/it\/wp-json\/wp\/v2\/media\/1478"}],"wp:attachment":[{"href":"https:\/\/caliweedeurope.com\/it\/wp-json\/wp\/v2\/media?parent=1454"}],"wp:term":[{"taxonomy":"product_brand","embeddable":true,"href":"https:\/\/caliweedeurope.com\/it\/wp-json\/wp\/v2\/product_brand?post=1454"},{"taxonomy":"product_cat","embeddable":true,"href":"https:\/\/caliweedeurope.com\/it\/wp-json\/wp\/v2\/product_cat?post=1454"},{"taxonomy":"product_tag","embeddable":true,"href":"https:\/\/caliweedeurope.com\/it\/wp-json\/wp\/v2\/product_tag?post=1454"}],"curies":[{"name":"wp","href":"https:\/\/api.w.org\/{rel}","templated":true}]}}