{"id":1466,"date":"2024-11-03T21:33:05","date_gmt":"2024-11-03T21:33:05","guid":{"rendered":"https:\/\/caliweedeurope.com\/?post_type=product&#038;p=1466"},"modified":"2024-11-03T21:33:51","modified_gmt":"2024-11-03T21:33:51","slug":"biscotti","status":"publish","type":"product","link":"https:\/\/caliweedeurope.com\/it\/product\/biscotti\/","title":{"rendered":"Biscotti"},"content":{"rendered":"<h2>Acquista la genetica della variet\u00e0 Biscotti online<\/h2>\n<p><span class=\"pirate_article\">Acquista la genetica della variet\u00e0 Biscotti online. Questa variet\u00e0 \u00e8 stata creata da Cookies Fam. Affermano di essere i pionieri di molte di queste variet\u00e0 eccezionalmente potenti, ed \u00e8 difficile non essere d'accordo con loro. Biscotti \u00e8 un incrocio tra:<br \/> <\/span><\/p>\n<ul>\n<li>Gelato #25<\/li>\n<li>Girl Scout Cookies<\/li>\n<li>Gorilla Glue #4<br \/> Sebbene sia difficile dire se ci\u00f2 sia completamente corretto, poich\u00e9 alcune persone dicono che sia Gelato x South Florida OG, \u00e8 sicuramente una di queste combinazioni. Gelato \u00e8 di per s\u00e9 una strain \"dankenstein\", e Gorilla Glue #4 e Girl Scout Cookies sono due delle strain pi\u00f9 conosciute al mondo. Biscotti \u00e8 una strain definitiva con probabilmente uno dei migliori profili di gusto del settore.<\/li>\n<\/ul>\n<p><span class=\"pirate_article\">Questo \u00e8 davvero il punto forte. Sfortunatamente, poich\u00e9 i semi non sono disponibili online e la variet\u00e0 \u00e8 generalmente eccezionalmente rara, il prezzo \u00e8 molto alto. Ad Amsterdam, probabilmente pagherai almeno 40 $ al grammo. In Nord America sar\u00e0 un po' pi\u00f9 economico, ma comunque non a buon mercato. Un grammo coster\u00e0 almeno 25 $ in un dispensario in California. Tuttavia, a causa della sua potenza, probabilmente ne vale la pena.<\/span><\/p>\n<p>SAPORE DELLA VARIET\u00c0 DI CANNABIS BISCOTTI<\/p>\n<ol>\n<li>Fruttato<\/li>\n<li>Di nocciola<\/li>\n<li>Piccante<\/li>\n<li>Zuccherato<\/li>\n<li>Dolce<\/li>\n<\/ol>\n<p><span class=\"pirate_article\">Biscotti \u00e8 sicuramente una variet\u00e0 che vorrai provare in un vaporizzatore per fiori. Anche se \u00e8 anche una di quelle variet\u00e0 che hanno un buon sapore indipendentemente da come la fumi, vale sicuramente la pena di utilizzare il tuo affidabile vaporizzatore per fiori per questa. \u00c8 semplicemente una delle variet\u00e0 dal sapore migliore disponibili sul mercato in questo momento, e bruciarla rovina un po' il sapore. Usando un vaporizzatore, non c'\u00e8 combustione, mantenendo intatto il profilo elegante del sapore di Biscotti. Inoltre, se macini prima la marijuana, il sapore sar\u00e0 ancora migliore nel tuo vaporizzatore.<\/span><\/p>\n<h5><strong>WAX, SHATTER, EDIBLES, ECC.\u00a0<\/strong><\/h5>\n<p><span class=\"pirate_article\">Ogni variet\u00e0 pu\u00f2 essere trasformata in cera o olio. Non \u00e8 un processo facile, ma tecnicamente puoi fare l'olio di hashish al butano da qualsiasi variet\u00e0 a casa. \u00c8 considerato pericoloso, quindi fai molta attenzione se decidi di provarci. Se riesci a trovare abbastanza di questa variet\u00e0 per trasformarla in concentrato, capirai perch\u00e9 le persone scelgono variet\u00e0 come questa. In pratica, le variet\u00e0 vengono scelte per il loro sapore e la loro potenza. Biscotti, come abbiamo gi\u00e0 visto, ha entrambe le cose. Questo lo rende una scelta eccellente per la produzione di concentrati.<\/span><\/p>\n<h3>Dettagli sulla cannabis Biscotti<\/h3>\n<p>La genetica dei Cookies ha le sue radici in molte delle migliori variet\u00e0 sugli scaffali. Molte variet\u00e0 hanno la loro genetica e potresti non saperlo nemmeno. Quindi, nota che la variet\u00e0 Biscotti \u00e8 un classico incrocio Cookies di una variet\u00e0 OG del sud: Gelato #25 incrociato con South Florida OG.<\/p>\n<p>Nel Klarie Canna Care Dispensary offriamo le migliori variet\u00e0 di marijuana e i suoi altri prodotti correlati come oli di cannabis, Moonrocks, cartucce per penna vaporizzatore, Edibles, concentrati, hashish, Harley Twin, Strawberry Lemonade, Sour Jack, Grease Monkey, Orange Kush, Pineapple Kush, Skywalker Indica, White Widow, Tom Ford, Diablo OG Kush, Biscotti Cookies, Nice Cream Weed. Vieni a trovarci <a href=\"https:\/\/deligentman.com\/\" target=\"_blank\" rel=\"noopener\">deligentman.com<\/a><\/p>\n<p>Acquista erba online negli Stati Uniti, acquista erba online in Gran Bretagna, acquista erba online in Irlanda, acquista erba online in Svizzera, acquista erba online in Australia, acquista erba online in Italia, acquista erba online in Danimarca, acquista erba online nell'Unione Europea, acquista erba online in Francia, acquista erba online in Germania, acquista erba online in Belgio, acquista erba online in Polonia, acquista erba online in Lettonia, acquista erba online in Israele, acquista erba online in Turchia, acquista erba online a Jersey, acquista erba online in Cina, acquista erba online in Ucraina, acquista erba online in Ungheria, acquista erba online in Svezia, acquista erba online in Giappone, acquista erba online in Spagna, acquista erba online in Russia, acquista erba online in Croazia, acquista erba online a Guam, acquista erba online a Guernsey.<\/p>","protected":false},"excerpt":{"rendered":"<p>La\u00a0<b>variet\u00e0 Biscotti<\/b>\u00a0\u00e8 un classico di Cookies, incrociato con una variet\u00e0 OG del sud\u00a0<b>Variet\u00e0<\/b>: Gelato #25 incrociata con South Florida OG. ... Le genetiche della famiglia Cookies sono note per essere potenti ibridi di Indica con aromi dolci ed esotici. Girl Scout Cookies \u00e8 l'originale biscotto <b>Variet\u00e0<\/b>.<\/p>","protected":false},"featured_media":1502,"comment_status":"closed","ping_status":"closed","template":"","meta":{"_uag_custom_page_level_css":"","site-sidebar-layout":"default","site-content-layout":"","ast-site-content-layout":"","site-content-style":"default","site-sidebar-style":"default","ast-global-header-display":"","ast-banner-title-visibility":"","ast-main-header-display":"","ast-hfb-above-header-display":"","ast-hfb-below-header-display":"","ast-hfb-mobile-header-display":"","site-post-title":"","ast-breadcrumbs-content":"","ast-featured-img":"","footer-sml-layout":"","theme-transparent-header-meta":"","adv-header-id-meta":"","stick-header-meta":"","header-above-stick-meta":"","header-main-stick-meta":"","header-below-stick-meta":"","astra-migrate-meta-layouts":"default","ast-page-background-enabled":"default","ast-page-background-meta":{"desktop":{"background-color":"var(--ast-global-color-4)","background-image":"","background-repeat":"repeat","background-position":"center center","background-size":"auto","background-attachment":"scroll","background-type":"","background-media":"","overlay-type":"","overlay-color":"","overlay-opacity":"","overlay-gradient":""},"tablet":{"background-color":"","background-image":"","background-repeat":"repeat","background-position":"center center","background-size":"auto","background-attachment":"scroll","background-type":"","background-media":"","overlay-type":"","overlay-color":"","overlay-opacity":"","overlay-gradient":""},"mobile":{"background-color":"","background-image":"","background-repeat":"repeat","background-position":"center center","background-size":"auto","background-attachment":"scroll","background-type":"","background-media":"","overlay-type":"","overlay-color":"","overlay-opacity":"","overlay-gradient":""}},"ast-content-background-meta":{"desktop":{"background-color":"var(--ast-global-color-5)","background-image":"","background-repeat":"repeat","background-position":"center center","background-size":"auto","background-attachment":"scroll","background-type":"","background-media":"","overlay-type":"","overlay-color":"","overlay-opacity":"","overlay-gradient":""},"tablet":{"background-color":"var(--ast-global-color-5)","background-image":"","background-repeat":"repeat","background-position":"center center","background-size":"auto","background-attachment":"scroll","background-type":"","background-media":"","overlay-type":"","overlay-color":"","overlay-opacity":"","overlay-gradient":""},"mobile":{"background-color":"var(--ast-global-color-5)","background-image":"","background-repeat":"repeat","background-position":"center center","background-size":"auto","background-attachment":"scroll","background-type":"","background-media":"","overlay-type":"","overlay-color":"","overlay-opacity":"","overlay-gradient":""}}},"product_brand":[],"product_cat":[228],"product_tag":[201,202,203,204,205,206,207,208,209,210,211,212,213,214,215,216,217,218,219,220,221,222,223,224,225,226],"class_list":{"0":"post-1466","1":"product","2":"type-product","3":"status-publish","4":"has-post-thumbnail","6":"product_cat-indica","7":"product_tag-buy-weed-online-in-australia","8":"product_tag-buy-weed-online-in-belgium","9":"product_tag-buy-weed-online-in-britain","10":"product_tag-buy-weed-online-in-china","11":"product_tag-buy-weed-online-in-croatia","12":"product_tag-buy-weed-online-in-denmark","13":"product_tag-buy-weed-online-in-european-union","14":"product_tag-buy-weed-online-in-france","15":"product_tag-buy-weed-online-in-germany","16":"product_tag-buy-weed-online-in-guam","17":"product_tag-buy-weed-online-in-guernsey","18":"product_tag-buy-weed-online-in-hungary","19":"product_tag-buy-weed-online-in-ireland","20":"product_tag-buy-weed-online-in-israel","21":"product_tag-buy-weed-online-in-italy","22":"product_tag-buy-weed-online-in-japan","23":"product_tag-buy-weed-online-in-jersey","24":"product_tag-buy-weed-online-in-latvia","25":"product_tag-buy-weed-online-in-poland","26":"product_tag-buy-weed-online-in-russia","27":"product_tag-buy-weed-online-in-spain","28":"product_tag-buy-weed-online-in-sweeden","29":"product_tag-buy-weed-online-in-switzerland","30":"product_tag-buy-weed-online-in-turkey","31":"product_tag-buy-weed-online-in-ukraine","32":"product_tag-buy-weed-online-united-states","33":"desktop-align-center","34":"tablet-align-left","35":"mobile-align-left","37":"first","38":"instock","39":"shipping-taxable","40":"purchasable","41":"product-type-variable"},"uagb_featured_image_src":{"full":["https:\/\/caliweedeurope.com\/wp-content\/uploads\/2024\/11\/treegod415_53405499_427674184643905_7221474027484783232_n.jpg",1080,1350,false],"thumbnail":["https:\/\/caliweedeurope.com\/wp-content\/uploads\/2024\/11\/treegod415_53405499_427674184643905_7221474027484783232_n-150x150.jpg",150,150,true],"medium":["https:\/\/caliweedeurope.com\/wp-content\/uploads\/2024\/11\/treegod415_53405499_427674184643905_7221474027484783232_n-240x300.jpg",240,300,true],"medium_large":["https:\/\/caliweedeurope.com\/wp-content\/uploads\/2024\/11\/treegod415_53405499_427674184643905_7221474027484783232_n-768x960.jpg",768,960,true],"large":["https:\/\/caliweedeurope.com\/wp-content\/uploads\/2024\/11\/treegod415_53405499_427674184643905_7221474027484783232_n-819x1024.jpg",819,1024,true],"1536x1536":["https:\/\/caliweedeurope.com\/wp-content\/uploads\/2024\/11\/treegod415_53405499_427674184643905_7221474027484783232_n.jpg",1080,1350,false],"2048x2048":["https:\/\/caliweedeurope.com\/wp-content\/uploads\/2024\/11\/treegod415_53405499_427674184643905_7221474027484783232_n.jpg",1080,1350,false],"trp-custom-language-flag":["https:\/\/caliweedeurope.com\/wp-content\/uploads\/2024\/11\/treegod415_53405499_427674184643905_7221474027484783232_n.jpg",10,12,false],"woocommerce_thumbnail":["https:\/\/caliweedeurope.com\/wp-content\/uploads\/2024\/11\/treegod415_53405499_427674184643905_7221474027484783232_n-300x300.jpg",300,300,true],"woocommerce_single":["https:\/\/caliweedeurope.com\/wp-content\/uploads\/2024\/11\/treegod415_53405499_427674184643905_7221474027484783232_n-600x750.jpg",600,750,true],"woocommerce_gallery_thumbnail":["https:\/\/caliweedeurope.com\/wp-content\/uploads\/2024\/11\/treegod415_53405499_427674184643905_7221474027484783232_n-100x100.jpg",100,100,true]},"uagb_author_info":{"display_name":"jetskiforsaleuk@gmail.com","author_link":"https:\/\/caliweedeurope.com\/it\/author\/"},"uagb_comment_info":0,"uagb_excerpt":"The\u00a0Biscotti strain\u00a0is a Cookies classic crossed a southern OG\u00a0strain: Gelato #25 crossed with South Florida OG. \u2026 Cookies Family genetics are known to be potent Indica-hybrids that have sweet and exotic aromatics. Girl Scout Cookies is the original cookies strain.","_links":{"self":[{"href":"https:\/\/caliweedeurope.com\/it\/wp-json\/wp\/v2\/product\/1466"}],"collection":[{"href":"https:\/\/caliweedeurope.com\/it\/wp-json\/wp\/v2\/product"}],"about":[{"href":"https:\/\/caliweedeurope.com\/it\/wp-json\/wp\/v2\/types\/product"}],"replies":[{"embeddable":true,"href":"https:\/\/caliweedeurope.com\/it\/wp-json\/wp\/v2\/comments?post=1466"}],"wp:featuredmedia":[{"embeddable":true,"href":"https:\/\/caliweedeurope.com\/it\/wp-json\/wp\/v2\/media\/1502"}],"wp:attachment":[{"href":"https:\/\/caliweedeurope.com\/it\/wp-json\/wp\/v2\/media?parent=1466"}],"wp:term":[{"taxonomy":"product_brand","embeddable":true,"href":"https:\/\/caliweedeurope.com\/it\/wp-json\/wp\/v2\/product_brand?post=1466"},{"taxonomy":"product_cat","embeddable":true,"href":"https:\/\/caliweedeurope.com\/it\/wp-json\/wp\/v2\/product_cat?post=1466"},{"taxonomy":"product_tag","embeddable":true,"href":"https:\/\/caliweedeurope.com\/it\/wp-json\/wp\/v2\/product_tag?post=1466"}],"curies":[{"name":"wp","href":"https:\/\/api.w.org\/{rel}","templated":true}]}}