{"id":1484,"date":"2024-11-03T21:33:28","date_gmt":"2024-11-03T21:33:28","guid":{"rendered":"https:\/\/caliweedeurope.com\/?post_type=product&#038;p=1484"},"modified":"2024-11-03T21:33:51","modified_gmt":"2024-11-03T21:33:51","slug":"grand-daddy-purple-for-sale","status":"publish","type":"product","link":"https:\/\/caliweedeurope.com\/it\/product\/grand-daddy-purple-for-sale\/","title":{"rendered":"Grand Daddy Purple in vendita"},"content":{"rendered":"<h1>Grand Daddy Purple in vendita<\/h1>\n<p class=\"translation-block\">Finalmente un'Indica da recensire! Prima che Cookies diventasse la variet\u00e0 pi\u00f9 ricercata, c'era <strong>Grand Daddy Purple in vendita (GDP)<\/strong>, che ha dominato la comunit\u00e0 della cannabis per oltre 5 anni. Un vero e proprio record! Indiscutibilmente la pi\u00f9 famosa di tutte le variet\u00e0 <em>viola<\/em>. Facile da trovare e facile da coltivare, questa pietra miliare della scena della cannabis ti far\u00e0 tornare per altro. grand daddy purple strain in vendita.<\/p>\n<p><strong>Aspetto e odore<\/strong><\/p>\n<p class=\"translation-block\"><strong>Grand Daddy Purple in vendita<\/strong> le gemme sono di un verde incredibilmente denso che acquisisce sfumature viola profonde che si estendono completamente attraverso le gemme (non solo all'esterno) mentre la pianta raggiunge la maturit\u00e0. I peli arancioni brillanti sono abbondanti e offrono un bel contrasto con gli altri colori che decorano le gemme ricoperte di resina. Il profumo \u00e8 semplice, e questo potrebbe sembrare un po' clich\u00e9, ma odora davvero di uva.<\/p>\n<p><a href=\"https:\/\/deligentman.com\/wp-content\/uploads\/2020\/01\/can-you-buy-weed-online.jpg\" target=\"_blank\" rel=\"noopener\"><img loading=\"lazy\" decoding=\"async\" class=\"wp-image-7493 size-medium aligncenter\" src=\"https:\/\/deligentman.com\/wp-content\/uploads\/2020\/01\/can-you-buy-weed-online-300x175.jpg\" alt=\"\" width=\"300\" height=\"175\" \/><\/a><\/p>\n<p><strong>Il fumo<\/strong><\/p>\n<p>Nella mia vita precedente, ho coltivato questa variet\u00e0 per molti anni. Posso facilmente identificare GDP solo dal gusto. Ancora una volta, un sapore distintivo di uva \u00e8 il sapore predominante. Questo sapore tende a persistere sulla lingua per un lungo periodo di tempo. Gli effetti sono duraturi (3-4 ore) con una sensazione liscia e uniforme. Una medicazione sorprendente per concludere la tua notte con un profondo rilassamento corporeo. Grand Daddy Purple disponibile per l'acquisto. <a href=\"https:\/\/deligentman.com\/contact\/\" target=\"_blank\" rel=\"noopener\">Contattaci ora<\/a><\/p>\n<p><strong>Complessivamente<\/strong><\/p>\n<p class=\"translation-block\">Penso sempre a <strong>Grand Daddy Purple<\/strong> come una variet\u00e0 notturna. Sebbene non sia la pi\u00f9 pesante tra le variet\u00e0 Indica, posso pensare a molte altre variet\u00e0 pi\u00f9 adatte per l'uso diurno. Detto ci\u00f2, il GDP \u00e8 <a href=\"https:\/\/www.politico.com\/news\/marijuana-legalization\" target=\"_blank\" rel=\"noopener\">considerato<\/a> una delle migliori variet\u00e0 \u201ccurative\u201d. Questa caratteristica e la capacit\u00e0 di aumentare l'appetito la rendono una delle preferite tra i pazienti che affrontano gli effetti collaterali della chemioterapia. Il GDP \u00e8 anche ottimo per problemi di insonnia. Ora sembra essere ovunque, quindi se ti capita di trovarlo, non perdere l'occasione di provare questa leggendaria variet\u00e0. grand daddy purple in vendita. purple punch strain.<\/p>\n<p>&nbsp;<\/p>\n<p>&nbsp;<\/p>","protected":false},"excerpt":{"rendered":"<p>Grand Daddy Purple Grade A (Indica) in vendita online negli Stati Uniti. Puoi acquistarlo nel nostro negozio online di marijuana. Abbiamo marijuana in vendita, erba in vendita online. ... Grand Daddy Purps \u00e8 una delle variet\u00e0 Indica pi\u00f9 popolari sulla costa occidentale ed \u00e8 forse la variet\u00e0 di cannabis 'viola' pi\u00f9 conosciuta negli Stati Uniti.<\/p>","protected":false},"featured_media":1506,"comment_status":"closed","ping_status":"closed","template":"","meta":{"_uag_custom_page_level_css":"","site-sidebar-layout":"default","site-content-layout":"","ast-site-content-layout":"","site-content-style":"default","site-sidebar-style":"default","ast-global-header-display":"","ast-banner-title-visibility":"","ast-main-header-display":"","ast-hfb-above-header-display":"","ast-hfb-below-header-display":"","ast-hfb-mobile-header-display":"","site-post-title":"","ast-breadcrumbs-content":"","ast-featured-img":"","footer-sml-layout":"","theme-transparent-header-meta":"","adv-header-id-meta":"","stick-header-meta":"","header-above-stick-meta":"","header-main-stick-meta":"","header-below-stick-meta":"","astra-migrate-meta-layouts":"default","ast-page-background-enabled":"default","ast-page-background-meta":{"desktop":{"background-color":"var(--ast-global-color-4)","background-image":"","background-repeat":"repeat","background-position":"center center","background-size":"auto","background-attachment":"scroll","background-type":"","background-media":"","overlay-type":"","overlay-color":"","overlay-opacity":"","overlay-gradient":""},"tablet":{"background-color":"","background-image":"","background-repeat":"repeat","background-position":"center center","background-size":"auto","background-attachment":"scroll","background-type":"","background-media":"","overlay-type":"","overlay-color":"","overlay-opacity":"","overlay-gradient":""},"mobile":{"background-color":"","background-image":"","background-repeat":"repeat","background-position":"center center","background-size":"auto","background-attachment":"scroll","background-type":"","background-media":"","overlay-type":"","overlay-color":"","overlay-opacity":"","overlay-gradient":""}},"ast-content-background-meta":{"desktop":{"background-color":"var(--ast-global-color-5)","background-image":"","background-repeat":"repeat","background-position":"center center","background-size":"auto","background-attachment":"scroll","background-type":"","background-media":"","overlay-type":"","overlay-color":"","overlay-opacity":"","overlay-gradient":""},"tablet":{"background-color":"var(--ast-global-color-5)","background-image":"","background-repeat":"repeat","background-position":"center center","background-size":"auto","background-attachment":"scroll","background-type":"","background-media":"","overlay-type":"","overlay-color":"","overlay-opacity":"","overlay-gradient":""},"mobile":{"background-color":"var(--ast-global-color-5)","background-image":"","background-repeat":"repeat","background-position":"center center","background-size":"auto","background-attachment":"scroll","background-type":"","background-media":"","overlay-type":"","overlay-color":"","overlay-opacity":"","overlay-gradient":""}}},"product_brand":[],"product_cat":[228],"product_tag":[344,345,329,346,347,348,349,350,351,352,353,354,355,356,357,358,331,359,360,361,362,363,364,365,366,367,368,369,370,371,372,373,374,375,376,377,378,379],"class_list":{"0":"post-1484","1":"product","2":"type-product","3":"status-publish","4":"has-post-thumbnail","6":"product_cat-indica","7":"product_tag-buy-cannabis-buds-online-uk","8":"product_tag-buy-cannabis-growing-equipment-uk","9":"product_tag-buy-cannabis-in-uk","10":"product_tag-buy-cannabis-oil-for-cancer-online-uk","11":"product_tag-buy-cannabis-oil-for-cancer-uk","12":"product_tag-buy-cannabis-oil-online-uk","13":"product_tag-buy-cannabis-oil-uk","14":"product_tag-buy-cannabis-online-uk-paypal","15":"product_tag-buy-cannabis-plants-uk","16":"product_tag-buy-cannabis-seeds-in-uk","17":"product_tag-buy-cannabis-seeds-uk","18":"product_tag-buy-cannabis-uk","19":"product_tag-buy-legal-cannabis-online-uk","20":"product_tag-buy-legal-cannabis-uk","21":"product_tag-buy-medical-cannabis-oil-online-uk","22":"product_tag-buy-medical-cannabis-oil-uk","23":"product_tag-buy-medical-cannabis-online-uk","24":"product_tag-buying-cannabis-online-uk","25":"product_tag-buying-cannabis-seeds-uk","26":"product_tag-buying-cannabis-uk","27":"product_tag-can-i-buy-cannabis-online-uk","28":"product_tag-can-you-buy-cannabis-online-uk","29":"product_tag-can-you-buy-cannabis-seeds-in-uk","30":"product_tag-cannabis-energy-drink-where-to-buy-uk","31":"product_tag-cannabis-for-sale-online-uk","32":"product_tag-cannabis-oil-buy-uk","33":"product_tag-cannabis-oil-cancer-where-to-buy-uk","34":"product_tag-cannabis-online-uk","35":"product_tag-cannabis-sale-online-uk","36":"product_tag-cannabis-seeds-online-uk","37":"product_tag-cheapest-cannabis-seeds-online-uk","38":"product_tag-is-it-legal-to-buy-cannabis-seeds-uk","39":"product_tag-online-cannabis-shop-uk","40":"product_tag-ordering-cannabis-online-uk","41":"product_tag-where-can-i-buy-cannabis-oil-for-cancer-in-uk","42":"product_tag-where-can-i-buy-cannabis-oil-in-the-uk","43":"product_tag-where-can-i-buy-cannabis-oil-in-uk","44":"product_tag-where-can-i-buy-cannabis-seeds-in-uk","45":"desktop-align-center","46":"tablet-align-left","47":"mobile-align-left","49":"first","50":"instock","51":"sale","52":"shipping-taxable","53":"purchasable","54":"product-type-variable"},"uagb_featured_image_src":{"full":["https:\/\/caliweedeurope.com\/wp-content\/uploads\/2024\/11\/treegod415_53703777_126930345090400_5544935986039791710_n.jpg",1080,1210,false],"thumbnail":["https:\/\/caliweedeurope.com\/wp-content\/uploads\/2024\/11\/treegod415_53703777_126930345090400_5544935986039791710_n-150x150.jpg",150,150,true],"medium":["https:\/\/caliweedeurope.com\/wp-content\/uploads\/2024\/11\/treegod415_53703777_126930345090400_5544935986039791710_n-268x300.jpg",268,300,true],"medium_large":["https:\/\/caliweedeurope.com\/wp-content\/uploads\/2024\/11\/treegod415_53703777_126930345090400_5544935986039791710_n-768x860.jpg",768,860,true],"large":["https:\/\/caliweedeurope.com\/wp-content\/uploads\/2024\/11\/treegod415_53703777_126930345090400_5544935986039791710_n-914x1024.jpg",914,1024,true],"1536x1536":["https:\/\/caliweedeurope.com\/wp-content\/uploads\/2024\/11\/treegod415_53703777_126930345090400_5544935986039791710_n.jpg",1080,1210,false],"2048x2048":["https:\/\/caliweedeurope.com\/wp-content\/uploads\/2024\/11\/treegod415_53703777_126930345090400_5544935986039791710_n.jpg",1080,1210,false],"trp-custom-language-flag":["https:\/\/caliweedeurope.com\/wp-content\/uploads\/2024\/11\/treegod415_53703777_126930345090400_5544935986039791710_n.jpg",11,12,false],"woocommerce_thumbnail":["https:\/\/caliweedeurope.com\/wp-content\/uploads\/2024\/11\/treegod415_53703777_126930345090400_5544935986039791710_n-300x300.jpg",300,300,true],"woocommerce_single":["https:\/\/caliweedeurope.com\/wp-content\/uploads\/2024\/11\/treegod415_53703777_126930345090400_5544935986039791710_n-600x672.jpg",600,672,true],"woocommerce_gallery_thumbnail":["https:\/\/caliweedeurope.com\/wp-content\/uploads\/2024\/11\/treegod415_53703777_126930345090400_5544935986039791710_n-100x100.jpg",100,100,true]},"uagb_author_info":{"display_name":"jetskiforsaleuk@gmail.com","author_link":"https:\/\/caliweedeurope.com\/it\/author\/"},"uagb_comment_info":0,"uagb_excerpt":"Grand Daddy Purple Grade A (Indica)\u00a0for sale\u00a0online in the US.You can buy it from our weed online shop.We have marijuana\u00a0for sale,weed\u00a0for sale\u00a0online. &#8230; Grand Daddy Purps) is one of the most popular Indica strains on the west coast and is perhaps the most well known \u2018purple\u2019 cannabis strain in the US.","_links":{"self":[{"href":"https:\/\/caliweedeurope.com\/it\/wp-json\/wp\/v2\/product\/1484"}],"collection":[{"href":"https:\/\/caliweedeurope.com\/it\/wp-json\/wp\/v2\/product"}],"about":[{"href":"https:\/\/caliweedeurope.com\/it\/wp-json\/wp\/v2\/types\/product"}],"replies":[{"embeddable":true,"href":"https:\/\/caliweedeurope.com\/it\/wp-json\/wp\/v2\/comments?post=1484"}],"wp:featuredmedia":[{"embeddable":true,"href":"https:\/\/caliweedeurope.com\/it\/wp-json\/wp\/v2\/media\/1506"}],"wp:attachment":[{"href":"https:\/\/caliweedeurope.com\/it\/wp-json\/wp\/v2\/media?parent=1484"}],"wp:term":[{"taxonomy":"product_brand","embeddable":true,"href":"https:\/\/caliweedeurope.com\/it\/wp-json\/wp\/v2\/product_brand?post=1484"},{"taxonomy":"product_cat","embeddable":true,"href":"https:\/\/caliweedeurope.com\/it\/wp-json\/wp\/v2\/product_cat?post=1484"},{"taxonomy":"product_tag","embeddable":true,"href":"https:\/\/caliweedeurope.com\/it\/wp-json\/wp\/v2\/product_tag?post=1484"}],"curies":[{"name":"wp","href":"https:\/\/api.w.org\/{rel}","templated":true}]}}