{"id":1488,"date":"2024-11-03T21:33:28","date_gmt":"2024-11-03T21:33:28","guid":{"rendered":"https:\/\/caliweedeurope.com\/?post_type=product&#038;p=1488"},"modified":"2024-11-03T21:34:15","modified_gmt":"2024-11-03T21:34:15","slug":"sour-diesel","status":"publish","type":"product","link":"https:\/\/caliweedeurope.com\/it\/product\/sour-diesel\/","title":{"rendered":"Sour Diesel"},"content":{"rendered":"<h1>Acquistare\u00a0<strong>Sour Diesel<\/strong>\u00a0Online<\/h1>\n<p>Sour Diesel \u00e8 una delle variet\u00e0 sativa pi\u00f9 fumate di tutti i tempi. Se non hai mai sentito parlare di questa variet\u00e0, probabilmente vivi in una grotta in Afghanistan, oppure qualcuno che conosci l\u2019ha gi\u00e0 provata (e probabilmente la ama). La discendenza specifica di Sour Diesel \u00e8 complicata e molto mal documentata, come sembra essere per la maggior parte delle variet\u00e0 pi\u00f9 antiche.<\/p>\n<p>Alcuni credono che la variet\u00e0 Sour Diesel derivi semplicemente da un fenotipo di Chemdawg che era leggermente diverso e pi\u00f9 orientato verso il lato sativa. La teoria pi\u00f9 popolare sulla discendenza \u00e8 che il Diesel originale sia il risultato di un incrocio tra (Chemdawg x Super Skunk x Northern Lights). Spesso chiamato \u201cSour D\u201d, questo ibrido prevalentemente sativa (90% sativa, 10% indica) deve il suo nome unico all'odore quasi di diesel e agrumi che emana.<\/p>\n<p>Per quanto ne so, Sour Diesel \u00e8 disponibile solo in forma di clone ed \u00e8 spesso piuttosto difficile da trovare. A causa di questa scarsit\u00e0 del vero Sour Diesel, ci sono molti ibridi che hanno cercato di emulare lo sballo del vero Sour Diesel. Alcuni si avvicinano, ma niente \u00e8 come l'originale.<\/p>\n<h2><strong>Aspetto e odore di Sour Diesel<\/strong><\/h2>\n<p>Sour Diesel \u00e8 una pianta alta e sottile, adatta sia per giardini indoor che outdoor. Le sue foglie diventano di un colore quasi viola durante le ultime settimane di fioritura. I fiori presentano comunemente pistilli di colore rosa o arancione chiaro, e la formazione \u00e8 allentata e a forma di lancia.<\/p>\n<p>Tutti i Sour D che ho coltivato hanno avuto una grande cola con 6-9 rami pi\u00f9 piccoli.<\/p>\n<p>Il profumo \u00e8 molto potente, quasi travolgente, eppure in qualche modo magnetico. Questo perch\u00e9 questa variet\u00e0 ha un odore distintivo, pungente, erboso, di diesel e limone, che si combina con una carica di energia emozionante. Essendo di discendenza sativa dominante, \u00e8 corretto supporre che influenzer\u00e0 principalmente la mente.<\/p>\n<h2><strong>Il fumo<\/strong><\/h2>\n<p>I fan della variet\u00e0 solitamente usano Sour Diesel come prima fonte di medicazione per iniziare una lunga giornata \u2013 ti far\u00e0 sentire sveglio e pronto a partire. Essendo cos\u00ec dominante nella sativa, Sour Diesel colpisce quasi esclusivamente le funzioni cerebrali. Non dovrebbero esserci sensazioni di \"couch lock\" o di pesantezza nel corpo se fumi il vero Sour Diesel.<\/p>\n<p>Sour Diesel ha lo stesso sapore del suo odore: un classico aroma di carburante funky. Ed \u00e8 per questo che Sour D \u00e8 cos\u00ec famoso per essere facilmente riconoscibile in una fila.<\/p>\n<p>La variet\u00e0 \u00e8 cos\u00ec popolare perch\u00e9 l'effetto \u00e8 davvero incredibile con un THC superiore al 20% e una durata di 2-3 ore. Essendo cos\u00ec dominante nella sativa, riempie il corpo e soprattutto la mente con energia motivante e stimolante. \u00c8 un vero miglioratore dell'umore e un distruttore della depressione. Essere di buon umore \u00e8 una sensazione naturale e senza sforzo quando si sperimenta Sour Diesel.<\/p>\n<h2><strong>Complessivamente\u00a0<\/strong><\/h2>\n<p>La straordinaria popolarit\u00e0 di Sour Diesel non \u00e8 un caso e non \u00e8 pi\u00f9 solo un fenomeno della costa est. La variet\u00e0 \u00e8 una delle pi\u00f9 affascinanti nella storia della cannabis. Rende le cose divertenti ancora pi\u00f9 divertenti; rende il buon cibo ancora pi\u00f9 gustoso. Come miglioratore dell'umore, rende semplicemente la vita pi\u00f9 divertente. Le serate pi\u00f9 ordinarie diventano rapidamente indimenticabili quando Sour Diesel \u00e8 coinvolto. Pi\u00f9 di un semplice miglioratore dell'umore, questa variet\u00e0 si \u00e8 anche dimostrata efficace nel trattamento di: depressione. Anche ansia, stress e problemi di appetito. Meritando la sua fama, questa variet\u00e0 rimarr\u00e0 e sar\u00e0 sempre una delle migliori variet\u00e0 del pianeta.<\/p>","protected":false},"excerpt":{"rendered":"<p>Sour Diesel Grade A Shelf (sativa) in vendita online negli Stati Uniti. Puoi acquistarlo nel nostro negozio online di cannabis. Abbiamo marijuana e erba in vendita online.<\/p>","protected":false},"featured_media":1508,"comment_status":"closed","ping_status":"closed","template":"","meta":{"_uag_custom_page_level_css":"","site-sidebar-layout":"default","site-content-layout":"","ast-site-content-layout":"","site-content-style":"default","site-sidebar-style":"default","ast-global-header-display":"","ast-banner-title-visibility":"","ast-main-header-display":"","ast-hfb-above-header-display":"","ast-hfb-below-header-display":"","ast-hfb-mobile-header-display":"","site-post-title":"","ast-breadcrumbs-content":"","ast-featured-img":"","footer-sml-layout":"","theme-transparent-header-meta":"","adv-header-id-meta":"","stick-header-meta":"","header-above-stick-meta":"","header-main-stick-meta":"","header-below-stick-meta":"","astra-migrate-meta-layouts":"default","ast-page-background-enabled":"default","ast-page-background-meta":{"desktop":{"background-color":"var(--ast-global-color-4)","background-image":"","background-repeat":"repeat","background-position":"center center","background-size":"auto","background-attachment":"scroll","background-type":"","background-media":"","overlay-type":"","overlay-color":"","overlay-opacity":"","overlay-gradient":""},"tablet":{"background-color":"","background-image":"","background-repeat":"repeat","background-position":"center center","background-size":"auto","background-attachment":"scroll","background-type":"","background-media":"","overlay-type":"","overlay-color":"","overlay-opacity":"","overlay-gradient":""},"mobile":{"background-color":"","background-image":"","background-repeat":"repeat","background-position":"center center","background-size":"auto","background-attachment":"scroll","background-type":"","background-media":"","overlay-type":"","overlay-color":"","overlay-opacity":"","overlay-gradient":""}},"ast-content-background-meta":{"desktop":{"background-color":"var(--ast-global-color-5)","background-image":"","background-repeat":"repeat","background-position":"center center","background-size":"auto","background-attachment":"scroll","background-type":"","background-media":"","overlay-type":"","overlay-color":"","overlay-opacity":"","overlay-gradient":""},"tablet":{"background-color":"var(--ast-global-color-5)","background-image":"","background-repeat":"repeat","background-position":"center center","background-size":"auto","background-attachment":"scroll","background-type":"","background-media":"","overlay-type":"","overlay-color":"","overlay-opacity":"","overlay-gradient":""},"mobile":{"background-color":"var(--ast-global-color-5)","background-image":"","background-repeat":"repeat","background-position":"center center","background-size":"auto","background-attachment":"scroll","background-type":"","background-media":"","overlay-type":"","overlay-color":"","overlay-opacity":"","overlay-gradient":""}}},"product_brand":[],"product_cat":[380],"product_tag":[201,202,203,204,205,206,207,208,209,210,211,212,213,214,215,216,217,218,219,220,221,222,223,224,225,226],"class_list":{"0":"post-1488","1":"product","2":"type-product","3":"status-publish","4":"has-post-thumbnail","6":"product_cat-sativa","7":"product_tag-buy-weed-online-in-australia","8":"product_tag-buy-weed-online-in-belgium","9":"product_tag-buy-weed-online-in-britain","10":"product_tag-buy-weed-online-in-china","11":"product_tag-buy-weed-online-in-croatia","12":"product_tag-buy-weed-online-in-denmark","13":"product_tag-buy-weed-online-in-european-union","14":"product_tag-buy-weed-online-in-france","15":"product_tag-buy-weed-online-in-germany","16":"product_tag-buy-weed-online-in-guam","17":"product_tag-buy-weed-online-in-guernsey","18":"product_tag-buy-weed-online-in-hungary","19":"product_tag-buy-weed-online-in-ireland","20":"product_tag-buy-weed-online-in-israel","21":"product_tag-buy-weed-online-in-italy","22":"product_tag-buy-weed-online-in-japan","23":"product_tag-buy-weed-online-in-jersey","24":"product_tag-buy-weed-online-in-latvia","25":"product_tag-buy-weed-online-in-poland","26":"product_tag-buy-weed-online-in-russia","27":"product_tag-buy-weed-online-in-spain","28":"product_tag-buy-weed-online-in-sweeden","29":"product_tag-buy-weed-online-in-switzerland","30":"product_tag-buy-weed-online-in-turkey","31":"product_tag-buy-weed-online-in-ukraine","32":"product_tag-buy-weed-online-united-states","33":"desktop-align-center","34":"tablet-align-left","35":"mobile-align-left","37":"first","38":"instock","39":"sale","40":"shipping-taxable","41":"purchasable","42":"product-type-variable"},"uagb_featured_image_src":{"full":["https:\/\/caliweedeurope.com\/wp-content\/uploads\/2024\/11\/treegod415_61117422_355110038478171_6070426788907369159_n.jpg",1080,1227,false],"thumbnail":["https:\/\/caliweedeurope.com\/wp-content\/uploads\/2024\/11\/treegod415_61117422_355110038478171_6070426788907369159_n-150x150.jpg",150,150,true],"medium":["https:\/\/caliweedeurope.com\/wp-content\/uploads\/2024\/11\/treegod415_61117422_355110038478171_6070426788907369159_n-264x300.jpg",264,300,true],"medium_large":["https:\/\/caliweedeurope.com\/wp-content\/uploads\/2024\/11\/treegod415_61117422_355110038478171_6070426788907369159_n-768x873.jpg",768,873,true],"large":["https:\/\/caliweedeurope.com\/wp-content\/uploads\/2024\/11\/treegod415_61117422_355110038478171_6070426788907369159_n-901x1024.jpg",901,1024,true],"1536x1536":["https:\/\/caliweedeurope.com\/wp-content\/uploads\/2024\/11\/treegod415_61117422_355110038478171_6070426788907369159_n.jpg",1080,1227,false],"2048x2048":["https:\/\/caliweedeurope.com\/wp-content\/uploads\/2024\/11\/treegod415_61117422_355110038478171_6070426788907369159_n.jpg",1080,1227,false],"trp-custom-language-flag":["https:\/\/caliweedeurope.com\/wp-content\/uploads\/2024\/11\/treegod415_61117422_355110038478171_6070426788907369159_n.jpg",11,12,false],"woocommerce_thumbnail":["https:\/\/caliweedeurope.com\/wp-content\/uploads\/2024\/11\/treegod415_61117422_355110038478171_6070426788907369159_n-300x300.jpg",300,300,true],"woocommerce_single":["https:\/\/caliweedeurope.com\/wp-content\/uploads\/2024\/11\/treegod415_61117422_355110038478171_6070426788907369159_n-600x682.jpg",600,682,true],"woocommerce_gallery_thumbnail":["https:\/\/caliweedeurope.com\/wp-content\/uploads\/2024\/11\/treegod415_61117422_355110038478171_6070426788907369159_n-100x100.jpg",100,100,true]},"uagb_author_info":{"display_name":"jetskiforsaleuk@gmail.com","author_link":"https:\/\/caliweedeurope.com\/it\/author\/"},"uagb_comment_info":0,"uagb_excerpt":"Sour Diesel Grade A Shelf (sativa) for sale online in the US. You can buy it from our weed online shop.We have marijuana for sale, weed for sale online.","_links":{"self":[{"href":"https:\/\/caliweedeurope.com\/it\/wp-json\/wp\/v2\/product\/1488"}],"collection":[{"href":"https:\/\/caliweedeurope.com\/it\/wp-json\/wp\/v2\/product"}],"about":[{"href":"https:\/\/caliweedeurope.com\/it\/wp-json\/wp\/v2\/types\/product"}],"replies":[{"embeddable":true,"href":"https:\/\/caliweedeurope.com\/it\/wp-json\/wp\/v2\/comments?post=1488"}],"wp:featuredmedia":[{"embeddable":true,"href":"https:\/\/caliweedeurope.com\/it\/wp-json\/wp\/v2\/media\/1508"}],"wp:attachment":[{"href":"https:\/\/caliweedeurope.com\/it\/wp-json\/wp\/v2\/media?parent=1488"}],"wp:term":[{"taxonomy":"product_brand","embeddable":true,"href":"https:\/\/caliweedeurope.com\/it\/wp-json\/wp\/v2\/product_brand?post=1488"},{"taxonomy":"product_cat","embeddable":true,"href":"https:\/\/caliweedeurope.com\/it\/wp-json\/wp\/v2\/product_cat?post=1488"},{"taxonomy":"product_tag","embeddable":true,"href":"https:\/\/caliweedeurope.com\/it\/wp-json\/wp\/v2\/product_tag?post=1488"}],"curies":[{"name":"wp","href":"https:\/\/api.w.org\/{rel}","templated":true}]}}