{"id":1492,"date":"2024-11-03T21:33:29","date_gmt":"2024-11-03T21:33:29","guid":{"rendered":"https:\/\/caliweedeurope.com\/?post_type=product&#038;p=1492"},"modified":"2024-11-03T21:34:15","modified_gmt":"2024-11-03T21:34:15","slug":"afghan-kush","status":"publish","type":"product","link":"https:\/\/caliweedeurope.com\/it\/product\/afghan-kush\/","title":{"rendered":"Afghan Kush"},"content":{"rendered":"<h1>Variet\u00e0 Afghan Kush<\/h1>\n<p>Afghan Kush appare molto bello, verde pallido con una sfumatura di giallo, capelli arancioni sia chiari che scuri sono presenti, sembra un nugget arancione e dorato con cristalli irregolari.<\/p>\n<h3>Odore<\/h3>\n<p>Afghan Kush ha anche un odore molto delicato come un intero nugget, con accenni di zafferano e caramello al burro. Una volta che si rompe il fiore, l'odore di toffee bruciato diventa dominante.<\/p>\n<h3>Gusto<\/h3>\n<p>Ha anche un sapore speziato, questo fiore ha un accento di spezie con noce moscata, cannella e zenzero come i pi\u00f9 forti. Molto morbido, il sapore di noce moscata rimane con te per alcuni istanti.<\/p>\n<h3>Effetti<\/h3>\n<p>L'effetto dell'Afghan Kush \u00e8 immediato. Ti senti molto rilassato e gli occhi un po' pesanti (non adatto ai principianti). Ho notato che non sentivo molta dolore. Lo trovo anche ottimo per gli spasmi. E se hai difficolt\u00e0 a dormire e pensi di aver bisogno di dormire subito, Afghan Kush \u00e8 la tua marijuana.<\/p>\n<p>Afghan Kush \u00e8 di gran lunga la mia variet\u00e0 preferita dell'anno. Conoscendo personalmente qualcuno che l'ha coltivata e vedendo la sua bellezza, mi ha dato una passione per una variet\u00e0 cos\u00ec incredibile. I profumi che provenivano da questa pianta erano molto speziati durante la fioritura e poi si sono attenuati durante l'asciugatura. Durante la cura, ha mostrato i suoi veri colori. \u00c8 passata da un odore speziato a un profumo dolce e delicato con tocchi di verde lime e capelli arancioni brillanti. Un fumo molto morbido rispetto alla maggior parte. L'olio di miele realizzato con questa variet\u00e0 \u00e8 fenomenale. La variet\u00e0 pi\u00f9 potente che ho provato da un po'.<\/p>","protected":false},"excerpt":{"rendered":"<p>Afghan Kush appare molto bello, verde chiaro con una sfumatura di giallo, capelli arancioni sia chiari che scuri sono presenti, sembra un nugget arancione e dorato con cristalli macchiettati. Acquista Afghan Kush online \u2013 Afghan Kush in vendita. Afghan Kush \u00e8 una variet\u00e0 di marijuana popolare con un contenuto di THC fino al 15%. Afghan Kush ha un sapore molto medicinale e ha effetti drammatici nel sollievo dal dolore. Grazie alla sua natura narcotica, Afghan Kush \u00e8 popolare tra i pazienti che cercano di alleviare il dolore, lo stress, l'insonnia e la nausea.<\/p>","protected":false},"featured_media":1530,"comment_status":"closed","ping_status":"closed","template":"","meta":{"_uag_custom_page_level_css":"","site-sidebar-layout":"default","site-content-layout":"","ast-site-content-layout":"","site-content-style":"default","site-sidebar-style":"default","ast-global-header-display":"","ast-banner-title-visibility":"","ast-main-header-display":"","ast-hfb-above-header-display":"","ast-hfb-below-header-display":"","ast-hfb-mobile-header-display":"","site-post-title":"","ast-breadcrumbs-content":"","ast-featured-img":"","footer-sml-layout":"","theme-transparent-header-meta":"","adv-header-id-meta":"","stick-header-meta":"","header-above-stick-meta":"","header-main-stick-meta":"","header-below-stick-meta":"","astra-migrate-meta-layouts":"default","ast-page-background-enabled":"default","ast-page-background-meta":{"desktop":{"background-color":"var(--ast-global-color-4)","background-image":"","background-repeat":"repeat","background-position":"center center","background-size":"auto","background-attachment":"scroll","background-type":"","background-media":"","overlay-type":"","overlay-color":"","overlay-opacity":"","overlay-gradient":""},"tablet":{"background-color":"","background-image":"","background-repeat":"repeat","background-position":"center center","background-size":"auto","background-attachment":"scroll","background-type":"","background-media":"","overlay-type":"","overlay-color":"","overlay-opacity":"","overlay-gradient":""},"mobile":{"background-color":"","background-image":"","background-repeat":"repeat","background-position":"center center","background-size":"auto","background-attachment":"scroll","background-type":"","background-media":"","overlay-type":"","overlay-color":"","overlay-opacity":"","overlay-gradient":""}},"ast-content-background-meta":{"desktop":{"background-color":"var(--ast-global-color-5)","background-image":"","background-repeat":"repeat","background-position":"center center","background-size":"auto","background-attachment":"scroll","background-type":"","background-media":"","overlay-type":"","overlay-color":"","overlay-opacity":"","overlay-gradient":""},"tablet":{"background-color":"var(--ast-global-color-5)","background-image":"","background-repeat":"repeat","background-position":"center center","background-size":"auto","background-attachment":"scroll","background-type":"","background-media":"","overlay-type":"","overlay-color":"","overlay-opacity":"","overlay-gradient":""},"mobile":{"background-color":"var(--ast-global-color-5)","background-image":"","background-repeat":"repeat","background-position":"center center","background-size":"auto","background-attachment":"scroll","background-type":"","background-media":"","overlay-type":"","overlay-color":"","overlay-opacity":"","overlay-gradient":""}}},"product_brand":[],"product_cat":[22],"product_tag":[201,202,203,204,205,206,207,208,209,210,211,212,213,214,215,216,217,218,219,220,221,222,223,224,225,226],"class_list":{"0":"post-1492","1":"product","2":"type-product","3":"status-publish","4":"has-post-thumbnail","6":"product_cat-hybrid","7":"product_tag-buy-weed-online-in-australia","8":"product_tag-buy-weed-online-in-belgium","9":"product_tag-buy-weed-online-in-britain","10":"product_tag-buy-weed-online-in-china","11":"product_tag-buy-weed-online-in-croatia","12":"product_tag-buy-weed-online-in-denmark","13":"product_tag-buy-weed-online-in-european-union","14":"product_tag-buy-weed-online-in-france","15":"product_tag-buy-weed-online-in-germany","16":"product_tag-buy-weed-online-in-guam","17":"product_tag-buy-weed-online-in-guernsey","18":"product_tag-buy-weed-online-in-hungary","19":"product_tag-buy-weed-online-in-ireland","20":"product_tag-buy-weed-online-in-israel","21":"product_tag-buy-weed-online-in-italy","22":"product_tag-buy-weed-online-in-japan","23":"product_tag-buy-weed-online-in-jersey","24":"product_tag-buy-weed-online-in-latvia","25":"product_tag-buy-weed-online-in-poland","26":"product_tag-buy-weed-online-in-russia","27":"product_tag-buy-weed-online-in-spain","28":"product_tag-buy-weed-online-in-sweeden","29":"product_tag-buy-weed-online-in-switzerland","30":"product_tag-buy-weed-online-in-turkey","31":"product_tag-buy-weed-online-in-ukraine","32":"product_tag-buy-weed-online-united-states","33":"desktop-align-center","34":"tablet-align-left","35":"mobile-align-left","37":"first","38":"instock","39":"sale","40":"shipping-taxable","41":"purchasable","42":"product-type-variable"},"uagb_featured_image_src":{"full":["https:\/\/caliweedeurope.com\/wp-content\/uploads\/2024\/11\/treegod415_54277409_1206124882894029_7160562974530010069_n.jpg",1080,1350,false],"thumbnail":["https:\/\/caliweedeurope.com\/wp-content\/uploads\/2024\/11\/treegod415_54277409_1206124882894029_7160562974530010069_n-150x150.jpg",150,150,true],"medium":["https:\/\/caliweedeurope.com\/wp-content\/uploads\/2024\/11\/treegod415_54277409_1206124882894029_7160562974530010069_n-240x300.jpg",240,300,true],"medium_large":["https:\/\/caliweedeurope.com\/wp-content\/uploads\/2024\/11\/treegod415_54277409_1206124882894029_7160562974530010069_n-768x960.jpg",768,960,true],"large":["https:\/\/caliweedeurope.com\/wp-content\/uploads\/2024\/11\/treegod415_54277409_1206124882894029_7160562974530010069_n-819x1024.jpg",819,1024,true],"1536x1536":["https:\/\/caliweedeurope.com\/wp-content\/uploads\/2024\/11\/treegod415_54277409_1206124882894029_7160562974530010069_n.jpg",1080,1350,false],"2048x2048":["https:\/\/caliweedeurope.com\/wp-content\/uploads\/2024\/11\/treegod415_54277409_1206124882894029_7160562974530010069_n.jpg",1080,1350,false],"trp-custom-language-flag":["https:\/\/caliweedeurope.com\/wp-content\/uploads\/2024\/11\/treegod415_54277409_1206124882894029_7160562974530010069_n.jpg",10,12,false],"woocommerce_thumbnail":["https:\/\/caliweedeurope.com\/wp-content\/uploads\/2024\/11\/treegod415_54277409_1206124882894029_7160562974530010069_n-300x300.jpg",300,300,true],"woocommerce_single":["https:\/\/caliweedeurope.com\/wp-content\/uploads\/2024\/11\/treegod415_54277409_1206124882894029_7160562974530010069_n-600x750.jpg",600,750,true],"woocommerce_gallery_thumbnail":["https:\/\/caliweedeurope.com\/wp-content\/uploads\/2024\/11\/treegod415_54277409_1206124882894029_7160562974530010069_n-100x100.jpg",100,100,true]},"uagb_author_info":{"display_name":"jetskiforsaleuk@gmail.com","author_link":"https:\/\/caliweedeurope.com\/it\/author\/"},"uagb_comment_info":0,"uagb_excerpt":"Afghan kush looks very nice to the eye, Pale green with a hue of yellow , Orange hairs both light and dark are present, looks like a orange and gold nugget, with patchy crystals. Buy Afghan Kush Online \u2013 Afghan Kush for Sale. Afghan Kush is a popular marijuana strain with a THC level up&hellip;","_links":{"self":[{"href":"https:\/\/caliweedeurope.com\/it\/wp-json\/wp\/v2\/product\/1492"}],"collection":[{"href":"https:\/\/caliweedeurope.com\/it\/wp-json\/wp\/v2\/product"}],"about":[{"href":"https:\/\/caliweedeurope.com\/it\/wp-json\/wp\/v2\/types\/product"}],"replies":[{"embeddable":true,"href":"https:\/\/caliweedeurope.com\/it\/wp-json\/wp\/v2\/comments?post=1492"}],"wp:featuredmedia":[{"embeddable":true,"href":"https:\/\/caliweedeurope.com\/it\/wp-json\/wp\/v2\/media\/1530"}],"wp:attachment":[{"href":"https:\/\/caliweedeurope.com\/it\/wp-json\/wp\/v2\/media?parent=1492"}],"wp:term":[{"taxonomy":"product_brand","embeddable":true,"href":"https:\/\/caliweedeurope.com\/it\/wp-json\/wp\/v2\/product_brand?post=1492"},{"taxonomy":"product_cat","embeddable":true,"href":"https:\/\/caliweedeurope.com\/it\/wp-json\/wp\/v2\/product_cat?post=1492"},{"taxonomy":"product_tag","embeddable":true,"href":"https:\/\/caliweedeurope.com\/it\/wp-json\/wp\/v2\/product_tag?post=1492"}],"curies":[{"name":"wp","href":"https:\/\/api.w.org\/{rel}","templated":true}]}}