{"id":1520,"date":"2024-11-03T21:33:53","date_gmt":"2024-11-03T21:33:53","guid":{"rendered":"https:\/\/caliweedeurope.com\/?post_type=product&#038;p=1520"},"modified":"2024-11-03T21:34:38","modified_gmt":"2024-11-03T21:34:38","slug":"bubblegum","status":"publish","type":"product","link":"https:\/\/caliweedeurope.com\/it\/product\/bubblegum\/","title":{"rendered":"Bubblegum"},"content":{"rendered":"<h1 class=\"product_title entry-title\">Acquista la variet\u00e0 Bubble Gum Marijuana UK<\/h1>\n<p>Bubblegum \u00e8 un ibrido a prevalenza indica. \u00c8 stato creato per la prima volta nel 1993 e provoca una potente euforia in alcuni utenti. \u00c8 una variet\u00e0 60\/40 a favore dell\u2019indica, il che significa che offre entrambi gli effetti che alcune persone cercano. La cosa pi\u00f9 importante da sapere su questa variet\u00e0 \u00e8 che l'odore e il sapore sono molto dolci, cosa che molti utenti amano. Come accennato in precedenza, questa variet\u00e0 \u00e8 probabilmente nel 80% dei coffee shop olandesi. Gli unici posti dove non \u00e8 disponibile hanno una variet\u00e0 principale diversa, o sono coffee shop di fascia alta che vendono solo le variet\u00e0 migliori. Se vuoi provare questa variet\u00e0, i posti migliori per farlo sono Rotterdam o Amsterdam.<\/p>\n<p class=\"translation-block\"><span class=\"hidden-xs\">Acquista Bubble Gum Marijuana UK online. Bubble Gum \u00e8 un ibrido equilibrato, 50% Indica \/ 50% Sativa.<\/span> Creativo, Energizzante, <a href=\"https:\/\/it.wikipedia.org\/wiki\/Euforia\" target=\"_blank\" rel=\"noopener\">Euforia<\/a>, Ridere, Felice, Rilassante, Elevante, Pu\u00f2 alleviare, Artrite, <a href=\"https:\/\/deligentman.com\/what-are-the-best-cannabis-strains-for-chronic-pain\/\" target=\"_blank\" rel=\"noopener\">Dolore cronico<\/a>, Depressione, Disturbi gastrointestinali, Insonnia, Perdita di appetito, Nausea, <a href=\"https:\/\/deligentman.com\/how-cannabis-can-help-treat-ptsd\/\" target=\"_blank\" rel=\"noopener\">PTSD<\/a>, Stress.<\/p>\n<header class=\"heading--article\">\n<h2 class=\"heading--md heading-md--lg\">Punti salienti della variet\u00e0<\/h2>\n<\/header>\n<div class=\"description-wrapper\">\n<div class=\"description\">\n<p>Sono servite molte generazioni per produrre finalmente una Bubble Gum stabile con l'odore dolce caratteristico e l'effetto euforico. Bubble Gum \u00e8 stato il vincitore di due premi alla Cannabis Cup del '94 e secondo classificato nel '95 e di nuovo nel '99.<\/p>\n<p>&nbsp;<\/p>\n<p>Compra cannabis online in Europa, puoi ordinare erba e cannabis online nel Regno Unito. Consegniamo rapidamente con spedizione il giorno successivo. Acquista cannabis e erba in vendita nel supermercato della weed del Regno Unito. Compra cannabis online UK, ordine via posta di erba UK. Compra erba online USA, compra marijuana online UK. Consegniamo rapidamente con spedizione il giorno successivo. Erba in vendita nel Regno Unito. Aquatic Weed Cutter in vendita nel Regno Unito. Come comprare erba online.<\/p>\n<\/p><\/div>\n<\/p><\/div>","protected":false},"excerpt":{"rendered":"<p class=\"translation-block\"><span class=\"hidden-xs\">Acquista Bubble Gum Marijuana UK online. Bubble Gum \u00e8 un ibrido equilibrato e Sativa.<\/span> Creativo, Energizzante, <a href=\"https:\/\/it.wikipedia.org\/wiki\/Euforia\" target=\"_self\">Euforia<\/a>, Ridere, Felice, Rilassante, Elevante, Pu\u00f2 alleviare, Artrite, <a href=\"https:\/\/deligentman.com\/what-are-the-best-cannabis-strains-for-chronic-pain\/\" target=\"_self\">Dolore cronico<\/a>, Depressione, Disturbi gastrointestinali, Insonnia, Perdita di appetito, Nausea, <a href=\"https:\/\/deligentman.com\/how-cannabis-can-help-treat-ptsd\/\" target=\"_self\">PTSD<\/a>, Stress.<\/p>","protected":false},"featured_media":1550,"comment_status":"closed","ping_status":"closed","template":"","meta":{"_uag_custom_page_level_css":"","site-sidebar-layout":"default","site-content-layout":"","ast-site-content-layout":"","site-content-style":"default","site-sidebar-style":"default","ast-global-header-display":"","ast-banner-title-visibility":"","ast-main-header-display":"","ast-hfb-above-header-display":"","ast-hfb-below-header-display":"","ast-hfb-mobile-header-display":"","site-post-title":"","ast-breadcrumbs-content":"","ast-featured-img":"","footer-sml-layout":"","theme-transparent-header-meta":"","adv-header-id-meta":"","stick-header-meta":"","header-above-stick-meta":"","header-main-stick-meta":"","header-below-stick-meta":"","astra-migrate-meta-layouts":"default","ast-page-background-enabled":"default","ast-page-background-meta":{"desktop":{"background-color":"var(--ast-global-color-4)","background-image":"","background-repeat":"repeat","background-position":"center center","background-size":"auto","background-attachment":"scroll","background-type":"","background-media":"","overlay-type":"","overlay-color":"","overlay-opacity":"","overlay-gradient":""},"tablet":{"background-color":"","background-image":"","background-repeat":"repeat","background-position":"center center","background-size":"auto","background-attachment":"scroll","background-type":"","background-media":"","overlay-type":"","overlay-color":"","overlay-opacity":"","overlay-gradient":""},"mobile":{"background-color":"","background-image":"","background-repeat":"repeat","background-position":"center center","background-size":"auto","background-attachment":"scroll","background-type":"","background-media":"","overlay-type":"","overlay-color":"","overlay-opacity":"","overlay-gradient":""}},"ast-content-background-meta":{"desktop":{"background-color":"var(--ast-global-color-5)","background-image":"","background-repeat":"repeat","background-position":"center center","background-size":"auto","background-attachment":"scroll","background-type":"","background-media":"","overlay-type":"","overlay-color":"","overlay-opacity":"","overlay-gradient":""},"tablet":{"background-color":"var(--ast-global-color-5)","background-image":"","background-repeat":"repeat","background-position":"center center","background-size":"auto","background-attachment":"scroll","background-type":"","background-media":"","overlay-type":"","overlay-color":"","overlay-opacity":"","overlay-gradient":""},"mobile":{"background-color":"var(--ast-global-color-5)","background-image":"","background-repeat":"repeat","background-position":"center center","background-size":"auto","background-attachment":"scroll","background-type":"","background-media":"","overlay-type":"","overlay-color":"","overlay-opacity":"","overlay-gradient":""}}},"product_brand":[],"product_cat":[22,228,380],"product_tag":[344,329,354,355,356,331,359,361,362,363,447,366,369,370,371,372,374,448,375,449,378],"class_list":{"0":"post-1520","1":"product","2":"type-product","3":"status-publish","4":"has-post-thumbnail","6":"product_cat-hybrid","7":"product_cat-indica","8":"product_cat-sativa","9":"product_tag-buy-cannabis-buds-online-uk","10":"product_tag-buy-cannabis-in-uk","11":"product_tag-buy-cannabis-uk","12":"product_tag-buy-legal-cannabis-online-uk","13":"product_tag-buy-legal-cannabis-uk","14":"product_tag-buy-medical-cannabis-online-uk","15":"product_tag-buying-cannabis-online-uk","16":"product_tag-buying-cannabis-uk","17":"product_tag-can-i-buy-cannabis-online-uk","18":"product_tag-can-you-buy-cannabis-online-uk","19":"product_tag-cannabis-buy-online-uk","20":"product_tag-cannabis-for-sale-online-uk","21":"product_tag-cannabis-online-uk","22":"product_tag-cannabis-sale-online-uk","23":"product_tag-cannabis-seeds-online-uk","24":"product_tag-cheapest-cannabis-seeds-online-uk","25":"product_tag-online-cannabis-shop-uk","26":"product_tag-order-cannabis-online-uk","27":"product_tag-ordering-cannabis-online-uk","28":"product_tag-where-can-i-buy-cannabis-in-the-uk","29":"product_tag-where-can-i-buy-cannabis-oil-in-uk","30":"desktop-align-center","31":"tablet-align-left","32":"mobile-align-left","34":"first","35":"instock","36":"sale","37":"shipping-taxable","38":"purchasable","39":"product-type-variable"},"uagb_featured_image_src":{"full":["https:\/\/caliweedeurope.com\/wp-content\/uploads\/2024\/11\/treegod415_57308782_130390081388138_8858901574894619432_n.jpg",1080,1350,false],"thumbnail":["https:\/\/caliweedeurope.com\/wp-content\/uploads\/2024\/11\/treegod415_57308782_130390081388138_8858901574894619432_n-150x150.jpg",150,150,true],"medium":["https:\/\/caliweedeurope.com\/wp-content\/uploads\/2024\/11\/treegod415_57308782_130390081388138_8858901574894619432_n-240x300.jpg",240,300,true],"medium_large":["https:\/\/caliweedeurope.com\/wp-content\/uploads\/2024\/11\/treegod415_57308782_130390081388138_8858901574894619432_n-768x960.jpg",768,960,true],"large":["https:\/\/caliweedeurope.com\/wp-content\/uploads\/2024\/11\/treegod415_57308782_130390081388138_8858901574894619432_n-819x1024.jpg",819,1024,true],"1536x1536":["https:\/\/caliweedeurope.com\/wp-content\/uploads\/2024\/11\/treegod415_57308782_130390081388138_8858901574894619432_n.jpg",1080,1350,false],"2048x2048":["https:\/\/caliweedeurope.com\/wp-content\/uploads\/2024\/11\/treegod415_57308782_130390081388138_8858901574894619432_n.jpg",1080,1350,false],"trp-custom-language-flag":["https:\/\/caliweedeurope.com\/wp-content\/uploads\/2024\/11\/treegod415_57308782_130390081388138_8858901574894619432_n.jpg",10,12,false],"woocommerce_thumbnail":["https:\/\/caliweedeurope.com\/wp-content\/uploads\/2024\/11\/treegod415_57308782_130390081388138_8858901574894619432_n-300x300.jpg",300,300,true],"woocommerce_single":["https:\/\/caliweedeurope.com\/wp-content\/uploads\/2024\/11\/treegod415_57308782_130390081388138_8858901574894619432_n-600x750.jpg",600,750,true],"woocommerce_gallery_thumbnail":["https:\/\/caliweedeurope.com\/wp-content\/uploads\/2024\/11\/treegod415_57308782_130390081388138_8858901574894619432_n-100x100.jpg",100,100,true]},"uagb_author_info":{"display_name":"jetskiforsaleuk@gmail.com","author_link":"https:\/\/caliweedeurope.com\/it\/author\/"},"uagb_comment_info":0,"uagb_excerpt":"Buy Bubble Gum Marijuana UK Online. Bubble Gum is an evenly balanced hybrid and Sativa. Creative, Energizing, Euphoria, Giggly, Happy, Relaxing, Uplifting, May Relieve, Arthritis, Chronic Pain, Depression, Gastrointestinal Disorder, Insomnia, Loss of Appetite, Nausea, PTSD, Stress.","_links":{"self":[{"href":"https:\/\/caliweedeurope.com\/it\/wp-json\/wp\/v2\/product\/1520"}],"collection":[{"href":"https:\/\/caliweedeurope.com\/it\/wp-json\/wp\/v2\/product"}],"about":[{"href":"https:\/\/caliweedeurope.com\/it\/wp-json\/wp\/v2\/types\/product"}],"replies":[{"embeddable":true,"href":"https:\/\/caliweedeurope.com\/it\/wp-json\/wp\/v2\/comments?post=1520"}],"wp:featuredmedia":[{"embeddable":true,"href":"https:\/\/caliweedeurope.com\/it\/wp-json\/wp\/v2\/media\/1550"}],"wp:attachment":[{"href":"https:\/\/caliweedeurope.com\/it\/wp-json\/wp\/v2\/media?parent=1520"}],"wp:term":[{"taxonomy":"product_brand","embeddable":true,"href":"https:\/\/caliweedeurope.com\/it\/wp-json\/wp\/v2\/product_brand?post=1520"},{"taxonomy":"product_cat","embeddable":true,"href":"https:\/\/caliweedeurope.com\/it\/wp-json\/wp\/v2\/product_cat?post=1520"},{"taxonomy":"product_tag","embeddable":true,"href":"https:\/\/caliweedeurope.com\/it\/wp-json\/wp\/v2\/product_tag?post=1520"}],"curies":[{"name":"wp","href":"https:\/\/api.w.org\/{rel}","templated":true}]}}