{"id":1524,"date":"2024-11-03T21:33:54","date_gmt":"2024-11-03T21:33:54","guid":{"rendered":"https:\/\/caliweedeurope.com\/?post_type=product&#038;p=1524"},"modified":"2024-11-03T21:34:38","modified_gmt":"2024-11-03T21:34:38","slug":"original-haze","status":"publish","type":"product","link":"https:\/\/caliweedeurope.com\/it\/product\/original-haze\/","title":{"rendered":"Original Haze"},"content":{"rendered":"<h1>Variet\u00e0 Original Haze<\/h1>\n<p class=\"translation-block\">Lavoriamo con questa variet\u00e0 nei Paesi Bassi da pi\u00f9 di 20 anni. \u00c8 la base per tutte le Haze che puoi trovare qui nei <a href=\"https:\/\/it.wikipedia.org\/wiki\/Paesi_Bassi\" target=\"_blank\" rel=\"noopener\">Paesi Bassi<\/a>. Dalla sua stabilizzazione alla fine degli anni '70, la variet\u00e0 originale Haze non \u00e8 mai stata ibridata. Perfetta per i progetti di allevamento grazie al suo status di pura genetica. Per i coltivatori commerciali, questa Haze originale non \u00e8 consigliata a causa delle sue dimensioni e dei lunghi tempi di maturazione. Molto potente con un high cerebrale energico. Stock di riproduzione speciale. Molto resinosa, grosse cime soffici con un sapore dolce e aspro. L'unica Haze pura originale disponibile. <a href=\"https:\/\/deligentman.com\/contact\/\" target=\"_blank\" rel=\"noopener\">Contattaci<\/a><\/p>","protected":false},"excerpt":{"rendered":"<p>Original Haze \u00e8 una variet\u00e0 di sativa 100% pura, creata da una vasta gamma di sative diverse, tra cui variet\u00e0 messicane, colombiane, tailandesi e indiane del sud. Il risultato \u00e8 una potente e ben equilibrata variet\u00e0 di sativa ricca di THC (in media 10-20%) e di sapori dolci e nebbiosi. L'Original Haze \u00e8 una variet\u00e0 di sativa proveniente dalla marijuana di Amsterdam e pu\u00f2 essere coltivata sia all'interno (dove le piante avranno bisogno di un periodo di fioritura di circa 98 giorni) che all'esterno. La marijuana di Amsterdam L'Original Haze non \u00e8 mai stata disponibile come semi femminizzati. Semi Original Haze, variet\u00e0 Original Haze, migliori variet\u00e0 Haze, semi di Haze puro, variet\u00e0 Haze Sativa, genetica Haze, variet\u00e0 di marijuana Haze, variet\u00e0 Haze di cannabis.<\/p>","protected":false},"featured_media":1552,"comment_status":"closed","ping_status":"closed","template":"","meta":{"_uag_custom_page_level_css":"","site-sidebar-layout":"default","site-content-layout":"","ast-site-content-layout":"","site-content-style":"default","site-sidebar-style":"default","ast-global-header-display":"","ast-banner-title-visibility":"","ast-main-header-display":"","ast-hfb-above-header-display":"","ast-hfb-below-header-display":"","ast-hfb-mobile-header-display":"","site-post-title":"","ast-breadcrumbs-content":"","ast-featured-img":"","footer-sml-layout":"","theme-transparent-header-meta":"","adv-header-id-meta":"","stick-header-meta":"","header-above-stick-meta":"","header-main-stick-meta":"","header-below-stick-meta":"","astra-migrate-meta-layouts":"default","ast-page-background-enabled":"default","ast-page-background-meta":{"desktop":{"background-color":"var(--ast-global-color-4)","background-image":"","background-repeat":"repeat","background-position":"center center","background-size":"auto","background-attachment":"scroll","background-type":"","background-media":"","overlay-type":"","overlay-color":"","overlay-opacity":"","overlay-gradient":""},"tablet":{"background-color":"","background-image":"","background-repeat":"repeat","background-position":"center center","background-size":"auto","background-attachment":"scroll","background-type":"","background-media":"","overlay-type":"","overlay-color":"","overlay-opacity":"","overlay-gradient":""},"mobile":{"background-color":"","background-image":"","background-repeat":"repeat","background-position":"center center","background-size":"auto","background-attachment":"scroll","background-type":"","background-media":"","overlay-type":"","overlay-color":"","overlay-opacity":"","overlay-gradient":""}},"ast-content-background-meta":{"desktop":{"background-color":"var(--ast-global-color-5)","background-image":"","background-repeat":"repeat","background-position":"center center","background-size":"auto","background-attachment":"scroll","background-type":"","background-media":"","overlay-type":"","overlay-color":"","overlay-opacity":"","overlay-gradient":""},"tablet":{"background-color":"var(--ast-global-color-5)","background-image":"","background-repeat":"repeat","background-position":"center center","background-size":"auto","background-attachment":"scroll","background-type":"","background-media":"","overlay-type":"","overlay-color":"","overlay-opacity":"","overlay-gradient":""},"mobile":{"background-color":"var(--ast-global-color-5)","background-image":"","background-repeat":"repeat","background-position":"center center","background-size":"auto","background-attachment":"scroll","background-type":"","background-media":"","overlay-type":"","overlay-color":"","overlay-opacity":"","overlay-gradient":""}}},"product_brand":[],"product_cat":[380],"product_tag":[450,451,452,453,454,455,456,457],"class_list":{"0":"post-1524","1":"product","2":"type-product","3":"status-publish","4":"has-post-thumbnail","6":"product_cat-sativa","7":"product_tag-best-haze-strains","8":"product_tag-haze-genetics","9":"product_tag-haze-marijuana-strain","10":"product_tag-haze-sativa-strain","11":"product_tag-haze-strains-of-pot","12":"product_tag-original-haze-seeds","13":"product_tag-original-haze-strain","14":"product_tag-pure-haze-seeds","15":"desktop-align-center","16":"tablet-align-left","17":"mobile-align-left","19":"first","20":"instock","21":"sale","22":"shipping-taxable","23":"purchasable","24":"product-type-variable"},"uagb_featured_image_src":{"full":["https:\/\/caliweedeurope.com\/wp-content\/uploads\/2024\/11\/treegod415_51730942_1149181218592646_2122766851273443054_n.jpg",1080,1350,false],"thumbnail":["https:\/\/caliweedeurope.com\/wp-content\/uploads\/2024\/11\/treegod415_51730942_1149181218592646_2122766851273443054_n-150x150.jpg",150,150,true],"medium":["https:\/\/caliweedeurope.com\/wp-content\/uploads\/2024\/11\/treegod415_51730942_1149181218592646_2122766851273443054_n-240x300.jpg",240,300,true],"medium_large":["https:\/\/caliweedeurope.com\/wp-content\/uploads\/2024\/11\/treegod415_51730942_1149181218592646_2122766851273443054_n-768x960.jpg",768,960,true],"large":["https:\/\/caliweedeurope.com\/wp-content\/uploads\/2024\/11\/treegod415_51730942_1149181218592646_2122766851273443054_n-819x1024.jpg",819,1024,true],"1536x1536":["https:\/\/caliweedeurope.com\/wp-content\/uploads\/2024\/11\/treegod415_51730942_1149181218592646_2122766851273443054_n.jpg",1080,1350,false],"2048x2048":["https:\/\/caliweedeurope.com\/wp-content\/uploads\/2024\/11\/treegod415_51730942_1149181218592646_2122766851273443054_n.jpg",1080,1350,false],"trp-custom-language-flag":["https:\/\/caliweedeurope.com\/wp-content\/uploads\/2024\/11\/treegod415_51730942_1149181218592646_2122766851273443054_n.jpg",10,12,false],"woocommerce_thumbnail":["https:\/\/caliweedeurope.com\/wp-content\/uploads\/2024\/11\/treegod415_51730942_1149181218592646_2122766851273443054_n-300x300.jpg",300,300,true],"woocommerce_single":["https:\/\/caliweedeurope.com\/wp-content\/uploads\/2024\/11\/treegod415_51730942_1149181218592646_2122766851273443054_n-600x750.jpg",600,750,true],"woocommerce_gallery_thumbnail":["https:\/\/caliweedeurope.com\/wp-content\/uploads\/2024\/11\/treegod415_51730942_1149181218592646_2122766851273443054_n-100x100.jpg",100,100,true]},"uagb_author_info":{"display_name":"jetskiforsaleuk@gmail.com","author_link":"https:\/\/caliweedeurope.com\/it\/author\/"},"uagb_comment_info":0,"uagb_excerpt":"Original Haze is a 100% pure sativa strain bred as a wide variety of different sativas, including Mexican, Columbian, Thai, and South Indian varieties. The result is a powerful and well-balanced sativa strain packed full of THC (10-20% on average) and sweet hazy flavors. The original Haze is a sativa variety from Amsterdam weed and&hellip;","_links":{"self":[{"href":"https:\/\/caliweedeurope.com\/it\/wp-json\/wp\/v2\/product\/1524"}],"collection":[{"href":"https:\/\/caliweedeurope.com\/it\/wp-json\/wp\/v2\/product"}],"about":[{"href":"https:\/\/caliweedeurope.com\/it\/wp-json\/wp\/v2\/types\/product"}],"replies":[{"embeddable":true,"href":"https:\/\/caliweedeurope.com\/it\/wp-json\/wp\/v2\/comments?post=1524"}],"wp:featuredmedia":[{"embeddable":true,"href":"https:\/\/caliweedeurope.com\/it\/wp-json\/wp\/v2\/media\/1552"}],"wp:attachment":[{"href":"https:\/\/caliweedeurope.com\/it\/wp-json\/wp\/v2\/media?parent=1524"}],"wp:term":[{"taxonomy":"product_brand","embeddable":true,"href":"https:\/\/caliweedeurope.com\/it\/wp-json\/wp\/v2\/product_brand?post=1524"},{"taxonomy":"product_cat","embeddable":true,"href":"https:\/\/caliweedeurope.com\/it\/wp-json\/wp\/v2\/product_cat?post=1524"},{"taxonomy":"product_tag","embeddable":true,"href":"https:\/\/caliweedeurope.com\/it\/wp-json\/wp\/v2\/product_tag?post=1524"}],"curies":[{"name":"wp","href":"https:\/\/api.w.org\/{rel}","templated":true}]}}