{"id":1546,"date":"2024-11-03T21:34:17","date_gmt":"2024-11-03T21:34:17","guid":{"rendered":"https:\/\/caliweedeurope.com\/?post_type=product&#038;p=1546"},"modified":"2024-11-03T21:34:54","modified_gmt":"2024-11-03T21:34:54","slug":"blue-cheese","status":"publish","type":"product","link":"https:\/\/caliweedeurope.com\/it\/product\/blue-cheese\/","title":{"rendered":"Blue Cheese"},"content":{"rendered":"<p>Blue Cheese \u00e8 un ibrido tipicamente dominante indica che offre un sapore distintivo accompagnato da effetti psicoattivi moderati e una sensazione di stordimento pigra.<\/p>\n<p>Questa variet\u00e0 ha preso il nome dal suo aroma e dalla sua linea genetica. Blue Cheese \u00e8 il risultato dell'incrocio della popolare Blueberry con la variet\u00e0 Cheese originaria del Regno Unito. Contrariamente a quanto si possa pensare, non ha il sapore del formaggio; ma l'aroma... Oh s\u00ec, ha sicuramente l'odore di un formaggio cheddar stagionato.<\/p>\n<p>Blue Cheese non \u00e8 il ibrido dominante indica pi\u00f9 forte in circolazione, poich\u00e9 di solito ha un contenuto di THC che va dal 15% al 20%.<\/p>\n<p>Esteticamente, la variet\u00e0 di marijuana Blue Cheese ha gemme straordinariamente dense, con foglie compatte di colore verde chiaro o medio e attraversate da peli terrosi.<\/p>\n<p>Una volta che sentirai l'odore della tua busta di Blue Cheese, capirai da dove proviene il suo nome. Cominciando con l'odore pungente del formaggio, la variet\u00e0 porta sottotoni fruttati e di bacche ereditati dal suo genitore Blueberry.<\/p>\n<p>A volte l'aroma diventa cos\u00ec pungente che molte persone lo hanno paragonato al muschio o addirittura a verdure marce.<\/p>\n<p>Quando fumi Blue Cheese, il profilo del sapore \u00e8 in realt\u00e0 l'inverso del suo aroma. Durante l'espirazione, sentirai un gusto interamente di mirtillo, con sfumature di funk formaggioso che suonano lontano, lontano in sottofondo.<\/p>\n<p>L'effetto \u00e8 paragonabile a quello di altri ibridi dominanti indica. Blue Cheese pu\u00f2 arrivare lentamente \u2013 senza il classico rush cerebrale associato a variet\u00e0 pi\u00f9 equilibrate \u2013 portando poi a una sensazione di rilassamento totale del corpo.<\/p>\n<p>Nonostante il contenuto moderato di THC, Blue Cheese pu\u00f2 sorprendere gli utenti inesperti con i suoi effetti psicoattivi.<\/p>\n<p>Quando si raggiunge il picco, l'effetto di Blue Cheese pu\u00f2 portare a un paralizzante couchlock, ma anche dosi pi\u00f9 piccole di questa variet\u00e0 sono in grado di annullare tutti i tuoi piani per il resto della giornata.<\/p>\n<p>Detto ci\u00f2, la variet\u00e0 Blue Cheese \u00e8 consigliata per l'uso serale. Inoltre, assicurati sempre di avere degli snack a portata di mano, poich\u00e9 questa variet\u00e0 ibrida \u00e8 nota per stimolare un forte appetito.<\/p>\n<p>Grazie agli effetti sopra descritti, Blue Cheese \u00e8 una scelta eccellente per le persone che usano la marijuana per motivi medici. Pu\u00f2 alleviare l'ansia, la depressione e aiutare i pazienti a gestire i sintomi legati a <a href=\"https:\/\/deligentman.com\/2016\/05\/06\/how-cannabis-can-help-treat-ptsd\/\" target=\"_blank\" rel=\"noopener\">PTSD<\/a>. Se soffri di disturbi da deficit di attenzione, il suo effetto chiaro e concentrato sar\u00e0 anche benefico.<br \/> Per quanto riguarda gli effetti collaterali possibili, Blue Cheese non \u00e8 molto diverso da altri ibridi dominanti in indica. Anche dosi moderate di questa variet\u00e0 possono causare secchezza delle fauci, occhi secchi e pruriginosi, e un'improvvisa impennata dell'appetito; che quest'ultimo effetto collaterale sia indesiderato dipende in realt\u00e0 dalle tue abitudini alimentari.<\/p>\n<p>Le reazioni meno desiderabili possono includere vertigini e un po' di ansia, ma scatenare la paranoia con Blue Cheese non \u00e8 un'opzione a meno che non lo consumi in quantit\u00e0 estremamente elevate.<\/p>\n<p>A parte questo, Blue Cheese \u00e8 una variet\u00e0 straordinaria e, se consumata in dosi sufficientemente grandi, \u00e8 una scelta eccellente per il piacere dalla prima serata fino al momento di coricarsi. Usala quando senti il bisogno di rilassarti dopo una lunga e stressante giornata lavorativa.<\/p>","protected":false},"excerpt":{"rendered":"<ul class=\"product-benefits\">\n<li>Di solito arriva in 2-3 giorni<\/li>\n<li>Spedizione gratuita su ordini superiori a 200 euro<\/li>\n<li>Doprava pouze v r\u00e1mci Evropy<\/li>\n<\/ul>","protected":false},"featured_media":1562,"comment_status":"closed","ping_status":"closed","template":"","meta":{"_uag_custom_page_level_css":"","site-sidebar-layout":"default","site-content-layout":"","ast-site-content-layout":"","site-content-style":"default","site-sidebar-style":"default","ast-global-header-display":"","ast-banner-title-visibility":"","ast-main-header-display":"","ast-hfb-above-header-display":"","ast-hfb-below-header-display":"","ast-hfb-mobile-header-display":"","site-post-title":"","ast-breadcrumbs-content":"","ast-featured-img":"","footer-sml-layout":"","theme-transparent-header-meta":"","adv-header-id-meta":"","stick-header-meta":"","header-above-stick-meta":"","header-main-stick-meta":"","header-below-stick-meta":"","astra-migrate-meta-layouts":"default","ast-page-background-enabled":"default","ast-page-background-meta":{"desktop":{"background-color":"var(--ast-global-color-4)","background-image":"","background-repeat":"repeat","background-position":"center center","background-size":"auto","background-attachment":"scroll","background-type":"","background-media":"","overlay-type":"","overlay-color":"","overlay-opacity":"","overlay-gradient":""},"tablet":{"background-color":"","background-image":"","background-repeat":"repeat","background-position":"center center","background-size":"auto","background-attachment":"scroll","background-type":"","background-media":"","overlay-type":"","overlay-color":"","overlay-opacity":"","overlay-gradient":""},"mobile":{"background-color":"","background-image":"","background-repeat":"repeat","background-position":"center center","background-size":"auto","background-attachment":"scroll","background-type":"","background-media":"","overlay-type":"","overlay-color":"","overlay-opacity":"","overlay-gradient":""}},"ast-content-background-meta":{"desktop":{"background-color":"var(--ast-global-color-5)","background-image":"","background-repeat":"repeat","background-position":"center center","background-size":"auto","background-attachment":"scroll","background-type":"","background-media":"","overlay-type":"","overlay-color":"","overlay-opacity":"","overlay-gradient":""},"tablet":{"background-color":"var(--ast-global-color-5)","background-image":"","background-repeat":"repeat","background-position":"center center","background-size":"auto","background-attachment":"scroll","background-type":"","background-media":"","overlay-type":"","overlay-color":"","overlay-opacity":"","overlay-gradient":""},"mobile":{"background-color":"var(--ast-global-color-5)","background-image":"","background-repeat":"repeat","background-position":"center center","background-size":"auto","background-attachment":"scroll","background-type":"","background-media":"","overlay-type":"","overlay-color":"","overlay-opacity":"","overlay-gradient":""}}},"product_brand":[],"product_cat":[228],"product_tag":[201,202,203,204,205,206,207,208,209,210,211,212,213,214,215,216,217,218,219,220,221,222,223,224,225,226],"class_list":{"0":"post-1546","1":"product","2":"type-product","3":"status-publish","4":"has-post-thumbnail","6":"product_cat-indica","7":"product_tag-buy-weed-online-in-australia","8":"product_tag-buy-weed-online-in-belgium","9":"product_tag-buy-weed-online-in-britain","10":"product_tag-buy-weed-online-in-china","11":"product_tag-buy-weed-online-in-croatia","12":"product_tag-buy-weed-online-in-denmark","13":"product_tag-buy-weed-online-in-european-union","14":"product_tag-buy-weed-online-in-france","15":"product_tag-buy-weed-online-in-germany","16":"product_tag-buy-weed-online-in-guam","17":"product_tag-buy-weed-online-in-guernsey","18":"product_tag-buy-weed-online-in-hungary","19":"product_tag-buy-weed-online-in-ireland","20":"product_tag-buy-weed-online-in-israel","21":"product_tag-buy-weed-online-in-italy","22":"product_tag-buy-weed-online-in-japan","23":"product_tag-buy-weed-online-in-jersey","24":"product_tag-buy-weed-online-in-latvia","25":"product_tag-buy-weed-online-in-poland","26":"product_tag-buy-weed-online-in-russia","27":"product_tag-buy-weed-online-in-spain","28":"product_tag-buy-weed-online-in-sweeden","29":"product_tag-buy-weed-online-in-switzerland","30":"product_tag-buy-weed-online-in-turkey","31":"product_tag-buy-weed-online-in-ukraine","32":"product_tag-buy-weed-online-united-states","33":"desktop-align-center","34":"tablet-align-left","35":"mobile-align-left","37":"first","38":"instock","39":"sale","40":"shipping-taxable","41":"purchasable","42":"product-type-variable"},"uagb_featured_image_src":{"full":["https:\/\/caliweedeurope.com\/wp-content\/uploads\/2024\/11\/treegod415_67298644_165799464467681_6494209895392585596_n.jpg",1080,1350,false],"thumbnail":["https:\/\/caliweedeurope.com\/wp-content\/uploads\/2024\/11\/treegod415_67298644_165799464467681_6494209895392585596_n-150x150.jpg",150,150,true],"medium":["https:\/\/caliweedeurope.com\/wp-content\/uploads\/2024\/11\/treegod415_67298644_165799464467681_6494209895392585596_n-240x300.jpg",240,300,true],"medium_large":["https:\/\/caliweedeurope.com\/wp-content\/uploads\/2024\/11\/treegod415_67298644_165799464467681_6494209895392585596_n-768x960.jpg",768,960,true],"large":["https:\/\/caliweedeurope.com\/wp-content\/uploads\/2024\/11\/treegod415_67298644_165799464467681_6494209895392585596_n-819x1024.jpg",819,1024,true],"1536x1536":["https:\/\/caliweedeurope.com\/wp-content\/uploads\/2024\/11\/treegod415_67298644_165799464467681_6494209895392585596_n.jpg",1080,1350,false],"2048x2048":["https:\/\/caliweedeurope.com\/wp-content\/uploads\/2024\/11\/treegod415_67298644_165799464467681_6494209895392585596_n.jpg",1080,1350,false],"trp-custom-language-flag":["https:\/\/caliweedeurope.com\/wp-content\/uploads\/2024\/11\/treegod415_67298644_165799464467681_6494209895392585596_n.jpg",10,12,false],"woocommerce_thumbnail":["https:\/\/caliweedeurope.com\/wp-content\/uploads\/2024\/11\/treegod415_67298644_165799464467681_6494209895392585596_n-300x300.jpg",300,300,true],"woocommerce_single":["https:\/\/caliweedeurope.com\/wp-content\/uploads\/2024\/11\/treegod415_67298644_165799464467681_6494209895392585596_n-600x750.jpg",600,750,true],"woocommerce_gallery_thumbnail":["https:\/\/caliweedeurope.com\/wp-content\/uploads\/2024\/11\/treegod415_67298644_165799464467681_6494209895392585596_n-100x100.jpg",100,100,true]},"uagb_author_info":{"display_name":"jetskiforsaleuk@gmail.com","author_link":"https:\/\/caliweedeurope.com\/it\/author\/"},"uagb_comment_info":0,"uagb_excerpt":"Typically Arrives in 2-3 Days Free Shipping on Orders over 200 Euros Europe shipping only","_links":{"self":[{"href":"https:\/\/caliweedeurope.com\/it\/wp-json\/wp\/v2\/product\/1546"}],"collection":[{"href":"https:\/\/caliweedeurope.com\/it\/wp-json\/wp\/v2\/product"}],"about":[{"href":"https:\/\/caliweedeurope.com\/it\/wp-json\/wp\/v2\/types\/product"}],"replies":[{"embeddable":true,"href":"https:\/\/caliweedeurope.com\/it\/wp-json\/wp\/v2\/comments?post=1546"}],"wp:featuredmedia":[{"embeddable":true,"href":"https:\/\/caliweedeurope.com\/it\/wp-json\/wp\/v2\/media\/1562"}],"wp:attachment":[{"href":"https:\/\/caliweedeurope.com\/it\/wp-json\/wp\/v2\/media?parent=1546"}],"wp:term":[{"taxonomy":"product_brand","embeddable":true,"href":"https:\/\/caliweedeurope.com\/it\/wp-json\/wp\/v2\/product_brand?post=1546"},{"taxonomy":"product_cat","embeddable":true,"href":"https:\/\/caliweedeurope.com\/it\/wp-json\/wp\/v2\/product_cat?post=1546"},{"taxonomy":"product_tag","embeddable":true,"href":"https:\/\/caliweedeurope.com\/it\/wp-json\/wp\/v2\/product_tag?post=1546"}],"curies":[{"name":"wp","href":"https:\/\/api.w.org\/{rel}","templated":true}]}}