{"id":1742,"date":"2024-11-05T18:39:15","date_gmt":"2024-11-05T18:39:15","guid":{"rendered":"https:\/\/caliweedeurope.com\/?post_type=product&#038;p=1742"},"modified":"2024-11-05T18:39:18","modified_gmt":"2024-11-05T18:39:18","slug":"buy-cali-bud-gobstoppers-strain-online","status":"publish","type":"product","link":"https:\/\/caliweedeurope.com\/it\/product\/buy-cali-bud-gobstoppers-strain-online\/","title":{"rendered":"Buy Cali Bud Gobstoppers strain Online"},"content":{"rendered":"<h1 style=\"text-align: center\"><strong>\u00a0<\/strong><strong>GOBSTOPPERS <\/strong><strong>CALI BUD OR NO BUD\u00a0|<\/strong><strong>\u00a0CALI BUD OR NO BUD\u00a0<\/strong><strong>GOBSTOPPERS <\/strong><strong>|<\/strong><strong>\u00a0CALI PLUG CALI BUD OR NO BUD<\/strong><\/h1>\n<p><strong>Cali bud o niente bud Gobstoppers<\/strong><\/p>\n<p>Questa variet\u00e0 \u00e8 un prodotto di cannabis Cali originale per coltivazioni indoor, disponibile per utenti medici e ricreativi qualificati. I Cali Hardball Cookies sono uno dei fiori di cannabis di qualit\u00e0 superiore pi\u00f9 richiesti negli Stati Uniti. Cali Gobstoppers \u00e8 una variet\u00e0 Indica. Se cerchi un sapore molto fruttato e dolce, hai trovato quello giusto. \u00c8 una miscela perfetta di Candy Diesel e della potentissima variet\u00e0 Vortex.<\/p>\n<p><b>Gobbstopper<\/b>\u00a0\u00e8 una variet\u00e0 Indica dal sapore di frutti di bosco ed \u00e8 il secondo ingresso nella serie Wonka di Alphakronik Genes. Creata incrociando\u00a0<a href=\"https:\/\/www.leafly.com\/strains\/purple-urkle\" target=\"_blank\" rel=\"noopener\">Purple Urkle<\/a>\u00a0e\u00a0<a href=\"https:\/\/www.leafly.com\/strains\/sin-city-kush\" target=\"_blank\" rel=\"noopener\">Sin City Kush<\/a>, Il sapore fruttato di lunga durata di Gobbstopper si apre al naso con frutta dolce e aspra e una terra saporita. L'aroma di questa variet\u00e0 varia dal Pez all'uva con accenni di tapioca, fino ai lamponi di Mt. Hood e al legno di sandalo. La struttura dei suoi boccioli riflette la genetica Kush, offrendo colori profondi e una sana copertura di tricomi. Cali Bud o niente Bud Gobstoppers.<\/p>\n<h2 style=\"text-align: center\"><strong>\u00a0BUY\u00a0<\/strong><strong>GOBSTOPPERS\u00a0<\/strong><strong>CALI BUD OR NO BUD\u00a0 ONLINE | BUY CALI BUD OR NO BUD\u00a0<\/strong><strong>GOBSTOPPERS\u00a0<\/strong><strong>ONLINE | BUY CALI BUD OR NO BUD ONLINE<\/strong><\/h2>\n<p><strong style=\"color: #555555;font-size: 14.4px\">Usi medici della variet\u00e0 Cali Bud Gobstoppers<\/strong><\/p>\n<p>Questo Cali plug bud \u00e8 molto consigliato per i pazienti che soffrono di gravi dolori cronici, dolori articolari e debolezza generale. Con una percentuale di THC di circa il 29%. Cali bud o nessun bud Gobstoppers.<\/p>\n<div class=\"variety-percentage-wrap\">\n<h4 class=\"variety\"><a href=\"https:\/\/www.allbud.com\/marijuana-strains\/variety\/hybrid\" target=\"_blank\" rel=\"noopener\">\u00a0Ibrido\u00a0<\/a><span class=\"hidden-xs\">\u2013\u00a0<\/span><span class=\"strain-percentages\">50% Sativa \/50% Indica<\/span><\/h4>\n<h4 class=\"percentage\"><span class=\"heading\">THC:\u00a0<\/span>14% \u2013 16%,\u00a0<span class=\"heading\">CBD:\u00a0<\/span><em>1<\/em>%<\/h4>\n<\/p><\/div>\n<p>Gobbstopper \u00e8 una variet\u00e0 ibrida equilibrata creata incrociando la deliziosa Candy Diesel con il potente Vortex. Cerchi un sapore di caramella delizioso? Beh, l'hai trovato! Gobbstopper \u00e8 tutto ci\u00f2 di cui hai sognato e di pi\u00f9, mescolando dolci bacche e agrumi aspri per un sapore fruttato di caramella che danzer\u00e0 sulla tua lingua.<\/p>\n<p>Gobbstopper pu\u00f2 anche avere diversi vantaggi per i pazienti medici con cannabis. Il suo carattere rilassante pu\u00f2 temporaneamente attenuare i sintomi di stress e depressione. Dal punto di vista fisiologico, pu\u00f2 anche alleviare dolori profondi e fastidi, sia temporanei che cronici. Gli effetti antinfiammatori possono alleviare disturbi minori come mal di testa o nausea.<\/p>\n<h3 style=\"text-align: center\"><strong>GOBSTOPPERS\u00a0<\/strong><strong>CALI BUD OR NO BUD FOR SALE | CALI BUD OR NO BUD\u00a0\u00a0<\/strong><strong>GOBSTOPPERS\u00a0<\/strong><strong>FOR SALE | CALI BUD OR NO BUD\u00a0 FOR SALE<\/strong><\/h3>\n<p><strong>Coltivare la variet\u00e0 Cali Gabstoppers<\/strong><br \/> I Cali Gobstoppers crescono piuttosto bassi e si sviluppano molto bene al chiuso, all'aperto e anche nei vivai. I nutrienti devono essere forniti almeno mensilmente, se non ogni 5 settimane, per completare la fase vegetativa. Questa variet\u00e0 fiorisce letteralmente per 9 settimane e produce 2 grammi per watt in ambienti interni. All'aperto, i coltivatori possono raccogliere fino a 2 libbre per pianta. Gabstoppers variet\u00e0<\/p>\n<p>L'attrattiva visiva dei fiori di Gobstopper \u00e8 subito evidente. Si distinguono per una forma irregolare e grandi gemme compatte che si uniscono nella struttura densa tipica delle indica. Gabstoppers variet\u00e0<\/p>\n<h3 style=\"text-align: center\"><strong>CALI BUD OR NO BUD \u00a0<\/strong><strong>GOBSTOPPERS\u00a0<\/strong><strong>\u00a0NEAR ME |\u00a0<\/strong><strong>GOBSTOPPERS\u00a0<\/strong><strong>CALI BUD OR NO BUD\u00a0\u00a0 NEAR ME | CALI BUD OR NO BUD \u00a0NEAR ME<\/strong><\/h3>\n<p><strong>Avvertimento sulla variet\u00e0 Cali Gabstoppers<\/strong><br \/> Questi fiori Cali di alta qualit\u00e0 contengono cannabis. Questa sostanza deve essere tenuta fuori dalla portata di bambini e animali.<\/p>\n<p>Lo sballo di Gobstopper colpisce rapidamente, esercitando una pressione intorno agli occhi e alla fronte. Gli effetti successivi potrebbero essere descritti come espansivi per la mente \u2013 i fumatori potrebbero sentirsi pi\u00f9 creativi o pi\u00f9 aperti ai suggerimenti degli altri o agli stimoli esterni. Alcuni fumatori potrebbero anche rilevare alterazioni nella percezione, con distorsioni visive e uditive frequentemente segnalate. Piuttosto che causare disorientamento, lo sballo di Gobstopper si avvicina all\u2019euforia; gli stessi Extreme Boutique Genetics hanno paragonato i suoi effetti esaltanti alla gioia che un bambino prova la mattina di Natale.<\/p>\n<p>Proprio come il suo profilo aromatico stratificato, anche il Gobstopper offre un effetto multifacetico. Sebbene sia improbabile che causi \"couchlock\", la nebbia mentale che si insinua nella fase finale dello sballo probabilmente impedir\u00e0 alla maggior parte dei fumatori di portare a termine compiti complessi.<\/p>\n<h5 style=\"text-align: center\"><strong>GOBSTOPPERS\u00a0<\/strong><strong>\u00a0STRAIN | \u00a0<\/strong><strong>GOBSTOPPERS\u00a0<\/strong><strong>WEED STRAIN | CALI\u00a0<\/strong><strong>GOBSTOPPERS\u00a0<\/strong><strong>| CALI\u00a0<\/strong><strong>GOBSTOPPERS\u00a0<\/strong><strong>\u00a0STRAIN<\/strong><\/h5>\n<p><strong>Effetti della variet\u00e0 Cali Gabstoppers<\/strong><br \/> In conclusione, quando fumato, si possono provare euforia, creativit\u00e0, una calda calma, intorpidimento, aumento dell'appetito e sollievo dal dolore. L'effetto di questi fiori pu\u00f2 durare fino a 4 ore nei pazienti. Prestare attenzione all'uso di questo prodotto durante la gravidanza.<\/p>\n<p>Parla con un agente Cali Plug prima di utilizzare il prodotto. Usa estrema cautela durante la guida o il funzionamento di macchinari. Variet\u00e0 Gabstoppers.<\/p>\n<p>Acquista la variet\u00e0 Cali Reptar online dal dispensario di cannabis californiano pi\u00f9 affidabile. Cali Plug \u00e8 il tuo fornitore legittimo di confezioni Cali Plug di alta qualit\u00e0, conosciute anche come Cali Bags.<\/p>\n<p>Cos\u00ec, l'aroma complesso di Gobstopper segue lo stesso schema. L'aroma principale di questi fiori \u00e8 quello degli agrumi, in particolare del pompelmo. Un esame pi\u00f9 attento rivela accenni di bacche e zucchero filato super dolce. Nonostante il suo carattere per lo pi\u00f9 dolce, quando bruciato, questo fiore pu\u00f2 rilasciare un fumo pungente che fa lacrimare gli occhi. Il fumo ha un sapore di diesel all'espirazione, con un persistente colpo acido e citrico. Notabilmente, nonostante la sua colorazione viola, l'uva \u00e8 un sapore che Gobstopper non ha; questo perch\u00e9 i pigmenti che producono le sue occasionali sfumature viola non hanno un effetto corrispondente sul sapore della variet\u00e0.<\/p>\n<div data-testid=\"product-description\">\n<div class=\"truncate-lines__Wrapper-sc-1lknwty-0 YxHAC\">\n<div data-testid=\"truncated-description\">\n<div>\n<div class=\"text__Text-sc-fif1uk-0 kdmKRD\">\n<div class=\"src__Box-sc-1sbtrzs-0 src__Flex-sc-1sbtrzs-1 kWPFqZ hzdsvF\">\n<div>CATEGORIE DI PRODOTTO CAMPIONE<\/div>\n<\/p><\/div>\n<\/p><\/div>\n<\/p><\/div>\n<\/p><\/div>\n<\/p><\/div>\n<\/p><\/div>\n<div class=\"text__Text-sc-fif1uk-0 htoJfX\"><a href=\"https:\/\/jeetersofficial.com\/product-category\/buy-cali-buds\/\" target=\"_blank\" rel=\"noopener\">CALI BUDS<\/a><\/div>\n<div data-testid=\"product-description\">\n<div class=\"truncate-lines__Wrapper-sc-1lknwty-0 YxHAC\">\n<div data-testid=\"truncated-description\">\n<div class=\"text__Text-sc-fif1uk-0 kdmKRD\"><a href=\"https:\/\/jeetersofficial.com\/product-category\/backpack-boyz\/\" target=\"_blank\" rel=\"noopener\">Backpack\u00a0 Boyz<\/a><\/div>\n<div><a href=\"https:\/\/jeetersofficial.com\/product-category\/snow-balls-weed\/\" target=\"_blank\" rel=\"noopener\">SNOWBALLS WEED<\/a><\/div>\n<div><a href=\"https:\/\/jeetersofficial.com\/product-category\/persy-snowcaps\/\" target=\"_blank\" rel=\"noopener\">Persy Snowcaps<\/a><\/div>\n<div><a href=\"https:\/\/jeetersofficial.com\/product-category\/drip-snowcaps\/\" target=\"_blank\" rel=\"noopener\">Drip Snowcaps<\/a><\/div>\n<div><a href=\"https:\/\/jeetersofficial.com\/product-category\/concentrates\/\" target=\"_blank\" rel=\"noopener\">CALI CONCENTRATES<\/a><\/div>\n<div><a href=\"https:\/\/jeetersofficial.com\/product-category\/doja-exclusive\/\" target=\"_blank\" rel=\"noopener\">CALI DOJA PACKS EXCLUSIVE<\/a><\/div>\n<div><a href=\"https:\/\/jeetersofficial.com\/product-category\/marijuana-flowers\/\" target=\"_blank\" rel=\"noopener\">CALI MARIJUANA FLOWERS<\/a><\/div>\n<\/p><\/div>\n<\/p><\/div>\n<\/p><\/div>\n<div><a href=\"https:\/\/jeetersofficial.com\/product-category\/sativa-strain\/\" target=\"_blank\" rel=\"noopener\">CALI SATIVA STRAINS<\/a><\/div>\n<div><a href=\"https:\/\/jeetersofficial.com\/product-category\/indica\/\" target=\"_blank\" rel=\"noopener\">CALI INDICA STRAINS<\/a><\/div>\n<div><a href=\"https:\/\/jeetersofficial.com\/product-category\/hybrid-weed\/\" target=\"_blank\" rel=\"noopener\">CALI HYBRID WEED<\/a><\/div>","protected":false},"excerpt":{"rendered":"<p><strong>Cali Bud Gobstoppers strain<\/strong><\/p>\n<p>Questa variet\u00e0 \u00e8 un prodotto di cannabis Cali originale coltivato indoor, disponibile per utenti medici e ricreativi qualificati. I Cali Hardball Cookies sono uno dei fiori di cannabis di alta gamma pi\u00f9 richiesti negli USA. Cali Gobstoppers \u00e8 una variet\u00e0 Indica. Se stai cercando un sapore fruttato e dolce, allora hai trovato quello giusto. \u00c8 una miscela perfetta di Candy Diesel e della potentissima variet\u00e0 Vortex.<\/p>","protected":false},"featured_media":1667,"comment_status":"closed","ping_status":"closed","template":"","meta":{"_uag_custom_page_level_css":"","site-sidebar-layout":"default","site-content-layout":"","ast-site-content-layout":"","site-content-style":"default","site-sidebar-style":"default","ast-global-header-display":"","ast-banner-title-visibility":"","ast-main-header-display":"","ast-hfb-above-header-display":"","ast-hfb-below-header-display":"","ast-hfb-mobile-header-display":"","site-post-title":"","ast-breadcrumbs-content":"","ast-featured-img":"","footer-sml-layout":"","theme-transparent-header-meta":"","adv-header-id-meta":"","stick-header-meta":"","header-above-stick-meta":"","header-main-stick-meta":"","header-below-stick-meta":"","astra-migrate-meta-layouts":"default","ast-page-background-enabled":"default","ast-page-background-meta":{"desktop":{"background-color":"var(--ast-global-color-4)","background-image":"","background-repeat":"repeat","background-position":"center center","background-size":"auto","background-attachment":"scroll","background-type":"","background-media":"","overlay-type":"","overlay-color":"","overlay-opacity":"","overlay-gradient":""},"tablet":{"background-color":"","background-image":"","background-repeat":"repeat","background-position":"center center","background-size":"auto","background-attachment":"scroll","background-type":"","background-media":"","overlay-type":"","overlay-color":"","overlay-opacity":"","overlay-gradient":""},"mobile":{"background-color":"","background-image":"","background-repeat":"repeat","background-position":"center center","background-size":"auto","background-attachment":"scroll","background-type":"","background-media":"","overlay-type":"","overlay-color":"","overlay-opacity":"","overlay-gradient":""}},"ast-content-background-meta":{"desktop":{"background-color":"var(--ast-global-color-5)","background-image":"","background-repeat":"repeat","background-position":"center center","background-size":"auto","background-attachment":"scroll","background-type":"","background-media":"","overlay-type":"","overlay-color":"","overlay-opacity":"","overlay-gradient":""},"tablet":{"background-color":"var(--ast-global-color-5)","background-image":"","background-repeat":"repeat","background-position":"center center","background-size":"auto","background-attachment":"scroll","background-type":"","background-media":"","overlay-type":"","overlay-color":"","overlay-opacity":"","overlay-gradient":""},"mobile":{"background-color":"var(--ast-global-color-5)","background-image":"","background-repeat":"repeat","background-position":"center center","background-size":"auto","background-attachment":"scroll","background-type":"","background-media":"","overlay-type":"","overlay-color":"","overlay-opacity":"","overlay-gradient":""}}},"product_brand":[],"product_cat":[675],"product_tag":[472,473,474,475,461,462,463,464,465,466,476,477,478,479],"class_list":{"0":"post-1742","1":"product","2":"type-product","3":"status-publish","4":"has-post-thumbnail","6":"product_cat-buy-cali-buds","7":"product_tag-cali-bud-or-no-bud-near-me","8":"product_tag-cali-buds","9":"product_tag-cali-gobstoppers","10":"product_tag-cali-gobstoppers-strain","11":"product_tag-cali-packs","12":"product_tag-cali-plug-cali-bud-or-no-bud","13":"product_tag-cali-straina","14":"product_tag-cali-weed-bags","15":"product_tag-cali-weed-flavors","16":"product_tag-cannabis","17":"product_tag-gobstoppers-cali-bud-or-no-bud","18":"product_tag-gobstoppers-cali-bud-or-no-bud-for-sale","19":"product_tag-gobstoppers-cali-bud-or-no-bud-near-me","20":"product_tag-no-bud-gobstoppers-near-me","21":"desktop-align-center","22":"tablet-align-left","23":"mobile-align-left","25":"first","26":"instock","27":"shipping-taxable","28":"purchasable","29":"product-type-variable"},"uagb_featured_image_src":{"full":["https:\/\/caliweedeurope.com\/wp-content\/uploads\/2024\/11\/gobstoppers.jpg",514,686,false],"thumbnail":["https:\/\/caliweedeurope.com\/wp-content\/uploads\/2024\/11\/gobstoppers-150x150.jpg",150,150,true],"medium":["https:\/\/caliweedeurope.com\/wp-content\/uploads\/2024\/11\/gobstoppers-225x300.jpg",225,300,true],"medium_large":["https:\/\/caliweedeurope.com\/wp-content\/uploads\/2024\/11\/gobstoppers.jpg",514,686,false],"large":["https:\/\/caliweedeurope.com\/wp-content\/uploads\/2024\/11\/gobstoppers.jpg",514,686,false],"1536x1536":["https:\/\/caliweedeurope.com\/wp-content\/uploads\/2024\/11\/gobstoppers.jpg",514,686,false],"2048x2048":["https:\/\/caliweedeurope.com\/wp-content\/uploads\/2024\/11\/gobstoppers.jpg",514,686,false],"trp-custom-language-flag":["https:\/\/caliweedeurope.com\/wp-content\/uploads\/2024\/11\/gobstoppers.jpg",9,12,false],"woocommerce_thumbnail":["https:\/\/caliweedeurope.com\/wp-content\/uploads\/2024\/11\/gobstoppers-300x300.jpg",300,300,true],"woocommerce_single":["https:\/\/caliweedeurope.com\/wp-content\/uploads\/2024\/11\/gobstoppers.jpg",514,686,false],"woocommerce_gallery_thumbnail":["https:\/\/caliweedeurope.com\/wp-content\/uploads\/2024\/11\/gobstoppers-100x100.jpg",100,100,true]},"uagb_author_info":{"display_name":"jetskiforsaleuk@gmail.com","author_link":"https:\/\/caliweedeurope.com\/it\/author\/"},"uagb_comment_info":0,"uagb_excerpt":"Cali Bud Gobstoppers strain This strain is an indoor original Cali cannabis product, available for qualified\u00a0medical\u00a0and recreational users. Cali hardball cookies are one of the most wanted top-shelf cannabis flowers in the USA. Cali Gobstoppers is an Indica\u00a0strain. If you are looking for a very fruity candy flavor, then you got the right one. This&hellip;","_links":{"self":[{"href":"https:\/\/caliweedeurope.com\/it\/wp-json\/wp\/v2\/product\/1742"}],"collection":[{"href":"https:\/\/caliweedeurope.com\/it\/wp-json\/wp\/v2\/product"}],"about":[{"href":"https:\/\/caliweedeurope.com\/it\/wp-json\/wp\/v2\/types\/product"}],"replies":[{"embeddable":true,"href":"https:\/\/caliweedeurope.com\/it\/wp-json\/wp\/v2\/comments?post=1742"}],"wp:featuredmedia":[{"embeddable":true,"href":"https:\/\/caliweedeurope.com\/it\/wp-json\/wp\/v2\/media\/1667"}],"wp:attachment":[{"href":"https:\/\/caliweedeurope.com\/it\/wp-json\/wp\/v2\/media?parent=1742"}],"wp:term":[{"taxonomy":"product_brand","embeddable":true,"href":"https:\/\/caliweedeurope.com\/it\/wp-json\/wp\/v2\/product_brand?post=1742"},{"taxonomy":"product_cat","embeddable":true,"href":"https:\/\/caliweedeurope.com\/it\/wp-json\/wp\/v2\/product_cat?post=1742"},{"taxonomy":"product_tag","embeddable":true,"href":"https:\/\/caliweedeurope.com\/it\/wp-json\/wp\/v2\/product_tag?post=1742"}],"curies":[{"name":"wp","href":"https:\/\/api.w.org\/{rel}","templated":true}]}}