{"id":1748,"date":"2024-11-05T18:39:15","date_gmt":"2024-11-05T18:39:15","guid":{"rendered":"https:\/\/caliweedeurope.com\/?post_type=product&#038;p=1748"},"modified":"2024-11-05T18:39:18","modified_gmt":"2024-11-05T18:39:18","slug":"buy-cali-bud-life-savers-online","status":"publish","type":"product","link":"https:\/\/caliweedeurope.com\/it\/product\/buy-cali-bud-life-savers-online\/","title":{"rendered":"Acquista Cali Bud Life Savers online"},"content":{"rendered":"<h1 style=\"text-align: center\"><strong>\u00a0 \u00a0 \u00a0<\/strong><strong>LIFE SAVERS <\/strong><strong>CALI BUD OR NO BUD\u00a0|<\/strong><strong>\u00a0CALI BUD OR NO BUD\u00a0<\/strong><strong>LIFE SAVERS <\/strong><strong>|<\/strong><strong>\u00a0CALI PLUG CALI BUD OR NO BUD<\/strong><\/h1>\n<p><strong>Cali Bud Life Savers<\/strong><br \/> La variet\u00e0 di cannabis Cali Bud Life Savers \u00e8 una delle migliori in termini di sapori Cali Bud o no Bud. Quando si tratta di gusti simili a caramelle e della capacit\u00e0 di eliminare il dolore cronico e ricorrente\u2026, Life Savers soddisfa sicuramente il suo nome. Life Savers \u00e8 una variet\u00e0 ibrida a predominanza Indica con il 78%. Con un odore di uva e gomma da masticare, questa variet\u00e0 merita di essere provata da chi cerca una sensazione pi\u00f9 forte e sedativa.<\/p>\n<p class=\"about-title\"><strong>Su Life Saver<\/strong><\/p>\n<div class=\"effect-wrapper ng-star-inserted\">\n<div>\n<p>Lifesaver (o Life Saver) \u00e8 un ibrido a predominanza Indica che si presenta all'altezza del suo nome in pi\u00f9 di un modo. Questo fiore offre un sapore fruttato acidulo simile a una caramella insieme a un'inestimabile forza terapeutica. Lifesaver \u00e8 stato creato dai creativi allevatori di BOG Seeds come un incrocio tra il loro BOG Bubble e JCB (che \u00e8 a sua volta un incrocio di\u00a0<a href=\"https:\/\/www.wikileaf.com\/strain\/jacks-cleaner\/\" target=\"_blank\" rel=\"noopener\">Jack\u2019s Cleaner<\/a>\u00a0e\u00a0<a href=\"https:\/\/www.wikileaf.com\/strain\/blueberry\/\" target=\"_blank\" rel=\"noopener\">Blueberry<\/a>). Il risultato \u00e8 un fiore dal sapore dinamico con potenza duratura e bilanciata. Il contenuto di THC di Lifesaver \u00e8 stato misurato tra il 12% e il 21%.<\/p>\n<\/p><\/div>\n<\/p><\/div>\n<h2 style=\"text-align: center\"><strong>\u00a0BUY <\/strong><strong>LIFE SAVERS\u00a0<\/strong><strong>CALI BUD OR NO BUD\u00a0 ONLINE | BUY CALI BUD OR NO BUD\u00a0<\/strong><strong>LIFE SAVERS\u00a0<\/strong><strong>ONLINE | BUY CALI BUD OR NO BUD ONLINE<\/strong><\/h2>\n<p><strong style=\"color: #555555;font-size: 14.4px\">Effetti di Cali Bud Life Savers<\/strong><\/p>\n<p>L'effetto di base sar\u00e0 quello di elevazione, potenziamento e rilassamento.<br \/> <strong>Felice<\/strong><br \/> Il 47% delle persone riferisce di sentirsi felici<br \/> <strong>Rilassato<\/strong><br \/> Il 46% delle persone riferisce di sentirsi rilassato<br \/> <strong>Eccitato<\/strong><br \/> Il 16% delle persone riferisce di sentirsi eccitati<\/p>\n<p><strong>Negativi<\/strong><br \/> <strong>Bocca secca<\/strong><br \/> Il 15% delle persone riferisce di avere la bocca secca<br \/> <strong>Occhi secchi<\/strong><br \/> Il 17% delle persone riferisce di avere gli occhi secchi<br \/> <strong>Stordito<\/strong><br \/> L'8% delle persone riferisce di sentirsi stordito<\/p>\n<div class=\"effect-wrapper ng-star-inserted\">\n<div>\n<p>Lifesaver rende subito chiara la sua attrattiva con fiori solidi, quasi sferici. Questi germogli sono di dimensioni medie o grandi e si attaccano insieme nella struttura densa e spessa del fiore che \u00e8 caratteristica delle variet\u00e0 Indica. Le foglie arrotolate sono di un verde muschio e sono attraversate da pistilli arancioni e gialli brillanti. Occasionalmente, i fenotipi di questa variet\u00e0 contengono anche sfumature di viola, che vanno dal lavanda pallido a un profondo colore uva; queste sfumature sono il risultato di pigmenti di antocianina che vengono attivati dal freddo, in un processo simile al cambiamento del fogliame in autunno a causa dei livelli di clorofilla esauriti. Infine, uno strato di triconi bianchi traslucidi ricopre questi fiori gi\u00e0 colorati e spiega la loro alta psicoattivit\u00e0.<\/p>\n<\/p><\/div>\n<\/p><\/div>\n<h3 style=\"text-align: center\"><strong>LIFE SAVERS\u00a0<\/strong><strong>CALI BUD OR NO BUD FOR SALE | CALI BUD OR NO BUD\u00a0\u00a0<\/strong><strong>LIFE SAVERS\u00a0<\/strong><strong>FOR SALE | CALI BUD OR NO BUD\u00a0 FOR SALE<\/strong><\/h3>\n<p><strong>Usi medici di Cali Life Savers<\/strong><br \/> La variet\u00e0 Cali Life Savers garantisce un sollievo immediato dal dolore. I leggeri effetti reali di Cali Jet Lato possono alleviare alcuni dolori e nausee. La variet\u00e0 pu\u00f2 anche aiutare a combattere i sintomi del PTSD.<\/p>\n<div class=\"variety-percentage-wrap\">\n<h4 class=\"variety translation-block\"><a href=\"https:\/\/www.allbud.com\/marijuana-strains\/variety\/indica-dominant-hybrid\" target=\"_blank\" rel=\"noopener\">Ibrido Dominante Indica<\/a> <span class=\"hidden-xs\">\u2013 <\/span><span class=\"strain-percentages\">70% Indica \/ 30% Sativa<\/span><\/h4>\n<h4 class=\"percentage\"><span class=\"heading\">THC:\u00a0<\/span>15% \u2013 19%<\/h4>\n<\/p><\/div>\n<p class=\"translation-block\">Lifesaver, noto anche come \u201cLife Saver,\u201d \u00e8 una variet\u00e0 ibrida a predominanza indica creata incrociando le deliziose variet\u00e0 BOG Bubble X <a href=\"https:\/\/www.allbud.com\/marijuana-strains\/sativa-dominant-hybrid\/batgirl\" target=\"_blank\" rel=\"noopener\">Subcool J<\/a>C<a href=\"https:\/\/www.allbud.com\/marijuana-strains\/sativa-dominant-hybrid\/batgirl\" target=\"_blank\" rel=\"noopener\">B<\/a>. Questo ceppo prende il nome dalle sue potenti qualit\u00e0 \u201csalvavita\u201d che eliminano dolore e dolori muscolari con un solo piccolo tiro gustoso. Il THC di Lifesaver \u00e8 piuttosto moderato, con livelli che oscillano tra il 15 e il 13%, offrendo effetti delicati adatti a tutti gli utenti. Lo sballo inizia con un innalzamento felice che ti riempie di energia e motivazione senza causare ansia. life savers weed<\/p>\n<h4 style=\"text-align: center\"><strong>CALI BUD OR NO BUD \u00a0<\/strong><strong>LIFE SAVERS\u00a0<\/strong><strong>\u00a0NEAR ME |\u00a0<\/strong><strong>LIFE SAVERS\u00a0<\/strong><strong>CALI BUD OR NO BUD\u00a0\u00a0 NEAR ME | CALI BUD OR NO BUD \u00a0NEAR ME<\/strong><\/h4>\n<p><strong>Coltivazione di Cali Life Savers<\/strong><br \/> La variet\u00e0 Cali Life Savers cresce bassa e pu\u00f2 prosperare al chiuso, all'aperto o anche in una serra. Le piante dovrebbero avere almeno un mese, se non cinque, per completare la fase vegetativa. La variet\u00e0 fiorisce in otto o nove settimane e produce un grammo per watt in coltivazione indoor.<\/p>\n<p>Ti sentirai lucido e rilassato, completamente concentrato sul compito da svolgere. Man mano che la mente si libera, il corpo la seguir\u00e0, lasciando dietro di s\u00e9 dolori e fastidi, con un effetto corporeo frizzante che non \u00e8 sedativo n\u00e9 soporifero. Questi effetti leggeri alleviano condizioni come spasmi muscolari, mal di testa o emicranie, depressione e dolori cronici. Le cime di Lifesaver hanno boccioli densi e grumosi di colore verde menta con ricchi riflessi viola, peli arancioni brillanti e uno spesso strato di tricomi bianchi ghiacciati. Hanno un sapore dolce di caramella e gomma da masticare, quasi come una gomma d\u2019uva, e un aroma terroso di miele e bacche che lo accompagna.<\/p>\n<h5 style=\"text-align: center\"><strong>LIFE SAVERS\u00a0<\/strong><strong>\u00a0STRAIN | \u00a0<\/strong><strong>LIFE SAVERS\u00a0<\/strong><strong>WEED STRAIN | CALI\u00a0<\/strong><strong>LIFE SAVERS\u00a0<\/strong><strong>| CALI\u00a0<\/strong><strong>LIFE SAVERS\u00a0<\/strong><strong>\u00a0STRAIN<\/strong><\/h5>\n<p>In conclusione, Lifesaver fa onore al suo nome sia per il suo sapore dolce simile a una caramella sia per la sua capacit\u00e0 di alleviare il dolore cronico. Questo ibrido a dominanza indica, nato dall\u2019incrocio dei ceppi BOG Bubble e Subcool JCB, \u00e8 stato creato per soddisfare le esigenze particolari dei pazienti che soffrono di dolori. Rilassante con un aroma di uva e gomma da masticare, questa variet\u00e0 merita una prova per chi cerca un effetto pi\u00f9 forte e terapeutico. Lifesaver fiorisce rapidamente, di solito entro 8 settimane.<\/p>\n<p class=\"translation-block\">Quando curato correttamente, Lifesaver emana un aroma fruttato con un accenno di bacche. Guardando pi\u00f9 da vicino, ci sono anche alcune note di limone e uva. Nel frattempo, macinare o strappare questi fiori rivela alcune leggere note erbacee, che fanno riferimento alla base <a target=\"_blank\" rel=\"noopener\">Jack Herer<\/a> della variet\u00e0. Quando viene bruciato, Lifesaver emana un fumo morbido e facile che ha un gusto unico, dolce e aspro, durante l'espirazione. Chi cerca di mantenere la propria consumazione discreta dovrebbe prendere le necessarie precauzioni, poich\u00e9 questa variet\u00e0 pu\u00f2 produrre un fumo molto pungente.<\/p>","protected":false},"excerpt":{"rendered":"<p><strong>Cali Bud Life Savers<\/strong><br \/> La variet\u00e0 di cannabis Cali Bud Life Savers \u00e8 una delle migliori in termini di sapori Cali Bud o no Bud. Quando si tratta di gusti simili a caramelle e della capacit\u00e0 di eliminare il dolore cronico e ricorrente\u2026, Life Savers soddisfa sicuramente il suo nome. Life Savers \u00e8 una variet\u00e0 ibrida a predominanza Indica con il 78%. Con un odore di uva e gomma da masticare, questa variet\u00e0 merita di essere provata da chi cerca una sensazione pi\u00f9 forte e sedativa.<\/p>\n<div data-testid=\"product-description\">\n<div class=\"truncate-lines__Wrapper-sc-1lknwty-0 YxHAC\">\n<div data-testid=\"truncated-description\">\n<div>\n<div class=\"text__Text-sc-fif1uk-0 kdmKRD\">\n<div class=\"src__Box-sc-1sbtrzs-0 src__Flex-sc-1sbtrzs-1 kWPFqZ hzdsvF\">\n<div>CATEGORIE DI PRODOTTO CAMPIONE<\/div>\n<\/p><\/div>\n<\/p><\/div>\n<\/p><\/div>\n<\/p><\/div>\n<\/p><\/div>\n<\/p><\/div>\n<div class=\"text__Text-sc-fif1uk-0 htoJfX\"><a href=\"https:\/\/jeetersofficial.com\/product-category\/buy-cali-buds\/\">CALI BUDS<\/a><\/div>\n<div data-testid=\"product-description\">\n<div class=\"truncate-lines__Wrapper-sc-1lknwty-0 YxHAC\">\n<div data-testid=\"truncated-description\">\n<div class=\"text__Text-sc-fif1uk-0 kdmKRD\"><a href=\"https:\/\/jeetersofficial.com\/product-category\/backpack-boyz\/\">Backpack\u00a0 Boyz<\/a><\/div>\n<div><a href=\"https:\/\/jeetersofficial.com\/product-category\/snow-balls-weed\/\">SNOWBALLS WEED<\/a><\/div>\n<div><a href=\"https:\/\/jeetersofficial.com\/product-category\/persy-snowcaps\/\">Persy Snowcaps<\/a><\/div>\n<div><a href=\"https:\/\/jeetersofficial.com\/product-category\/drip-snowcaps\/\">Drip Snowcaps<\/a><\/div>\n<div><a href=\"https:\/\/jeetersofficial.com\/product-category\/concentrates\/\">CALI CONCENTRATES<\/a><\/div>\n<div><a href=\"https:\/\/jeetersofficial.com\/product-category\/doja-exclusive\/\">CALI DOJA PACKS EXCLUSIVE<\/a><\/div>\n<div><a href=\"https:\/\/jeetersofficial.com\/product-category\/marijuana-flowers\/\">CALI MARIJUANA FLOWERS<\/a><\/div>\n<\/p><\/div>\n<\/p><\/div>\n<\/p><\/div>\n<div><a href=\"https:\/\/jeetersofficial.com\/product-category\/sativa-strain\/\">CALI SATIVA STRAINS<\/a><\/div>\n<div><a href=\"https:\/\/jeetersofficial.com\/product-category\/indica\/\">CALI INDICA STRAINS<\/a><\/div>\n<div><a href=\"https:\/\/jeetersofficial.com\/product-category\/hybrid-weed\/\">CALI HYBRID WEED<\/a><\/div>","protected":false},"featured_media":1668,"comment_status":"closed","ping_status":"closed","template":"","meta":{"_uag_custom_page_level_css":"","site-sidebar-layout":"default","site-content-layout":"","ast-site-content-layout":"","site-content-style":"default","site-sidebar-style":"default","ast-global-header-display":"","ast-banner-title-visibility":"","ast-main-header-display":"","ast-hfb-above-header-display":"","ast-hfb-below-header-display":"","ast-hfb-mobile-header-display":"","site-post-title":"","ast-breadcrumbs-content":"","ast-featured-img":"","footer-sml-layout":"","theme-transparent-header-meta":"","adv-header-id-meta":"","stick-header-meta":"","header-above-stick-meta":"","header-main-stick-meta":"","header-below-stick-meta":"","astra-migrate-meta-layouts":"default","ast-page-background-enabled":"default","ast-page-background-meta":{"desktop":{"background-color":"var(--ast-global-color-4)","background-image":"","background-repeat":"repeat","background-position":"center center","background-size":"auto","background-attachment":"scroll","background-type":"","background-media":"","overlay-type":"","overlay-color":"","overlay-opacity":"","overlay-gradient":""},"tablet":{"background-color":"","background-image":"","background-repeat":"repeat","background-position":"center center","background-size":"auto","background-attachment":"scroll","background-type":"","background-media":"","overlay-type":"","overlay-color":"","overlay-opacity":"","overlay-gradient":""},"mobile":{"background-color":"","background-image":"","background-repeat":"repeat","background-position":"center center","background-size":"auto","background-attachment":"scroll","background-type":"","background-media":"","overlay-type":"","overlay-color":"","overlay-opacity":"","overlay-gradient":""}},"ast-content-background-meta":{"desktop":{"background-color":"var(--ast-global-color-5)","background-image":"","background-repeat":"repeat","background-position":"center center","background-size":"auto","background-attachment":"scroll","background-type":"","background-media":"","overlay-type":"","overlay-color":"","overlay-opacity":"","overlay-gradient":""},"tablet":{"background-color":"var(--ast-global-color-5)","background-image":"","background-repeat":"repeat","background-position":"center center","background-size":"auto","background-attachment":"scroll","background-type":"","background-media":"","overlay-type":"","overlay-color":"","overlay-opacity":"","overlay-gradient":""},"mobile":{"background-color":"var(--ast-global-color-5)","background-image":"","background-repeat":"repeat","background-position":"center center","background-size":"auto","background-attachment":"scroll","background-type":"","background-media":"","overlay-type":"","overlay-color":"","overlay-opacity":"","overlay-gradient":""}}},"product_brand":[],"product_cat":[675],"product_tag":[480,481,482,483,484,472,485,486,462,487,488],"class_list":{"0":"post-1748","1":"product","2":"type-product","3":"status-publish","4":"has-post-thumbnail","6":"product_cat-buy-cali-buds","7":"product_tag-buy-life-savers-cali-bud-or-no-bud-online","8":"product_tag-cali-bud-or-no-bud-for-sale","9":"product_tag-cali-bud-or-no-bud-life-savers","10":"product_tag-cali-bud-or-no-bud-life-savers-for-sale","11":"product_tag-cali-bud-or-no-bud-life-savers-near-me","12":"product_tag-cali-bud-or-no-bud-near-me","13":"product_tag-cali-life-savers","14":"product_tag-cali-life-savers-strain","15":"product_tag-cali-plug-cali-bud-or-no-bud","16":"product_tag-life-savers-cali-bud-or-no-bud","17":"product_tag-life-savers-cali-bud-or-no-bud-for-sale","18":"desktop-align-center","19":"tablet-align-left","20":"mobile-align-left","22":"first","23":"instock","24":"shipping-taxable","25":"purchasable","26":"product-type-variable"},"uagb_featured_image_src":{"full":["https:\/\/caliweedeurope.com\/wp-content\/uploads\/2024\/11\/IMG-0234.jpg",956,1276,false],"thumbnail":["https:\/\/caliweedeurope.com\/wp-content\/uploads\/2024\/11\/IMG-0234-150x150.jpg",150,150,true],"medium":["https:\/\/caliweedeurope.com\/wp-content\/uploads\/2024\/11\/IMG-0234-225x300.jpg",225,300,true],"medium_large":["https:\/\/caliweedeurope.com\/wp-content\/uploads\/2024\/11\/IMG-0234-768x1025.jpg",768,1025,true],"large":["https:\/\/caliweedeurope.com\/wp-content\/uploads\/2024\/11\/IMG-0234-767x1024.jpg",767,1024,true],"1536x1536":["https:\/\/caliweedeurope.com\/wp-content\/uploads\/2024\/11\/IMG-0234.jpg",956,1276,false],"2048x2048":["https:\/\/caliweedeurope.com\/wp-content\/uploads\/2024\/11\/IMG-0234.jpg",956,1276,false],"trp-custom-language-flag":["https:\/\/caliweedeurope.com\/wp-content\/uploads\/2024\/11\/IMG-0234.jpg",9,12,false],"woocommerce_thumbnail":["https:\/\/caliweedeurope.com\/wp-content\/uploads\/2024\/11\/IMG-0234-300x300.jpg",300,300,true],"woocommerce_single":["https:\/\/caliweedeurope.com\/wp-content\/uploads\/2024\/11\/IMG-0234-600x801.jpg",600,801,true],"woocommerce_gallery_thumbnail":["https:\/\/caliweedeurope.com\/wp-content\/uploads\/2024\/11\/IMG-0234-100x100.jpg",100,100,true]},"uagb_author_info":{"display_name":"jetskiforsaleuk@gmail.com","author_link":"https:\/\/caliweedeurope.com\/it\/author\/"},"uagb_comment_info":0,"uagb_excerpt":"Cali bud Life Savers Cali bud Life Savers\u00a0cannabis strain\u00a0is one of the best\u00a0Cali bud or no bud flavors. When it comes to candy-like tastes and the capacity to eradicate chronic and repeated pain\u2026., Life Savers certainly satisfies its name. The Life Savers is an Indica-predominant hybrid strain with 78%. Unwinding with a grape and air&hellip;","_links":{"self":[{"href":"https:\/\/caliweedeurope.com\/it\/wp-json\/wp\/v2\/product\/1748"}],"collection":[{"href":"https:\/\/caliweedeurope.com\/it\/wp-json\/wp\/v2\/product"}],"about":[{"href":"https:\/\/caliweedeurope.com\/it\/wp-json\/wp\/v2\/types\/product"}],"replies":[{"embeddable":true,"href":"https:\/\/caliweedeurope.com\/it\/wp-json\/wp\/v2\/comments?post=1748"}],"wp:featuredmedia":[{"embeddable":true,"href":"https:\/\/caliweedeurope.com\/it\/wp-json\/wp\/v2\/media\/1668"}],"wp:attachment":[{"href":"https:\/\/caliweedeurope.com\/it\/wp-json\/wp\/v2\/media?parent=1748"}],"wp:term":[{"taxonomy":"product_brand","embeddable":true,"href":"https:\/\/caliweedeurope.com\/it\/wp-json\/wp\/v2\/product_brand?post=1748"},{"taxonomy":"product_cat","embeddable":true,"href":"https:\/\/caliweedeurope.com\/it\/wp-json\/wp\/v2\/product_cat?post=1748"},{"taxonomy":"product_tag","embeddable":true,"href":"https:\/\/caliweedeurope.com\/it\/wp-json\/wp\/v2\/product_tag?post=1748"}],"curies":[{"name":"wp","href":"https:\/\/api.w.org\/{rel}","templated":true}]}}