{"id":1754,"date":"2024-11-05T18:39:15","date_gmt":"2024-11-05T18:39:15","guid":{"rendered":"https:\/\/caliweedeurope.com\/?post_type=product&#038;p=1754"},"modified":"2024-11-05T18:39:18","modified_gmt":"2024-11-05T18:39:18","slug":"buy-cali-bud-marshmallow-strain-online","status":"publish","type":"product","link":"https:\/\/caliweedeurope.com\/it\/product\/buy-cali-bud-marshmallow-strain-online\/","title":{"rendered":"Buy Cali Bud Marshmallow Strain Online"},"content":{"rendered":"<h1 style=\"text-align: center\"><strong>\u00a0 \u00a0 \u00a0<\/strong><strong>MARSHMALLOW <\/strong><strong>CALI BUD OR NO BUD\u00a0|<\/strong><strong>\u00a0CALI BUD OR NO BUD\u00a0<\/strong><strong>MARSHMALLOW <\/strong><strong>|<\/strong><strong>\u00a0CALI PLUG CALI BUD OR NO BUD<\/strong><\/h1>\n<p><strong>Cali Bud o No Bud Marshmallow Strain<\/strong><\/p>\n<p>Marshmallow Kush \u00e8 un fenotipo di Girl Scout Cookies. Prende il nome dai suoi trichomi bianchi e nuvolosi e dai boccioli appiccicosi. Questa variet\u00e0 ha un profumo di terpeni dolci e mentolati con un accenno affascinante e ruvido. Marshmallow conferisce ai consumatori una sensazione di felicit\u00e0 e rilassamento. L'euforia piacevole di questa variet\u00e0 pu\u00f2 aiutare a migliorare l'umore, stimolare l'appetito e aiutare con l'inquietudine.<\/p>\n<h2 style=\"text-align: center\"><strong>BUY\u00a0<\/strong><strong>MARSHMALLOW\u00a0<\/strong><strong>CALI BUD OR NO BUD\u00a0 ONLINE | BUY CALI BUD OR NO BUD\u00a0<\/strong><strong>MARSHMALLOW\u00a0<\/strong><strong>ONLINE | BUY CALI BUD OR NO BUD ONLINE<\/strong><\/h2>\n<p><strong>Cali Bud Marshmallow Strain<\/strong><\/p>\n<p>Prima di tutto, siamo qui per offrirti i migliori servizi di ordine via posta di cannabis 420. Dopo aver esaminato lo stress che comporta guidare fino al dispensario per ottenere la tua marijuana medicinale per il dolore e il sollievo, abbiamo deciso di aiutare la comunit\u00e0 420 offrendo la consegna di prescrizioni e cannabis direttamente a casa tua, senza alcun inconveniente. Forniamo spedizioni in tutti e 50 gli stati degli USA, Canada ed Europa. Per ulteriori informazioni, contattaci, siamo sempre online e a tua disposizione per aiutarti a ottenere il meglio.<\/p>\n<h3 style=\"text-align: center\"><strong>MARSHMALLOW\u00a0<\/strong><strong>CALI BUD OR NO BUD FOR SALE | CALI BUD OR NO BUD\u00a0\u00a0<\/strong><strong>MARSHMALLOW\u00a0<\/strong><strong>FOR SALE | CALI BUD OR NO BUD\u00a0 FOR SALE<\/strong><\/h3>\n<p><strong>Compra l'avviso sul ceppo Marshmallow<\/strong><\/p>\n<p>In secondo luogo, questo prodotto contiene cannabis, una sostanza regolamentata. Tenere fuori dalla portata di bambini e animali. I prodotti a base di cannabis possono essere posseduti o consumati solo da persone di 25 anni o pi\u00f9, a meno che la persona non sia un paziente qualificato. Gli effetti intoxicanti dei prodotti a base di cannabis possono durare fino a due ore. L'uso di cannabis durante la gravidanza o l'allattamento pu\u00f2 essere dannoso. Il consumo di questi prodotti compromette la capacit\u00e0 di guidare o utilizzare macchinari. Si prega di usare la massima cautela prima di acquistare online la variet\u00e0 di cannabis Marshmallow e consumarla. Acquista Cali Bud o No Bud.<\/p>\n<p data-renderer-start-pos=\"764\"><strong data-renderer-mark=\"true\">Effetti della variet\u00e0 Marshmallow OG<\/strong><\/p>\n<p data-renderer-start-pos=\"796\" class=\"translation-block\">Marshmallow OG trova il posto perfetto per un high ibrido equilibrato, con effetti predominanti Indica che sono completati da un piacevole high cerebrale. Inizia con un'euforia stimolante sulla fronte e dietro gli occhi, lasciandoti gioioso ma annebbiato e un po' disorientato. Man mano che l'high aumenta, si diffonde in tutto il corpo in onde calde, lasciando una sensazione di formicolio che intorpidisce qualsiasi dolore o fastidio dalla testa ai piedi. Questo ti metter\u00e0 in uno stato profondo di rilassamento. Marshmallow weed<\/p>\n<p data-renderer-start-pos=\"1289\"><strong data-renderer-mark=\"true\">Sapori della variet\u00e0 Marshmallow OG<\/strong><\/p>\n<p data-renderer-start-pos=\"1321\">Ad ogni esalazione, Marshmallow OG affascina con un sapore dolce come una caramella e accenni di miele e pino.<\/p>\n<p data-renderer-start-pos=\"1416\"><strong data-renderer-mark=\"true\">Profumo della variet\u00e0 Marshmallow OG<\/strong><\/p>\n<p data-renderer-start-pos=\"1446\">Non c'\u00e8 da stupirsi che questo fiore abbia l'odore di un sacchetto di marshmallow con un forte accento erbaceo.<\/p>\n<p data-renderer-start-pos=\"300\"><strong data-renderer-mark=\"true\">Informazioni sulla coltivazione della variet\u00e0 Marshmallow OG<\/strong><\/p>\n<p data-renderer-start-pos=\"337\">Marshmallow OG cresce molto bene in ambienti interni. La fioritura dura da 9 a 9,5 settimane a seconda delle condizioni. Marshmallow OG contiene germogli soffici ma densi di colore verde oliva con tonalit\u00e0 viola ricche e peli, oltre a una copertura bianca ghiacciata di trichomi cristallini lattiginosi.<\/p>\n<h4 style=\"text-align: center\"><strong>CALI BUD OR NO BUD \u00a0<\/strong><strong>MARSHMALLOW\u00a0<\/strong><strong>\u00a0NEAR ME |\u00a0<\/strong><strong>MARSHMALLOW\u00a0<\/strong><strong>CALI BUD OR NO BUD\u00a0\u00a0 NEAR ME | CALI BUD OR NO BUD \u00a0NEAR ME<\/strong><\/h4>\n<p class=\"translation-block\"><b>Marshmallow OG<\/b> \u00e8 una <a href=\"https:\/\/www.leafly.com\/strains\/lists\/category\/hybrid\" target=\"_blank\" rel=\"noopener\">variet\u00e0 di marijuana ibrida<\/a>. Stiamo ancora imparando i sapori e gli effetti di Marshmallow OG \u2013 se l'hai gi\u00e0 fumata, dabbata o consumata, raccontaci la tua esperienza lasciando una recensione.<\/p>\n<p data-renderer-start-pos=\"50\"><strong data-renderer-mark=\"true\">Jak\u00fd je kmen Marshmallow OG?<\/strong><\/p>\n<p data-renderer-start-pos=\"83\">Marshmallow OG \u00e8 un incrocio delle variet\u00e0 Chem D, Triangle Kush e Jet Fuel Gelato.<\/p>\n<p data-renderer-start-pos=\"172\"><strong data-renderer-mark=\"true\">Marshmallow OG \u00e8 un'Indica o una Sativa?<\/strong><\/p>\n<p data-renderer-start-pos=\"214\">Marshmallow OG \u00e8 una variet\u00e0 ibrida che rimane un po' pi\u00f9 vicina al lato Indica.<\/p>\n<p data-renderer-start-pos=\"620\"><strong data-renderer-mark=\"true\">Livello di THC di Marshmallow OG<\/strong><\/p>\n<p data-renderer-start-pos=\"647\">Non lasciarti ingannare dal nome carino, questo fiore ha un contenuto di THC del 27,9% che afferrer\u00e0 facilmente il tuo corpo e la tua mente.<\/p>\n<h5 style=\"text-align: center\"><strong>MARSHMALLOW\u00a0<\/strong><strong>\u00a0STRAIN | \u00a0<\/strong><strong>MARSHMALLOW\u00a0<\/strong><strong>WEED STRAIN | CALI\u00a0<\/strong><strong>MARSHMALLOW\u00a0<\/strong><strong>| CALI\u00a0<\/strong><strong>MARSHMALLOW\u00a0<\/strong><strong>\u00a0STRAIN<\/strong><\/h5>\n<div class=\"variety-percentage-wrap\">\n<h4 class=\"variety translation-block\"><a href=\"https:\/\/www.allbud.com\/marijuana-strains\/variety\/indica-dominant-hybrid\" target=\"_blank\" rel=\"noopener\">Ibrido Dominante Indica<\/a> <span class=\"hidden-xs\">\u2013 <\/span><span class=\"strain-percentages\">70% Indica \/ 30% Sativa<\/span><\/h4>\n<h4 class=\"percentage\"><span class=\"heading\">THC:\u00a0<\/span>14%<\/h4>\n<\/p><\/div>\n<p class=\"translation-block\">In conclusione, Marshmallow \u00e8 una variet\u00e0 ibrida dominante indica, creata attraverso un incrocio tra la classica OG Kush X e una variet\u00e0 sconosciuta. Sebbene il secondo genitore sia sconosciuto a causa del segreto del coltivatore, si pensa che Marshmallow sia un discendente della famiglia <a href=\"https:\/\/www.allbud.com\/marijuana-strains\/hybrid\/bubble-gum\" target=\"_blank\" rel=\"noopener\">Bubble Gum<\/a> grazie al suo sapore zuccherato e agli effetti leggeri da indica. Come suggerisce il nome, Marshmallow ha un sapore super dolce di caramelle, con note di miele nocciolato e un tocco di fruttato.<\/p>\n<div data-testid=\"product-description\">\n<div class=\"truncate-lines__Wrapper-sc-1lknwty-0 YxHAC\">\n<div data-testid=\"truncated-description\">\n<div>\n<div class=\"text__Text-sc-fif1uk-0 kdmKRD\">\n<div class=\"src__Box-sc-1sbtrzs-0 src__Flex-sc-1sbtrzs-1 kWPFqZ hzdsvF\"><\/div>\n<\/p><\/div>\n<\/p><\/div>\n<\/p><\/div>\n<\/p><\/div>\n<\/p><\/div>","protected":false},"excerpt":{"rendered":"<p>Marshmallow Kush \u00e8 un fenotipo di Girl Scout Cookies. Prende il nome dai suoi trichomi bianchi e nuvolosi e dai boccioli appiccicosi. Questa variet\u00e0 ha un profumo di terpeni dolci e mentolati con un accenno affascinante e ruvido. Marshmallow conferisce ai consumatori una sensazione di felicit\u00e0 e rilassamento. L'euforia piacevole di questa variet\u00e0 pu\u00f2 aiutare a migliorare l'umore, stimolare l'appetito e aiutare con l'inquietudine.<\/p>\n<div data-testid=\"product-description\">\n<div class=\"truncate-lines__Wrapper-sc-1lknwty-0 YxHAC\">\n<div data-testid=\"truncated-description\">\n<div>\n<div class=\"text__Text-sc-fif1uk-0 kdmKRD\">\n<div class=\"src__Box-sc-1sbtrzs-0 src__Flex-sc-1sbtrzs-1 kWPFqZ hzdsvF\">\n<div>CATEGORIE DI PRODOTTO CAMPIONE<\/div>\n<\/p><\/div>\n<\/p><\/div>\n<\/p><\/div>\n<\/p><\/div>\n<\/p><\/div>\n<\/p><\/div>\n<div class=\"text__Text-sc-fif1uk-0 htoJfX\"><a href=\"https:\/\/jeetersofficial.com\/product-category\/buy-cali-buds\/\">CALI BUDS<\/a><\/div>\n<div data-testid=\"product-description\">\n<div class=\"truncate-lines__Wrapper-sc-1lknwty-0 YxHAC\">\n<div data-testid=\"truncated-description\">\n<div class=\"text__Text-sc-fif1uk-0 kdmKRD\"><a href=\"https:\/\/jeetersofficial.com\/product-category\/backpack-boyz\/\">Backpack\u00a0 Boyz<\/a><\/div>\n<div><a href=\"https:\/\/jeetersofficial.com\/product-category\/snow-balls-weed\/\">SNOWBALLS WEED<\/a><\/div>\n<div><a href=\"https:\/\/jeetersofficial.com\/product-category\/persy-snowcaps\/\">Persy Snowcaps<\/a><\/div>\n<div><a href=\"https:\/\/jeetersofficial.com\/product-category\/drip-snowcaps\/\">Drip Snowcaps<\/a><\/div>\n<div><a href=\"https:\/\/jeetersofficial.com\/product-category\/concentrates\/\">CALI CONCENTRATES<\/a><\/div>\n<div><a href=\"https:\/\/jeetersofficial.com\/product-category\/doja-exclusive\/\">CALI DOJA PACKS EXCLUSIVE<\/a><\/div>\n<div><a href=\"https:\/\/jeetersofficial.com\/product-category\/marijuana-flowers\/\">CALI MARIJUANA FLOWERS<\/a><\/div>\n<\/p><\/div>\n<\/p><\/div>\n<\/p><\/div>\n<div><a href=\"https:\/\/jeetersofficial.com\/product-category\/sativa-strain\/\">CALI SATIVA STRAINS<\/a><\/div>\n<div><a href=\"https:\/\/jeetersofficial.com\/product-category\/indica\/\">CALI INDICA STRAINS<\/a><\/div>\n<div><a href=\"https:\/\/jeetersofficial.com\/product-category\/hybrid-weed\/\">CALI HYBRID WEED<\/a><\/div>","protected":false},"featured_media":1669,"comment_status":"closed","ping_status":"closed","template":"","meta":{"_uag_custom_page_level_css":"","site-sidebar-layout":"default","site-content-layout":"","ast-site-content-layout":"","site-content-style":"default","site-sidebar-style":"default","ast-global-header-display":"","ast-banner-title-visibility":"","ast-main-header-display":"","ast-hfb-above-header-display":"","ast-hfb-below-header-display":"","ast-hfb-mobile-header-display":"","site-post-title":"","ast-breadcrumbs-content":"","ast-featured-img":"","footer-sml-layout":"","theme-transparent-header-meta":"","adv-header-id-meta":"","stick-header-meta":"","header-above-stick-meta":"","header-main-stick-meta":"","header-below-stick-meta":"","astra-migrate-meta-layouts":"default","ast-page-background-enabled":"default","ast-page-background-meta":{"desktop":{"background-color":"var(--ast-global-color-4)","background-image":"","background-repeat":"repeat","background-position":"center center","background-size":"auto","background-attachment":"scroll","background-type":"","background-media":"","overlay-type":"","overlay-color":"","overlay-opacity":"","overlay-gradient":""},"tablet":{"background-color":"","background-image":"","background-repeat":"repeat","background-position":"center center","background-size":"auto","background-attachment":"scroll","background-type":"","background-media":"","overlay-type":"","overlay-color":"","overlay-opacity":"","overlay-gradient":""},"mobile":{"background-color":"","background-image":"","background-repeat":"repeat","background-position":"center center","background-size":"auto","background-attachment":"scroll","background-type":"","background-media":"","overlay-type":"","overlay-color":"","overlay-opacity":"","overlay-gradient":""}},"ast-content-background-meta":{"desktop":{"background-color":"var(--ast-global-color-5)","background-image":"","background-repeat":"repeat","background-position":"center center","background-size":"auto","background-attachment":"scroll","background-type":"","background-media":"","overlay-type":"","overlay-color":"","overlay-opacity":"","overlay-gradient":""},"tablet":{"background-color":"var(--ast-global-color-5)","background-image":"","background-repeat":"repeat","background-position":"center center","background-size":"auto","background-attachment":"scroll","background-type":"","background-media":"","overlay-type":"","overlay-color":"","overlay-opacity":"","overlay-gradient":""},"mobile":{"background-color":"var(--ast-global-color-5)","background-image":"","background-repeat":"repeat","background-position":"center center","background-size":"auto","background-attachment":"scroll","background-type":"","background-media":"","overlay-type":"","overlay-color":"","overlay-opacity":"","overlay-gradient":""}}},"product_brand":[],"product_cat":[675],"product_tag":[489,490,491,492,481,493,494,495,472,473,496,497,498,499,500,501,502,503,504],"class_list":{"0":"post-1754","1":"product","2":"type-product","3":"status-publish","4":"has-post-thumbnail","6":"product_cat-buy-cali-buds","7":"product_tag-best-cali-packs","8":"product_tag-buy-cali-bud-or-no-bud-marshmallow-online","9":"product_tag-buy-cali-bud-or-no-bud-online","10":"product_tag-cali-bud-or-no-bud","11":"product_tag-cali-bud-or-no-bud-for-sale","12":"product_tag-cali-bud-or-no-bud-marshmallow","13":"product_tag-cali-bud-or-no-bud-marshmallow-for-sale","14":"product_tag-cali-bud-or-no-bud-marshmallow-near-me","15":"product_tag-cali-bud-or-no-bud-near-me","16":"product_tag-cali-buds","17":"product_tag-cali-marshmallow","18":"product_tag-cannabis-strains","19":"product_tag-marshmallow-cali-bud-or-no-bud","20":"product_tag-marshmallow-cali-bud-or-no-bud-for-sale","21":"product_tag-marshmallow-cali-bud-or-no-bud-near-me","22":"product_tag-marshmallow-strain","23":"product_tag-marshmallow-weed-strain","24":"product_tag-top-cali-bud-packs","25":"product_tag-topo-cali-bags","26":"desktop-align-center","27":"tablet-align-left","28":"mobile-align-left","30":"first","31":"instock","32":"shipping-taxable","33":"purchasable","34":"product-type-variable"},"uagb_featured_image_src":{"full":["https:\/\/caliweedeurope.com\/wp-content\/uploads\/2024\/11\/fullsizeoutput-e1579244645542.jpeg",570,850,false],"thumbnail":["https:\/\/caliweedeurope.com\/wp-content\/uploads\/2024\/11\/fullsizeoutput-e1579244645542-150x150.jpeg",150,150,true],"medium":["https:\/\/caliweedeurope.com\/wp-content\/uploads\/2024\/11\/fullsizeoutput-e1579244645542-201x300.jpeg",201,300,true],"medium_large":["https:\/\/caliweedeurope.com\/wp-content\/uploads\/2024\/11\/fullsizeoutput-e1579244645542.jpeg",570,850,false],"large":["https:\/\/caliweedeurope.com\/wp-content\/uploads\/2024\/11\/fullsizeoutput-e1579244645542.jpeg",570,850,false],"1536x1536":["https:\/\/caliweedeurope.com\/wp-content\/uploads\/2024\/11\/fullsizeoutput-e1579244645542.jpeg",570,850,false],"2048x2048":["https:\/\/caliweedeurope.com\/wp-content\/uploads\/2024\/11\/fullsizeoutput-e1579244645542.jpeg",570,850,false],"trp-custom-language-flag":["https:\/\/caliweedeurope.com\/wp-content\/uploads\/2024\/11\/fullsizeoutput-e1579244645542.jpeg",8,12,false],"woocommerce_thumbnail":["https:\/\/caliweedeurope.com\/wp-content\/uploads\/2024\/11\/fullsizeoutput-e1579244645542-300x300.jpeg",300,300,true],"woocommerce_single":["https:\/\/caliweedeurope.com\/wp-content\/uploads\/2024\/11\/fullsizeoutput-e1579244645542.jpeg",570,850,false],"woocommerce_gallery_thumbnail":["https:\/\/caliweedeurope.com\/wp-content\/uploads\/2024\/11\/fullsizeoutput-e1579244645542-100x100.jpeg",100,100,true]},"uagb_author_info":{"display_name":"jetskiforsaleuk@gmail.com","author_link":"https:\/\/caliweedeurope.com\/it\/author\/"},"uagb_comment_info":0,"uagb_excerpt":"Marshmallow kush is a Girl Scout Cookies phenotype. Named for its cloudy white trichomes and sticky buds, this strain smells of sweet, minty terpenes with a charming gritty hint. Marshmallow imbues consumers with a happy, relaxing buzz. The strain\u2019s pleasant euphoria can help improve mood, stimulate appetite, and assist with restlessness. SAMPLE PRODUCT CATEGORIES CALI&hellip;","_links":{"self":[{"href":"https:\/\/caliweedeurope.com\/it\/wp-json\/wp\/v2\/product\/1754"}],"collection":[{"href":"https:\/\/caliweedeurope.com\/it\/wp-json\/wp\/v2\/product"}],"about":[{"href":"https:\/\/caliweedeurope.com\/it\/wp-json\/wp\/v2\/types\/product"}],"replies":[{"embeddable":true,"href":"https:\/\/caliweedeurope.com\/it\/wp-json\/wp\/v2\/comments?post=1754"}],"wp:featuredmedia":[{"embeddable":true,"href":"https:\/\/caliweedeurope.com\/it\/wp-json\/wp\/v2\/media\/1669"}],"wp:attachment":[{"href":"https:\/\/caliweedeurope.com\/it\/wp-json\/wp\/v2\/media?parent=1754"}],"wp:term":[{"taxonomy":"product_brand","embeddable":true,"href":"https:\/\/caliweedeurope.com\/it\/wp-json\/wp\/v2\/product_brand?post=1754"},{"taxonomy":"product_cat","embeddable":true,"href":"https:\/\/caliweedeurope.com\/it\/wp-json\/wp\/v2\/product_cat?post=1754"},{"taxonomy":"product_tag","embeddable":true,"href":"https:\/\/caliweedeurope.com\/it\/wp-json\/wp\/v2\/product_tag?post=1754"}],"curies":[{"name":"wp","href":"https:\/\/api.w.org\/{rel}","templated":true}]}}