{"id":1760,"date":"2024-11-05T18:39:16","date_gmt":"2024-11-05T18:39:16","guid":{"rendered":"https:\/\/caliweedeurope.com\/?post_type=product&#038;p=1760"},"modified":"2024-11-05T18:39:18","modified_gmt":"2024-11-05T18:39:18","slug":"buy-cali-bud-pinkberry-strain-online","status":"publish","type":"product","link":"https:\/\/caliweedeurope.com\/it\/product\/buy-cali-bud-pinkberry-strain-online\/","title":{"rendered":"Buy Cali Bud Pinkberry Strain Online"},"content":{"rendered":"<h1 style=\"text-align: center\"><strong>\u00a0\u00a0 \u00a0<\/strong><strong>PINKBERRY <\/strong><strong>CALI BUD OR NO BUD\u00a0|<\/strong><strong>\u00a0CALI BUD OR NO BUD\u00a0<\/strong><strong>PINKBERRY <\/strong><strong>|<\/strong><strong>\u00a0CALI PLUG CALI BUD OR NO BUD<\/strong><\/h1>\n<p><strong>Cali Bud Pinkberry Strain<\/strong><\/p>\n<p>Cali Pinkberry \u00e8 una variet\u00e0 ibrida di cannabis molto influente, ottenuta dall'incrocio tra fragola e Grape Ape. Questa straordinaria variet\u00e0 \u00e8 ideale per i pazienti che soffrono di ansia e dolori cronici. Pinkberry Weed<\/p>\n<p class=\"translation-block\"><b>Pink Berry<\/b> di Apothecary Genetics \u00e8 una deliziosa variet\u00e0 indica-dominante che offre una profonda sensazione di rilassamento. Questo strain \u00e8 la potente combinazione di <a href=\"https:\/\/www.leafly.com\/strains\/pink-champagne\" target=\"_blank\" rel=\"noopener\">Pink Champagne<\/a> e <a href=\"https:\/\/www.leafly.com\/strains\/blackberry\" target=\"_blank\" rel=\"noopener\">Blackberry<\/a>, che offre note dolci e fruttate pur mantenendo saldamente radicata la genetica OG. Pink Berry riempie la mente di energia euforica e stimolante, mentre allo stesso tempo appesantisce le estremit\u00e0 con un profondo rilassamento, rendendola ideale per i consumatori alla ricerca di sollievo da irrequietezza, dolori fisici cronici e sbalzi d'umore. pink berry strain<\/p>\n<h2 style=\"text-align: center\"><strong>\u00a0BUY\u00a0<\/strong><strong>PINKBERRY <\/strong><strong>CALI BUD OR NO BUD\u00a0 ONLINE | BUY CALI BUD OR NO BUD\u00a0<\/strong><strong>PINKBERRY <\/strong><strong>ONLINE | BUY CALI BUD OR NO BUD ONLINE<\/strong><\/h2>\n<p><strong>Usi medici di Pinkberry<\/strong><\/p>\n<p>Questa variet\u00e0 garantisce un immediato sollievo dal dolore per il sollievo. I suoi leggeri effetti reali possono alleviare alcuni dolori pulsanti e la nausea. La variet\u00e0 pu\u00f2 anche aiutare a combattere i sintomi del PTSD. Cali Plug offre un accesso sicuro a variet\u00e0 di cannabis medica di alta qualit\u00e0 per promuovere la salute e quindi la ricchezza. Pinkberry Weed<\/p>\n<div class=\"variety-percentage-wrap\">\n<h4 class=\"variety translation-block\"><a href=\"https:\/\/www.allbud.com\/marijuana-strains\/variety\/indica-dominant-hybrid\" target=\"_blank\" rel=\"noopener\">Ibrido Dominante Indica<\/a> <span class=\"hidden-xs\">\u2013 <\/span><span class=\"strain-percentages\">70% Indica \/ 30% Sativa<\/span><\/h4>\n<h4 class=\"percentage\"><span class=\"heading\">THC:\u00a0<\/span>14% \u2013 16%,\u00a0<span class=\"heading\">CBD:\u00a0<\/span><em>6<\/em>%<\/h4>\n<\/p><\/div>\n<p>Pink Berry \u00e8 una rara variet\u00e0 ibrida a dominanza indica creata incrociando le incredibilmente deliziose variet\u00e0 Pink Champagne X Blackberry. Il sapore di Pink Berry \u00e8 unico, con gusti dolci e fruttati, zuccherati e burrosi, che sembrano quasi mangiare una tazza fresca di yogurt congelato al gusto di bacche. Il profumo prende una svolta cremosa di kush, mescolando fiori ricchi con bacche dolci per un aroma irresistibile e dipendente che ti far\u00e0 desiderare di pi\u00f9. L'effetto \u00e8 altrettanto dolce, perfetto per rilassarsi alla fine di una lunga giornata o quando hai bisogno di un po' di aiuto per addormentarti la notte.<\/p>\n<h3 style=\"text-align: center\"><strong>PINKBERRY <\/strong><strong>CALI BUD OR NO BUD FOR SALE | CALI BUD OR NO BUD\u00a0\u00a0<\/strong><strong>PINKBERRY <\/strong><strong>FOR SALE | CALI BUD OR NO BUD\u00a0 FOR SALE<\/strong><\/h3>\n<p><strong>Coltivazione della variet\u00e0 Cali Bud Pinkberry<\/strong><\/p>\n<p>Questa variet\u00e0 cresce bassa e pu\u00f2 fare bene sia all'interno, all'esterno o anche in una serra. Dovrebbe essere lasciata per almeno un mese, se non cinque, per completare la fase vegetativa. La variet\u00e0 fiorisce per otto-nove settimane e produrr\u00e0 un grammo per watt all'interno. I coltivatori all'aperto possono raccogliere fino a una libbra per pianta.<\/p>\n<p>L'effetto \u00e8 molto stimolante e felice senza aumentare la tua energia. Sentirai una sensazione di intorpidimento nel corpo che ti porter\u00e0 in un profondo rilassamento mentre la tua mente vaga attraverso un'introspezione euforica. Questo effetto corporeo moderato pu\u00f2 farti sentire sonnolento a volte, facendoti entrare in uno stato sedativo e felice. Grazie a questi effetti e al suo alto contenuto di THC (14-16%) e CBD (5-6%), Pink Berry \u00e8 una scelta medicinale eccellente per trattare dolori cronici, depressione, infiammazioni e affaticamento cronico. I boccioli di Pink Berry hanno una forma rotonda e verde menta chiaro con sfumature rosa e una copertura di capelli di cristallo chiari e tricomi.<\/p>\n<h4 style=\"text-align: center\"><strong>CALI BUD OR NO BUD \u00a0<\/strong><strong>PINKBERRY <\/strong><strong>\u00a0NEAR ME | <\/strong><strong>PINKBERRY <\/strong><strong>CALI BUD OR NO BUD\u00a0\u00a0 NEAR ME | CALI BUD OR NO BUD \u00a0NEAR ME<\/strong><\/h4>\n<p><strong>Effetti della Cali Bud Pinkberry Strain<\/strong><\/p>\n<p>Le cose intorno a te, ma non veramente in grado di intrattenere conversazioni con chiunque intorno a te o fare qualcosa di fisico.<br \/> Sentimenti<\/p>\n<p><strong>Felice<\/strong><br \/> Il 49% delle persone riferisce di sentirsi felici<br \/> <strong>Rilassato<\/strong><br \/> Il 44% delle persone riferisce di sentirsi rilassato<br \/> <strong>Eccitato<\/strong><br \/> Il 16% delle persone riferisce di sentirsi eccitati<br \/> <strong>Negativi<\/strong><br \/> <strong>Bocca secca<\/strong><br \/> Il 17% delle persone riferisce di avere la bocca secca<br \/> <strong>Occhi secchi<\/strong><br \/> Il 11% delle persone riferisce di avere gli occhi secchi<br \/> <strong>Stordito<\/strong><br \/> L'5% delle persone riferisce di sentirsi stordito<\/p>\n<p class=\"about-title\"><strong>Su Pink Berry<\/strong><\/p>\n<div class=\"effect-wrapper ng-star-inserted\">\n<div>\n<p>Da non confondere con la catena di yogurt congelato con lo stesso nome, Pink Berry \u00e8 un delizioso ibrido a predominanza indica. Questa variet\u00e0 combina la genetica di Pink Champagne e Blackberry, con tutta la potenza e il sapore delle sue variet\u00e0 madri. Questo fiore rilassante ha un contenuto di THC che varia tra il 14% e il 21%.<\/p>\n<\/p><\/div>\n<\/p><\/div>\n<h5 style=\"text-align: center\"><strong>PINKBERRY <\/strong><strong>\u00a0STRAIN | <\/strong><strong>PINKBERRY <\/strong><strong>WEED STRAIN | CALI <\/strong><strong>PINKBERRY <\/strong><strong>| CALI <\/strong><strong>PINKBERRY <\/strong><strong>\u00a0STRAIN<\/strong><\/h5>\n<p><strong>Avvertenza sull'uso di Cali Bud Pinkberry.<\/strong><\/p>\n<p>Questo prodotto contiene cannabis, una sostanza regolamentata. Tenere fuori dalla portata di bambini e animali. I prodotti a base di cannabis possono essere posseduti o consumati solo da persone di et\u00e0 superiore ai 21 anni, a meno che la persona non sia un paziente qualificato. Gli effetti intossicanti dei prodotti a base di cannabis possono durare fino a due ore. L'uso di cannabis durante la gravidanza o l'allattamento pu\u00f2 essere dannoso. Il consumo di questi prodotti compromette la capacit\u00e0 di guidare o di usare macchinari. Si prega di fare estrema attenzione.<\/p>\n<p>Pink Berry impressiona con fiori grandi che mantengono una forma solida e quasi sferica. I boccioli mostrano un'influenza indica con una struttura interna densa; le foglie si arricciano strettamente verso i loro fusti centrali. Le foglie stesse sono una miscela maculata di verde muschio con occasionali sfumature di blu e viola; questi ultimi colori si formano quando i pigmenti antocianinici nella genetica della variet\u00e0 vengono attivati dal freddo durante il processo di crescita. Infine, i pistilli arancioni vividi e i tricomi bianchi traslucidi rendono questi fiori accattivanti ancora pi\u00f9 colorati.<\/p>\n<div data-testid=\"product-description\">\n<div class=\"truncate-lines__Wrapper-sc-1lknwty-0 YxHAC\">\n<div data-testid=\"truncated-description\">\n<div>\n<div class=\"text__Text-sc-fif1uk-0 kdmKRD\">\n<div class=\"src__Box-sc-1sbtrzs-0 src__Flex-sc-1sbtrzs-1 kWPFqZ hzdsvF\">\n<div>CATEGORIE DI PRODOTTO CAMPIONE<\/div>\n<\/p><\/div>\n<\/p><\/div>\n<\/p><\/div>\n<\/p><\/div>\n<\/p><\/div>\n<\/p><\/div>\n<div class=\"text__Text-sc-fif1uk-0 htoJfX\"><a href=\"https:\/\/jeetersofficial.com\/product-category\/buy-cali-buds\/\" target=\"_blank\" rel=\"noopener\">CALI BUDS<\/a><\/div>\n<div data-testid=\"product-description\">\n<div class=\"truncate-lines__Wrapper-sc-1lknwty-0 YxHAC\">\n<div data-testid=\"truncated-description\">\n<div class=\"text__Text-sc-fif1uk-0 kdmKRD\"><a href=\"https:\/\/jeetersofficial.com\/product-category\/backpack-boyz\/\" target=\"_blank\" rel=\"noopener\">Backpack\u00a0 Boyz<\/a><\/div>\n<div><a href=\"https:\/\/jeetersofficial.com\/product-category\/snow-balls-weed\/\" target=\"_blank\" rel=\"noopener\">SNOWBALLS WEED<\/a><\/div>\n<div><a href=\"https:\/\/jeetersofficial.com\/product-category\/persy-snowcaps\/\" target=\"_blank\" rel=\"noopener\">Persy Snowcaps<\/a><\/div>\n<div><a href=\"https:\/\/jeetersofficial.com\/product-category\/drip-snowcaps\/\" target=\"_blank\" rel=\"noopener\">Drip Snowcaps<\/a><\/div>\n<div><a href=\"https:\/\/jeetersofficial.com\/product-category\/concentrates\/\" target=\"_blank\" rel=\"noopener\">CALI CONCENTRATES<\/a><\/div>\n<div><a href=\"https:\/\/jeetersofficial.com\/product-category\/doja-exclusive\/\" target=\"_blank\" rel=\"noopener\">CALI DOJA PACKS EXCLUSIVE<\/a><\/div>\n<div><a href=\"https:\/\/jeetersofficial.com\/product-category\/marijuana-flowers\/\" target=\"_blank\" rel=\"noopener\">CALI MARIJUANA FLOWERS<\/a><\/div>\n<\/p><\/div>\n<\/p><\/div>\n<\/p><\/div>\n<div><a href=\"https:\/\/jeetersofficial.com\/product-category\/sativa-strain\/\" target=\"_blank\" rel=\"noopener\">CALI SATIVA STRAINS<\/a><\/div>\n<div><a href=\"https:\/\/jeetersofficial.com\/product-category\/indica\/\" target=\"_blank\" rel=\"noopener\">CALI INDICA STRAINS<\/a><\/div>\n<div><a href=\"https:\/\/jeetersofficial.com\/product-category\/hybrid-weed\/\" target=\"_blank\" rel=\"noopener\">CALI HYBRID WEED<\/a><\/div>","protected":false},"excerpt":{"rendered":"<p><strong>Cali Bud Pinkberry Strain<\/strong><\/p>\n<p>Cali Pinkberry \u00e8 una variet\u00e0 ibrida di cannabis molto influente, ottenuta dall'incrocio tra fragola e Grape Ape. Questa straordinaria variet\u00e0 \u00e8 ideale per i pazienti che soffrono di ansia e dolori cronici.<\/p>","protected":false},"featured_media":1670,"comment_status":"closed","ping_status":"closed","template":"","meta":{"_uag_custom_page_level_css":"","site-sidebar-layout":"default","site-content-layout":"","ast-site-content-layout":"","site-content-style":"default","site-sidebar-style":"default","ast-global-header-display":"","ast-banner-title-visibility":"","ast-main-header-display":"","ast-hfb-above-header-display":"","ast-hfb-below-header-display":"","ast-hfb-mobile-header-display":"","site-post-title":"","ast-breadcrumbs-content":"","ast-featured-img":"","footer-sml-layout":"","theme-transparent-header-meta":"","adv-header-id-meta":"","stick-header-meta":"","header-above-stick-meta":"","header-main-stick-meta":"","header-below-stick-meta":"","astra-migrate-meta-layouts":"default","ast-page-background-enabled":"default","ast-page-background-meta":{"desktop":{"background-color":"var(--ast-global-color-4)","background-image":"","background-repeat":"repeat","background-position":"center center","background-size":"auto","background-attachment":"scroll","background-type":"","background-media":"","overlay-type":"","overlay-color":"","overlay-opacity":"","overlay-gradient":""},"tablet":{"background-color":"","background-image":"","background-repeat":"repeat","background-position":"center center","background-size":"auto","background-attachment":"scroll","background-type":"","background-media":"","overlay-type":"","overlay-color":"","overlay-opacity":"","overlay-gradient":""},"mobile":{"background-color":"","background-image":"","background-repeat":"repeat","background-position":"center center","background-size":"auto","background-attachment":"scroll","background-type":"","background-media":"","overlay-type":"","overlay-color":"","overlay-opacity":"","overlay-gradient":""}},"ast-content-background-meta":{"desktop":{"background-color":"var(--ast-global-color-5)","background-image":"","background-repeat":"repeat","background-position":"center center","background-size":"auto","background-attachment":"scroll","background-type":"","background-media":"","overlay-type":"","overlay-color":"","overlay-opacity":"","overlay-gradient":""},"tablet":{"background-color":"var(--ast-global-color-5)","background-image":"","background-repeat":"repeat","background-position":"center center","background-size":"auto","background-attachment":"scroll","background-type":"","background-media":"","overlay-type":"","overlay-color":"","overlay-opacity":"","overlay-gradient":""},"mobile":{"background-color":"var(--ast-global-color-5)","background-image":"","background-repeat":"repeat","background-position":"center center","background-size":"auto","background-attachment":"scroll","background-type":"","background-media":"","overlay-type":"","overlay-color":"","overlay-opacity":"","overlay-gradient":""}}},"product_brand":[],"product_cat":[675],"product_tag":[489,491,505,506,507,508,509,510,492,481,472,511,512,513,514,473,515,516,517,518,461,519,520,521,522,462,523,524,525,526,527,528],"class_list":{"0":"post-1760","1":"product","2":"type-product","3":"status-publish","4":"has-post-thumbnail","6":"product_cat-buy-cali-buds","7":"product_tag-best-cali-packs","8":"product_tag-buy-cali-bud-or-no-bud-online","9":"product_tag-buy-cali-bud-or-no-bud-pinkberry-online","10":"product_tag-buy-cali-buds","11":"product_tag-buy-pinkberry-cali-bud-or-no-bud-online","12":"product_tag-buy-weed-online","13":"product_tag-by-the-best-cali-buds","14":"product_tag-cali-bags","15":"product_tag-cali-bud-or-no-bud","16":"product_tag-cali-bud-or-no-bud-for-sale","17":"product_tag-cali-bud-or-no-bud-near-me","18":"product_tag-cali-bud-or-no-bud-pinkberry","19":"product_tag-cali-bud-or-no-bud-pinkberry-for-sale","20":"product_tag-cali-bud-or-no-bud-pinkberry-near-me","21":"product_tag-cali-bud-packs","22":"product_tag-cali-buds","23":"product_tag-cali-buds-online","24":"product_tag-cali-flavors","25":"product_tag-cali-flavours","26":"product_tag-cali-gush-lato","27":"product_tag-cali-packs","28":"product_tag-cali-pinkberry","29":"product_tag-cali-pinkberry-strain","30":"product_tag-cali-plug","31":"product_tag-cali-plug-bags","32":"product_tag-cali-plug-cali-bud-or-no-bud","33":"product_tag-order-weed-online","34":"product_tag-pinkberry-cali-bud-or-no-bud","35":"product_tag-pinkberry-cali-bud-or-no-bud-for-sale","36":"product_tag-pinkberry-cali-bud-or-no-bud-near-me","37":"product_tag-pinkberry-strain","38":"product_tag-pinkberry-weed-strain","39":"desktop-align-center","40":"tablet-align-left","41":"mobile-align-left","43":"first","44":"instock","45":"shipping-taxable","46":"purchasable","47":"product-type-variable"},"uagb_featured_image_src":{"full":["https:\/\/caliweedeurope.com\/wp-content\/uploads\/2024\/11\/pinkberry-1.jpg",504,690,false],"thumbnail":["https:\/\/caliweedeurope.com\/wp-content\/uploads\/2024\/11\/pinkberry-1-150x150.jpg",150,150,true],"medium":["https:\/\/caliweedeurope.com\/wp-content\/uploads\/2024\/11\/pinkberry-1-219x300.jpg",219,300,true],"medium_large":["https:\/\/caliweedeurope.com\/wp-content\/uploads\/2024\/11\/pinkberry-1.jpg",504,690,false],"large":["https:\/\/caliweedeurope.com\/wp-content\/uploads\/2024\/11\/pinkberry-1.jpg",504,690,false],"1536x1536":["https:\/\/caliweedeurope.com\/wp-content\/uploads\/2024\/11\/pinkberry-1.jpg",504,690,false],"2048x2048":["https:\/\/caliweedeurope.com\/wp-content\/uploads\/2024\/11\/pinkberry-1.jpg",504,690,false],"trp-custom-language-flag":["https:\/\/caliweedeurope.com\/wp-content\/uploads\/2024\/11\/pinkberry-1.jpg",9,12,false],"woocommerce_thumbnail":["https:\/\/caliweedeurope.com\/wp-content\/uploads\/2024\/11\/pinkberry-1-300x300.jpg",300,300,true],"woocommerce_single":["https:\/\/caliweedeurope.com\/wp-content\/uploads\/2024\/11\/pinkberry-1.jpg",504,690,false],"woocommerce_gallery_thumbnail":["https:\/\/caliweedeurope.com\/wp-content\/uploads\/2024\/11\/pinkberry-1-100x100.jpg",100,100,true]},"uagb_author_info":{"display_name":"jetskiforsaleuk@gmail.com","author_link":"https:\/\/caliweedeurope.com\/it\/author\/"},"uagb_comment_info":0,"uagb_excerpt":"Cali Bud Pinkberry Strain Cali Pinkberry is a very influential cannabis hybrid strain cross with strawberry and grape ape to get this amazing strain. is best for patients suffering from anxiety and chronic pain.","_links":{"self":[{"href":"https:\/\/caliweedeurope.com\/it\/wp-json\/wp\/v2\/product\/1760"}],"collection":[{"href":"https:\/\/caliweedeurope.com\/it\/wp-json\/wp\/v2\/product"}],"about":[{"href":"https:\/\/caliweedeurope.com\/it\/wp-json\/wp\/v2\/types\/product"}],"replies":[{"embeddable":true,"href":"https:\/\/caliweedeurope.com\/it\/wp-json\/wp\/v2\/comments?post=1760"}],"wp:featuredmedia":[{"embeddable":true,"href":"https:\/\/caliweedeurope.com\/it\/wp-json\/wp\/v2\/media\/1670"}],"wp:attachment":[{"href":"https:\/\/caliweedeurope.com\/it\/wp-json\/wp\/v2\/media?parent=1760"}],"wp:term":[{"taxonomy":"product_brand","embeddable":true,"href":"https:\/\/caliweedeurope.com\/it\/wp-json\/wp\/v2\/product_brand?post=1760"},{"taxonomy":"product_cat","embeddable":true,"href":"https:\/\/caliweedeurope.com\/it\/wp-json\/wp\/v2\/product_cat?post=1760"},{"taxonomy":"product_tag","embeddable":true,"href":"https:\/\/caliweedeurope.com\/it\/wp-json\/wp\/v2\/product_tag?post=1760"}],"curies":[{"name":"wp","href":"https:\/\/api.w.org\/{rel}","templated":true}]}}