{"id":1766,"date":"2024-11-05T18:39:16","date_gmt":"2024-11-05T18:39:16","guid":{"rendered":"https:\/\/caliweedeurope.com\/?post_type=product&#038;p=1766"},"modified":"2024-11-05T18:39:18","modified_gmt":"2024-11-05T18:39:18","slug":"buy-cali-bud-sfv-strain-online","status":"publish","type":"product","link":"https:\/\/caliweedeurope.com\/it\/product\/buy-cali-bud-sfv-strain-online\/","title":{"rendered":"Buy Cali Bud SFV Strain Online"},"content":{"rendered":"<h1 style=\"text-align: center\"><strong>\u00a0 \u00a0 \u00a0 \u00a0 \u00a0<\/strong><strong>SFV <\/strong><strong>CALI BUD OR NO BUD\u00a0|<\/strong><strong>\u00a0CALI BUD OR NO BUD\u00a0<\/strong><strong>SFV <\/strong><strong>|<\/strong><strong>\u00a0CALI PLUG CALI BUD OR NO BUD<\/strong><\/h1>\n<p><strong>Cali Bud SFV Strain<\/strong><br \/> Cali SFV \u00e8 un'incredibile e influente variet\u00e0 ibrida di cannabis della Cali, un incrocio perfetto con fragola e Grape Ape per ottenere questa straordinaria variet\u00e0.<\/p>\n<p class=\"translation-block\"><b>Innanzitutto, SFV OG<\/b>, noto anche come \"San Fernando Valley OG\", \"San Fernando Valley Kush\" e \"San Fernando Valley\", \u00e8 una variet\u00e0 di marijuana ibrida a dominanza <a href=\"https:\/\/www.leafly.com\/strains\/lists\/category\/sativa\" target=\"_blank\" rel=\"noopener\">sativa<\/a> di Cali Connection, ideale per i pazienti che necessitano di un forte sollievo dal dolore ma non vogliono rimanere bloccati sul divano. Come suggerisce il nome, questo parente di <a href=\"https:\/\/www.leafly.com\/strains\/og-kush\" target=\"_blank\" rel=\"noopener\">OG Kush<\/a> proviene dalla San Fernando Valley in California. Sebbene i loro nomi siano quasi indistinguibili, <a href=\"https:\/\/www.leafly.com\/strains\/sfv-og-kush\" target=\"_blank\" rel=\"noopener\">SFV OG Kush<\/a> \u00e8 in realt\u00e0 il figlio incrociato con <a href=\"https:\/\/www.leafly.com\/strains\/afghani\" target=\"_blank\" rel=\"noopener\">Afghani<\/a> di SFV OG. Con note aromatiche di pino terroso e limone, i suoi effetti sul corpo si manifestano un po' pi\u00f9 tardi rispetto alla leggera confusione mentale iniziale. sfv weed<\/p>\n<h2 style=\"text-align: center\"><strong>BUY\u00a0<\/strong><strong>SFV\u00a0<\/strong><strong>CALI BUD OR NO BUD\u00a0 ONLINE | BUY CALI BUD OR NO BUD\u00a0<\/strong><strong>SFV\u00a0<\/strong><strong>ONLINE | BUY CALI BUD OR NO BUD ONLINE<\/strong><\/h2>\n<p><strong>Usi medici della variet\u00e0 Cali Bud SFV<\/strong><br \/> La variet\u00e0 Cali SFV \u00e8 la migliore per i pazienti che soffrono di ansia, stress e dolore. Questa variet\u00e0 garantisce un sollievo immediato e totale dal dolore e dall'ansia. Questa straordinaria e eccellente variet\u00e0 aiuta anche a combattere i sintomi del morbo di Parkinson. sfv weed<\/p>\n<h3 style=\"text-align: center\"><strong>SFV\u00a0<\/strong><strong>CALI BUD OR NO BUD FOR SALE | CALI BUD OR NO BUD\u00a0\u00a0<\/strong><strong>SFV\u00a0<\/strong><strong>FOR SALE | CALI BUD OR NO BUD\u00a0 FOR SALE<\/strong><\/h3>\n<p><strong>Effetti della variet\u00e0 Cali Bud SFV<\/strong><br \/> <strong>Felice<\/strong><br \/> Il 46% delle persone riferisce di sentirsi felici<br \/> <strong>Rilassato<\/strong><br \/> Il 41% delle persone riferisce di sentirsi rilassato<br \/> <strong>Eccitato<\/strong><br \/> Il 19% delle persone riferisce di sentirsi eccitati<br \/> <strong>Negativi<\/strong><br \/> <strong>Bocca secca<\/strong><br \/> Il 14% delle persone riferisce di avere la bocca secca<br \/> <strong>Occhi secchi<\/strong><br \/> Il 10% delle persone riferisce di avere gli occhi secchi<br \/> <strong>Stordito<\/strong><br \/> L' 9% delle persone riferisce di sentirsi stordito<\/p>\n<div class=\"variety-percentage-wrap\">\n<h4 class=\"variety translation-block\"><a href=\"https:\/\/www.allbud.com\/marijuana-strains\/variety\/indica-dominant-hybrid\" target=\"_blank\" rel=\"noopener\">Ibrido Dominante Indica<\/a> <span class=\"hidden-xs\">\u2013 <\/span><span class=\"strain-percentages\">70% Indica \/ 30% Sativa<\/span><\/h4>\n<h4 class=\"percentage\"><span class=\"heading\">THC:\u00a0<\/span>17% \u2013 22%,\u00a0<span class=\"heading\">CBD:\u00a0<\/span><em>1<\/em>%,\u00a0<span class=\"heading\">CBN:\u00a0<\/span><em>1<\/em>%<\/h4>\n<\/p><\/div>\n<p>SFV OG, noto anche come \"San Fernando Valley OG\" nella comunit\u00e0 della cannabis, \u00e8 un potente fenotipo a predominanza indica (70% indica\/30% sativa) della variet\u00e0 OG Kush, creato dai coltivatori delle famose Cali Connection Farms nella San Fernando Valley. Questa variet\u00e0 potente vanta un livello medio di THC che varia dal 17 al 22% e presenta principalmente effetti indica. Gli utenti descrivono lo sballo dell'SFV OG come un effetto quasi immediato di rilassamento e sedazione che lascia una moderata sensazione di immobilit\u00e0 sul divano, accompagnata da una leggera pressione nella mente e nel corpo che allevia il dolore. Questi effetti sono accompagnati da una sensazione di elevazione e euforia, bilanciata dagli intensi effetti indica.<\/p>\n<h4 style=\"text-align: center\"><strong>CALI BUD OR NO BUD \u00a0<\/strong><strong>SFV\u00a0<\/strong><strong>\u00a0NEAR ME |\u00a0<\/strong><strong>SFV\u00a0<\/strong><strong>CALI BUD OR NO BUD\u00a0\u00a0 NEAR ME | CALI BUD OR NO BUD \u00a0NEAR ME<\/strong><\/h4>\n<p><strong>Coltivazione della variet\u00e0 Cali Bud SFV<\/strong><br \/> Questa variet\u00e0 cresce piuttosto bassa e pu\u00f2 prosperare bene sia all\u2019interno che all\u2019esterno. Non ti deluder\u00e0 nemmeno in una serra. Gli appassionati dovrebbero darle almeno un mese, se non cinque, per completare la fase vegetativa. La variet\u00e0 fiorisce in otto-nove settimane e produce un grammo per watt al chiuso. I coltivatori all\u2019aperto possono raccogliere fino a una libbra per pianta.<\/p>\n<p>Inoltre, grazie ai suoi potenti effetti, SFV OG \u00e8 una variet\u00e0 ideale per il trattamento di pazienti che soffrono di condizioni come casi lievi o moderati di depressione, dolori cronici dovuti a lesioni o malattie, spasmi muscolari e stress. SFV OG ha un aroma di mandarini con un leggero tocco di diesel e un sapore di pino agrumato con un retrogusto dolce di diesel all'espirazione. Le cime di SFV OG sono piccole gemme verde militare scuro con foglie verde oliva, peli rossastri e uno strato sottile di tricomi bianchi e resina.<\/p>\n<p>Da quando \u00e8 apparsa per la prima volta OG Kush, sono emersi molti fenotipi diversi di questa variet\u00e0 con caratteristiche desiderabili. Il clone che circolava nella San Fernando Valley e che sarebbe stato chiamato SFV OG proviene da Swerve di The Cali Connection. Poich\u00e9 quel clone originale era disponibile solo come talea, Swerve ha continuato a coltivare la variet\u00e0 mescolandola infine con Afghan #1. Afghan #1 \u00e8 un incrocio di due variet\u00e0 Indica autoctone dell'Afghanistan.<\/p>\n<h5 style=\"text-align: center\"><strong style=\"text-align: center;color: #333333;font-size: 14.4px\">SFV <\/strong><strong style=\"text-align: center;color: #333333;font-size: 14.4px\">\u00a0STRAIN | \u00a0<\/strong><strong style=\"text-align: center;color: #333333;font-size: 14.4px\">SFV\u00a0<\/strong><strong style=\"text-align: center;color: #333333;font-size: 14.4px\">WEED STRAIN | CALI\u00a0<\/strong><strong style=\"text-align: center;color: #333333;font-size: 14.4px\">SFV\u00a0<\/strong><strong style=\"text-align: center;color: #333333;font-size: 14.4px\">| CALI\u00a0<\/strong><strong style=\"text-align: center;color: #333333;font-size: 14.4px\">SFV\u00a0<\/strong><strong style=\"text-align: center;color: #333333;font-size: 14.4px\">\u00a0STRAIN<\/strong><\/h5>\n<p><strong>Spedizione Cali SFV Strain<\/strong><br \/> La spedizione \u00e8 100% discreta e offriamo una garanzia di consegna sicura o rimborso completo nel caso in cui il cliente annulli l'ordine. Offriamo spedizioni discrete in tutto il mondo di queste borse di Cali Bud di alta qualit\u00e0.<\/p>\n<p>Consegna Cali SFV Strain<br \/> Certamente, offriamo una consegna discreta di questi Cali plug bud di alta qualit\u00e0 in tutto il mondo. Il tempo di consegna dipende molto da dove si trova il cliente al momento dell'ordine. Fai il tuo ordine ora e ricevi i Cali buds spediti discretamente al tuo indirizzo senza problemi.<\/p>\n<p>Avvertenza sulla variet\u00e0 Cali SFV.<br \/> In conclusione, questo prodotto contiene Cannabis, una sostanza regolamentata. Tenere fuori dalla portata di bambini e animali. I prodotti a base di cannabis possono essere posseduti o consumati solo da persone di et\u00e0 superiore ai 21 anni, a meno che la persona non sia un paziente qualificato. Gli effetti inebrianti dei prodotti a base di cannabis possono durare fino a due ore. L'uso di cannabis durante la gravidanza o l'allattamento pu\u00f2 essere dannoso. Il consumo di questi prodotti compromette la capacit\u00e0 di guidare e manovrare macchinari. Si prega di fare estrema attenzione.<\/p>\n<div data-testid=\"product-description\">\n<div class=\"truncate-lines__Wrapper-sc-1lknwty-0 YxHAC\">\n<div data-testid=\"truncated-description\">\n<div>\n<div class=\"text__Text-sc-fif1uk-0 kdmKRD\">\n<div class=\"src__Box-sc-1sbtrzs-0 src__Flex-sc-1sbtrzs-1 kWPFqZ hzdsvF\">\n<div>CATEGORIE DI PRODOTTO CAMPIONE<\/div>\n<\/p><\/div>\n<\/p><\/div>\n<\/p><\/div>\n<\/p><\/div>\n<\/p><\/div>\n<\/p><\/div>\n<div class=\"text__Text-sc-fif1uk-0 htoJfX\"><a href=\"https:\/\/jeetersofficial.com\/product-category\/buy-cali-buds\/\" target=\"_blank\" rel=\"noopener\">CALI BUDS<\/a><\/div>\n<div data-testid=\"product-description\">\n<div class=\"truncate-lines__Wrapper-sc-1lknwty-0 YxHAC\">\n<div data-testid=\"truncated-description\">\n<div class=\"text__Text-sc-fif1uk-0 kdmKRD\"><a href=\"https:\/\/jeetersofficial.com\/product-category\/backpack-boyz\/\" target=\"_blank\" rel=\"noopener\">Backpack\u00a0 Boyz<\/a><\/div>\n<div><a href=\"https:\/\/jeetersofficial.com\/product-category\/snow-balls-weed\/\" target=\"_blank\" rel=\"noopener\">SNOWBALLS WEED<\/a><\/div>\n<div><a href=\"https:\/\/jeetersofficial.com\/product-category\/persy-snowcaps\/\" target=\"_blank\" rel=\"noopener\">Persy Snowcaps<\/a><\/div>\n<div><a href=\"https:\/\/jeetersofficial.com\/product-category\/drip-snowcaps\/\" target=\"_blank\" rel=\"noopener\">Drip Snowcaps<\/a><\/div>\n<div><a href=\"https:\/\/jeetersofficial.com\/product-category\/concentrates\/\" target=\"_blank\" rel=\"noopener\">CALI CONCENTRATES<\/a><\/div>\n<div><a href=\"https:\/\/jeetersofficial.com\/product-category\/doja-exclusive\/\" target=\"_blank\" rel=\"noopener\">CALI DOJA PACKS EXCLUSIVE<\/a><\/div>\n<div><a href=\"https:\/\/jeetersofficial.com\/product-category\/marijuana-flowers\/\" target=\"_blank\" rel=\"noopener\">CALI MARIJUANA FLOWERS<\/a><\/div>\n<\/p><\/div>\n<\/p><\/div>\n<\/p><\/div>\n<div><a href=\"https:\/\/jeetersofficial.com\/product-category\/sativa-strain\/\" target=\"_blank\" rel=\"noopener\">CALI SATIVA STRAINS<\/a><\/div>\n<div><a href=\"https:\/\/jeetersofficial.com\/product-category\/indica\/\" target=\"_blank\" rel=\"noopener\">CALI INDICA STRAINS<\/a><\/div>\n<div><a href=\"https:\/\/jeetersofficial.com\/product-category\/hybrid-weed\/\" target=\"_blank\" rel=\"noopener\">CALI HYBRID WEED<\/a><\/div>","protected":false},"excerpt":{"rendered":"<p><strong>Cali Bud SFV Strain<\/strong><br \/> Cali SFV \u00e8 un'incredibile e influente variet\u00e0 ibrida di cannabis della Cali, un incrocio perfetto con fragola e Grape Ape per ottenere questa straordinaria variet\u00e0.<\/p>\n<p><strong>Usi medici della variet\u00e0 Cali Bud SFV<\/strong><br \/> La variet\u00e0 Cali SFV \u00e8 la migliore per i pazienti che soffrono di ansia, stress e dolore. Questa variet\u00e0 garantisce un sollievo immediato e totale dal dolore e dall'ansia. Questa straordinaria e eccellente variet\u00e0 aiuta anche a combattere i sintomi del morbo di Parkinson.<\/p>","protected":false},"featured_media":1701,"comment_status":"closed","ping_status":"closed","template":"","meta":{"_uag_custom_page_level_css":"","site-sidebar-layout":"default","site-content-layout":"","ast-site-content-layout":"","site-content-style":"default","site-sidebar-style":"default","ast-global-header-display":"","ast-banner-title-visibility":"","ast-main-header-display":"","ast-hfb-above-header-display":"","ast-hfb-below-header-display":"","ast-hfb-mobile-header-display":"","site-post-title":"","ast-breadcrumbs-content":"","ast-featured-img":"","footer-sml-layout":"","theme-transparent-header-meta":"","adv-header-id-meta":"","stick-header-meta":"","header-above-stick-meta":"","header-main-stick-meta":"","header-below-stick-meta":"","astra-migrate-meta-layouts":"default","ast-page-background-enabled":"default","ast-page-background-meta":{"desktop":{"background-color":"var(--ast-global-color-4)","background-image":"","background-repeat":"repeat","background-position":"center center","background-size":"auto","background-attachment":"scroll","background-type":"","background-media":"","overlay-type":"","overlay-color":"","overlay-opacity":"","overlay-gradient":""},"tablet":{"background-color":"","background-image":"","background-repeat":"repeat","background-position":"center center","background-size":"auto","background-attachment":"scroll","background-type":"","background-media":"","overlay-type":"","overlay-color":"","overlay-opacity":"","overlay-gradient":""},"mobile":{"background-color":"","background-image":"","background-repeat":"repeat","background-position":"center center","background-size":"auto","background-attachment":"scroll","background-type":"","background-media":"","overlay-type":"","overlay-color":"","overlay-opacity":"","overlay-gradient":""}},"ast-content-background-meta":{"desktop":{"background-color":"var(--ast-global-color-5)","background-image":"","background-repeat":"repeat","background-position":"center center","background-size":"auto","background-attachment":"scroll","background-type":"","background-media":"","overlay-type":"","overlay-color":"","overlay-opacity":"","overlay-gradient":""},"tablet":{"background-color":"var(--ast-global-color-5)","background-image":"","background-repeat":"repeat","background-position":"center center","background-size":"auto","background-attachment":"scroll","background-type":"","background-media":"","overlay-type":"","overlay-color":"","overlay-opacity":"","overlay-gradient":""},"mobile":{"background-color":"var(--ast-global-color-5)","background-image":"","background-repeat":"repeat","background-position":"center center","background-size":"auto","background-attachment":"scroll","background-type":"","background-media":"","overlay-type":"","overlay-color":"","overlay-opacity":"","overlay-gradient":""}}},"product_brand":[],"product_cat":[675],"product_tag":[489,491,529,506,530,508,509,510,531,492,481,472,532,533,534,514,473,515,516,517,518,461,521,522,535,536,462,537,538,539,463,540,541,542,543,544,545],"class_list":{"0":"post-1766","1":"product","2":"type-product","3":"status-publish","4":"has-post-thumbnail","6":"product_cat-buy-cali-buds","7":"product_tag-best-cali-packs","8":"product_tag-buy-cali-bud-or-no-bud-online","9":"product_tag-buy-cali-bud-or-no-bud-sfv-online","10":"product_tag-buy-cali-buds","11":"product_tag-buy-sfv-cali-bud-or-no-bud-online","12":"product_tag-buy-weed-online","13":"product_tag-by-the-best-cali-buds","14":"product_tag-cali-bags","15":"product_tag-cali-bud","16":"product_tag-cali-bud-or-no-bud","17":"product_tag-cali-bud-or-no-bud-for-sale","18":"product_tag-cali-bud-or-no-bud-near-me","19":"product_tag-cali-bud-or-no-bud-sfv","20":"product_tag-cali-bud-or-no-bud-sfv-for-sale","21":"product_tag-cali-bud-or-no-bud-sfv-near-me","22":"product_tag-cali-bud-packs","23":"product_tag-cali-buds","24":"product_tag-cali-buds-online","25":"product_tag-cali-flavors","26":"product_tag-cali-flavours","27":"product_tag-cali-gush-lato","28":"product_tag-cali-packs","29":"product_tag-cali-plug","30":"product_tag-cali-plug-bags","31":"product_tag-cali-plug-bud","32":"product_tag-cali-plug-buds","33":"product_tag-cali-plug-cali-bud-or-no-bud","34":"product_tag-cali-plug-strains","35":"product_tag-cali-sfv","36":"product_tag-cali-sfv-strain","37":"product_tag-cali-straina","38":"product_tag-calibud","39":"product_tag-sfv-cali-bud-or-no-bud","40":"product_tag-sfv-cali-bud-or-no-bud-for-sale","41":"product_tag-sfv-cali-bud-or-no-bud-near-me","42":"product_tag-sfv-strain","43":"product_tag-sfv-weed-strain","44":"desktop-align-center","45":"tablet-align-left","46":"mobile-align-left","48":"first","49":"instock","50":"shipping-taxable","51":"purchasable","52":"product-type-variable"},"uagb_featured_image_src":{"full":["https:\/\/caliweedeurope.com\/wp-content\/uploads\/2024\/11\/sfv.jpg",458,673,false],"thumbnail":["https:\/\/caliweedeurope.com\/wp-content\/uploads\/2024\/11\/sfv-150x150.jpg",150,150,true],"medium":["https:\/\/caliweedeurope.com\/wp-content\/uploads\/2024\/11\/sfv-204x300.jpg",204,300,true],"medium_large":["https:\/\/caliweedeurope.com\/wp-content\/uploads\/2024\/11\/sfv.jpg",458,673,false],"large":["https:\/\/caliweedeurope.com\/wp-content\/uploads\/2024\/11\/sfv.jpg",458,673,false],"1536x1536":["https:\/\/caliweedeurope.com\/wp-content\/uploads\/2024\/11\/sfv.jpg",458,673,false],"2048x2048":["https:\/\/caliweedeurope.com\/wp-content\/uploads\/2024\/11\/sfv.jpg",458,673,false],"trp-custom-language-flag":["https:\/\/caliweedeurope.com\/wp-content\/uploads\/2024\/11\/sfv.jpg",8,12,false],"woocommerce_thumbnail":["https:\/\/caliweedeurope.com\/wp-content\/uploads\/2024\/11\/sfv-300x300.jpg",300,300,true],"woocommerce_single":["https:\/\/caliweedeurope.com\/wp-content\/uploads\/2024\/11\/sfv.jpg",458,673,false],"woocommerce_gallery_thumbnail":["https:\/\/caliweedeurope.com\/wp-content\/uploads\/2024\/11\/sfv-100x100.jpg",100,100,true]},"uagb_author_info":{"display_name":"jetskiforsaleuk@gmail.com","author_link":"https:\/\/caliweedeurope.com\/it\/author\/"},"uagb_comment_info":0,"uagb_excerpt":"Cali Bud SFV Strain Cali SFV is an undoubtedly influential cannabis hybrid Cali flower, a perfect cross with strawberry and grape ape to get this amazing strain. Medical Uses Of Cali Bud SFV Strain Cali SFV Strain is best for patients suffering from anxiety, stress, and pain. This strain fully guarantees immediate and total relief&hellip;","_links":{"self":[{"href":"https:\/\/caliweedeurope.com\/it\/wp-json\/wp\/v2\/product\/1766"}],"collection":[{"href":"https:\/\/caliweedeurope.com\/it\/wp-json\/wp\/v2\/product"}],"about":[{"href":"https:\/\/caliweedeurope.com\/it\/wp-json\/wp\/v2\/types\/product"}],"replies":[{"embeddable":true,"href":"https:\/\/caliweedeurope.com\/it\/wp-json\/wp\/v2\/comments?post=1766"}],"wp:featuredmedia":[{"embeddable":true,"href":"https:\/\/caliweedeurope.com\/it\/wp-json\/wp\/v2\/media\/1701"}],"wp:attachment":[{"href":"https:\/\/caliweedeurope.com\/it\/wp-json\/wp\/v2\/media?parent=1766"}],"wp:term":[{"taxonomy":"product_brand","embeddable":true,"href":"https:\/\/caliweedeurope.com\/it\/wp-json\/wp\/v2\/product_brand?post=1766"},{"taxonomy":"product_cat","embeddable":true,"href":"https:\/\/caliweedeurope.com\/it\/wp-json\/wp\/v2\/product_cat?post=1766"},{"taxonomy":"product_tag","embeddable":true,"href":"https:\/\/caliweedeurope.com\/it\/wp-json\/wp\/v2\/product_tag?post=1766"}],"curies":[{"name":"wp","href":"https:\/\/api.w.org\/{rel}","templated":true}]}}