{"id":1772,"date":"2024-11-05T18:39:19","date_gmt":"2024-11-05T18:39:19","guid":{"rendered":"https:\/\/caliweedeurope.com\/?post_type=product&#038;p=1772"},"modified":"2024-11-05T18:39:26","modified_gmt":"2024-11-05T18:39:26","slug":"buy-cali-bud-sundae-driver-online","status":"publish","type":"product","link":"https:\/\/caliweedeurope.com\/it\/product\/buy-cali-bud-sundae-driver-online\/","title":{"rendered":"Buy Cali Bud Sundae Driver Online"},"content":{"rendered":"<h1 style=\"text-align: center\"><strong>\u00a0 \u00a0 \u00a0 \u00a0 \u00a0<\/strong><strong>SUNDAE DRIVER <\/strong><strong>CALI BUD OR NO BUD\u00a0|<\/strong><strong>\u00a0CALI BUD OR NO BUD\u00a0<\/strong><strong>SUNDAE DRIVER <\/strong><strong>|<\/strong><strong>\u00a0CALI PLUG CALI BUD OR NO BUD<\/strong><\/h1>\n<p><strong>Cali Bud o niente Bud Sundae Driver<\/strong><br \/> Acquista online il sapore di cannabis Cali Bud Sundae Driver. Boccioli Cali indoor di alta qualit\u00e0, caldi e di tendenza, in vendita presso il negozio online Cali Plug a prezzi interessanti. Cali Sundae Driver \u00e8 una variet\u00e0 ibrida dominante Sativa influente, ottenuta dall\u2019incrocio tra Strawberry e Grape Ape per creare questa variet\u00e0 straordinaria.<\/p>\n<p class=\"translation-block\"><b>Sundae Driver<\/b>, noto anche come \"Sunday Driver\", \u00e8 una\u00a0<a href=\"https:\/\/www.leafly.com\/strains\/lists\/category\/hybrid\" target=\"_blank\" rel=\"noopener\">variet\u00e0 ibrida di marijuana<\/a> creata incrociando FPOG con\u00a0<a href=\"https:\/\/www.leafly.com\/strains\/grape-pie\" target=\"_blank\" rel=\"noopener\">Grape Pie<\/a>. Gli effetti di questa variet\u00e0 ti faranno sentire equilibrato, calmo e\u00a0<a href=\"https:\/\/www.leafly.com\/strains\/lists\/effect\/happy\" target=\"_blank\" rel=\"noopener\">fe<\/a>lice<a href=\"https:\/\/www.leafly.com\/strains\/lists\/effect\/happy\" target=\"_blank\" rel=\"noopener\">.<\/a> Sundae Driver ha un sapore dolce, delicato e cremoso. sundae driver weed<\/p>\n<p>Sundae Driver \u00e8 una di quelle variet\u00e0 perfette per quasi tutti \u2013 i nuovi utenti possono iniziare lentamente e pianificare il loro high per il tardo pomeriggio, mentre gli utenti pi\u00f9 esperti possono godersi questa erba senza limiti. La sua combinazione di ottimi sapori ed effetti bilanciati di solito soddisfa tutte le esigenze, indipendentemente dai piani della giornata.<\/p>\n<h2 style=\"text-align: center\"><strong style=\"font-size: 23.04px;text-align: center;color: #333333\">\u00a0BUY <\/strong><strong style=\"font-size: 23.04px;text-align: center;color: #333333\">SUNDAE DRIVER\u00a0<\/strong><strong style=\"font-size: 23.04px;text-align: center;color: #333333\">CALI BUD OR NO BUD\u00a0 ONLINE | BUY CALI BUD OR NO BUD\u00a0<\/strong><strong style=\"font-size: 23.04px;text-align: center;color: #333333\">SUNDAE DRIVER\u00a0<\/strong><strong style=\"font-size: 23.04px;text-align: center;color: #333333\">ONLINE | BUY CALI BUD OR NO BUD ONLINE<\/strong><\/h2>\n<p><strong>Usi medici della variet\u00e0 di cannabis Cali Bud Sundae Driver<\/strong><br \/> La variet\u00e0 Cali Sundae Driver \u00e8 ideale per i pazienti che soffrono di stress e spasmi muscolari. Questa variet\u00e0 garantisce un sollievo immediato dal dolore e dall\u2019ansia. Funziona anche come medicamento per dolori pulsanti e nausea. Inoltre, questa variet\u00e0 pu\u00f2 aiutare a combattere i sintomi del disturbo da stress post-traumatico (PTSD). Acquista variet\u00e0 Cali di alta qualit\u00e0 da Cali Weed Plug per gemme autentiche e una consegna sicura.<\/p>\n<p>Sundae Driver \u00e8 una variet\u00e0 di marijuana ibrida quasi equilibrata (50% Sativa\/50% Indica), creata dall\u2019incrocio delle variet\u00e0 Grape Pie e Fruity Pebbles OG. I livelli di THC di questa variet\u00e0 sono relativamente modesti, non superando il 16%, rendendola una variet\u00e0 leggera che pu\u00f2 essere apprezzata da qualsiasi consumatore. I livelli di CBD sono inferiori all\u20191%.<br \/> Le cime di Sundae Driver sono di un bellissimo verde oliva con sfumature di uva, completate da un\u2019abbondanza di pistilli arancione brillante e tricomi bianchi lattiginosi e pelosi.<br \/> L'aroma di questa variet\u00e0 \u00e8 per lo pi\u00f9 terroso, con alcune note fruttate e cioccolatose ben pronunciate. Il sapore ricorda un dessert, decadente con cioccolato dolce e frutti zuccherati nell'espirazione.<\/p>\n<h3 style=\"text-align: center\"><strong>SUNDAE DRIVER <\/strong><strong>CALI BUD OR NO BUD FOR SALE | CALI BUD OR NO BUD\u00a0\u00a0<\/strong><strong>SUNDAE DRIVER\u00a0<\/strong><strong>FOR SALE | CALI BUD OR NO BUD\u00a0 FOR SALE<\/strong><\/h3>\n<p><strong>Coltivazione della variet\u00e0 di cannabis Sundae Driver<\/strong><br \/> Questa variet\u00e0 cresce bassa e pu\u00f2 crescere bene sia all'interno, all'esterno o anche in una serra. Fiorisce in otto-nove settimane e produce un grammo per watt all'interno. I coltivatori all'aperto possono ottenere fino a un chilo per pianta.<\/p>\n<p class=\"translation-block\">Il high di Sundae Driver inizia lentamente, pulendo delicatamente la tua mente da pensieri indesiderati, rimuovendo preoccupazioni, stress e ansia. Eleva lentamente lo spirito, portando l'utente in uno stato mentale calmo ed euforico, favorendo calma, felicit\u00e0 e pura gioia. Dopo che gli effetti cerebrali si sono stabilizzati, il high inizia lentamente a scendere dalla testa verso il basso, rilassando gradualmente il corpo, centimetro per centimetro, fino a diventare leggero come una piuma. Se l'assunzione \u00e8 moderata, il high rimane pi\u00f9 a lungo nei muscoli e nelle articolazioni, offrendo all'utente un'esperienza con davvero equilibrata. A questo punto, potresti voler fare un altro tiro e lasciarti lentamente cullare in un sonnellino soddisfacente, oppure no, e lasciare che la gravit\u00e0 dell'esperienza umana prenda gradualmente il controllo del tuo corpo e della tua mente, riportandoti alla realt\u00e0. In ogni caso, l'esperienza con Sundae Driver \u00e8 senza dubbio <a href=\"https:\/\/caliplugcarts.com\/product-category\/cali-bud\/\" target=\"_blank\" rel=\"noopener\">piacevole<\/a> in ogni caso<\/p>\n<h4 style=\"text-align: center\"><strong>CALI BUD OR NO BUD \u00a0<\/strong><strong>SUNDAE DRIVER\u00a0<\/strong><strong>\u00a0NEAR ME |\u00a0<\/strong><strong>SUNDAE DRIVER\u00a0<\/strong><strong>CALI BUD OR NO BUD\u00a0\u00a0 NEAR ME | CALI BUD OR NO BUD \u00a0NEAR ME<\/strong><\/h4>\n<p><strong>\u00a0Effetti del Sundae Driver<\/strong><br \/> <strong>Effetto corporeo<\/strong>, Euforia, Rilassante, Sonnolento, Tonificante<\/p>\n<p><strong>Pu\u00f2 alleviare<\/strong><br \/> Ansia, Dolore cronico, Depressione, Insonnia, PTSD, Stress<br \/> <strong>Sapori<\/strong><br \/> Caramella, Cioccolato, Cremoso, Fruttato, Zuccherino, Dolce<br \/> <strong>Aromi<\/strong><br \/> Cioccolato, Terroso, Fruttato, Erbaceo, Dolce<\/p>\n<p>Terpeni<br \/> Linalolo<br \/> Limonene<br \/> Cariofillene<\/p>\n<p class=\"translation-block\">Effetti positivi:<br> Felicit\u00e0<br> Euforia<br> Rilassamento<br> Sollievo dallo stress<br> Miglioramento dell'umore<\/p>\n<p class=\"translation-block\">Effetti avversi:<br> Occhi secchi<br> Bocca secca<br> Vertigini<\/p>\n<h5 style=\"text-align: center\"><strong>SUNDAE DRIVER\u00a0<\/strong><strong>\u00a0STRAIN | \u00a0<\/strong><strong>SUNDAE DRIVER\u00a0<\/strong><strong>WEED STRAIN | CALI\u00a0<\/strong><strong>SUNDAE DRIVER\u00a0<\/strong><strong>| CALI\u00a0<\/strong><strong>SUNDAE DRIVER\u00a0<\/strong><strong>\u00a0STRAIN<\/strong><\/h5>\n<p><strong>\u00a0Avvertimento.<\/strong><br \/> Questo prodotto contiene cannabis, una sostanza regolamentata. Tenere fuori dalla portata di bambini e animali. <a href=\"https:\/\/caliplugcarts.com\/product-category\/cali-carts\/\" target=\"_blank\" rel=\"noopener\">Cannabis<\/a> i prodotti possono essere posseduti o consumati solo da persone di et\u00e0 superiore ai 21 anni, salvo che la persona sia un paziente qualificato. Gli effetti inebrianti dei prodotti a base di cannabis possono durare fino a due ore. L'uso di cannabis durante la gravidanza o l'allattamento pu\u00f2 essere dannoso. Il consumo di questi prodotti compromette la capacit\u00e0 di guidare o manovrare macchinari. Si prega di fare estrema attenzione.<\/p>\n<p>Se hai mai desiderato la variet\u00e0 perfetta da portare con te durante un giro domenicale, naturalmente come passeggero, prendi in considerazione Sundae Driver, un prodotto di Cannarado Genetics. Incrociando Fruity Pebbles OG e Grape Pie, questo misterioso team ha sviluppato un ibrido equilibrato che \u00e8 un ottimo compagno di viaggio o che si comporta altrettanto bene a casa.<\/p>\n<p>Abbastanza delicato per la maggior parte degli utenti, il contenuto di THC di Sundae Driver varia tra il 14% e il 16%.<\/p>\n<p>Data la sua attitudine allegra e spensierata, Sundae Driver \u00e8 spesso utilizzata dai pazienti medici per aiutare con preoccupazioni mentali che includono depressione, ansia, PTSD e altro. Tuttavia, si dice che sia altrettanto utile quando si tratta di disturbi fisici, quindi la prossima volta che avrai un'emicrania o un problema di salute femminile, prova a fare qualche tiro. Ancora una volta, se hai una bassa tolleranza e ti concedi abbastanza, Sundae Driver potrebbe anche aiutare con l'insonnia.<\/p>\n<div data-testid=\"product-description\">\n<div class=\"truncate-lines__Wrapper-sc-1lknwty-0 YxHAC\">\n<div data-testid=\"truncated-description\">\n<div>\n<div class=\"text__Text-sc-fif1uk-0 kdmKRD\">\n<div class=\"src__Box-sc-1sbtrzs-0 src__Flex-sc-1sbtrzs-1 kWPFqZ hzdsvF\">\n<div>CATEGORIE DI PRODOTTO CAMPIONE<\/div>\n<\/p><\/div>\n<\/p><\/div>\n<\/p><\/div>\n<\/p><\/div>\n<\/p><\/div>\n<\/p><\/div>\n<div class=\"text__Text-sc-fif1uk-0 htoJfX\"><a href=\"https:\/\/jeetersofficial.com\/product-category\/buy-cali-buds\/\" target=\"_blank\" rel=\"noopener\">CALI BUDS<\/a><\/div>\n<div data-testid=\"product-description\">\n<div class=\"truncate-lines__Wrapper-sc-1lknwty-0 YxHAC\">\n<div data-testid=\"truncated-description\">\n<div class=\"text__Text-sc-fif1uk-0 kdmKRD\"><a href=\"https:\/\/jeetersofficial.com\/product-category\/backpack-boyz\/\" target=\"_blank\" rel=\"noopener\">Backpack\u00a0 Boyz<\/a><\/div>\n<div><a href=\"https:\/\/jeetersofficial.com\/product-category\/snow-balls-weed\/\" target=\"_blank\" rel=\"noopener\">SNOWBALLS WEED<\/a><\/div>\n<div><a href=\"https:\/\/jeetersofficial.com\/product-category\/persy-snowcaps\/\" target=\"_blank\" rel=\"noopener\">Persy Snowcaps<\/a><\/div>\n<div><a href=\"https:\/\/jeetersofficial.com\/product-category\/drip-snowcaps\/\" target=\"_blank\" rel=\"noopener\">Drip Snowcaps<\/a><\/div>\n<div><a href=\"https:\/\/jeetersofficial.com\/product-category\/concentrates\/\" target=\"_blank\" rel=\"noopener\">CALI CONCENTRATES<\/a><\/div>\n<div><a href=\"https:\/\/jeetersofficial.com\/product-category\/doja-exclusive\/\" target=\"_blank\" rel=\"noopener\">CALI DOJA PACKS EXCLUSIVE<\/a><\/div>\n<div><a href=\"https:\/\/jeetersofficial.com\/product-category\/marijuana-flowers\/\" target=\"_blank\" rel=\"noopener\">CALI MARIJUANA FLOWERS<\/a><\/div>\n<\/p><\/div>\n<\/p><\/div>\n<\/p><\/div>\n<div><a href=\"https:\/\/jeetersofficial.com\/product-category\/sativa-strain\/\" target=\"_blank\" rel=\"noopener\">CALI SATIVA STRAINS<\/a><\/div>\n<div><a href=\"https:\/\/jeetersofficial.com\/product-category\/indica\/\" target=\"_blank\" rel=\"noopener\">CALI INDICA STRAINS<\/a><\/div>\n<div><a href=\"https:\/\/jeetersofficial.com\/product-category\/hybrid-weed\/\" target=\"_blank\" rel=\"noopener\">CALI HYBRID WEED<\/a><\/div>","protected":false},"excerpt":{"rendered":"<p><strong>Cali bud Sundae Driver<\/strong><br \/> Acquista online il sapore di cannabis Cali Bud Sundae Driver. Boccioli Cali indoor di alta qualit\u00e0, caldi e di tendenza, in vendita presso\u00a0<a href=\"http:\/\/caliweedplug.com\/\">Cali Plug<\/a>\u00a0Negozio online a prezzi interessanti. Cali Sundae Driver \u00e8 una variet\u00e0 ibrida dominante Sativa influente, ottenuta dall\u2019incrocio tra Strawberry e Grape Ape per creare questa variet\u00e0 straordinaria.<\/p>","protected":false},"featured_media":1802,"comment_status":"closed","ping_status":"closed","template":"","meta":{"_uag_custom_page_level_css":"","site-sidebar-layout":"default","site-content-layout":"","ast-site-content-layout":"","site-content-style":"default","site-sidebar-style":"default","ast-global-header-display":"","ast-banner-title-visibility":"","ast-main-header-display":"","ast-hfb-above-header-display":"","ast-hfb-below-header-display":"","ast-hfb-mobile-header-display":"","site-post-title":"","ast-breadcrumbs-content":"","ast-featured-img":"","footer-sml-layout":"","theme-transparent-header-meta":"","adv-header-id-meta":"","stick-header-meta":"","header-above-stick-meta":"","header-main-stick-meta":"","header-below-stick-meta":"","astra-migrate-meta-layouts":"default","ast-page-background-enabled":"default","ast-page-background-meta":{"desktop":{"background-color":"var(--ast-global-color-4)","background-image":"","background-repeat":"repeat","background-position":"center center","background-size":"auto","background-attachment":"scroll","background-type":"","background-media":"","overlay-type":"","overlay-color":"","overlay-opacity":"","overlay-gradient":""},"tablet":{"background-color":"","background-image":"","background-repeat":"repeat","background-position":"center center","background-size":"auto","background-attachment":"scroll","background-type":"","background-media":"","overlay-type":"","overlay-color":"","overlay-opacity":"","overlay-gradient":""},"mobile":{"background-color":"","background-image":"","background-repeat":"repeat","background-position":"center center","background-size":"auto","background-attachment":"scroll","background-type":"","background-media":"","overlay-type":"","overlay-color":"","overlay-opacity":"","overlay-gradient":""}},"ast-content-background-meta":{"desktop":{"background-color":"var(--ast-global-color-5)","background-image":"","background-repeat":"repeat","background-position":"center center","background-size":"auto","background-attachment":"scroll","background-type":"","background-media":"","overlay-type":"","overlay-color":"","overlay-opacity":"","overlay-gradient":""},"tablet":{"background-color":"var(--ast-global-color-5)","background-image":"","background-repeat":"repeat","background-position":"center center","background-size":"auto","background-attachment":"scroll","background-type":"","background-media":"","overlay-type":"","overlay-color":"","overlay-opacity":"","overlay-gradient":""},"mobile":{"background-color":"var(--ast-global-color-5)","background-image":"","background-repeat":"repeat","background-position":"center center","background-size":"auto","background-attachment":"scroll","background-type":"","background-media":"","overlay-type":"","overlay-color":"","overlay-opacity":"","overlay-gradient":""}}},"product_brand":[],"product_cat":[675],"product_tag":[489,491,676,506,677,508,509,510,531,492,481,472,678,679,680,514,515,517,518,461,522,536,462,681,682,540,467,683,684,685,686,687],"class_list":{"0":"post-1772","1":"product","2":"type-product","3":"status-publish","4":"has-post-thumbnail","6":"product_cat-buy-cali-buds","7":"product_tag-best-cali-packs","8":"product_tag-buy-cali-bud-or-no-bud-online","9":"product_tag-buy-cali-bud-or-no-bud-sundae-driver-online","10":"product_tag-buy-cali-buds","11":"product_tag-buy-sundae-driver-cali-bud-or-no-bud-online","12":"product_tag-buy-weed-online","13":"product_tag-by-the-best-cali-buds","14":"product_tag-cali-bags","15":"product_tag-cali-bud","16":"product_tag-cali-bud-or-no-bud","17":"product_tag-cali-bud-or-no-bud-for-sale","18":"product_tag-cali-bud-or-no-bud-near-me","19":"product_tag-cali-bud-or-no-bud-sundae-driver","20":"product_tag-cali-bud-or-no-bud-sundae-driver-for-sale","21":"product_tag-cali-bud-or-no-bud-sundae-driver-near-me","22":"product_tag-cali-bud-packs","23":"product_tag-cali-buds-online","24":"product_tag-cali-flavours","25":"product_tag-cali-gush-lato","26":"product_tag-cali-packs","27":"product_tag-cali-plug-bags","28":"product_tag-cali-plug-buds","29":"product_tag-cali-plug-cali-bud-or-no-bud","30":"product_tag-cali-sundae-driver","31":"product_tag-cali-sundae-driver-strain","32":"product_tag-calibud","33":"product_tag-hardball-cookies","34":"product_tag-sundae-driver-cali-bud-or-no-bud","35":"product_tag-sundae-driver-cali-bud-or-no-bud-for-sale","36":"product_tag-sundae-driver-cali-bud-or-no-bud-near-me","37":"product_tag-sundae-driver-strain","38":"product_tag-sundae-driver-weed-strain","39":"desktop-align-center","40":"tablet-align-left","41":"mobile-align-left","43":"first","44":"instock","45":"shipping-taxable","46":"purchasable","47":"product-type-variable"},"uagb_featured_image_src":{"full":["https:\/\/caliweedeurope.com\/wp-content\/uploads\/2024\/11\/IMG-0224.jpg",956,1276,false],"thumbnail":["https:\/\/caliweedeurope.com\/wp-content\/uploads\/2024\/11\/IMG-0224-150x150.jpg",150,150,true],"medium":["https:\/\/caliweedeurope.com\/wp-content\/uploads\/2024\/11\/IMG-0224-225x300.jpg",225,300,true],"medium_large":["https:\/\/caliweedeurope.com\/wp-content\/uploads\/2024\/11\/IMG-0224-768x1025.jpg",768,1025,true],"large":["https:\/\/caliweedeurope.com\/wp-content\/uploads\/2024\/11\/IMG-0224-767x1024.jpg",767,1024,true],"1536x1536":["https:\/\/caliweedeurope.com\/wp-content\/uploads\/2024\/11\/IMG-0224.jpg",956,1276,false],"2048x2048":["https:\/\/caliweedeurope.com\/wp-content\/uploads\/2024\/11\/IMG-0224.jpg",956,1276,false],"trp-custom-language-flag":["https:\/\/caliweedeurope.com\/wp-content\/uploads\/2024\/11\/IMG-0224.jpg",9,12,false],"woocommerce_thumbnail":["https:\/\/caliweedeurope.com\/wp-content\/uploads\/2024\/11\/IMG-0224-300x300.jpg",300,300,true],"woocommerce_single":["https:\/\/caliweedeurope.com\/wp-content\/uploads\/2024\/11\/IMG-0224-600x801.jpg",600,801,true],"woocommerce_gallery_thumbnail":["https:\/\/caliweedeurope.com\/wp-content\/uploads\/2024\/11\/IMG-0224-100x100.jpg",100,100,true]},"uagb_author_info":{"display_name":"jetskiforsaleuk@gmail.com","author_link":"https:\/\/caliweedeurope.com\/it\/author\/"},"uagb_comment_info":0,"uagb_excerpt":"Cali Bud Sundae Driver Buy Cali bud Sundae Driver cannabis flavor online. Hot and trending top-shelf indoor Cali buds for sale at the\u00a0Cali Plug\u00a0Online shop at cool prices, Cali Sundae Driver is an influential cannabis Sativa dominant hybrid strain cross with strawberry and grape ape to get this amazing strain.","_links":{"self":[{"href":"https:\/\/caliweedeurope.com\/it\/wp-json\/wp\/v2\/product\/1772"}],"collection":[{"href":"https:\/\/caliweedeurope.com\/it\/wp-json\/wp\/v2\/product"}],"about":[{"href":"https:\/\/caliweedeurope.com\/it\/wp-json\/wp\/v2\/types\/product"}],"replies":[{"embeddable":true,"href":"https:\/\/caliweedeurope.com\/it\/wp-json\/wp\/v2\/comments?post=1772"}],"wp:featuredmedia":[{"embeddable":true,"href":"https:\/\/caliweedeurope.com\/it\/wp-json\/wp\/v2\/media\/1802"}],"wp:attachment":[{"href":"https:\/\/caliweedeurope.com\/it\/wp-json\/wp\/v2\/media?parent=1772"}],"wp:term":[{"taxonomy":"product_brand","embeddable":true,"href":"https:\/\/caliweedeurope.com\/it\/wp-json\/wp\/v2\/product_brand?post=1772"},{"taxonomy":"product_cat","embeddable":true,"href":"https:\/\/caliweedeurope.com\/it\/wp-json\/wp\/v2\/product_cat?post=1772"},{"taxonomy":"product_tag","embeddable":true,"href":"https:\/\/caliweedeurope.com\/it\/wp-json\/wp\/v2\/product_tag?post=1772"}],"curies":[{"name":"wp","href":"https:\/\/api.w.org\/{rel}","templated":true}]}}