{"id":1784,"date":"2024-11-05T18:39:20","date_gmt":"2024-11-05T18:39:20","guid":{"rendered":"https:\/\/caliweedeurope.com\/?post_type=product&#038;p=1784"},"modified":"2024-11-05T18:39:26","modified_gmt":"2024-11-05T18:39:26","slug":"compra-cali-bud-sweet-and-sour-online","status":"publish","type":"product","link":"https:\/\/caliweedeurope.com\/it\/product\/compra-cali-bud-sweet-and-sour-online\/","title":{"rendered":"Compra Cali Bud Sweet and Sour Online"},"content":{"rendered":"<h1 style=\"text-align: center\"><strong>\u00a0 \u00a0 \u00a0 \u00a0 \u00a0<\/strong><strong>SWEET AND SOUR <\/strong><strong>CALI BUD OR NO BUD\u00a0|<\/strong><strong>\u00a0CALI BUD OR NO BUD\u00a0<\/strong><strong>SWEET AND SOUR <\/strong><strong>|<\/strong><strong>\u00a0CALI PLUG CALI BUD OR NO BUD<\/strong><\/h1>\n<p><strong>Cali Bud Sweet and Sour Variet\u00e0<\/strong><br \/> Considerato il suo discreto profilo di cannabinoidi, gli effetti psicoattivi di Sweet and Sour Widow sono delicati. Questa variet\u00e0 \u00e8 adatta ai principianti e ai pazienti che desiderano trattarsi senza una mente annebbiata. Prepared Widow deriva dalla genetica White Widow e da una Sativa anonima che completa il suo profilo CBD.<\/p>\n<p>Cali Bud \u00e8 sempre stata una scelta ovvia quando si trattava di dare un nome a questa variet\u00e0, data la popolarit\u00e0 delle variet\u00e0 Kush in California. Questo spinge il Cali Plug a lavorare di pi\u00f9 sulle sue variet\u00e0 di cannabis coltivate indoor e a fare ulteriori ricerche.<\/p>\n<div class=\"variety-percentage-wrap\">\n<h4 class=\"variety\"><a href=\"https:\/\/www.allbud.com\/marijuana-strains\/variety\/sativa-dominant-hybrid\" target=\"_blank\" rel=\"noopener\">Sativa Dominant Hybrid\u00a0<\/a><span class=\"hidden-xs\">\u2013\u00a0<\/span><span class=\"strain-percentages\">80% Sativa \/ 20% Indica<\/span><\/h4>\n<h4 class=\"percentage\"><span class=\"heading\">THC:\u00a0<\/span>8%,\u00a0<span class=\"heading\">CBD:\u00a0<\/span><em>12<\/em>%<\/h4>\n<\/p><\/div>\n<p class=\"translation-block\">Sweet and Sour, conosciuto anche come \"Sweet 'N Sour\" o \"Sweet 'N Sour Diesel\" nella comunit\u00e0 della cannabis, \u00e8 un ibrido a dominanza sativa (80% Sativa\/20% Indica), risultato di un potente incrocio tra Mexican Haze X <a href=\"https:\/\/www.allbud.com\/marijuana-strains\/indica\/purple-princess\" target=\"_blank\" rel=\"noopener\">Princess<\/a> X Skunk #1 X <a href=\"https:\/\/www.allbud.com\/marijuana-strains\/sativa\/hawaiian-sativa\" target=\"_blank\" rel=\"noopener\">Hawaiian Sativa<\/a>. Questa variet\u00e0 di alta qualit\u00e0 presenta un livello medio di THC dell'8% e una gamma di effetti sia Indica che Sativa. Gli utenti descrivono gli effetti di Sweet and Sour come un high cerebrale immediato con energia stimolante, ispirazione creativa e concentrazione.<\/p>\n<p>Questo sballo cerebrale \u00e8 accompagnato da un lieve effetto \"couch-lock\" e da un significativo sollievo fisico. \u00c8 perfetto per una giornata pigra in cui vuoi restare a casa, leggere un libro o giocare ai videogiochi. Grazie a questi potenti effetti, Sweet and Sour \u00e8 una variet\u00e0 ideale per trattare pazienti affetti da condizioni come il glaucoma, il morbo di Alzheimer, lo stress cronico e la fatica.<\/p>\n<h2 style=\"text-align: center\"><strong>\u00a0BUY\u00a0<\/strong><strong>SWEET AND SOUR\u00a0<\/strong><strong>CALI BUD OR NO BUD\u00a0 ONLINE | BUY CALI BUD OR NO BUD\u00a0<\/strong><strong>SWEET AND SOUR\u00a0<\/strong><strong>ONLINE | BUY CALI BUD OR NO BUD ONLINE<\/strong><\/h2>\n<p><strong>Variet\u00e0 Sweet and Sour.<\/strong><\/p>\n<p>Ti sentirai completamente euforico, con un senso predominante di introspezione che ti rende estremamente concentrato sulle cose intorno a te, ma non davvero in grado di conversare con gli altri o fare qualcosa di fisico.<br \/> <b>Dolce e Amara Vedova<\/b>\u00a0\u00c8 una variet\u00e0 di cannabis a predominanza indica 70\/30 con un rapporto CBD-THC di 1:1 e un sottile aroma di cipolla dolce. Grazie al suo profilo di cannabinoidi bilanciato, gli effetti psicoattivi di Sweet and Sour Widow sono lievi, rendendo questa variet\u00e0 adatta ai principianti e ai pazienti che necessitano di medicarsi senza avere la testa annebbiata. Sweet and Sour Widow deriva dalla genetica di White Widow e da un ibrido sativa non specificato per accentuare il suo profilo CBD.<\/p>\n<h3 style=\"text-align: center\"><strong>SWEET AND SOUR\u00a0<\/strong><strong>CALI BUD OR NO BUD FOR SALE | CALI BUD OR NO BUD\u00a0\u00a0<\/strong><strong>SWEET AND SOUR\u00a0<\/strong><strong>FOR SALE | CALI BUD OR NO BUD\u00a0 FOR SALE<\/strong><\/h3>\n<p><strong>Felice<\/strong><br \/> Il 49% delle persone riferisce di sentirsi felici<br \/> <strong>Rilassato<\/strong><br \/> Il 44% delle persone riferisce di sentirsi rilassato<br \/> <strong>Eccitato<\/strong><br \/> Il 16% delle persone riferisce di sentirsi eccitati<br \/> <strong>Negativi<\/strong><br \/> <strong>Bocca secca<\/strong><br \/> Il 17% delle persone riferisce di avere la bocca secca<br \/> <strong>Occhi secchi<\/strong><br \/> Il 11% delle persone riferisce di avere gli occhi secchi<br \/> <strong>Stordito<\/strong><br \/> L'5% delle persone riferisce di sentirsi stordito<\/p>\n<h4><strong>CALI BUD OR NO BUD \u00a0<\/strong><strong>SWEET AND SOUR\u00a0<\/strong><strong>\u00a0NEAR ME |\u00a0<\/strong><strong>SWEET AND SOUR\u00a0<\/strong><strong>CALI BUD OR NO BUD\u00a0\u00a0 NEAR ME | CALI BUD OR NO BUD \u00a0NEAR ME<\/strong><\/h4>\n<p class=\"translation-block\"><strong>Cali Bud Sweet and Sour Avviso<\/strong><br> In conclusione, questo prodotto contiene Cannabis, una sostanza regolamentata da tenere fuori dalla portata di bambini e animali. I prodotti a base di cannabis possono essere consumati solo da persone di et\u00e0 superiore ai 21 anni, a meno che la persona non sia un paziente qualificato. Gli effetti inebrianti dei prodotti a base di cannabis possono durare fino a due ore. <a href=\"https:\/\/caliplugcarts.com\/product\/cali-delta-8-thc-flower-wholesale\/\" target=\"_blank\" rel=\"noopener\">L'uso di cannabis<\/a> durante la gravidanza o l'allattamento pu\u00f2 essere dannoso. Il consumo di questi prodotti compromette la tua capacit\u00e0 di guidare o manovrare macchinari. Si prega di usare la massima cautela.<\/p>\n<h5 style=\"text-align: center\"><strong>SWEET AND SOUR\u00a0<\/strong><strong>\u00a0STRAIN | \u00a0<\/strong><strong>SWEET AND SOUR\u00a0<\/strong><strong>WEED STRAIN | CALI\u00a0<\/strong><strong>SWEET AND SOUR\u00a0<\/strong><strong>| CALI\u00a0<\/strong><strong>SWEET AND SOUR\u00a0<\/strong><strong>\u00a0STRAIN<\/strong><\/h5>\n<p>Per cominciare, la variet\u00e0 Cali Sweet and Sour, riprodotta dalla CBD Crew, \u00e8 una variet\u00e0 di cannabis 70\/30 a predominanza indica con un rapporto CBD-THC di 1:1 e un sottile odore di cipolla dolce.<\/p>\n<p><strong>Effetti della variet\u00e0 Cali Sweet and Sour<\/strong><\/p>\n<p>Considerato il suo discreto profilo di cannabinoidi, gli effetti psicoattivi di Sweet and Sour Widow sono delicati. Questa variet\u00e0 \u00e8 adatta ai principianti e ai pazienti che desiderano trattarsi senza una mente annebbiata. Prepared Widow deriva dalla genetica White Widow e da una Sativa anonima che completa il suo profilo CBD.<\/p>\n<p>Cali Bud \u00e8 sempre stato una scelta ovvia quando si trattava di dare un nome a questa variet\u00e0, vista la popolarit\u00e0 delle variet\u00e0 Kush nello Stato d'Oro. Cali Plug \u00e8 spinto a lavorare di pi\u00f9 sulle sue variet\u00e0 di cannabis coltivate in interni. Si sta mettendo pi\u00f9 impegno per continuare il lavoro.<\/p>\n<p><b>Avvertimento<\/b><\/p>\n<p>In conclusione, questo prodotto contiene cannabis, una sostanza classificata. Tenere fuori dalla portata di bambini e animali. I prodotti a base di cannabis possono essere consumati solo da persone di et\u00e0 superiore ai 21 anni, salvo che la persona sia un paziente qualificato. Gli effetti inebrianti dei prodotti a base di cannabis possono durare fino a due ore. L'uso di cannabis durante la gravidanza o l'allattamento potrebbe essere dannoso. Il consumo di questi prodotti compromette la capacit\u00e0 di guidare o operare macchinari. Si prega di usare estrema cautela.<\/p>\n<p>&nbsp;<\/p>","protected":false},"excerpt":{"rendered":"<p><strong>Cali Bud Sweet and Sour Variet\u00e0<\/strong><br \/> Considerato il suo discreto profilo di cannabinoidi, gli effetti psicoattivi di Sweet and Sour Widow sono delicati. Questa variet\u00e0 \u00e8 adatta ai principianti e ai pazienti che desiderano trattarsi senza una mente annebbiata. Prepared Widow deriva dalla genetica White Widow e da una Sativa anonima che completa il suo profilo CBD.<\/p>","protected":false},"featured_media":1703,"comment_status":"closed","ping_status":"closed","template":"","meta":{"_uag_custom_page_level_css":"","site-sidebar-layout":"default","site-content-layout":"","ast-site-content-layout":"","site-content-style":"default","site-sidebar-style":"default","ast-global-header-display":"","ast-banner-title-visibility":"","ast-main-header-display":"","ast-hfb-above-header-display":"","ast-hfb-below-header-display":"","ast-hfb-mobile-header-display":"","site-post-title":"","ast-breadcrumbs-content":"","ast-featured-img":"","footer-sml-layout":"","theme-transparent-header-meta":"","adv-header-id-meta":"","stick-header-meta":"","header-above-stick-meta":"","header-main-stick-meta":"","header-below-stick-meta":"","astra-migrate-meta-layouts":"default","ast-page-background-enabled":"default","ast-page-background-meta":{"desktop":{"background-color":"var(--ast-global-color-4)","background-image":"","background-repeat":"repeat","background-position":"center center","background-size":"auto","background-attachment":"scroll","background-type":"","background-media":"","overlay-type":"","overlay-color":"","overlay-opacity":"","overlay-gradient":""},"tablet":{"background-color":"","background-image":"","background-repeat":"repeat","background-position":"center center","background-size":"auto","background-attachment":"scroll","background-type":"","background-media":"","overlay-type":"","overlay-color":"","overlay-opacity":"","overlay-gradient":""},"mobile":{"background-color":"","background-image":"","background-repeat":"repeat","background-position":"center center","background-size":"auto","background-attachment":"scroll","background-type":"","background-media":"","overlay-type":"","overlay-color":"","overlay-opacity":"","overlay-gradient":""}},"ast-content-background-meta":{"desktop":{"background-color":"var(--ast-global-color-5)","background-image":"","background-repeat":"repeat","background-position":"center center","background-size":"auto","background-attachment":"scroll","background-type":"","background-media":"","overlay-type":"","overlay-color":"","overlay-opacity":"","overlay-gradient":""},"tablet":{"background-color":"var(--ast-global-color-5)","background-image":"","background-repeat":"repeat","background-position":"center center","background-size":"auto","background-attachment":"scroll","background-type":"","background-media":"","overlay-type":"","overlay-color":"","overlay-opacity":"","overlay-gradient":""},"mobile":{"background-color":"var(--ast-global-color-5)","background-image":"","background-repeat":"repeat","background-position":"center center","background-size":"auto","background-attachment":"scroll","background-type":"","background-media":"","overlay-type":"","overlay-color":"","overlay-opacity":"","overlay-gradient":""}}},"product_brand":[],"product_cat":[675],"product_tag":[489,491,558,506,559,508,509,510,531,481,472,560,561,562,514,515,516,517,518,535,536,462,537,563,564,467,501,523,565,566,567,568,569,503],"class_list":{"0":"post-1784","1":"product","2":"type-product","3":"status-publish","4":"has-post-thumbnail","6":"product_cat-buy-cali-buds","7":"product_tag-best-cali-packs","8":"product_tag-buy-cali-bud-or-no-bud-online","9":"product_tag-buy-cali-bud-or-no-bud-sweet-and-sour-online","10":"product_tag-buy-cali-buds","11":"product_tag-buy-sweet-and-sour-cali-bud-or-no-bud-online","12":"product_tag-buy-weed-online","13":"product_tag-by-the-best-cali-buds","14":"product_tag-cali-bags","15":"product_tag-cali-bud","16":"product_tag-cali-bud-or-no-bud-for-sale","17":"product_tag-cali-bud-or-no-bud-near-me","18":"product_tag-cali-bud-or-no-bud-sweet-and-sour","19":"product_tag-cali-bud-or-no-bud-sweet-and-sour-for-sale","20":"product_tag-cali-bud-or-no-bud-sweet-and-sour-near-me","21":"product_tag-cali-bud-packs","22":"product_tag-cali-buds-online","23":"product_tag-cali-flavors","24":"product_tag-cali-flavours","25":"product_tag-cali-gush-lato","26":"product_tag-cali-plug-bud","27":"product_tag-cali-plug-buds","28":"product_tag-cali-plug-cali-bud-or-no-bud","29":"product_tag-cali-plug-strains","30":"product_tag-cali-sweet-and-sour","31":"product_tag-cali-sweet-and-sour-strain","32":"product_tag-hardball-cookies","33":"product_tag-marshmallow-strain","34":"product_tag-order-weed-online","35":"product_tag-sweet-and-sour-cali-bud-or-no-bud","36":"product_tag-sweet-and-sour-cali-bud-or-no-bud-for-sale","37":"product_tag-sweet-and-sour-cali-bud-or-no-bud-near-me","38":"product_tag-sweet-and-sour-strain","39":"product_tag-sweet-and-sour-weed-strain","40":"product_tag-top-cali-bud-packs","41":"desktop-align-center","42":"tablet-align-left","43":"mobile-align-left","45":"first","46":"instock","47":"shipping-taxable","48":"purchasable","49":"product-type-variable"},"uagb_featured_image_src":{"full":["https:\/\/caliweedeurope.com\/wp-content\/uploads\/2024\/11\/1-e1579244057102.jpeg",900,1200,false],"thumbnail":["https:\/\/caliweedeurope.com\/wp-content\/uploads\/2024\/11\/1-e1579244057102-150x150.jpeg",150,150,true],"medium":["https:\/\/caliweedeurope.com\/wp-content\/uploads\/2024\/11\/1-e1579244057102-225x300.jpeg",225,300,true],"medium_large":["https:\/\/caliweedeurope.com\/wp-content\/uploads\/2024\/11\/1-e1579244057102-768x1024.jpeg",768,1024,true],"large":["https:\/\/caliweedeurope.com\/wp-content\/uploads\/2024\/11\/1-e1579244057102-768x1024.jpeg",768,1024,true],"1536x1536":["https:\/\/caliweedeurope.com\/wp-content\/uploads\/2024\/11\/1-e1579244057102.jpeg",900,1200,false],"2048x2048":["https:\/\/caliweedeurope.com\/wp-content\/uploads\/2024\/11\/1-e1579244057102.jpeg",900,1200,false],"trp-custom-language-flag":["https:\/\/caliweedeurope.com\/wp-content\/uploads\/2024\/11\/1-e1579244057102.jpeg",9,12,false],"woocommerce_thumbnail":["https:\/\/caliweedeurope.com\/wp-content\/uploads\/2024\/11\/1-e1579244057102-300x300.jpeg",300,300,true],"woocommerce_single":["https:\/\/caliweedeurope.com\/wp-content\/uploads\/2024\/11\/1-e1579244057102-600x800.jpeg",600,800,true],"woocommerce_gallery_thumbnail":["https:\/\/caliweedeurope.com\/wp-content\/uploads\/2024\/11\/1-e1579244057102-100x100.jpeg",100,100,true]},"uagb_author_info":{"display_name":"jetskiforsaleuk@gmail.com","author_link":"https:\/\/caliweedeurope.com\/it\/author\/"},"uagb_comment_info":0,"uagb_excerpt":"Cali bud Sweet and Sour Strain. In view of its decent cannabinoid profile. Sweet and Sour Widow\u2019s psychoactive impacts are mellow. Making this strain appropriate for beginner purchasers and patients expecting to sedate without a foggy head. Prepared Widow is gotten from White Widow hereditary qualities and an anonymous Sativa-half complement to its CBD profile.","_links":{"self":[{"href":"https:\/\/caliweedeurope.com\/it\/wp-json\/wp\/v2\/product\/1784"}],"collection":[{"href":"https:\/\/caliweedeurope.com\/it\/wp-json\/wp\/v2\/product"}],"about":[{"href":"https:\/\/caliweedeurope.com\/it\/wp-json\/wp\/v2\/types\/product"}],"replies":[{"embeddable":true,"href":"https:\/\/caliweedeurope.com\/it\/wp-json\/wp\/v2\/comments?post=1784"}],"wp:featuredmedia":[{"embeddable":true,"href":"https:\/\/caliweedeurope.com\/it\/wp-json\/wp\/v2\/media\/1703"}],"wp:attachment":[{"href":"https:\/\/caliweedeurope.com\/it\/wp-json\/wp\/v2\/media?parent=1784"}],"wp:term":[{"taxonomy":"product_brand","embeddable":true,"href":"https:\/\/caliweedeurope.com\/it\/wp-json\/wp\/v2\/product_brand?post=1784"},{"taxonomy":"product_cat","embeddable":true,"href":"https:\/\/caliweedeurope.com\/it\/wp-json\/wp\/v2\/product_cat?post=1784"},{"taxonomy":"product_tag","embeddable":true,"href":"https:\/\/caliweedeurope.com\/it\/wp-json\/wp\/v2\/product_tag?post=1784"}],"curies":[{"name":"wp","href":"https:\/\/api.w.org\/{rel}","templated":true}]}}