{"id":1790,"date":"2024-11-05T18:39:20","date_gmt":"2024-11-05T18:39:20","guid":{"rendered":"https:\/\/caliweedeurope.com\/?post_type=product&#038;p=1790"},"modified":"2024-11-05T18:39:26","modified_gmt":"2024-11-05T18:39:26","slug":"buy-cali-bud-zkittles-strain-online","status":"publish","type":"product","link":"https:\/\/caliweedeurope.com\/it\/product\/buy-cali-bud-zkittles-strain-online\/","title":{"rendered":"Buy Cali Bud Zkittles Strain Online"},"content":{"rendered":"<h1 style=\"text-align: center\"><strong>ZKITTLES <\/strong><strong>CALI BUD OR NO BUD\u00a0|<\/strong><strong>\u00a0CALI BUD OR NO BUD\u00a0<\/strong><strong>ZKITTLES <\/strong><strong>|<\/strong><strong>\u00a0CALI PLUG CALI BUD OR NO BUD<\/strong><\/h1>\n<p><strong>Cali Bud Zkittles Strain<\/strong><\/p>\n<p>Zkittlez, conosciuto anche come \"Skittles\", \"Skittlz\" e \"Island Skittles\", \u00e8 una variet\u00e0 di marijuana Indica ottenuta da un incrocio tra Grape Ape e Grapefruit, che \u00e8 stata incrociata con un'altra variet\u00e0 non divulgata. Questa variet\u00e0 dal sapore di caramelle \u00e8 stata creata da 3rd Gen Family e Terp Hogz.<\/p>\n<p class=\"translation-block\"><b>Zkittlez<\/b>, noto anche come \"Skittles\", \"Skittlz\" e \"Island Skittles\", \u00e8 una variet\u00e0 di cannabis <a href=\"https:\/\/www.leafly.com\/strains\/lists\/category\/indica\" target=\"_blank\" rel=\"noopener\">indica<\/a> ottenuta dall'incrocio di Grape Ape e Grapefruit, che \u00e8 stata incrociata con un'altra variet\u00e0 non divulgata. Questa variet\u00e0 dal sapore dolce \u00e8 stata creata da 3rd Gen Family e Terp Hogz. Zkittlez ha vinto il primo posto all'Emrald Cup 2016 e ha ottenuto premi in vari Cannabis Cups a San Francisco e Michigan. Questa variet\u00e0 presenta colas spessi che esplodono in uno spettro di tonalit\u00e0 verdi chiare ed emettono una miscela dolce e tropicale di sapori di frutta. Gli effetti di Zkittlez sono calmanti, lasciando gli utenti concentrati, svegli e felici mentre rilassano il corpo per aiutare a rilassarsi in qualsiasi momento della giornata.<\/p>\n<p>Zkittlez \u00e8 una variet\u00e0 sempre pi\u00f9 popolare che vale la pena acquistare quando la si trova sugli scaffali dei dispensari. \u00c8 piacevole da gustare da sola o da condividere con amici che la pensano allo stesso modo.<\/p>\n<p>Zkittlez pu\u00f2 avere anche diverse applicazioni per i pazienti di cannabis medica. Le propriet\u00e0 mentali iniziali di questa variet\u00e0 possono aiutare la concentrazione per chi ha disturbi da deficit di attenzione. Quando subentra l'effetto fisico, pu\u00f2 lenire temporaneamente i sintomi di stress, depressione e ansia. I benefici fisici includono il sollievo sia dal dolore cronico che dalle piccole irritazioni quotidiane. Zkittlez pu\u00f2 anche aumentare l'appetito, aiutando chi ha perso la fame.<\/p>\n<h2 style=\"text-align: center\"><strong>\u00a0BUY\u00a0<\/strong><strong>ZKITTLES\u00a0<\/strong><strong>\u00a0CALI BUD OR NO BUD\u00a0 ONLINE | BUY CALI BUD OR NO BUD\u00a0<\/strong><strong>ZKITTLES\u00a0<\/strong><strong>ONLINE | BUY CALI BUD OR NO BUD ONLINE<\/strong><\/h2>\n<p><strong>Premi della variet\u00e0 Cali Bud Zkittles<\/strong><\/p>\n<p>Zkittlez ha vinto il primo posto alla Emerald Cup 2016 e ha ottenuto piazzamenti in vari Cannabis Cup a San Francisco e in Michigan. Questa variet\u00e0 presenta colas grandi che esplodono in una gamma di tonalit\u00e0 verde chiaro ed emettono una miscela dolce e tropicale di sapori di frutta.<\/p>\n<p>Indica Dominant Hybrid <span class=\"hidden-xs\" style=\"color: #333333;font-size: 14.4px\">\u2013\u00a0<\/span><span class=\"strain-percentages\" style=\"color: #333333;font-size: 14.4px\">70% Indica \/ 30% Sativa<\/span><\/p>\n<div class=\"variety-percentage-wrap\">\n<h4 class=\"percentage\"><span class=\"heading\">THC:\u00a0<\/span>13% \u2013 15%<\/h4>\n<\/p><\/div>\n<p>Zkittlez ha vinto il primo posto alla Emerald Cup 2016 e ha ottenuto piazzamenti in vari Cannabis Cup a San Francisco e in Michigan. Questa variet\u00e0 presenta colas grandi che esplodono in una gamma di tonalit\u00e0 verde chiaro ed emettono una miscela dolce e tropicale di sapori di frutta.<\/p>\n<h3 style=\"text-align: center\"><strong>ZKITTLES\u00a0<\/strong><strong>CALI BUD OR NO BUD FOR SALE | CALI BUD OR NO BUD <\/strong><strong>ZKITTLES\u00a0<\/strong><strong>FOR SALE | CALI BUD OR NO BUD\u00a0 FOR SALE<\/strong><\/h3>\n<p><strong>Acquista la variet\u00e0 Cali Bud Zkittles online<\/strong><\/p>\n<p>Zkittlez \u00e8 altrettanto invitante quanto il suo sapore, anche se \u00e8 relativamente mite nella natura. Inizia con un effetto stimolante sulla testa che ti lascia euforico e creativamente ispirato, senza causare ansia o sopraffazione. Questo \u00e8 accompagnato da una sensazione di rilassamento nel corpo che si diffonde lentamente in tutto il corpo e fino alle dita, lasciandoti completamente calmo e senza dolore senza limitare il tuo movimento. Un leggero effetto sonnolento ti prender\u00e0 durante la discesa, anche se non ti far\u00e0 addormentare.<\/p>\n<p class=\"translation-block\">Sebbene Zkittlez agisca relativamente rapidamente, i suoi effetti concentrati sulla testa tendono ad essere sottili. All'inizio pu\u00f2 verificarsi una leggera pressione intorno agli occhi e alle tempie. Tuttavia, man mano che i fumatori si abituano a questa sensazione, riescono ad apprezzare l'effetto della variet\u00e0 sulla loro percezione sensoriale. Esperienze strane come distorsioni visive e uditive sono comunemente riportate, cos\u00ec come una sensazione strana che il tempo passi pi\u00f9 lentamente. Questi effetti psichedelici possono essere potenziati da miglioramenti atmosferici, in particolare da musica d'atmosfera o da uno show televisivo visivamente coinvolgente.<\/p>\n<h4 style=\"text-align: center\"><strong>CALI BUD OR NO BUD \u00a0<\/strong><strong>ZKITTLES <\/strong><strong>NEAR ME |\u00a0<\/strong><strong>ZKITTLES<\/strong><strong> CALI BUD OR NO BUD NEAR ME | CALI BUD OR NO BUD \u00a0NEAR ME<\/strong><\/h4>\n<h5><strong style=\"color: #555555;font-size: 14.4px\">Sentimenti<\/strong><\/h5>\n<p><strong>Felice<\/strong><br \/> Il 49% delle persone riferisce di sentirsi felici<br \/> <strong>Rilassato<\/strong><br \/> Il 44% delle persone riferisce di sentirsi rilassato<br \/> <strong>Eccitato<\/strong><br \/> Il 16% delle persone riferisce di sentirsi eccitati<br \/> <strong>Negativi<\/strong><br \/> <strong>Bocca secca<\/strong><br \/> 12% of people report feeling dry mouth<br \/> <strong>Occhi secchi<\/strong><br \/> Il 10% delle persone riferisce di avere gli occhi secchi<br \/> <strong>Stordito<\/strong><br \/> L'5% delle persone riferisce di sentirsi stordito<\/p>\n<p>Acquista pacchetti di erba Cali online e ottieni spedizione gratuita per ordini superiori a 500. The Cali Plug \u00e8 il tuo fornitore numero uno con questi sapori di bud di alta qualit\u00e0.<\/p>\n<p>Zkittlez, a volte scritto anche Skittlez o semplicemente Skittles, \u00e8 un ibrido a dominanza indica che esplode con sapori fruttati. Creato dal collettivo Dying Breed Seeds della California del Nord, questa variet\u00e0 discende dall'indica fruttata Grape Ape e dalla sativa agrumata Grapefruit. Skittles combina gli effetti mentali e fisici di entrambe le variet\u00e0 parentali per un high morbido e multifacetico. Il contenuto di THC di Zkittlez varia tra il 15% e il 23%.<\/p>\n<h5 style=\"text-align: center\"><strong>ZKITTLES\u00a0<\/strong><strong> STRAIN | <\/strong><strong>ZKITTLES <\/strong><strong>WEED STRAIN | CALI\u00a0<\/strong><strong>ZKITTLES <\/strong><strong>| CALI\u00a0<\/strong><strong>ZKITTLES<\/strong><strong>\u00a0STRAIN<\/strong><\/h5>\n<p><strong>Avviso Cali Bud Zkittles<\/strong><\/p>\n<p>Questo prodotto contiene cannabis, una sostanza regolamentata. Tenere fuori dalla portata di bambini e animali. I prodotti a base di cannabis possono essere posseduti o consumati solo da persone di et\u00e0 superiore ai 21 anni, a meno che la persona non sia un paziente qualificato. Gli effetti psicoattivi dei prodotti a base di cannabis possono durare fino a due ore. L'uso di cannabis durante la gravidanza o l'allattamento pu\u00f2 essere dannoso. Il consumo di questo prodotto compromette la capacit\u00e0 di guidare o utilizzare macchinari. Usare con estrema cautela.<\/p>\n<p>Come il suo omonimo, questa variet\u00e0 ti offre l'opportunit\u00e0 di assaporare l'arcobaleno \u2013 ma, come si scopre, Zkittlez ti permette anche di vedere un arcobaleno. A seconda del fenotipo, i fiori spessi e robusti della pianta appaiono in una variet\u00e0 di verdi e viola, con capelli arancioni vivaci (o pistilli) sparsi qua e l\u00e0. Le tonalit\u00e0 viola sorprendenti sono il risultato di alte concentrazioni di pigmenti antociani. Le cime potate hanno una struttura tipicamente indica, compatta e densa, con foglie piuttosto piccole. Infine, uno strato di tricommi bianchi lattiginosi garantisce sia appiccicosit\u00e0 che attivit\u00e0 psicoattiva.<\/p>\n<div data-testid=\"product-description\">\n<div class=\"truncate-lines__Wrapper-sc-1lknwty-0 YxHAC\">\n<div data-testid=\"truncated-description\">\n<div>\n<div class=\"text__Text-sc-fif1uk-0 kdmKRD\">\n<div class=\"src__Box-sc-1sbtrzs-0 src__Flex-sc-1sbtrzs-1 kWPFqZ hzdsvF\">\n<div>CATEGORIE DI PRODOTTO CAMPIONE<\/div>\n<\/p><\/div>\n<\/p><\/div>\n<\/p><\/div>\n<\/p><\/div>\n<\/p><\/div>\n<\/p><\/div>\n<div class=\"text__Text-sc-fif1uk-0 htoJfX\"><a href=\"https:\/\/jeetersofficial.com\/product-category\/buy-cali-buds\/\" target=\"_blank\" rel=\"noopener\">CALI BUDS<\/a><\/div>\n<div data-testid=\"product-description\">\n<div class=\"truncate-lines__Wrapper-sc-1lknwty-0 YxHAC\">\n<div data-testid=\"truncated-description\">\n<div class=\"text__Text-sc-fif1uk-0 kdmKRD\"><a href=\"https:\/\/jeetersofficial.com\/product-category\/backpack-boyz\/\" target=\"_blank\" rel=\"noopener\">Backpack\u00a0 Boyz<\/a><\/div>\n<div><a href=\"https:\/\/jeetersofficial.com\/product-category\/snow-balls-weed\/\" target=\"_blank\" rel=\"noopener\">SNOWBALLS WEED<\/a><\/div>\n<div><a href=\"https:\/\/jeetersofficial.com\/product-category\/persy-snowcaps\/\" target=\"_blank\" rel=\"noopener\">Persy Snowcaps<\/a><\/div>\n<div><a href=\"https:\/\/jeetersofficial.com\/product-category\/drip-snowcaps\/\" target=\"_blank\" rel=\"noopener\">Drip Snowcaps<\/a><\/div>\n<div><a href=\"https:\/\/jeetersofficial.com\/product-category\/concentrates\/\" target=\"_blank\" rel=\"noopener\">CALI CONCENTRATES<\/a><\/div>\n<div><a href=\"https:\/\/jeetersofficial.com\/product-category\/doja-exclusive\/\" target=\"_blank\" rel=\"noopener\">CALI DOJA PACKS EXCLUSIVE<\/a><\/div>\n<div><a href=\"https:\/\/jeetersofficial.com\/product-category\/marijuana-flowers\/\" target=\"_blank\" rel=\"noopener\">CALI MARIJUANA FLOWERS<\/a><\/div>\n<\/p><\/div>\n<\/p><\/div>\n<\/p><\/div>\n<div><a href=\"https:\/\/jeetersofficial.com\/product-category\/sativa-strain\/\" target=\"_blank\" rel=\"noopener\">CALI SATIVA STRAINS<\/a><\/div>\n<div><a href=\"https:\/\/jeetersofficial.com\/product-category\/indica\/\" target=\"_blank\" rel=\"noopener\">CALI INDICA STRAINS<\/a><\/div>\n<div><a href=\"https:\/\/jeetersofficial.com\/product-category\/hybrid-weed\/\" target=\"_blank\" rel=\"noopener\">CALI HYBRID WEED<\/a><\/div>","protected":false},"excerpt":{"rendered":"<p><strong>Cali Bud Zkittles Strain<\/strong><\/p>\n<p>Zkittlez, conosciuto anche come \"Skittles\", \"Skittlz\" e \"Island Skittles\", \u00e8 una variet\u00e0 di marijuana Indica ottenuta da un incrocio tra Grape Ape e Grapefruit, che \u00e8 stata incrociata con un'altra variet\u00e0 non divulgata. Questa variet\u00e0 dal sapore di caramelle \u00e8 stata creata da 3rd Gen Family e Terp Hogz.<\/p>\n<p><strong>Premi della variet\u00e0 Cali Bud Zkittles<\/strong><\/p>\n<p>Zkittlez ha vinto il primo posto alla Emerald Cup 2016 e ha ottenuto piazzamenti in vari Cannabis Cup a San Francisco e in Michigan. Questa variet\u00e0 presenta colas grandi che esplodono in una gamma di tonalit\u00e0 verde chiaro ed emettono una miscela dolce e tropicale di sapori di frutta.<\/p>","protected":false},"featured_media":1803,"comment_status":"closed","ping_status":"closed","template":"","meta":{"_uag_custom_page_level_css":"","site-sidebar-layout":"default","site-content-layout":"","ast-site-content-layout":"","site-content-style":"default","site-sidebar-style":"default","ast-global-header-display":"","ast-banner-title-visibility":"","ast-main-header-display":"","ast-hfb-above-header-display":"","ast-hfb-below-header-display":"","ast-hfb-mobile-header-display":"","site-post-title":"","ast-breadcrumbs-content":"","ast-featured-img":"","footer-sml-layout":"","theme-transparent-header-meta":"","adv-header-id-meta":"","stick-header-meta":"","header-above-stick-meta":"","header-main-stick-meta":"","header-below-stick-meta":"","astra-migrate-meta-layouts":"default","ast-page-background-enabled":"default","ast-page-background-meta":{"desktop":{"background-color":"var(--ast-global-color-4)","background-image":"","background-repeat":"repeat","background-position":"center center","background-size":"auto","background-attachment":"scroll","background-type":"","background-media":"","overlay-type":"","overlay-color":"","overlay-opacity":"","overlay-gradient":""},"tablet":{"background-color":"","background-image":"","background-repeat":"repeat","background-position":"center center","background-size":"auto","background-attachment":"scroll","background-type":"","background-media":"","overlay-type":"","overlay-color":"","overlay-opacity":"","overlay-gradient":""},"mobile":{"background-color":"","background-image":"","background-repeat":"repeat","background-position":"center center","background-size":"auto","background-attachment":"scroll","background-type":"","background-media":"","overlay-type":"","overlay-color":"","overlay-opacity":"","overlay-gradient":""}},"ast-content-background-meta":{"desktop":{"background-color":"var(--ast-global-color-5)","background-image":"","background-repeat":"repeat","background-position":"center center","background-size":"auto","background-attachment":"scroll","background-type":"","background-media":"","overlay-type":"","overlay-color":"","overlay-opacity":"","overlay-gradient":""},"tablet":{"background-color":"var(--ast-global-color-5)","background-image":"","background-repeat":"repeat","background-position":"center center","background-size":"auto","background-attachment":"scroll","background-type":"","background-media":"","overlay-type":"","overlay-color":"","overlay-opacity":"","overlay-gradient":""},"mobile":{"background-color":"var(--ast-global-color-5)","background-image":"","background-repeat":"repeat","background-position":"center center","background-size":"auto","background-attachment":"scroll","background-type":"","background-media":"","overlay-type":"","overlay-color":"","overlay-opacity":"","overlay-gradient":""}}},"product_brand":[],"product_cat":[675],"product_tag":[491,688,689,481,472,690,691,692,693,694,695,696],"class_list":{"0":"post-1790","1":"product","2":"type-product","3":"status-publish","4":"has-post-thumbnail","6":"product_cat-buy-cali-buds","7":"product_tag-buy-cali-bud-or-no-bud-online","8":"product_tag-buy-cali-bud-or-no-bud-zkittles-online","9":"product_tag-buy-zkittles-cali-bud-or-no-bud-online","10":"product_tag-cali-bud-or-no-bud-for-sale","11":"product_tag-cali-bud-or-no-bud-near-me","12":"product_tag-cali-bud-or-no-bud-zkittles","13":"product_tag-cali-bud-or-no-bud-zkittles-for-sale","14":"product_tag-cali-bud-or-no-bud-zkittles-near-me","15":"product_tag-zkittles-cali-bud-or-no-bud-for-sale","16":"product_tag-zkittles-cali-bud-or-no-bud-near-me","17":"product_tag-zkittles-strain","18":"product_tag-zkittles-weed-strain","19":"desktop-align-center","20":"tablet-align-left","21":"mobile-align-left","23":"first","24":"instock","25":"shipping-taxable","26":"purchasable","27":"product-type-variable"},"uagb_featured_image_src":{"full":["https:\/\/caliweedeurope.com\/wp-content\/uploads\/2024\/11\/fullsizeout.jpeg",600,783,false],"thumbnail":["https:\/\/caliweedeurope.com\/wp-content\/uploads\/2024\/11\/fullsizeout-150x150.jpeg",150,150,true],"medium":["https:\/\/caliweedeurope.com\/wp-content\/uploads\/2024\/11\/fullsizeout-230x300.jpeg",230,300,true],"medium_large":["https:\/\/caliweedeurope.com\/wp-content\/uploads\/2024\/11\/fullsizeout.jpeg",600,783,false],"large":["https:\/\/caliweedeurope.com\/wp-content\/uploads\/2024\/11\/fullsizeout.jpeg",600,783,false],"1536x1536":["https:\/\/caliweedeurope.com\/wp-content\/uploads\/2024\/11\/fullsizeout.jpeg",600,783,false],"2048x2048":["https:\/\/caliweedeurope.com\/wp-content\/uploads\/2024\/11\/fullsizeout.jpeg",600,783,false],"trp-custom-language-flag":["https:\/\/caliweedeurope.com\/wp-content\/uploads\/2024\/11\/fullsizeout.jpeg",9,12,false],"woocommerce_thumbnail":["https:\/\/caliweedeurope.com\/wp-content\/uploads\/2024\/11\/fullsizeout-300x300.jpeg",300,300,true],"woocommerce_single":["https:\/\/caliweedeurope.com\/wp-content\/uploads\/2024\/11\/fullsizeout.jpeg",600,783,false],"woocommerce_gallery_thumbnail":["https:\/\/caliweedeurope.com\/wp-content\/uploads\/2024\/11\/fullsizeout-100x100.jpeg",100,100,true]},"uagb_author_info":{"display_name":"jetskiforsaleuk@gmail.com","author_link":"https:\/\/caliweedeurope.com\/it\/author\/"},"uagb_comment_info":0,"uagb_excerpt":"Cali Bud Zkittles Strain Zkittlez, also known as \u201cSkittles,\u201d \u201cSkittlz,\u201d and \u201cIsland Skittles\u201d is an Indica marijuana strain bred from a mix of Grape Ape and Grapefruit that is crossed with another undisclosed strain. This candy-flavored strain was bred by 3rd Gen Family and Terp Hogz. Cali Bud Zkittles Strain Awards Zkittlez won 1st Place&hellip;","_links":{"self":[{"href":"https:\/\/caliweedeurope.com\/it\/wp-json\/wp\/v2\/product\/1790"}],"collection":[{"href":"https:\/\/caliweedeurope.com\/it\/wp-json\/wp\/v2\/product"}],"about":[{"href":"https:\/\/caliweedeurope.com\/it\/wp-json\/wp\/v2\/types\/product"}],"replies":[{"embeddable":true,"href":"https:\/\/caliweedeurope.com\/it\/wp-json\/wp\/v2\/comments?post=1790"}],"wp:featuredmedia":[{"embeddable":true,"href":"https:\/\/caliweedeurope.com\/it\/wp-json\/wp\/v2\/media\/1803"}],"wp:attachment":[{"href":"https:\/\/caliweedeurope.com\/it\/wp-json\/wp\/v2\/media?parent=1790"}],"wp:term":[{"taxonomy":"product_brand","embeddable":true,"href":"https:\/\/caliweedeurope.com\/it\/wp-json\/wp\/v2\/product_brand?post=1790"},{"taxonomy":"product_cat","embeddable":true,"href":"https:\/\/caliweedeurope.com\/it\/wp-json\/wp\/v2\/product_cat?post=1790"},{"taxonomy":"product_tag","embeddable":true,"href":"https:\/\/caliweedeurope.com\/it\/wp-json\/wp\/v2\/product_tag?post=1790"}],"curies":[{"name":"wp","href":"https:\/\/api.w.org\/{rel}","templated":true}]}}