{"id":1796,"date":"2024-11-05T18:39:20","date_gmt":"2024-11-05T18:39:20","guid":{"rendered":"https:\/\/caliweedeurope.com\/?post_type=product&#038;p=1796"},"modified":"2024-11-05T18:39:26","modified_gmt":"2024-11-05T18:39:26","slug":"buy-cali-bud-gas-strain-online","status":"publish","type":"product","link":"https:\/\/caliweedeurope.com\/it\/product\/buy-cali-bud-gas-strain-online\/","title":{"rendered":"Acquista Cali Bud Gas Strain online"},"content":{"rendered":"<h1 style=\"text-align: center\"><strong>\u00a0 \u00a0 \u00a0<\/strong><strong>GAS <\/strong><strong>CALI BUD OR NO BUD\u00a0|<\/strong><strong>\u00a0CALI BUD OR NO BUD\u00a0<\/strong><strong>GAS <\/strong><strong>|<\/strong><strong>\u00a0CALI PLUG CALI BUD OR NO BUD<\/strong><\/h1>\n<p><strong>Acquista Cali Gas Strain<\/strong><br \/> Compra Cali Gas cannabis bud strain online. Variet\u00e0 di cannabis indoor di alta qualit\u00e0.<\/p>\n<p><b>All Gas OG<\/b>anche conosciuto come 'Gas' o 'Asphalt Plant', \u00e8 un\u00a0<a href=\"https:\/\/www.leafly.com\/strains\/lists\/category\/indica\" target=\"_blank\" rel=\"noopener\">indica weed strain<\/a>\u00a0fatto incrociando\u00a0<a href=\"https:\/\/www.leafly.com\/strains\/venom-og\" target=\"_blank\" rel=\"noopener\">Venom OG<\/a>\u00a0con Humboldt OG. Gli effetti di All Gas OG sono pi\u00f9 calmanti che energizzanti. I consumatori che hanno fumato questa variet\u00e0 dicono che li fa sentire\u00a0<a href=\"https:\/\/www.leafly.com\/strains\/lists\/effect\/hungry\" target=\"_blank\" rel=\"noopener\">affamato<\/a>, rilassato e assonnato.<\/p>\n<p>Inoltre, per quanto riguarda il sapore, puoi aspettarti note forti e pungenti di<a href=\"https:\/\/www.leafly.com\/strains\/lists\/effect\/diesel\" target=\"_blank\" rel=\"noopener\">diesel<\/a>\u00a0e prodotti chimici. All Gas OG ha un contenuto di THC del 21%, rendendo questa variet\u00e0 una scelta ideale per i consumatori di cannabis esperti. Secondo i coltivatori, questa variet\u00e0 ha un tempo medio di fioritura di 55 giorni e cresce meglio al chiuso. Il creatore originale di All Gas OG \u00e8 la Humboldt Seed Company. Il terpene dominante di questa variet\u00e0 \u00e8 sconosciuto. Le variet\u00e0 di cannabis simili a Gas OG includono Huckleberry.\u00a0<a href=\"https:\/\/www.leafly.com\/strains\/animal-face\" target=\"_blank\" rel=\"noopener\">animale<\/a>Face, Monkey Tape e Bubba Doja.<\/p>\n<h2 style=\"text-align: center\"><strong>\u00a0BUY\u00a0<\/strong><strong>GAS\u00a0<\/strong><strong>CALI BUD OR NO BUD\u00a0 ONLINE | BUY CALI BUD OR NO BUD\u00a0<\/strong><strong>GAS\u00a0<\/strong><strong>ONLINE | BUY CALI BUD OR NO BUD ONLINE<\/strong><\/h2>\n<p><strong>Genetica di Cali Gas<\/strong><\/p>\n<p>Cali Gas \u00e8 una variet\u00e0 ibrida di cannabis dominante Sativa influente, incrociata con Grape Ape e Kandy Kush per ottenere questi straordinari <a href=\"https:\/\/caliplugcarts.com\/product\/buy-cali-plug-carts-online\/\" target=\"_blank\" rel=\"noopener\">strains<\/a><\/p>\n<p>Gas \u00e8 una rara variet\u00e0 di genetica misteriosa, anche se alcuni pensano che sia un fenotipo di OG Kush. Si dice che il collettivo ormai defunto Platinum Clouds l'abbia creata. Cali Gas cannabis.<\/p>\n<p>I principali aromi riportati di Gas sono terra, agrumi e diesel. Si dice che abbia il sapore di pino, spezie e limoni.<\/p>\n<div class=\"variety-percentage-wrap\">\n<h4 class=\"variety\">\u00a0Indica<\/h4>\n<h4 class=\"percentage\"><span class=\"heading\">THC:\u00a0<\/span>16% \u2013 19%<\/h4>\n<\/p><\/div>\n<p>Gas \u00e8 una variet\u00e0 100% indica pura creata dal famoso breeder Loompa presso le famigerate fattorie Platinum Clouds a San Jose, California. Questa potente variet\u00e0 ha una genetica sconosciuta a causa del segreto del breeder, sebbene si ritenga generalmente che sia probabilmente un\u00a0<a href=\"https:\/\/www.allbud.com\/marijuana-strains\/sativa-dominant-hybrid\/og-kush\" target=\"_blank\" rel=\"noopener\">OG Kush<\/a> phenotype.<\/p>\n<p>Questo effetto corporeo ti lascia completamente rilassato, senza dolore e totalmente sedato. Durante il calo, cadrai in un sonno profondo e tranquillo, senza dolore, che dura ore. Cannabis Cali Gas.<\/p>\n<h3 style=\"text-align: center\"><strong style=\"font-size: 20.16px;text-align: center;color: #333333\">GAS <\/strong><strong style=\"font-size: 20.16px;text-align: center;color: #333333\">CALI BUD OR NO BUD FOR SALE | CALI BUD OR NO BUD\u00a0\u00a0<\/strong><strong style=\"font-size: 20.16px;text-align: center;color: #333333\">GAS\u00a0<\/strong><strong style=\"font-size: 20.16px;text-align: center;color: #333333\">FOR SALE | CALI BUD OR NO BUD\u00a0 FOR SALE<\/strong><\/h3>\n<h4><strong style=\"color: #555555\">Applicazioni mediche delle infiorescenze esotiche Cali Gas<\/strong><\/h4>\n<p>Inoltre, questa variet\u00e0 \u00e8 ideale per i pazienti che soffrono di ansia e dolore cronico. Garantisce un sollievo immediato dal dolore. I suoi effetti leggeri possono alleviare dolori e nausea. Pu\u00f2 anche aiutare a combattere i sintomi del disturbo da stress post-traumatico (PTSD).<\/p>\n<p class=\"about-title\"><strong>Informazioni su Gas<\/strong><\/p>\n<div class=\"effect-wrapper ng-star-inserted\">\n<div>\n<p>Gas pu\u00f2 essere un termine informale usato per descrivere cannabis di qualit\u00e0 \u2013 simile a \u201cloud\u201d \u2013 ma Gas \u00e8 anche il nome di almeno una vera variet\u00e0. Il coltivatore Loompa dell'operazione di coltivazione Platinum Clouds di San Jose ha creato una variet\u00e0 chiamata Gas che si pensa sia un fenotipo distinto di\u00a0<a href=\"https:\/\/www.wikileaf.com\/strain\/og-kush\/\" target=\"_blank\" rel=\"noopener\">OG Kush<\/a>. Chiamata per il suo aroma simile alla benzina, questo fiore ha livelli di THC misurati tra il 16% e il 21%.<\/p>\n<\/p><\/div>\n<\/p><\/div>\n<h4 style=\"text-align: center\"><strong>CALI BUD OR NO BUD \u00a0<\/strong><strong>GAS\u00a0<\/strong><strong>\u00a0NEAR ME |\u00a0<\/strong><strong>GAS\u00a0<\/strong><strong>CALI BUD OR NO BUD\u00a0\u00a0 NEAR ME | CALI BUD OR NO BUD \u00a0NEAR ME<\/strong><\/h4>\n<h5><strong style=\"color: #555555;font-size: 14.4px\">Coltivazione<\/strong><span style=\"color: #555555;font-size: 14.4px\">\u00a0<\/span><strong style=\"color: #555555;font-size: 14.4px\">Cali Gas Bud<\/strong><\/h5>\n<p>Questa variet\u00e0 cresce compatta e pu\u00f2 prosperare sia all'interno che all'esterno, o anche in una serra. Le piante devono essere vegetate per almeno un mese, se non cinque. La variet\u00e0 fiorisce per otto-nove settimane e produce un grammo per watt all'interno. I coltivatori all'aperto possono raccogliere fino a una libbra per pianta. Compra Cali Exotic Bud.<\/p>\n<p>Gas si distingue per i suoi fiori piccoli che mantengono una forma simile a una pigna, che si assottigliano dalla base larga fino a una punta appuntita. Questi fiori hanno una struttura compatta e densa, con foglie che si arrotolano strettamente verso l'interno dei loro fusti centrali. Le foglie stesse sono di un verde muschioso e sono intrecciate con peli arancioni vivaci (che in realt\u00e0 sono strutture riproduttive chiamate pistilli, destinati a catturare il polline delle piante maschili). Infine, i fiori di Gas sono coronati da un alto volume di tricomi bianchi e lucenti che conferiscono a questi boccioli una texture appiccicosa, rendendoli difficili da sminuzzare senza l'uso di un macinino di qualit\u00e0.<\/p>\n<h5 style=\"text-align: center\"><strong>GAS\u00a0<\/strong><strong>\u00a0STRAIN | \u00a0<\/strong><strong>GAS\u00a0<\/strong><strong>WEED STRAIN | CALI\u00a0<\/strong><strong>GAS\u00a0<\/strong><strong>| CALI\u00a0<\/strong><strong>GAS\u00a0<\/strong><strong>\u00a0STRAIN<\/strong><\/h5>\n<p><strong>Compra Cali Gas Bud Avvertenza<\/strong><br \/> In conclusione: Questo prodotto contiene cannabis, una sostanza regolamentata. Tenere fuori dalla portata di bambini e animali. Gli effetti inebrianti dei prodotti a base di cannabis possono durare fino a due ore. L'uso di cannabis durante la gravidanza o l'allattamento pu\u00f2 essere dannoso. Il consumo di questi prodotti compromette la capacit\u00e0 di guidare o utilizzare macchinari. Si prega di usare estrema cautela. Acquista CBONB.<\/p>\n<p>Quando correttamente essiccato, Gas emette un aroma ricco e terroso, simile a quello del suolo umido. Al di sotto si percepisce anche una leggera acidit\u00e0 agrumata. La macinazione dei fiori rende onore al nome della variet\u00e0, sprigionando forti vapori di diesel e ammoniaca. Quando combusto in una pipa o in un joint, Gas brucia con un fumo acre che pu\u00f2 irritare i seni nasali e il palato. Questo fumo denso ha un sapore legnoso con note di limone nell\u2019espirazione.<\/p>\n<div data-testid=\"product-description\">\n<div class=\"truncate-lines__Wrapper-sc-1lknwty-0 YxHAC\">\n<div data-testid=\"truncated-description\">\n<div>\n<div class=\"text__Text-sc-fif1uk-0 kdmKRD\">\n<div class=\"src__Box-sc-1sbtrzs-0 src__Flex-sc-1sbtrzs-1 kWPFqZ hzdsvF\">\n<div>CATEGORIE DI PRODOTTO CAMPIONE<\/div>\n<\/p><\/div>\n<\/p><\/div>\n<\/p><\/div>\n<\/p><\/div>\n<\/p><\/div>\n<\/p><\/div>\n<div class=\"text__Text-sc-fif1uk-0 htoJfX\"><a href=\"https:\/\/jeetersofficial.com\/product-category\/buy-cali-buds\/\" target=\"_blank\" rel=\"noopener\">CALI BUDS<\/a><\/div>\n<div data-testid=\"product-description\">\n<div class=\"truncate-lines__Wrapper-sc-1lknwty-0 YxHAC\">\n<div data-testid=\"truncated-description\">\n<div class=\"text__Text-sc-fif1uk-0 kdmKRD\"><a href=\"https:\/\/jeetersofficial.com\/product-category\/backpack-boyz\/\" target=\"_blank\" rel=\"noopener\">Backpack\u00a0 Boyz<\/a><\/div>\n<div><a href=\"https:\/\/jeetersofficial.com\/product-category\/snow-balls-weed\/\" target=\"_blank\" rel=\"noopener\">SNOWBALLS WEED<\/a><\/div>\n<div><a href=\"https:\/\/jeetersofficial.com\/product-category\/persy-snowcaps\/\" target=\"_blank\" rel=\"noopener\">Persy Snowcaps<\/a><\/div>\n<div><a href=\"https:\/\/jeetersofficial.com\/product-category\/drip-snowcaps\/\" target=\"_blank\" rel=\"noopener\">Drip Snowcaps<\/a><\/div>\n<div><a href=\"https:\/\/jeetersofficial.com\/product-category\/concentrates\/\" target=\"_blank\" rel=\"noopener\">CALI CONCENTRATES<\/a><\/div>\n<div><a href=\"https:\/\/jeetersofficial.com\/product-category\/doja-exclusive\/\" target=\"_blank\" rel=\"noopener\">CALI DOJA PACKS EXCLUSIVE<\/a><\/div>\n<div><a href=\"https:\/\/jeetersofficial.com\/product-category\/marijuana-flowers\/\" target=\"_blank\" rel=\"noopener\">CALI MARIJUANA FLOWERS<\/a><\/div>\n<\/p><\/div>\n<\/p><\/div>\n<\/p><\/div>\n<div><a href=\"https:\/\/jeetersofficial.com\/product-category\/sativa-strain\/\" target=\"_blank\" rel=\"noopener\">CALI SATIVA STRAINS<\/a><\/div>\n<div><a href=\"https:\/\/jeetersofficial.com\/product-category\/indica\/\" target=\"_blank\" rel=\"noopener\">CALI INDICA STRAINS<\/a><\/div>\n<div><a href=\"https:\/\/jeetersofficial.com\/product-category\/hybrid-weed\/\" target=\"_blank\" rel=\"noopener\">CALI HYBRID WEED<\/a><\/div>","protected":false},"excerpt":{"rendered":"<p><strong>Compra Cali Gas Bud Avvertenza<\/strong><br \/> Questo prodotto contiene Cannabis, una sostanza regolamentata. Tenere fuori dalla portata di bambini e animali. I prodotti a base di cannabis possono essere posseduti o consumati solo da persone di et\u00e0 pari o superiore a 21 anni, a meno che la persona non sia un paziente qualificato. Gli effetti inebrianti dei prodotti a base di cannabis possono durare fino a due ore. L'uso di cannabis durante la gravidanza o l'allattamento pu\u00f2 essere dannoso. Il consumo di questi prodotti compromette la capacit\u00e0 di guidare o manovrare macchinari. Si prega di usare la massima cautela. Acquista CBONB<\/p>","protected":false},"featured_media":1704,"comment_status":"closed","ping_status":"closed","template":"","meta":{"_uag_custom_page_level_css":"","site-sidebar-layout":"default","site-content-layout":"","ast-site-content-layout":"","site-content-style":"default","site-sidebar-style":"default","ast-global-header-display":"","ast-banner-title-visibility":"","ast-main-header-display":"","ast-hfb-above-header-display":"","ast-hfb-below-header-display":"","ast-hfb-mobile-header-display":"","site-post-title":"","ast-breadcrumbs-content":"","ast-featured-img":"","footer-sml-layout":"","theme-transparent-header-meta":"","adv-header-id-meta":"","stick-header-meta":"","header-above-stick-meta":"","header-main-stick-meta":"","header-below-stick-meta":"","astra-migrate-meta-layouts":"default","ast-page-background-enabled":"default","ast-page-background-meta":{"desktop":{"background-color":"var(--ast-global-color-4)","background-image":"","background-repeat":"repeat","background-position":"center center","background-size":"auto","background-attachment":"scroll","background-type":"","background-media":"","overlay-type":"","overlay-color":"","overlay-opacity":"","overlay-gradient":""},"tablet":{"background-color":"","background-image":"","background-repeat":"repeat","background-position":"center center","background-size":"auto","background-attachment":"scroll","background-type":"","background-media":"","overlay-type":"","overlay-color":"","overlay-opacity":"","overlay-gradient":""},"mobile":{"background-color":"","background-image":"","background-repeat":"repeat","background-position":"center center","background-size":"auto","background-attachment":"scroll","background-type":"","background-media":"","overlay-type":"","overlay-color":"","overlay-opacity":"","overlay-gradient":""}},"ast-content-background-meta":{"desktop":{"background-color":"var(--ast-global-color-5)","background-image":"","background-repeat":"repeat","background-position":"center center","background-size":"auto","background-attachment":"scroll","background-type":"","background-media":"","overlay-type":"","overlay-color":"","overlay-opacity":"","overlay-gradient":""},"tablet":{"background-color":"var(--ast-global-color-5)","background-image":"","background-repeat":"repeat","background-position":"center center","background-size":"auto","background-attachment":"scroll","background-type":"","background-media":"","overlay-type":"","overlay-color":"","overlay-opacity":"","overlay-gradient":""},"mobile":{"background-color":"var(--ast-global-color-5)","background-image":"","background-repeat":"repeat","background-position":"center center","background-size":"auto","background-attachment":"scroll","background-type":"","background-media":"","overlay-type":"","overlay-color":"","overlay-opacity":"","overlay-gradient":""}}},"product_brand":[],"product_cat":[675],"product_tag":[489,570,491,506,571,508,509,531,492,481,572,573,574,472,516,517,575,576,461,462,464,465,577,578,579,580,581,501,503],"class_list":{"0":"post-1796","1":"product","2":"type-product","3":"status-publish","4":"has-post-thumbnail","6":"product_cat-buy-cali-buds","7":"product_tag-best-cali-packs","8":"product_tag-buy-cali-bud-or-no-bud-gas-online","9":"product_tag-buy-cali-bud-or-no-bud-online","10":"product_tag-buy-cali-buds","11":"product_tag-buy-gas-cali-bud-or-no-bud-online","12":"product_tag-buy-weed-online","13":"product_tag-by-the-best-cali-buds","14":"product_tag-cali-bud","15":"product_tag-cali-bud-or-no-bud","16":"product_tag-cali-bud-or-no-bud-for-sale","17":"product_tag-cali-bud-or-no-bud-gas","18":"product_tag-cali-bud-or-no-bud-gas-for-sale","19":"product_tag-cali-bud-or-no-bud-gas-near-me","20":"product_tag-cali-bud-or-no-bud-near-me","21":"product_tag-cali-flavors","22":"product_tag-cali-flavours","23":"product_tag-cali-gas","24":"product_tag-cali-gas-strain","25":"product_tag-cali-packs","26":"product_tag-cali-plug-cali-bud-or-no-bud","27":"product_tag-cali-weed-bags","28":"product_tag-cali-weed-flavors","29":"product_tag-gas-cali-bud-or-no-bud","30":"product_tag-gas-cali-bud-or-no-bud-for-sale","31":"product_tag-gas-cali-bud-or-no-bud-near-me","32":"product_tag-gas-strain","33":"product_tag-gas-weed-strain","34":"product_tag-marshmallow-strain","35":"product_tag-top-cali-bud-packs","36":"desktop-align-center","37":"tablet-align-left","38":"mobile-align-left","40":"first","41":"instock","42":"shipping-taxable","43":"purchasable","44":"product-type-variable"},"uagb_featured_image_src":{"full":["https:\/\/caliweedeurope.com\/wp-content\/uploads\/2024\/11\/galas.jpg",516,683,false],"thumbnail":["https:\/\/caliweedeurope.com\/wp-content\/uploads\/2024\/11\/galas-150x150.jpg",150,150,true],"medium":["https:\/\/caliweedeurope.com\/wp-content\/uploads\/2024\/11\/galas-227x300.jpg",227,300,true],"medium_large":["https:\/\/caliweedeurope.com\/wp-content\/uploads\/2024\/11\/galas.jpg",516,683,false],"large":["https:\/\/caliweedeurope.com\/wp-content\/uploads\/2024\/11\/galas.jpg",516,683,false],"1536x1536":["https:\/\/caliweedeurope.com\/wp-content\/uploads\/2024\/11\/galas.jpg",516,683,false],"2048x2048":["https:\/\/caliweedeurope.com\/wp-content\/uploads\/2024\/11\/galas.jpg",516,683,false],"trp-custom-language-flag":["https:\/\/caliweedeurope.com\/wp-content\/uploads\/2024\/11\/galas.jpg",9,12,false],"woocommerce_thumbnail":["https:\/\/caliweedeurope.com\/wp-content\/uploads\/2024\/11\/galas-300x300.jpg",300,300,true],"woocommerce_single":["https:\/\/caliweedeurope.com\/wp-content\/uploads\/2024\/11\/galas.jpg",516,683,false],"woocommerce_gallery_thumbnail":["https:\/\/caliweedeurope.com\/wp-content\/uploads\/2024\/11\/galas-100x100.jpg",100,100,true]},"uagb_author_info":{"display_name":"jetskiforsaleuk@gmail.com","author_link":"https:\/\/caliweedeurope.com\/it\/author\/"},"uagb_comment_info":0,"uagb_excerpt":"Buy Cali Gas Bud Warning. This product contains Cannabis, a scheduled substance Keep out of the reach of children and animals. Cannabis products can only be possessed or consumed by persons 21+ years of age older unless the person is a qualified patient. The intoxicating effects of cannabis products may stay up to two hours.&hellip;","_links":{"self":[{"href":"https:\/\/caliweedeurope.com\/it\/wp-json\/wp\/v2\/product\/1796"}],"collection":[{"href":"https:\/\/caliweedeurope.com\/it\/wp-json\/wp\/v2\/product"}],"about":[{"href":"https:\/\/caliweedeurope.com\/it\/wp-json\/wp\/v2\/types\/product"}],"replies":[{"embeddable":true,"href":"https:\/\/caliweedeurope.com\/it\/wp-json\/wp\/v2\/comments?post=1796"}],"wp:featuredmedia":[{"embeddable":true,"href":"https:\/\/caliweedeurope.com\/it\/wp-json\/wp\/v2\/media\/1704"}],"wp:attachment":[{"href":"https:\/\/caliweedeurope.com\/it\/wp-json\/wp\/v2\/media?parent=1796"}],"wp:term":[{"taxonomy":"product_brand","embeddable":true,"href":"https:\/\/caliweedeurope.com\/it\/wp-json\/wp\/v2\/product_brand?post=1796"},{"taxonomy":"product_cat","embeddable":true,"href":"https:\/\/caliweedeurope.com\/it\/wp-json\/wp\/v2\/product_cat?post=1796"},{"taxonomy":"product_tag","embeddable":true,"href":"https:\/\/caliweedeurope.com\/it\/wp-json\/wp\/v2\/product_tag?post=1796"}],"curies":[{"name":"wp","href":"https:\/\/api.w.org\/{rel}","templated":true}]}}