{"id":1804,"date":"2024-11-05T18:39:27","date_gmt":"2024-11-05T18:39:27","guid":{"rendered":"https:\/\/caliweedeurope.com\/?post_type=product&#038;p=1804"},"modified":"2024-11-05T18:39:35","modified_gmt":"2024-11-05T18:39:35","slug":"buy-cali-plug-cookie-cake-online","status":"publish","type":"product","link":"https:\/\/caliweedeurope.com\/it\/product\/buy-cali-plug-cookie-cake-online\/","title":{"rendered":"Buy Cali plug Cookie Cake Online"},"content":{"rendered":"<h1 style=\"text-align: center\"><strong>\u00a0 \u00a0<\/strong><strong style=\"font-size: 25.92px;text-align: center\">COOKIE CAKE <\/strong><strong style=\"font-size: 25.92px;text-align: center\">\u00a0CALI BUD OR NO BUD\u00a0|<\/strong><strong style=\"font-size: 25.92px;text-align: center\">\u00a0CALI BUD OR NO BUD\u00a0<\/strong><strong style=\"font-size: 25.92px;text-align: center\">COOKIE CAKE <\/strong><strong style=\"font-size: 25.92px;text-align: center\">\u00a0|<\/strong><strong style=\"font-size: 25.92px;text-align: center\">\u00a0CALI PLUG CALI BUD OR NO BUD<\/strong><\/h1>\n<p><strong>Cali plug Cookie Cake<\/strong><br \/> Per iniziare, Cali Plug Bud Cookies Cake. In questi preziosi sacchetti troverai Cali Bud di alta qualit\u00e0 o nessun Bud Cookies Cake, confezioni da 14 g richiudibili per la freschezza. Edizione per la sensibilizzazione sul cancro al seno. La variet\u00e0 \u00e8 un incrocio tra Cookies &amp; Cream e Cookie Wreck. Con una percentuale di THC del 31%, CBD dello 0,1%, 70% Indica e 30% Sativa. Il contenuto totale di cannabinoidi \u00e8 del 34%.<\/p>\n<p><strong>Torta di biscotti Cali<\/strong><\/p>\n<p>Cali Cookie Cake \u00e8 una variet\u00e0 a predominanza indica ricca di potenza. Grazie al suo alto contenuto di THC, Cali Nug mostra inizialmente un effetto sativa predominante nella mente. Questo straordinario formicolio mentale si calma e avvolge il corpo con una sensazione di peso che alcuni potrebbero considerare meditativa. Ha un odore leggermente floreale con sfumature di terra e spezie. Goditi Cali Brain verso la fine della giornata per amplificarne gli effetti rilassanti e sedativi. Recensioni di Cali Bud.<\/p>\n<h2 style=\"text-align: center\"><strong>\u00a0BUY\u00a0<\/strong><strong>COOKIE CAKE\u00a0<\/strong><strong>\u00a0\u00a0\u00a0CALI BUD OR NO BUD\u00a0 ONLINE | BUY CALI BUD OR NO BUD\u00a0<\/strong><strong>COOKIE CAKE\u00a0<\/strong><strong>ONLINE | BUY CALI BUD OR NO BUD ONLINE<\/strong><\/h2>\n<p><strong>Effetto della variet\u00e0 Cali Bud Cookie Cake<\/strong><br \/> Questo incredibile brivido nella mente si calma e avvolge il corpo con una leggera qualit\u00e0 piacevole. Ha un delicato profumo floreale con accenni di sapori terrosi.<\/p>\n<p><strong style=\"font-size: 14.4px\">Avvertimento<\/strong><\/p>\n<p>Per concludere, questo prodotto contiene cannabis, una sostanza regolamentata. Tenere fuori dalla portata di bambini e animali. Gli effetti intossicanti dei prodotti a base di cannabis possono durare fino a due ore. L'uso di cannabis durante la gravidanza o l'allattamento pu\u00f2 essere dannoso. Il consumo di questo prodotto compromette la capacit\u00e0 di guidare o utilizzare macchinari. Si prega di usare estrema cautela dopo il consumo di questa bud. Per questo motivo, ti consigliamo di lasciare sempre recensioni su Cali Bud.<\/p>\n<h3 style=\"text-align: center\"><strong>COOKIE CAKE\u00a0<\/strong><strong>CALI BUD OR NO BUD FOR SALE | CALI BUD OR NO BUD\u00a0\u00a0<\/strong><strong>COOKIE CAKE\u00a0<\/strong><strong>FOR SALE | CALI BUD OR NO BUD\u00a0 FOR SALE<\/strong><\/h3>\n<p><strong>Usi medicinali della variet\u00e0 Cali Bud Cookie Cake<\/strong><br \/> Questa variet\u00e0 \u00e8 per lo pi\u00f9 prescritta per essere assunta al mattino. Questo agente schiarente della mente attira l'attenzione degli amanti dell'arte perch\u00e9 aumenta la loro creativit\u00e0 e li aiuta a migliorare le prestazioni, mantenendo le distrazioni lontane. Pertanto, \u00e8 utile anche se assunto prima di yoga e meditazione. \u00c8 noto per le sue propriet\u00e0 psichedeliche.<\/p>\n<div class=\"variety-percentage-wrap\">\n<h4 class=\"variety\">Indica Dominant Hybrid\u00a0<span class=\"hidden-xs\">\u2013\u00a0<\/span><span class=\"strain-percentages\">60% Indica \/ 40% Sativa<\/span><\/h4>\n<h4 class=\"percentage\"><span class=\"heading\">THC:\u00a0<\/span>20% \u2013 22%<\/h4>\n<\/p><\/div>\n<p>Cherry Cookie Cake, noto anche come \"Cherry Cookies Cake\", \u00e8 una variet\u00e0 ibrida leggermente dominante in indica (60% indica \/ 40% sativa) creata incrociando le classiche variet\u00e0 Cherry AK X Cookies F2. Pronto per un morso di questo delizioso dessert in qualsiasi momento? Cherry Cookie Cake ha un sapore che corrisponde esattamente a quanto suggerisce il nome \u2013 biscotti alla ciliegia dolci e nocciolati e una torta soffice. L'aroma \u00e8 molto simile, anche se con accenni di terra e una leggera nota di pungente. L\u2019effetto di Cherry Cookie Cake \u00e8 il trattamento perfetto dopo cena, con effetti rilassanti e pieni che ti aiuteranno a rilassarti davvero quando ne hai pi\u00f9 bisogno. Ti sentirai sollevato ma calmo all'inizio dell\u2019effetto, con una leggera confusione nella testa che ti impedir\u00e0 di concentrarti su pensieri negativi.<\/p>\n<h4 style=\"text-align: center\"><strong>CALI BUD OR NO BUD \u00a0<\/strong><strong>COOKIE CAKE\u00a0<\/strong><strong>\u00a0\u00a0NEAR ME |\u00a0<\/strong><strong>COOKIE CAKE\u00a0<\/strong><strong> \u00a0\u00a0\u00a0CALI BUD OR NO BUD\u00a0\u00a0 NEAR ME | CALI BUD OR NO BUD \u00a0NEAR ME<\/strong><\/h4>\n<p><strong>Coltivare la variet\u00e0 Cali Plug Cookie Cake<\/strong><br \/> La variet\u00e0 Cali Cookie Cake proviene da Exclusive Seeds e pu\u00f2 essere coltivata sia all'interno (dove le piante richiedono un tempo di fioritura di circa 67 giorni) che all'esterno. Questi semi sono selezionati con cura dalle migliori raccolte di Cali Plug. Cookie Cake \u00e8 una variet\u00e0 ibrida predominante in THC. La tua raccolta varr\u00e0 ogni singolo centesimo e ogni minuto che hai investito nell'acquisto e nella coltivazione di questi semi.<\/p>\n<p>Poi sarai colto da un'improvvisa voglia di spuntini, che ti porter\u00e0 a cercare qualsiasi cosa da mangiare, quindi prepara gli snack!<\/p>\n<h5 style=\"text-align: center\"><strong>COOKIE CAKE\u00a0<\/strong><strong>\u00a0\u00a0STRAIN | \u00a0<\/strong><strong>COOKIE CAKE\u00a0<\/strong><strong>\u00a0WEED STRAIN | CALI\u00a0<\/strong><strong>COOKIE CAKE\u00a0<\/strong><strong>\u00a0\u00a0| CALI\u00a0<\/strong><strong>COOKIE CAKE\u00a0<\/strong><strong>\u00a0\u00a0STRAIN<\/strong><\/h5>\n<p><strong>Avvertenza Cali Plug Cookie Cake<\/strong><br \/> In conclusione, Cookies Cake contiene Cannabis\/THC, una sostanza psicoattiva che deve essere tenuta fuori dalla portata di bambini e animali. <a href=\"https:\/\/caliplugcarts.com\/product\/buy-cali-bud-cheetos-cookies-online\/\" target=\"_blank\" rel=\"noopener\">Cann<\/a>a<a href=\"https:\/\/caliplugcarts.com\/product\/buy-cali-bud-cheetos-cookies-online\/\" target=\"_blank\" rel=\"noopener\">bis<\/a> i prodotti possono essere posseduti o consumati solo da persone di et\u00e0 pari o superiore a 21 anni, a meno che la persona non sia un paziente qualificato. Gli effetti psicoattivi dei prodotti a base di cannabis possono durare fino a due ore. L'uso di cannabis durante la gravidanza o l'allattamento pu\u00f2 essere dannoso. Il consumo di questi prodotti compromette la tua capacit\u00e0 di guidare o di usare macchinari. Si prega di fare estrema attenzione dopo aver consumato questo prodotto. Per questo motivo, ti consigliamo di lasciare sempre recensioni su Cali Bud.<\/p>\n<p><strong>Spedizione Cali Plug Cookies Cake<\/strong><br \/> Pertanto, la spedizione \u00e8 100% discreta e offriamo una garanzia di consegna sicura o rimborso completo nel caso in cui il cliente annulli l'ordine. Offriamo spedizioni discrete in tutto il mondo di queste borse di Cali Bud di alta qualit\u00e0.<\/p>\n<p><strong>Consegna Cali Plug Cookies Cake<\/strong><br \/> Infine, offriamo la consegna discreta di questi Cali Plug buds di alta qualit\u00e0 in tutto il mondo. Il tempo di consegna dipende molto da dove si trova il cliente nel momento in cui effettua l'ordine. Fai il tuo ordine ora e ricevi i Cali buds spediti discretamente al tuo indirizzo senza problemi.<\/p>\n<div data-testid=\"product-description\">\n<div class=\"truncate-lines__Wrapper-sc-1lknwty-0 YxHAC\">\n<div data-testid=\"truncated-description\">\n<div>\n<div class=\"text__Text-sc-fif1uk-0 kdmKRD\">\n<div class=\"src__Box-sc-1sbtrzs-0 src__Flex-sc-1sbtrzs-1 kWPFqZ hzdsvF\">\n<div>CATEGORIE DI PRODOTTO CAMPIONE<\/div>\n<\/p><\/div>\n<\/p><\/div>\n<\/p><\/div>\n<\/p><\/div>\n<\/p><\/div>\n<\/p><\/div>\n<div class=\"text__Text-sc-fif1uk-0 htoJfX\"><a href=\"https:\/\/jeetersofficial.com\/product-category\/buy-cali-buds\/\" target=\"_blank\" rel=\"noopener\">CALI BUDS<\/a><\/div>\n<div data-testid=\"product-description\">\n<div class=\"truncate-lines__Wrapper-sc-1lknwty-0 YxHAC\">\n<div data-testid=\"truncated-description\">\n<div class=\"text__Text-sc-fif1uk-0 kdmKRD\"><a href=\"https:\/\/jeetersofficial.com\/product-category\/backpack-boyz\/\" target=\"_blank\" rel=\"noopener\">Backpack\u00a0 Boyz<\/a><\/div>\n<div><a href=\"https:\/\/jeetersofficial.com\/product-category\/snow-balls-weed\/\" target=\"_blank\" rel=\"noopener\">SNOWBALLS WEED<\/a><\/div>\n<div><a href=\"https:\/\/jeetersofficial.com\/product-category\/persy-snowcaps\/\" target=\"_blank\" rel=\"noopener\">Persy Snowcaps<\/a><\/div>\n<div><a href=\"https:\/\/jeetersofficial.com\/product-category\/drip-snowcaps\/\" target=\"_blank\" rel=\"noopener\">Drip Snowcaps<\/a><\/div>\n<div><a href=\"https:\/\/jeetersofficial.com\/product-category\/concentrates\/\" target=\"_blank\" rel=\"noopener\">CALI CONCENTRATES<\/a><\/div>\n<div><a href=\"https:\/\/jeetersofficial.com\/product-category\/doja-exclusive\/\" target=\"_blank\" rel=\"noopener\">CALI DOJA PACKS EXCLUSIVE<\/a><\/div>\n<div><a href=\"https:\/\/jeetersofficial.com\/product-category\/marijuana-flowers\/\" target=\"_blank\" rel=\"noopener\">CALI MARIJUANA FLOWERS<\/a><\/div>\n<\/p><\/div>\n<\/p><\/div>\n<\/p><\/div>\n<div><a href=\"https:\/\/jeetersofficial.com\/product-category\/sativa-strain\/\" target=\"_blank\" rel=\"noopener\">CALI SATIVA STRAINS<\/a><\/div>\n<div><a href=\"https:\/\/jeetersofficial.com\/product-category\/indica\/\" target=\"_blank\" rel=\"noopener\">CALI INDICA STRAINS<\/a><\/div>\n<div><a href=\"https:\/\/jeetersofficial.com\/product-category\/hybrid-weed\/\" target=\"_blank\" rel=\"noopener\">CALI HYBRID WEED<\/a><\/div>\n<p>&nbsp;<\/p>","protected":false},"excerpt":{"rendered":"<p><strong>Avvertenza Cali Plug Cookie Cake<\/strong><br \/> Cookies Cake contiene cannabis\/THC, una sostanza psicoattiva. Tenere fuori dalla portata di bambini e animali. I prodotti a base di cannabis possono essere posseduti o consumati solo da persone di et\u00e0 pari o superiore a 21 anni, a meno che la persona non sia un paziente qualificato. Gli effetti intossicanti dei prodotti a base di cannabis possono durare fino a due ore. L'uso di cannabis durante la gravidanza o l'allattamento potrebbe essere dannoso. Il consumo di questi prodotti compromette la capacit\u00e0 di guidare o utilizzare macchinari. Si prega di usare estrema cautela dopo il consumo di questo prodotto. Per questo motivo, ti invitiamo a lasciare sempre recensioni su Cali Bud.<\/p>","protected":false},"featured_media":1834,"comment_status":"closed","ping_status":"closed","template":"","meta":{"_uag_custom_page_level_css":"","site-sidebar-layout":"default","site-content-layout":"","ast-site-content-layout":"default","site-content-style":"default","site-sidebar-style":"default","ast-global-header-display":"","ast-banner-title-visibility":"","ast-main-header-display":"","ast-hfb-above-header-display":"","ast-hfb-below-header-display":"","ast-hfb-mobile-header-display":"","site-post-title":"","ast-breadcrumbs-content":"","ast-featured-img":"","footer-sml-layout":"","ast-disable-related-posts":"","theme-transparent-header-meta":"","adv-header-id-meta":"","stick-header-meta":"","header-above-stick-meta":"","header-main-stick-meta":"","header-below-stick-meta":"","astra-migrate-meta-layouts":"default","ast-page-background-enabled":"default","ast-page-background-meta":{"desktop":{"background-color":"var(--ast-global-color-5)","background-image":"","background-repeat":"repeat","background-position":"center center","background-size":"auto","background-attachment":"scroll","background-type":"","background-media":"","overlay-type":"","overlay-color":"","overlay-opacity":"","overlay-gradient":""},"tablet":{"background-color":"","background-image":"","background-repeat":"repeat","background-position":"center center","background-size":"auto","background-attachment":"scroll","background-type":"","background-media":"","overlay-type":"","overlay-color":"","overlay-opacity":"","overlay-gradient":""},"mobile":{"background-color":"","background-image":"","background-repeat":"repeat","background-position":"center center","background-size":"auto","background-attachment":"scroll","background-type":"","background-media":"","overlay-type":"","overlay-color":"","overlay-opacity":"","overlay-gradient":""}},"ast-content-background-meta":{"desktop":{"background-color":"var(--ast-global-color-4)","background-image":"","background-repeat":"repeat","background-position":"center center","background-size":"auto","background-attachment":"scroll","background-type":"","background-media":"","overlay-type":"","overlay-color":"","overlay-opacity":"","overlay-gradient":""},"tablet":{"background-color":"var(--ast-global-color-4)","background-image":"","background-repeat":"repeat","background-position":"center center","background-size":"auto","background-attachment":"scroll","background-type":"","background-media":"","overlay-type":"","overlay-color":"","overlay-opacity":"","overlay-gradient":""},"mobile":{"background-color":"var(--ast-global-color-4)","background-image":"","background-repeat":"repeat","background-position":"center center","background-size":"auto","background-attachment":"scroll","background-type":"","background-media":"","overlay-type":"","overlay-color":"","overlay-opacity":"","overlay-gradient":""}}},"product_brand":[],"product_cat":[675],"product_tag":[489,697,491,506,698,509,531,492,699,700,701,481,472,515,702,703,516,517,461,536,462,613,704,705,706,707,708,503],"class_list":{"0":"post-1804","1":"product","2":"type-product","3":"status-publish","4":"has-post-thumbnail","6":"product_cat-buy-cali-buds","7":"product_tag-best-cali-packs","8":"product_tag-buy-cali-bud-or-no-bud-cookie-cake-online","9":"product_tag-buy-cali-bud-or-no-bud-online","10":"product_tag-buy-cali-buds","11":"product_tag-buy-cookie-cake-cali-bud-or-no-bud-online","12":"product_tag-by-the-best-cali-buds","13":"product_tag-cali-bud","14":"product_tag-cali-bud-or-no-bud","15":"product_tag-cali-bud-or-no-bud-cookie-cake","16":"product_tag-cali-bud-or-no-bud-cookie-cake-for-sale","17":"product_tag-cali-bud-or-no-bud-cookie-cake-near-me","18":"product_tag-cali-bud-or-no-bud-for-sale","19":"product_tag-cali-bud-or-no-bud-near-me","20":"product_tag-cali-buds-online","21":"product_tag-cali-cookie-cake","22":"product_tag-cali-cookie-cake-strain","23":"product_tag-cali-flavors","24":"product_tag-cali-flavours","25":"product_tag-cali-packs","26":"product_tag-cali-plug-buds","27":"product_tag-cali-plug-cali-bud-or-no-bud","28":"product_tag-cali-weed-strains","29":"product_tag-cookie-cake-cali-bud-or-no-bud","30":"product_tag-cookie-cake-cali-bud-or-no-bud-for-sale","31":"product_tag-cookie-cake-cali-bud-or-no-bud-near-me","32":"product_tag-cookie-cake-strain","33":"product_tag-cookie-cake-weed-strain","34":"product_tag-top-cali-bud-packs","35":"desktop-align-center","36":"tablet-align-left","37":"mobile-align-left","39":"first","40":"instock","41":"shipping-taxable","42":"purchasable","43":"product-type-variable"},"uagb_featured_image_src":{"full":["https:\/\/caliweedeurope.com\/wp-content\/uploads\/2024\/11\/cookie-cake.jpg",520,687,false],"thumbnail":["https:\/\/caliweedeurope.com\/wp-content\/uploads\/2024\/11\/cookie-cake-150x150.jpg",150,150,true],"medium":["https:\/\/caliweedeurope.com\/wp-content\/uploads\/2024\/11\/cookie-cake-227x300.jpg",227,300,true],"medium_large":["https:\/\/caliweedeurope.com\/wp-content\/uploads\/2024\/11\/cookie-cake.jpg",520,687,false],"large":["https:\/\/caliweedeurope.com\/wp-content\/uploads\/2024\/11\/cookie-cake.jpg",520,687,false],"1536x1536":["https:\/\/caliweedeurope.com\/wp-content\/uploads\/2024\/11\/cookie-cake.jpg",520,687,false],"2048x2048":["https:\/\/caliweedeurope.com\/wp-content\/uploads\/2024\/11\/cookie-cake.jpg",520,687,false],"trp-custom-language-flag":["https:\/\/caliweedeurope.com\/wp-content\/uploads\/2024\/11\/cookie-cake.jpg",9,12,false],"woocommerce_thumbnail":["https:\/\/caliweedeurope.com\/wp-content\/uploads\/2024\/11\/cookie-cake-300x300.jpg",300,300,true],"woocommerce_single":["https:\/\/caliweedeurope.com\/wp-content\/uploads\/2024\/11\/cookie-cake.jpg",520,687,false],"woocommerce_gallery_thumbnail":["https:\/\/caliweedeurope.com\/wp-content\/uploads\/2024\/11\/cookie-cake-100x100.jpg",100,100,true]},"uagb_author_info":{"display_name":"jetskiforsaleuk@gmail.com","author_link":"https:\/\/caliweedeurope.com\/it\/author\/"},"uagb_comment_info":0,"uagb_excerpt":"Cali plug Cookie Cake Warning Cookies Cake contains Cannabis\/THC, a psychoactive substance to Keep out of the reach of children and animals. Cannabis products can only be possessed or consumed by persons 21+ years of age older unless the person is a qualified patient. The intoxicating effects of cannabis products may stay up to two&hellip;","_links":{"self":[{"href":"https:\/\/caliweedeurope.com\/it\/wp-json\/wp\/v2\/product\/1804"}],"collection":[{"href":"https:\/\/caliweedeurope.com\/it\/wp-json\/wp\/v2\/product"}],"about":[{"href":"https:\/\/caliweedeurope.com\/it\/wp-json\/wp\/v2\/types\/product"}],"replies":[{"embeddable":true,"href":"https:\/\/caliweedeurope.com\/it\/wp-json\/wp\/v2\/comments?post=1804"}],"wp:featuredmedia":[{"embeddable":true,"href":"https:\/\/caliweedeurope.com\/it\/wp-json\/wp\/v2\/media\/1834"}],"wp:attachment":[{"href":"https:\/\/caliweedeurope.com\/it\/wp-json\/wp\/v2\/media?parent=1804"}],"wp:term":[{"taxonomy":"product_brand","embeddable":true,"href":"https:\/\/caliweedeurope.com\/it\/wp-json\/wp\/v2\/product_brand?post=1804"},{"taxonomy":"product_cat","embeddable":true,"href":"https:\/\/caliweedeurope.com\/it\/wp-json\/wp\/v2\/product_cat?post=1804"},{"taxonomy":"product_tag","embeddable":true,"href":"https:\/\/caliweedeurope.com\/it\/wp-json\/wp\/v2\/product_tag?post=1804"}],"curies":[{"name":"wp","href":"https:\/\/api.w.org\/{rel}","templated":true}]}}