{"id":1810,"date":"2024-11-05T18:39:28","date_gmt":"2024-11-05T18:39:28","guid":{"rendered":"https:\/\/caliweedeurope.com\/?post_type=product&#038;p=1810"},"modified":"2024-11-05T18:39:35","modified_gmt":"2024-11-05T18:39:35","slug":"buy-cali-plug-pure-og-online","status":"publish","type":"product","link":"https:\/\/caliweedeurope.com\/it\/product\/buy-cali-plug-pure-og-online\/","title":{"rendered":"Buy Cali Plug Pure OG Online"},"content":{"rendered":"<h1 style=\"text-align: center\"><strong>\u00a0\u00a0 \u00a0 \u00a0<\/strong><strong>PURE OG\u00a0 <\/strong><strong>CALI BUD OR NO BUD<\/strong><strong> |<\/strong> <strong>CALI BUD OR NO BUD <\/strong><strong>PURE OG\u00a0 <\/strong><strong>|<\/strong> <strong>CALI PLUG CALI BUD OR NO BUD<\/strong><\/h1>\n<p><strong>Cali Plug Pure OG Strain<\/strong><br \/> Per cominciare, la variet\u00e0 Cali Pure OG \u00e8 un fenotipo di Girl Scout Cookies. Chiamata cos\u00ec per i suoi tricomi bianchi e nebbiosi e i suoi boccioli appiccicosi, questa variet\u00e0 ha un odore di terpeni dolci e menta con un affascinante accenno sabbioso. pure og weed<\/p>\n<p>Pure OG \u00e8 una variet\u00e0 di cannabis indica ottenuta incrociando OG Kush e altre variet\u00e0. I recensori su Leafly dicono che questa variet\u00e0 li fa sentire sonnolenti, affamati e con una sensazione di formicolio. Pure OG ha il 19% di THC. Il terpeno dominante in questa variet\u00e0 \u00e8 il cariofillene. Se hai gi\u00e0 fumato, dabbed o altrimenti apprezzato questa variet\u00e0, Pure OG, faccelo sapere! Lascia una recensione.<\/p>\n<h2 style=\"text-align: center\">\u00a0<strong>BUY\u00a0<\/strong><strong>PURE OG<\/strong><strong>\u00a0CALI BUD OR NO BUD\u00a0 ONLINE | BUY CALI BUD OR NO BUD\u00a0<\/strong><strong>PURE OG <\/strong><strong>ONLINE | BUY CALI BUD OR NO BUD ONLINE<\/strong><\/h2>\n<h3><strong style=\"color: #555555;font-size: 14.4px\">Usi medici della variet\u00e0 Pure OG<\/strong><\/h3>\n<p>Pure OG conferisce ai consumatori una sensazione felice e rilassante. L'euforia piacevole di questa variet\u00e0 pu\u00f2 migliorare l'umore, stimolare l'appetito e aiutare con l'irrequietezza.<\/p>\n<div class=\"col-xs-12 col-md-9 col-lg-9 strain-info detail-panel\">\n<div class=\"flipblock-wrapper\">\n<div id=\"strain-info\" class=\"panel panel-default\" data-label=\"strain_detail\">\n<div class=\"face front\">\n<div class=\"panel-body well description\">\n<div class=\"variety-percentage-wrap\">\n<h4 class=\"variety\">Indica Dominant Hybrid <span class=\"hidden-xs\">\u2013\u00a0<\/span><span class=\"strain-percentages\">60% Indica \/ 40% Sativa<\/span><\/h4>\n<h4 class=\"percentage\"><span class=\"heading\">THC:\u00a0<\/span>20%,\u00a0<span class=\"heading\">CBD:\u00a0<\/span><em>2<\/em>%,\u00a0<span class=\"heading\">CBN:\u00a0<\/span><em>1<\/em>%<\/h4>\n<\/p><\/div>\n<p>Pure OG, anche pi\u00f9 comunemente conosciuto come \"Pure Kush\", \u00e8 una variet\u00e0 ibrida leggermente dominante indica (60% indica \/ 40% sativa) che \u00e8 una variet\u00e0 inbred di SFV OG Kush. Proprio come la sua variet\u00e0 parentale, Pure OG ha un aroma classico di terra nocciolata con un accenno di kush dolce che diventa leggermente pungente quando i fiori vengono separati. Il gusto \u00e8 molto simile, con un delizioso sapore di kush terroso che ha una leggera dolcezza nocciolata al momento dell'espirazione. Questo fiore ha gemme di dimensioni medie, di colore verde oliva a forma di grappolo, con peli arancioni scuri e sfumature sorprendentemente rosa. Ogni gemma \u00e8 completamente ricoperta da uno strato spesso e ghiacciato di trichomi bianchi fini.<\/p>\n<\/p><\/div>\n<\/p><\/div>\n<\/p><\/div>\n<\/p><\/div>\n<\/p><\/div>\n<h3 style=\"text-align: center\"><strong>PURE OG <\/strong><strong>CALI BUD OR NO BUD FOR SALE | CALI BUD OR NO BUD\u00a0\u00a0<\/strong><strong>PURE OG\u00a0 \u00a0<\/strong><strong>\u00a0FOR SALE | CALI BUD OR NO BUD\u00a0 FOR SALE<\/strong><\/h3>\n<p><strong>Felice<\/strong><br \/> Il 49% delle persone riferisce di sentirsi felici<br \/> <strong>Rilassato<\/strong><br \/> Il 44% delle persone riferisce di sentirsi rilassato<br \/> <strong>Eccitato<\/strong><br \/> Il 16% delle persone riferisce di sentirsi eccitati<br \/> <strong>Negativi<\/strong><br \/> <strong>Bocca secca<\/strong><br \/> Il 17% delle persone riferisce di avere la bocca secca<br \/> <strong>Occhi secchi<\/strong><br \/> Il 11% delle persone riferisce di avere gli occhi secchi<br \/> <strong>Stordito<\/strong><br \/> L'5% delle persone riferisce di sentirsi stordito<\/p>\n<div class=\"col-xs-12 col-md-9 col-lg-9 strain-info detail-panel\">\n<div class=\"flipblock-wrapper\">\n<div id=\"strain-info\" class=\"panel panel-default\" data-label=\"strain_detail\">\n<div class=\"face front\">\n<div class=\"panel-body well description translation-block\">L'effetto del Pure OG \u00e8 super potente e duraturo, con un livello di <a href=\"https:\/\/caliplugcarts.com\/product\/buy-cali-bud-sweet-and-sour-online\/\" target=\"_blank\" rel=\"noopener\">THC<\/a> fino al 20% e un livello di CBD che di solito varia tra l'1 e il 2% in media. L'effetto colpisce prima la testa con una pesante nebbia narcotica che ti libera completamente da qualsiasi dolore o pensiero frenetico. Questo effetto si diffonde rapidamente in tutto il corpo, portando a un pesante \"couch-lock\" e sedazione che dura per ore. Molti utenti si ritrovano ad addormentarsi poco dopo aver fumato Pure OG a causa di questi effetti Indica forti. Per questo motivo, Pure OG \u00e8 una variet\u00e0 molto apprezzata per il trattamento del dolore cronico, dell'insonnia, della depressione lieve e moderata e dell'ansia cronica o dello stress.<\/div>\n<\/p><\/div>\n<\/p><\/div>\n<\/p><\/div>\n<\/p><\/div>\n<div class=\"hidden-xs col-md-3 col-lg-3 strain-properties xs-no-left-right-padding\">\n<div class=\"row small-gutter\">\n<div class=\"col-xs-12 col-sm-12 wider\">\n<div class=\"flipblock-wrapper\">\n<section id=\"positive-effects\" class=\"panel panel-default\" data-label=\"positive_effects\">\n<div class=\"face front\">\n<div class=\"panel-heading\">Effetti<\/div>\n<div class=\"panel-body well tags-list\"><a href=\"https:\/\/www.allbud.com\/marijuana-strains\/effect\/happy\" target=\"_blank\" rel=\"noopener\">Felice<\/a>,\u00a0<a href=\"https:\/\/www.allbud.com\/marijuana-strains\/effect\/hungry\" target=\"_blank\" rel=\"noopener\">Affamato<\/a>,\u00a0<a href=\"https:\/\/www.allbud.com\/marijuana-strains\/effect\/sleepy\" target=\"_blank\" rel=\"noopener\">Sonnolento<\/a><\/div>\n<\/p><\/div>\n<\/section><\/div>\n<\/p><\/div>\n<div class=\"col-xs-12 col-sm-12 wider\">\n<div class=\"flipblock-wrapper\">\n<section id=\"relieved\" class=\"panel panel-default\" data-label=\"relieved_symptoms\">\n<div class=\"face front\">\n<div class=\"panel-heading\">Pu\u00f2 alleviare\u00a0<i class=\"fa fa-info-circle\" title=\"Avviso: Tutte le informazioni sulle variet\u00e0 di cannabis visualizzate su questo sito sono basate sulle recensioni degli utenti. I dati delle variet\u00e0 visualizzate devono essere trattati come uno strumento informativo e non come una raccomandazione medica. Si prega di consultare il medico prima di utilizzare la cannabis per scopi medici.\" data-toggle=\"tooltip\" data-placement=\"right\"><\/i><\/div>\n<div class=\"panel-body well tags-list translation-block\"><a href=\"https:\/\/www.allbud.com\/marijuana-strains\/symptom\/anxiety\" target=\"_blank\" rel=\"noopener\">Ansia<\/a>, <a href=\"https:\/\/www.allbud.com\/marijuana-strains\/symptom\/arthritis\" target=\"_blank\" rel=\"noopener\">Artrite<\/a>, <a href=\"https:\/\/www.allbud.com\/marijuana-strains\/symptom\/chronic-pain\" target=\"_blank\" rel=\"noopener\">Dolore cronico<\/a>, <a href=\"https:\/\/www.allbud.com\/marijuana-strains\/symptom\/depression\" target=\"_blank\" rel=\"noopener\">Depressione<\/a>, <a href=\"https:\/\/www.allbud.com\/marijuana-strains\/symptom\/fibromyalgia\" target=\"_blank\" rel=\"noopener\">Fibromialgia<\/a>, <a href=\"https:\/\/www.allbud.com\/marijuana-strains\/symptom\/headaches\" target=\"_blank\" rel=\"noopener\">Mal di testa<\/a>, <a href=\"https:\/\/www.allbud.com\/marijuana-strains\/symptom\/insomnia\" target=\"_blank\" rel=\"noopener\">Insonnia<\/a>, <a href=\"https:\/\/www.allbud.com\/marijuana-strains\/symptom\/nausea\" target=\"_blank\" rel=\"noopener\">Nausea<\/a>, <a href=\"https:\/\/www.allbud.com\/marijuana-strains\/symptom\/stress\" target=\"_blank\" rel=\"noopener\">Stress<\/a><\/div>\n<\/p><\/div>\n<\/section><\/div>\n<\/p><\/div>\n<\/p><\/div>\n<div class=\"row small-gutter\">\n<div class=\"col-xs-12 col-sm-12 wider\">\n<div class=\"flipblock-wrapper\">\n<section id=\"flavors\" class=\"panel panel-default\" data-label=\"strain_flavors\">\n<div class=\"face front\">\n<div class=\"panel-heading\">Sapori<\/div>\n<div class=\"panel-body well tags-list translation-block\"><a href=\"https:\/\/www.allbud.com\/marijuana-strains\/taste\/citrus\" target=\"_blank\" rel=\"noopener\">Agrumi<\/a>, <a href=\"https:\/\/www.allbud.com\/marijuana-strains\/taste\/nutty\" target=\"_blank\" rel=\"noopener\">Noce<\/a>, <a href=\"https:\/\/www.allbud.com\/marijuana-strains\/taste\/pine\" target=\"_blank\" rel=\"noopener\">Pino<\/a>, <a href=\"https:\/\/www.allbud.com\/marijuana-strains\/taste\/spicy\" target=\"_blank\" rel=\"noopener\">Speziato<\/a>, <a href=\"https:\/\/www.allbud.com\/marijuana-strains\/taste\/sweet\" target=\"_blank\" rel=\"noopener\">Dolce<\/a>, <a href=\"https:\/\/www.allbud.com\/marijuana-strains\/taste\/woody\" target=\"_blank\" rel=\"noopener\">Legnoso<\/a><\/div>\n<\/p><\/div>\n<\/section><\/div>\n<\/p><\/div>\n<div class=\"col-xs-12 col-sm-12 wider\">\n<div class=\"flipblock-wrapper\">\n<section id=\"aromas\" class=\"panel panel-default\" data-label=\"strain_aromas\">\n<div class=\"face front\">\n<div class=\"panel-heading\">Aromi<\/div>\n<div class=\"panel-body well tags-list translation-block\"><a href=\"https:\/\/www.allbud.com\/marijuana-strains\/aroma\/dank\" target=\"_blank\" rel=\"noopener\">Dank<\/a>,&nbsp;<a href=\"https:\/\/www.allbud.com\/marijuana-strains\/aroma\/earthy\" target=\"_blank\" rel=\"noopener\">Earthy<\/a>,&nbsp;<a href=\"https:\/\/www.allbud.com\/marijuana-strains\/aroma\/kush\" target=\"_blank\" rel=\"noopener\">Kush<\/a>,&nbsp;<a href=\"https:\/\/www.allbud.com\/marijuana-strains\/aroma\/nutty\" target=\"_blank\" rel=\"noopener\">Nutty<\/a>,&nbsp;<a href=\"https:\/\/www.allbud.com\/marijuana-strains\/aroma\/sweet\" target=\"_blank\" rel=\"noopener\">Sweet<\/a><\/div>\n<\/p><\/div>\n<\/section><\/div>\n<\/p><\/div>\n<\/p><\/div>\n<\/p><\/div>\n<h4 style=\"text-align: center\"><strong>CALI BUD OR NO BUD \u00a0PURE OG\u00a0 \u00a0NEAR ME | PURE OG\u00a0 CALI BUD OR NO BUD\u00a0\u00a0 NEAR ME | CALI BUD OR NO BUD \u00a0NEAR ME<\/strong><\/h4>\n<p><strong>Consegna del ceppo Cali Plug Pure OG<\/strong><br \/> Siamo fermamente impegnati a offrirti i migliori servizi di ordine via mail di cannabis 420. Dopo aver esaminato lo stress che comporta guidare fino al dispensario per ottenere la tua marijuana medicinale per il dolore e il sollievo, abbiamo deciso di aiutare la comunit\u00e0 420 offrendo consegne di prescrizione e cannabis direttamente alla tua porta senza inconvenienti. Offriamo spedizioni in tutti i 50 stati degli Stati Uniti, Canada ed Europa. Per ulteriori informazioni, contattaci, poich\u00e9 siamo sempre online a tua disposizione per aiutarti a ottenere il meglio. Acquista Cali Pure OG Strain.<\/p>\n<p>Pure OG porta il meglio di tutti i mondi, con livelli di THC costanti al 20%. Inoltre, tra l'1% e il 2% di CBD riempie il corpo con il sollievo tanto necessario. Inizialmente si percepisce un sapore terroso tipico, ma mentre espiri, questa variet\u00e0 assume un gusto pi\u00f9 dolce e nocciolato. I profumi corrispondono a questi sapori e sono piuttosto piacevoli per la maggior parte delle persone. Le cime sono uno spettacolo da vedere, con sfumature rosa, capelli arancioni scuri e uno spesso strato di tricomi che somiglia alla sabbia.<\/p>\n<h5 style=\"text-align: center\"><strong>PURE OG\u00a0 STRAIN | \u00a0PURE OG\u00a0 WEED STRAIN | CALI PURE OG\u00a0 | CALI PURE OG\u00a0 \u00a0STRAIN<\/strong><\/h5>\n<p><strong>Avviso sulla variet\u00e0 Pure OG<\/strong><br \/> In conclusione, questo prodotto contiene cannabis, una sostanza controllata. Tenere fuori dalla portata di bambini e animali. I prodotti a base di cannabis possono essere posseduti o consumati solo da persone di et\u00e0 superiore ai 21 anni, a meno che la persona non sia un paziente qualificato. Gli effetti inebrianti dei prodotti a base di cannabis possono durare fino a due ore. L'uso di cannabis durante la gravidanza o l'allattamento pu\u00f2 essere dannoso. Il consumo di questi prodotti riduce la capacit\u00e0 di guidare o di manovrare macchinari. Si prega di usare la massima cautela prima di acquistare Pure OG Strain online e consumarlo.<\/p>\n<p>Proveniente da allevatori misteriosi che volevano creare una variet\u00e0 potente e famosa, Pure OG \u00e8 un incrocio di SFV OG Kush che crea un equilibrio 60\/40 con una predominanza di indica. Riflette i sapori del genitore originale e offre agli utenti un effetto profondamente rilassante che calma anche la mente pi\u00f9 frenetica o il corpo dolente.<\/p>\n<div data-testid=\"product-description\">\n<div class=\"truncate-lines__Wrapper-sc-1lknwty-0 YxHAC\">\n<div data-testid=\"truncated-description\">\n<div>\n<div class=\"text__Text-sc-fif1uk-0 kdmKRD\">\n<div class=\"src__Box-sc-1sbtrzs-0 src__Flex-sc-1sbtrzs-1 kWPFqZ hzdsvF\">\n<div>CATEGORIE DI PRODOTTO CAMPIONE<\/div>\n<\/p><\/div>\n<\/p><\/div>\n<\/p><\/div>\n<\/p><\/div>\n<\/p><\/div>\n<\/p><\/div>\n<div class=\"text__Text-sc-fif1uk-0 htoJfX\"><a href=\"https:\/\/jeetersofficial.com\/product-category\/buy-cali-buds\/\" target=\"_blank\" rel=\"noopener\">CALI BUDS<\/a><\/div>\n<div data-testid=\"product-description\">\n<div class=\"truncate-lines__Wrapper-sc-1lknwty-0 YxHAC\">\n<div data-testid=\"truncated-description\">\n<div class=\"text__Text-sc-fif1uk-0 kdmKRD\"><a href=\"https:\/\/jeetersofficial.com\/product-category\/backpack-boyz\/\" target=\"_blank\" rel=\"noopener\">Backpack\u00a0 Boyz<\/a><\/div>\n<div><a href=\"https:\/\/jeetersofficial.com\/product-category\/snow-balls-weed\/\" target=\"_blank\" rel=\"noopener\">SNOWBALLS WEED<\/a><\/div>\n<div><a href=\"https:\/\/jeetersofficial.com\/product-category\/persy-snowcaps\/\" target=\"_blank\" rel=\"noopener\">Persy Snowcaps<\/a><\/div>\n<div><a href=\"https:\/\/jeetersofficial.com\/product-category\/drip-snowcaps\/\" target=\"_blank\" rel=\"noopener\">Drip Snowcaps<\/a><\/div>\n<div><a href=\"https:\/\/jeetersofficial.com\/product-category\/concentrates\/\" target=\"_blank\" rel=\"noopener\">CALI CONCENTRATES<\/a><\/div>\n<div><a href=\"https:\/\/jeetersofficial.com\/product-category\/doja-exclusive\/\" target=\"_blank\" rel=\"noopener\">CALI DOJA PACKS EXCLUSIVE<\/a><\/div>\n<div><a href=\"https:\/\/jeetersofficial.com\/product-category\/marijuana-flowers\/\" target=\"_blank\" rel=\"noopener\">CALI MARIJUANA FLOWERS<\/a><\/div>\n<\/p><\/div>\n<\/p><\/div>\n<\/p><\/div>\n<div><a href=\"https:\/\/jeetersofficial.com\/product-category\/sativa-strain\/\" target=\"_blank\" rel=\"noopener\">CALI SATIVA STRAINS<\/a><\/div>\n<div><a href=\"https:\/\/jeetersofficial.com\/product-category\/indica\/\" target=\"_blank\" rel=\"noopener\">CALI INDICA STRAINS<\/a><\/div>\n<div><a href=\"https:\/\/jeetersofficial.com\/product-category\/hybrid-weed\/\" target=\"_blank\" rel=\"noopener\">CALI HYBRID WEED<\/a><\/div>","protected":false},"excerpt":{"rendered":"<p><strong>Cali Plug Pure OG Strain<\/strong><br \/> Per cominciare, la variet\u00e0 Cali Pure OG \u00e8 un fenotipo di Girl Scout Cookies. Chiamata cos\u00ec per i suoi tricomi bianchi e nebbiosi e i suoi boccioli appiccicosi, questa variet\u00e0 ha un odore di terpeni dolci e menta con un affascinante accenno sabbioso.<\/p>","protected":false},"featured_media":1738,"comment_status":"closed","ping_status":"closed","template":"","meta":{"_uag_custom_page_level_css":"","site-sidebar-layout":"default","site-content-layout":"","ast-site-content-layout":"","site-content-style":"default","site-sidebar-style":"default","ast-global-header-display":"","ast-banner-title-visibility":"","ast-main-header-display":"","ast-hfb-above-header-display":"","ast-hfb-below-header-display":"","ast-hfb-mobile-header-display":"","site-post-title":"","ast-breadcrumbs-content":"","ast-featured-img":"","footer-sml-layout":"","theme-transparent-header-meta":"","adv-header-id-meta":"","stick-header-meta":"","header-above-stick-meta":"","header-main-stick-meta":"","header-below-stick-meta":"","astra-migrate-meta-layouts":"default","ast-page-background-enabled":"default","ast-page-background-meta":{"desktop":{"background-color":"var(--ast-global-color-4)","background-image":"","background-repeat":"repeat","background-position":"center center","background-size":"auto","background-attachment":"scroll","background-type":"","background-media":"","overlay-type":"","overlay-color":"","overlay-opacity":"","overlay-gradient":""},"tablet":{"background-color":"","background-image":"","background-repeat":"repeat","background-position":"center center","background-size":"auto","background-attachment":"scroll","background-type":"","background-media":"","overlay-type":"","overlay-color":"","overlay-opacity":"","overlay-gradient":""},"mobile":{"background-color":"","background-image":"","background-repeat":"repeat","background-position":"center center","background-size":"auto","background-attachment":"scroll","background-type":"","background-media":"","overlay-type":"","overlay-color":"","overlay-opacity":"","overlay-gradient":""}},"ast-content-background-meta":{"desktop":{"background-color":"var(--ast-global-color-5)","background-image":"","background-repeat":"repeat","background-position":"center center","background-size":"auto","background-attachment":"scroll","background-type":"","background-media":"","overlay-type":"","overlay-color":"","overlay-opacity":"","overlay-gradient":""},"tablet":{"background-color":"var(--ast-global-color-5)","background-image":"","background-repeat":"repeat","background-position":"center center","background-size":"auto","background-attachment":"scroll","background-type":"","background-media":"","overlay-type":"","overlay-color":"","overlay-opacity":"","overlay-gradient":""},"mobile":{"background-color":"var(--ast-global-color-5)","background-image":"","background-repeat":"repeat","background-position":"center center","background-size":"auto","background-attachment":"scroll","background-type":"","background-media":"","overlay-type":"","overlay-color":"","overlay-opacity":"","overlay-gradient":""}}},"product_brand":[],"product_cat":[675],"product_tag":[489,491,648,506,649,508,509,510,531,492,481,472,650,651,652,514,473,515,653,654,503],"class_list":{"0":"post-1810","1":"product","2":"type-product","3":"status-publish","4":"has-post-thumbnail","6":"product_cat-buy-cali-buds","7":"product_tag-best-cali-packs","8":"product_tag-buy-cali-bud-or-no-bud-online","9":"product_tag-buy-cali-bud-or-no-bud-pure-og-online","10":"product_tag-buy-cali-buds","11":"product_tag-buy-pure-og-cali-bud-or-no-bud-online","12":"product_tag-buy-weed-online","13":"product_tag-by-the-best-cali-buds","14":"product_tag-cali-bags","15":"product_tag-cali-bud","16":"product_tag-cali-bud-or-no-bud","17":"product_tag-cali-bud-or-no-bud-for-sale","18":"product_tag-cali-bud-or-no-bud-near-me","19":"product_tag-cali-bud-or-no-bud-pure-og","20":"product_tag-cali-bud-or-no-bud-pure-og-for-sale","21":"product_tag-cali-bud-or-no-bud-pure-og-near-me","22":"product_tag-cali-bud-packs","23":"product_tag-cali-buds","24":"product_tag-cali-buds-online","25":"product_tag-cali-pure-og","26":"product_tag-pure-og-weed-strain","27":"product_tag-top-cali-bud-packs","28":"desktop-align-center","29":"tablet-align-left","30":"mobile-align-left","32":"first","33":"instock","34":"shipping-taxable","35":"purchasable","36":"product-type-variable"},"uagb_featured_image_src":{"full":["https:\/\/caliweedeurope.com\/wp-content\/uploads\/2024\/11\/56e3b9f5-aefa-40e3-bae8-4d47822696b6-1.jpg",768,1024,false],"thumbnail":["https:\/\/caliweedeurope.com\/wp-content\/uploads\/2024\/11\/56e3b9f5-aefa-40e3-bae8-4d47822696b6-1-150x150.jpg",150,150,true],"medium":["https:\/\/caliweedeurope.com\/wp-content\/uploads\/2024\/11\/56e3b9f5-aefa-40e3-bae8-4d47822696b6-1-225x300.jpg",225,300,true],"medium_large":["https:\/\/caliweedeurope.com\/wp-content\/uploads\/2024\/11\/56e3b9f5-aefa-40e3-bae8-4d47822696b6-1.jpg",768,1024,false],"large":["https:\/\/caliweedeurope.com\/wp-content\/uploads\/2024\/11\/56e3b9f5-aefa-40e3-bae8-4d47822696b6-1.jpg",768,1024,false],"1536x1536":["https:\/\/caliweedeurope.com\/wp-content\/uploads\/2024\/11\/56e3b9f5-aefa-40e3-bae8-4d47822696b6-1.jpg",768,1024,false],"2048x2048":["https:\/\/caliweedeurope.com\/wp-content\/uploads\/2024\/11\/56e3b9f5-aefa-40e3-bae8-4d47822696b6-1.jpg",768,1024,false],"trp-custom-language-flag":["https:\/\/caliweedeurope.com\/wp-content\/uploads\/2024\/11\/56e3b9f5-aefa-40e3-bae8-4d47822696b6-1.jpg",9,12,false],"woocommerce_thumbnail":["https:\/\/caliweedeurope.com\/wp-content\/uploads\/2024\/11\/56e3b9f5-aefa-40e3-bae8-4d47822696b6-1-300x300.jpg",300,300,true],"woocommerce_single":["https:\/\/caliweedeurope.com\/wp-content\/uploads\/2024\/11\/56e3b9f5-aefa-40e3-bae8-4d47822696b6-1-600x800.jpg",600,800,true],"woocommerce_gallery_thumbnail":["https:\/\/caliweedeurope.com\/wp-content\/uploads\/2024\/11\/56e3b9f5-aefa-40e3-bae8-4d47822696b6-1-100x100.jpg",100,100,true]},"uagb_author_info":{"display_name":"jetskiforsaleuk@gmail.com","author_link":"https:\/\/caliweedeurope.com\/it\/author\/"},"uagb_comment_info":0,"uagb_excerpt":"Cali Plug Pure OG Strain To begin with buy Cali Pure OG strain is a Girl Scout Cookies phenotype. Named for its cloudy white trichomes and sticky buds, this strain smells of sweet, minty terpenes with a charming gritty hint.","_links":{"self":[{"href":"https:\/\/caliweedeurope.com\/it\/wp-json\/wp\/v2\/product\/1810"}],"collection":[{"href":"https:\/\/caliweedeurope.com\/it\/wp-json\/wp\/v2\/product"}],"about":[{"href":"https:\/\/caliweedeurope.com\/it\/wp-json\/wp\/v2\/types\/product"}],"replies":[{"embeddable":true,"href":"https:\/\/caliweedeurope.com\/it\/wp-json\/wp\/v2\/comments?post=1810"}],"wp:featuredmedia":[{"embeddable":true,"href":"https:\/\/caliweedeurope.com\/it\/wp-json\/wp\/v2\/media\/1738"}],"wp:attachment":[{"href":"https:\/\/caliweedeurope.com\/it\/wp-json\/wp\/v2\/media?parent=1810"}],"wp:term":[{"taxonomy":"product_brand","embeddable":true,"href":"https:\/\/caliweedeurope.com\/it\/wp-json\/wp\/v2\/product_brand?post=1810"},{"taxonomy":"product_cat","embeddable":true,"href":"https:\/\/caliweedeurope.com\/it\/wp-json\/wp\/v2\/product_cat?post=1810"},{"taxonomy":"product_tag","embeddable":true,"href":"https:\/\/caliweedeurope.com\/it\/wp-json\/wp\/v2\/product_tag?post=1810"}],"curies":[{"name":"wp","href":"https:\/\/api.w.org\/{rel}","templated":true}]}}