{"id":1816,"date":"2024-11-05T18:39:28","date_gmt":"2024-11-05T18:39:28","guid":{"rendered":"https:\/\/caliweedeurope.com\/?post_type=product&#038;p=1816"},"modified":"2024-11-05T18:39:35","modified_gmt":"2024-11-05T18:39:35","slug":"buy-cali-plug-smuckers-strain-online","status":"publish","type":"product","link":"https:\/\/caliweedeurope.com\/it\/product\/buy-cali-plug-smuckers-strain-online\/","title":{"rendered":"Acquista Cali Plug Smuckers Strain online"},"content":{"rendered":"<h1 style=\"text-align: center\"><strong>\u00a0 \u00a0 \u00a0 \u00a0 \u00a0<\/strong><strong>SMUCKERS <\/strong><strong>\u00a0<\/strong><strong>CALI BUD OR NO BUD<\/strong><strong> |<\/strong> <strong>CALI BUD OR NO BUD <\/strong><strong>SMUCKERS <\/strong><strong>\u00a0|<\/strong> <strong>CALI PLUG CALI BUD OR NO BUD<\/strong><\/h1>\n<p><strong>Cali Plug Smuckers Strain<\/strong><br \/> Cali Smuckers \u00e8 una variet\u00e0 ibrida influente di cannabis, incrociata con Strawberry e Grape Ape per ottenere questa straordinaria variet\u00e0. Cali Plug \u00e8 orgogliosa di presentarvi questa variet\u00e0 di tendenza e di alta gamma.<\/p>\n<p><strong>Usi medici della variet\u00e0 di cannabis Cali Plug Smuckers<\/strong><br \/> La variet\u00e0 Cali Bud Smuckers \u00e8 la migliore per i pazienti che soffrono di ansia e dolore cronico. Questa variet\u00e0 garantisce un sollievo immediato dal dolore e dall'ansia. Serve anche come medicinale per il dolore pulsante cos\u00ec come per la nausea. La variet\u00e0 pu\u00f2 anche aiutare a combattere i sintomi del PTSD. Acquista le variet\u00e0 Cali di alta qualit\u00e0 dal Cali Weed Plug per veri fiori e consegna sicura.<\/p>\n<p>Probabilmente non hai mai sentito parlare della variet\u00e0 Smuckers. La variet\u00e0 Smuckers \u00e8 una nuova variet\u00e0 che \u00e8 stata introdotta nel mercato della cannabis qualche mese fa. Questa variet\u00e0 sta guadagnando popolarit\u00e0 in tutto il mondo, in particolare negli Stati Uniti, e la domanda per questa variet\u00e0 \u00e8 aumentata all'inizio del 2021. Che variet\u00e0 straordinaria abbiamo oggi. Il gusto \u00e8 fantastico, sia da secca che accesa\u2026 gli effetti sono perfetti per una serata rilassante e un buon sonno notturno. Uso il CPAP da 15 anni e ancora non dormo bene. Un viaggio a Parigi e ho dormito meglio che mai. La variet\u00e0 Smuckers ha un aroma dolce, terroso, fruttato e speziato con un contenuto di THC superiore al 22%. I fiori presentano macchie verdi brillanti e peli arancioni vivaci.<\/p>\n<h2 style=\"text-align: center\">\u00a0<strong>BUY\u00a0<\/strong><strong>SMUCKERS\u00a0<\/strong><strong>\u00a0CALI BUD OR NO BUD\u00a0 ONLINE | BUY CALI BUD OR NO BUD\u00a0<\/strong><strong>SMUCKERS\u00a0<\/strong><strong>\u00a0\u00a0ONLINE | BUY CALI BUD OR NO BUD ONLINE<\/strong><\/h2>\n<p>I coltivatori di cannabis si concentrerebbero sulla creazione di nuove variet\u00e0 che illuminano la tua giornata e ti fanno sentire fantastico e rilassato. Sembra il vero significato di vivere bene. La variet\u00e0 Smuckers si aggiunge al loro gruppo di piante eccezionali. La variet\u00e0 Smuckers offre un buon effetto euforico. Dopo un iniziale slancio creativo, l'effetto calmante sul corpo prende il sopravvento. Pu\u00f2 diventare intorpidente e alleviare tutti i tipi di dolore. Alla fine arriva la fame.<\/p>\n<p><strong>Coltivazione della variet\u00e0 di cannabis Smuckers<\/strong><br \/> Questa variet\u00e0 cresce bassa e si adatta bene sia all'interno che all'esterno, o anche in una serra. Le piante dovrebbero restare in fase vegetativa per almeno un mese, se non cinque. La variet\u00e0 fiorisce per otto-nove settimane e produce un grammo per watt all'interno. I coltivatori all'aperto possono ottenere fino a un chilo per pianta.<\/p>\n<p><strong>Cali Smuckers<\/strong><\/p>\n<p>Cali Smuckers \u00e8 una variet\u00e0 ibrida influente di cannabis incrociata con strawberry e grape ape per ottenere questa straordinaria variet\u00e0. \u00c8 la migliore per i pazienti che soffrono di ansia e dolore cronico. Questa variet\u00e0 garantisce un sollievo immediato dal dolore. I suoi leggeri effetti reali possono alleviare alcuni dolori e la nausea.<\/p>\n<p>&nbsp;<\/p>\n<h3 style=\"text-align: center\"><strong>SMUCKERS\u00a0<\/strong><strong>CALI BUD OR NO BUD FOR SALE | CALI BUD OR NO BUD\u00a0\u00a0<\/strong><strong>SMUCKERS\u00a0<\/strong><strong>\u00a0FOR SALE | CALI BUD OR NO BUD\u00a0 FOR SALE<\/strong><\/h3>\n<div><strong>Dove acquistare la variet\u00e0 Smuckers<\/strong><\/div>\n<div>\n<p>La variet\u00e0 Smuckers sta diventando una delle migliori sul mercato negli ultimi tempi. Tuttavia, ci sono pochi fornitori di questa variet\u00e0 sul mercato. Pertanto, alcuni fornitori tendono a sfruttare i loro acquirenti. Per questo motivo, \u00e8 importante scegliere con cautela un fornitore per la variet\u00e0 Smuckers. Puoi sempre visitare il nostro sito web per le tue richieste relative a questa variet\u00e0. Facciamo sempre del nostro meglio per soddisfare le esigenze dei nostri clienti. Pertanto, abbiamo sempre una scorta di Smuckers Weed.<\/p>\n<\/p><\/div>\n<p><strong>Effetti della variet\u00e0 di cannabis Smuckers<\/strong><br \/> Sballo corporeo, Euforia, Rilassante, Sonnolento, Tonificante<br \/> <strong>Pu\u00f2 alleviare<\/strong><br \/> Ansia, Dolore cronico, Depressione, Insonnia, PTSD, Stress<br \/> <strong>Sapori<\/strong><br \/> Caramella, Cioccolato, Cremoso, Fruttato, Zuccherino, Dolce<br \/> <strong>Aromi<\/strong><br \/> Cioccolato, Terroso, Fruttato, Erbaceo, Dolce<\/p>\n<p>La variet\u00e0 pu\u00f2 anche aiutare a combattere i sintomi del PTSD. Questa pianta cresce bassa e si adatta bene all'interno, all'esterno o anche in una serra. Gli appassionati dovrebbero dedicare almeno un mese, se non cinque, alla fase vegetativa. La variet\u00e0 fiorisce in otto o nove settimane e pu\u00f2 produrre un grammo per watt al chiuso. All'aperto, i coltivatori possono raccogliere fino a una libbra per pianta.<\/p>\n<h3 style=\"text-align: center\"><strong>CALI BUD OR NO BUD \u00a0SMUCKERS \u00a0\u00a0NEAR ME | SMUCKERS \u00a0\u00a0CALI BUD OR NO BUD\u00a0\u00a0 NEAR ME | CALI BUD OR NO BUD \u00a0NEAR ME<\/strong><\/h3>\n<div><strong>\u00a0<\/strong><\/div>\n<div>Un piacevole sapore di limone agrumato e terroso era la caratteristica della variet\u00e0 Smuckers. L'ho fumata ed era deliziosa. Lo sballo era stimolante, euforico, rilassato e molto chill, perfetto per giocare o ascoltare musica. La fumerei di nuovo.<\/div>\n<p><strong>Avvertenza per la variet\u00e0 di cannabis Smuckers<\/strong><br \/> Questo prodotto contiene Cannabis, una sostanza controllata. Tenere fuori dalla portata di bambini e animali. I prodotti a base di cannabis possono essere posseduti o consumati solo da persone di 21 anni o pi\u00f9, a meno che la persona non sia un paziente qualificato. Gli effetti inebrianti dei prodotti a base di cannabis possono durare fino a due ore. L'uso di cannabis durante la gravidanza o l'allattamento pu\u00f2 essere dannoso. Il consumo di questi prodotti compromette la capacit\u00e0 di guidare o manovrare macchinari. Si prega di usare estrema cautela.<\/p>\n<p class=\"p1\"><strong>Avvertimento.<\/strong><\/p>\n<p class=\"p1\">In terzo luogo, questo prodotto contiene cannabis, una sostanza controllata. Tenere fuori dalla portata di bambini e animali. I prodotti a base di cannabis possono essere posseduti o consumati solo da persone di et\u00e0 pari o superiore a 21 anni, a meno che la persona non sia un paziente qualificato. Gli effetti inebrianti dei prodotti a base di cannabis possono durare fino a due ore. L'uso di cannabis durante la gravidanza o l'allattamento pu\u00f2 essere dannoso. Il consumo di questi prodotti compromette la capacit\u00e0 di guidare o operare macchinari. Si prega di usare estrema cautela.<\/p>\n<h4 class=\"p1\" style=\"text-align: center\"><strong>SMUCKERS STRAIN | SMUCKERS WEED STRAIN<\/strong><\/h4>\n<p><strong>Effetti e benefici medici della variet\u00e0<\/strong><\/p>\n<div class=\"translation-block\">La cannabis contiene composti che possono influenzare il tuo cervello e il tuo corpo. Pu\u00f2 essere additiva e allo stesso tempo dannosa per la salute di alcune persone, oltre a farti sballare. Tuttavia, negli ultimi anni la cannabis ha guadagnato accettazione pubblica e la maggior parte degli stati ha legalizzato l'uso della cannabis. Le piante di cannabis possono essere utilizzate per trattare una gamma di<a href=\"https:\/\/myweedgroup.com\/product\/buy-smuckers-strain\/\" target=\"_blank\" rel=\"noopener\">problemi<\/a> mentali e fisici. Medicamente, la variet\u00e0 Smuckers \u00e8 nota per aiutare a risolvere problemi di sonno intensi. La variet\u00e0 \u00e8 anche nota per aiutare notevolmente nel trattamento della depressione. La depressione \u00e8 abbastanza diffusa, senza che la maggior parte delle persone se ne renda conto. Solo i professionisti medici possono provarlo. Questa variet\u00e0 aiuta anche a trattare il dolore cronico, lo stress o l'ansia, l'insonnia, la perdita di appetito e l'infiammazione.<\/div>\n<div>\n<p><strong>Imballaggio della variet\u00e0 Smuckers<\/strong><\/p>\n<div>\n<div>Tutte le variet\u00e0 esotiche e cookie sul nostro sito sono confezionate nei loro sacchetti ufficiali, come visto sul nostro sito web. Non \u00e8 fantastico? S\u00ec, lo \u00e8. Quindi non devi pagare un extra per i sacchetti. Non siamo forse i migliori sul mercato? Allora fai il tuo ordine ora.<\/div>\n<div>\n<div>\n<div>\n<div>Tuttavia, va notato che la variet\u00e0 Smuckers sta guadagnando sempre pi\u00f9 popolarit\u00e0 negli ultimi giorni. Pertanto, la variet\u00e0 sta rafforzando la popolarit\u00e0 di altre variet\u00e0. Pertanto, dovrebbe essere presa in considerazione una buona continua osservazione della variet\u00e0. Smuckers Weed.<\/div>\n<div><\/div>\n<\/p><\/div>\n<\/p><\/div>\n<div>\n<div data-testid=\"product-description\">\n<div class=\"truncate-lines__Wrapper-sc-1lknwty-0 YxHAC\">\n<div data-testid=\"truncated-description\">\n<div>\n<div class=\"text__Text-sc-fif1uk-0 kdmKRD\">\n<div class=\"src__Box-sc-1sbtrzs-0 src__Flex-sc-1sbtrzs-1 kWPFqZ hzdsvF\">\n<div>CATEGORIE DI PRODOTTO CAMPIONE<\/div>\n<\/p><\/div>\n<\/p><\/div>\n<\/p><\/div>\n<\/p><\/div>\n<\/p><\/div>\n<\/p><\/div>\n<div class=\"text__Text-sc-fif1uk-0 htoJfX\"><a href=\"https:\/\/jeetersofficial.com\/product-category\/buy-cali-buds\/\" target=\"_blank\" rel=\"noopener\">CALI BUDS<\/a><\/div>\n<div data-testid=\"product-description\">\n<div class=\"truncate-lines__Wrapper-sc-1lknwty-0 YxHAC\">\n<div data-testid=\"truncated-description\">\n<div class=\"text__Text-sc-fif1uk-0 kdmKRD\"><a href=\"https:\/\/jeetersofficial.com\/product-category\/backpack-boyz\/\" target=\"_blank\" rel=\"noopener\">Backpack\u00a0 Boyz<\/a><\/div>\n<div><a href=\"https:\/\/jeetersofficial.com\/product-category\/snow-balls-weed\/\" target=\"_blank\" rel=\"noopener\">SNOWBALLS WEED<\/a><\/div>\n<div><a href=\"https:\/\/jeetersofficial.com\/product-category\/persy-snowcaps\/\" target=\"_blank\" rel=\"noopener\">Persy Snowcaps<\/a><\/div>\n<div><a href=\"https:\/\/jeetersofficial.com\/product-category\/drip-snowcaps\/\" target=\"_blank\" rel=\"noopener\">Drip Snowcaps<\/a><\/div>\n<div><a href=\"https:\/\/jeetersofficial.com\/product-category\/concentrates\/\" target=\"_blank\" rel=\"noopener\">CALI CONCENTRATES<\/a><\/div>\n<div><a href=\"https:\/\/jeetersofficial.com\/product-category\/doja-exclusive\/\" target=\"_blank\" rel=\"noopener\">CALI DOJA PACKS EXCLUSIVE<\/a><\/div>\n<div><a href=\"https:\/\/jeetersofficial.com\/product-category\/marijuana-flowers\/\" target=\"_blank\" rel=\"noopener\">CALI MARIJUANA FLOWERS<\/a><\/div>\n<\/p><\/div>\n<\/p><\/div>\n<\/p><\/div>\n<div><a href=\"https:\/\/jeetersofficial.com\/product-category\/sativa-strain\/\" target=\"_blank\" rel=\"noopener\">CALI SATIVA STRAINS<\/a><\/div>\n<div><a href=\"https:\/\/jeetersofficial.com\/product-category\/indica\/\" target=\"_blank\" rel=\"noopener\">CALI INDICA STRAINS<\/a><\/div>\n<div><a href=\"https:\/\/jeetersofficial.com\/product-category\/hybrid-weed\/\" target=\"_blank\" rel=\"noopener\">CALI HYBRID WEED<\/a><\/div>\n<\/p><\/div>\n<\/p><\/div>\n<\/p><\/div>\n<\/p><\/div>","protected":false},"excerpt":{"rendered":"<p><strong>Cali Plug Smuckers Strain<\/strong><br \/> Cali Smuckers \u00e8 una variet\u00e0 ibrida influente di cannabis, incrociata con Strawberry e Grape Ape per ottenere questa straordinaria variet\u00e0. Cali Plug \u00e8 orgogliosa di presentarvi questa variet\u00e0 di tendenza e di alta gamma.<\/p>","protected":false},"featured_media":1835,"comment_status":"closed","ping_status":"closed","template":"","meta":{"_uag_custom_page_level_css":"","site-sidebar-layout":"default","site-content-layout":"","ast-site-content-layout":"","site-content-style":"default","site-sidebar-style":"default","ast-global-header-display":"","ast-banner-title-visibility":"","ast-main-header-display":"","ast-hfb-above-header-display":"","ast-hfb-below-header-display":"","ast-hfb-mobile-header-display":"","site-post-title":"","ast-breadcrumbs-content":"","ast-featured-img":"","footer-sml-layout":"","theme-transparent-header-meta":"","adv-header-id-meta":"","stick-header-meta":"","header-above-stick-meta":"","header-main-stick-meta":"","header-below-stick-meta":"","astra-migrate-meta-layouts":"default","ast-page-background-enabled":"default","ast-page-background-meta":{"desktop":{"background-color":"var(--ast-global-color-4)","background-image":"","background-repeat":"repeat","background-position":"center center","background-size":"auto","background-attachment":"scroll","background-type":"","background-media":"","overlay-type":"","overlay-color":"","overlay-opacity":"","overlay-gradient":""},"tablet":{"background-color":"","background-image":"","background-repeat":"repeat","background-position":"center center","background-size":"auto","background-attachment":"scroll","background-type":"","background-media":"","overlay-type":"","overlay-color":"","overlay-opacity":"","overlay-gradient":""},"mobile":{"background-color":"","background-image":"","background-repeat":"repeat","background-position":"center center","background-size":"auto","background-attachment":"scroll","background-type":"","background-media":"","overlay-type":"","overlay-color":"","overlay-opacity":"","overlay-gradient":""}},"ast-content-background-meta":{"desktop":{"background-color":"var(--ast-global-color-5)","background-image":"","background-repeat":"repeat","background-position":"center center","background-size":"auto","background-attachment":"scroll","background-type":"","background-media":"","overlay-type":"","overlay-color":"","overlay-opacity":"","overlay-gradient":""},"tablet":{"background-color":"var(--ast-global-color-5)","background-image":"","background-repeat":"repeat","background-position":"center center","background-size":"auto","background-attachment":"scroll","background-type":"","background-media":"","overlay-type":"","overlay-color":"","overlay-opacity":"","overlay-gradient":""},"mobile":{"background-color":"var(--ast-global-color-5)","background-image":"","background-repeat":"repeat","background-position":"center center","background-size":"auto","background-attachment":"scroll","background-type":"","background-media":"","overlay-type":"","overlay-color":"","overlay-opacity":"","overlay-gradient":""}}},"product_brand":[],"product_cat":[675],"product_tag":[489,491,709,506,710,508,509,510,492,481,472,711,712,713,515,518,461,462,714,465,715,467,716,717,718,719,720,721,722,723,724,725,726,727,728,729,730,731,732,733,734,735,736],"class_list":{"0":"post-1816","1":"product","2":"type-product","3":"status-publish","4":"has-post-thumbnail","6":"product_cat-buy-cali-buds","7":"product_tag-best-cali-packs","8":"product_tag-buy-cali-bud-or-no-bud-online","9":"product_tag-buy-cali-bud-or-no-bud-smuckers-online","10":"product_tag-buy-cali-buds","11":"product_tag-buy-smuckers-strain","12":"product_tag-buy-weed-online","13":"product_tag-by-the-best-cali-buds","14":"product_tag-cali-bags","15":"product_tag-cali-bud-or-no-bud","16":"product_tag-cali-bud-or-no-bud-for-sale","17":"product_tag-cali-bud-or-no-bud-near-me","18":"product_tag-cali-bud-or-no-bud-smuckers","19":"product_tag-cali-bud-or-no-bud-smuckers-for-sale","20":"product_tag-cali-bud-or-no-bud-smuckers-near-me","21":"product_tag-cali-buds-online","22":"product_tag-cali-gush-lato","23":"product_tag-cali-packs","24":"product_tag-cali-plug-cali-bud-or-no-bud","25":"product_tag-cali-smuckers-strain","26":"product_tag-cali-weed-flavors","27":"product_tag-exotics-bud-packs","28":"product_tag-hardball-cookies","29":"product_tag-smuckers-cali-bud-or-no-bud","30":"product_tag-smuckers-cali-bud-or-no-bud-near-me","31":"product_tag-smuckers-cali-strain","32":"product_tag-smuckers-marijuana","33":"product_tag-smuckers-strain","34":"product_tag-smuckers-strain-allbud","35":"product_tag-smuckers-strain-buy","36":"product_tag-smuckers-strain-buy-smuckers-cali-bud-or-no-bud-online","37":"product_tag-smuckers-strain-for-sale","38":"product_tag-smuckers-strain-germany","39":"product_tag-smuckers-strain-ireland","40":"product_tag-smuckers-strain-italy","41":"product_tag-smuckers-strain-online","42":"product_tag-smuckers-strain-review","43":"product_tag-smuckers-strain-reviewssmuckers-strain","44":"product_tag-smuckers-strain-uk","45":"product_tag-smuckers-strain-usa","46":"product_tag-smuckers-strain-weedmaps","47":"product_tag-smuckers-weed","48":"product_tag-smuckers-weed-strain","49":"product_tag-smuckers-weed-strain-smuckers-cali-bud-or-no-bud-for-sale","50":"desktop-align-center","51":"tablet-align-left","52":"mobile-align-left","54":"first","55":"instock","56":"shipping-taxable","57":"purchasable","58":"product-type-variable"},"uagb_featured_image_src":{"full":["https:\/\/caliweedeurope.com\/wp-content\/uploads\/2024\/11\/smuckers.jpg",384,511,false],"thumbnail":["https:\/\/caliweedeurope.com\/wp-content\/uploads\/2024\/11\/smuckers-150x150.jpg",150,150,true],"medium":["https:\/\/caliweedeurope.com\/wp-content\/uploads\/2024\/11\/smuckers-225x300.jpg",225,300,true],"medium_large":["https:\/\/caliweedeurope.com\/wp-content\/uploads\/2024\/11\/smuckers.jpg",384,511,false],"large":["https:\/\/caliweedeurope.com\/wp-content\/uploads\/2024\/11\/smuckers.jpg",384,511,false],"1536x1536":["https:\/\/caliweedeurope.com\/wp-content\/uploads\/2024\/11\/smuckers.jpg",384,511,false],"2048x2048":["https:\/\/caliweedeurope.com\/wp-content\/uploads\/2024\/11\/smuckers.jpg",384,511,false],"trp-custom-language-flag":["https:\/\/caliweedeurope.com\/wp-content\/uploads\/2024\/11\/smuckers.jpg",9,12,false],"woocommerce_thumbnail":["https:\/\/caliweedeurope.com\/wp-content\/uploads\/2024\/11\/smuckers-300x300.jpg",300,300,true],"woocommerce_single":["https:\/\/caliweedeurope.com\/wp-content\/uploads\/2024\/11\/smuckers.jpg",384,511,false],"woocommerce_gallery_thumbnail":["https:\/\/caliweedeurope.com\/wp-content\/uploads\/2024\/11\/smuckers-100x100.jpg",100,100,true]},"uagb_author_info":{"display_name":"jetskiforsaleuk@gmail.com","author_link":"https:\/\/caliweedeurope.com\/it\/author\/"},"uagb_comment_info":0,"uagb_excerpt":"Cali Plug Smuckers Strain Cali Smuckers is an influential cannabis hybrid strain cross with strawberry and grape ape to get this astonishing strain. The Cali Plug is Proud to introduce to you this trending and top-shelf. bud strain.","_links":{"self":[{"href":"https:\/\/caliweedeurope.com\/it\/wp-json\/wp\/v2\/product\/1816"}],"collection":[{"href":"https:\/\/caliweedeurope.com\/it\/wp-json\/wp\/v2\/product"}],"about":[{"href":"https:\/\/caliweedeurope.com\/it\/wp-json\/wp\/v2\/types\/product"}],"replies":[{"embeddable":true,"href":"https:\/\/caliweedeurope.com\/it\/wp-json\/wp\/v2\/comments?post=1816"}],"wp:featuredmedia":[{"embeddable":true,"href":"https:\/\/caliweedeurope.com\/it\/wp-json\/wp\/v2\/media\/1835"}],"wp:attachment":[{"href":"https:\/\/caliweedeurope.com\/it\/wp-json\/wp\/v2\/media?parent=1816"}],"wp:term":[{"taxonomy":"product_brand","embeddable":true,"href":"https:\/\/caliweedeurope.com\/it\/wp-json\/wp\/v2\/product_brand?post=1816"},{"taxonomy":"product_cat","embeddable":true,"href":"https:\/\/caliweedeurope.com\/it\/wp-json\/wp\/v2\/product_cat?post=1816"},{"taxonomy":"product_tag","embeddable":true,"href":"https:\/\/caliweedeurope.com\/it\/wp-json\/wp\/v2\/product_tag?post=1816"}],"curies":[{"name":"wp","href":"https:\/\/api.w.org\/{rel}","templated":true}]}}