{"id":1828,"date":"2024-11-05T18:39:28","date_gmt":"2024-11-05T18:39:28","guid":{"rendered":"https:\/\/caliweedeurope.com\/?post_type=product&#038;p=1828"},"modified":"2024-11-05T18:39:35","modified_gmt":"2024-11-05T18:39:35","slug":"buy-cali-wedding-nerdz-online","status":"publish","type":"product","link":"https:\/\/caliweedeurope.com\/it\/product\/buy-cali-wedding-nerdz-online\/","title":{"rendered":"Acquista Cali Wedding Nerdz online"},"content":{"rendered":"<h1 style=\"text-align: center\"><strong>\u00a0 \u00a0 \u00a0 \u00a0 \u00a0CALI <\/strong><strong>WEDDING NERDZ CALI BUD OR NO BUD <\/strong><strong>\u00a0| CALI PLUG <\/strong><strong>CALI BUD OR NO BUD WEDDING NERDZ <\/strong><strong>\u00a0<\/strong><strong>CALI BUD OR NO BUD <\/strong><strong>\u00a0| CALI PLUG <\/strong><strong>CALI BUD OR NO BUD <\/strong><\/h1>\n<p style=\"text-align: center\"><strong>Cali Bud Wedding Nerdz<\/strong><br \/> Wedding Nerdz \u00e8 una variet\u00e0 ibrida di cannabis influente, creata dall'incrocio di Strawberry e Grape Ape per ottenere questa straordinaria variet\u00e0.<\/p>\n<p style=\"text-align: center\"><strong>Usi medici di Wedding Nerdz<\/strong><\/p>\n<p style=\"text-align: center\">\u00c8 ideale per i pazienti che soffrono di ansia e dolori cronici. Questa variet\u00e0 garantisce un sollievo immediato dal dolore. I suoi effetti leggeri possono alleviare alcuni dolori e nausea.<\/p>\n<p style=\"text-align: center\"><strong>Wedding Nerdz<\/strong><\/p>\n<p style=\"text-align: center\">Firstly, Wedding nerdz being and influencial cannabis hybrid strain cross with strawberry and grape ape to get this amazing strains is best for patients suffering from anxiety and chronic pain. This <a href=\"http:\/\/leafly.com\" target=\"_blank\" rel=\"noopener\">Variet\u00e0<\/a> guarantees immidiate relief from pain for the relieve. It\u2019s light real impacts may facilitate a few a throbbing painfulness just as queasiness. The strain may likewise help battle the manifestations of PTSD.This strain develops short and can do well inside, outside or even a nursery. Geeks ought to be given at any rate a month, if not five, to get done with vegetating. The strain blossoms for eight to nine weeks and will deliver a gram for each watt inside. Outside cultivators may have gathers as much as a pound for every <a href=\"https:\/\/www.wikileaf.com\/strain\/nerds\/\" target=\"_blank\" rel=\"noopener\">plant.<\/a><\/p>\n<h2 style=\"text-align: center\"><strong>BUY CALI <\/strong><strong>WEDDING NERDZ <\/strong><strong>\u00a0\u00a0<\/strong><strong>CALI BUD OR NO BUD <\/strong><strong>ONLINE | BUY CALI PLUG <\/strong><strong>CALI BUD OR NO BUD WEDDING NERDZ <\/strong><strong>\u00a0\u00a0<\/strong><strong>CALI BUD OR NO BUD <\/strong><strong>\u00a0ONLINE | BUY CALI PLUG <\/strong><strong>CALI BUD OR NO BUD <\/strong><strong>ONLINE <\/strong><\/h2>\n<p style=\"text-align: center\"><strong>Effetti di Cali Wedding Nerdz<\/strong><br \/> In secondo luogo, questa variet\u00e0 pu\u00f2 anche aiutare a combattere i sintomi del PTSD. Questa variet\u00e0 cresce bassa e pu\u00f2 svilupparsi bene all'interno, all'esterno o anche in una serra. Le piante dovrebbero essere lasciate almeno un mese, se non cinque, per completare la fase vegetativa.<\/p>\n<p style=\"text-align: center\"><strong>Wedding Nerdz<\/strong><\/p>\n<p class=\"p1\" style=\"text-align: center\">In terzo luogo, questo prodotto contiene cannabis, una sostanza controllata. Tenere fuori dalla portata di bambini e animali. I prodotti a base di cannabis possono essere posseduti o consumati solo da persone di et\u00e0 pari o superiore a 21 anni, a meno che la persona non sia un paziente qualificato. Gli effetti inebrianti dei prodotti a base di cannabis possono durare fino a due ore. L'uso di cannabis durante la gravidanza o l'allattamento pu\u00f2 essere dannoso. Il consumo di questi prodotti compromette la capacit\u00e0 di guidare o operare macchinari. Si prega di usare estrema cautela.<\/p>\n<h3 style=\"text-align: center\"><strong>CALI <\/strong><strong>WEDDING NERDZ <\/strong><strong>\u00a0\u00a0<\/strong><strong>CALI BUD OR NO BUD <\/strong><strong>FOR SALE | CALI PLUG <\/strong><strong>WEDDING NERDZ <\/strong><strong>\u00a0\u00a0<\/strong><strong>CALI BUD OR NO BUD <\/strong><strong>\u00a0\u00a0FOR SALE | CALI PLUG <\/strong><strong>CALI BUD OR NO BUD <\/strong><strong>FOR SALE<\/strong><\/h3>\n<p style=\"text-align: center\" class=\"translation-block\">G<strong>rowing Cali Wedding Nerds<\/strong><br> La variet\u00e0 fiorisce per otto o nove settimane e produrr\u00e0 un grammo per watt all'interno. I coltivatori all'aperto possono raccogliere fino a una libbra per pianta.<\/p>\n<p style=\"text-align: center\"><strong>Nerds strain<\/strong><\/p>\n<p style=\"text-align: center\">Acquista la variet\u00e0 Nerds. Vegeta per 4-5 settimane e fiorisce per 8-9 settimane. Il rendimento previsto \u00e8 un grammo per watt se coltivato indoor o fino a un chilo per pianta se coltivato outdoor.<\/p>\n<p style=\"text-align: center\">NERDS sta per \"Never Ending Research &amp; Development of our nerds strain\", perch\u00e9 rappresenta il modo in cui hanno sempre affrontato l'apprendimento della pianta di cannabis; ricercando continuamente, formulando ipotesi e testando diverse tecniche di allevamento e cura delle piante.<\/p>\n<p style=\"text-align: center\">Nerds \u00e8 un bellissimo ibrido stimolante proveniente dall'Oregon. La perfetta miscela equilibrata di Indica e Sativa, \u00e8 la variet\u00e0 figlia di Grape Ape x Strawberry Cough.<\/p>\n<h4 style=\"text-align: center\"><strong>CALI PLUG CALI BUD OR NO BUD WEDDING NERDZ \u00a0\u00a0CALI BUD OR NO BUD \u00a0NEAR ME | CALI PLUG WEDDING NERDZ \u00a0\u00a0CALI BUD OR NO BUD NEAR ME | CALI PLUG CALI BUD OR NO BUD NEAR ME <\/strong><\/h4>\n<p style=\"text-align: center\"><strong>Cali Bud Wedding Nerdz Avvertenza.<\/strong><br \/> In conclusione, Questo prodotto contiene cannabis, una sostanza regolamentata. Tenere fuori dalla portata di bambini e animali. I prodotti a base di cannabis possono essere posseduti o consumati solo da persone di et\u00e0 pari o superiore a 21 anni, a meno che la persona non sia un paziente qualificato. Gli effetti inebrianti dei prodotti a base di cannabis possono durare fino a due ore. L'uso di cannabis durante la gravidanza o l'allattamento pu\u00f2 essere dannoso. Il consumo di questi prodotti compromette la capacit\u00e0 di guidare o di usare macchinari. Si prega di usare estrema cautela. Contattaci per ordinare i prodotti Cali Plug.<\/p>\n<p style=\"text-align: center\"><strong>Panoramica della variet\u00e0 Nerds<\/strong><\/p>\n<p style=\"text-align: center\">Nerds, noto anche come Nerdz, \u00e8 una variet\u00e0 ibrida sviluppata dall'Oregon Microgrowers Guild, creata da Adam Jacques, il coltivatore capo della guilda.<\/p>\n<p style=\"text-align: center\">I profumi pi\u00f9 segnalati sono quelli di hashish e uva. I sapori pi\u00f9 segnalati sono hashish, uva e fragola.<\/p>\n<p style=\"text-align: center\">Con un sapore che sembra uscito direttamente dalla fabbrica di dolci di Willy Wonka, Nerds \u00e8 una variet\u00e0 ibrida creata dai coltivatori della Oregon Microgrowers Guild. In particolare, \u00e8 stata l'idea di Adam Jacques, che \u00e8 anche il proprietario e il capo coltivatore della guilda.<\/p>\n<div class=\"about-content-excerpt\" style=\"text-align: center\">\n<p>I fumatori riportano che l'uso di questa variet\u00e0 causa occhi secchi. Altri effetti includono un'ondata di creativit\u00e0, un umore elevato e rilassamento del corpo.<\/p>\n<\/p><\/div>\n<div class=\"about-content-more\">\n<p style=\"text-align: center\">I livelli di THC rappresentano il 15-19% del contenuto, rendendolo moderatamente nella media. I fumatori esperti potrebbero dover fare qualche tiro in pi\u00f9 per ottenere la loro dose di energia creativa e miglioramento dell'umore.<\/p>\n<div data-testid=\"product-description\">\n<div class=\"truncate-lines__Wrapper-sc-1lknwty-0 YxHAC\">\n<div data-testid=\"truncated-description\">\n<div>\n<div class=\"text__Text-sc-fif1uk-0 kdmKRD\">\n<div class=\"src__Box-sc-1sbtrzs-0 src__Flex-sc-1sbtrzs-1 kWPFqZ hzdsvF\">\n<div>CATEGORIE DI PRODOTTO CAMPIONE<\/div>\n<\/p><\/div>\n<\/p><\/div>\n<\/p><\/div>\n<\/p><\/div>\n<\/p><\/div>\n<\/p><\/div>\n<div class=\"text__Text-sc-fif1uk-0 htoJfX\"><a href=\"https:\/\/jeetersofficial.com\/product-category\/buy-cali-buds\/\" target=\"_blank\" rel=\"noopener\">CALI BUDS<\/a><\/div>\n<div data-testid=\"product-description\">\n<div class=\"truncate-lines__Wrapper-sc-1lknwty-0 YxHAC\">\n<div data-testid=\"truncated-description\">\n<div class=\"text__Text-sc-fif1uk-0 kdmKRD\"><a href=\"https:\/\/jeetersofficial.com\/product-category\/backpack-boyz\/\" target=\"_blank\" rel=\"noopener\">Backpack\u00a0 Boyz<\/a><\/div>\n<div><a href=\"https:\/\/jeetersofficial.com\/product-category\/snow-balls-weed\/\" target=\"_blank\" rel=\"noopener\">SNOWBALLS WEED<\/a><\/div>\n<div><a href=\"https:\/\/jeetersofficial.com\/product-category\/persy-snowcaps\/\" target=\"_blank\" rel=\"noopener\">Persy Snowcaps<\/a><\/div>\n<div><a href=\"https:\/\/jeetersofficial.com\/product-category\/drip-snowcaps\/\" target=\"_blank\" rel=\"noopener\">Drip Snowcaps<\/a><\/div>\n<div><a href=\"https:\/\/jeetersofficial.com\/product-category\/concentrates\/\" target=\"_blank\" rel=\"noopener\">CALI CONCENTRATES<\/a><\/div>\n<div><a href=\"https:\/\/jeetersofficial.com\/product-category\/doja-exclusive\/\" target=\"_blank\" rel=\"noopener\">CALI DOJA PACKS EXCLUSIVE<\/a><\/div>\n<div><a href=\"https:\/\/jeetersofficial.com\/product-category\/marijuana-flowers\/\" target=\"_blank\" rel=\"noopener\">CALI MARIJUANA FLOWERS<\/a><\/div>\n<\/p><\/div>\n<\/p><\/div>\n<\/p><\/div>\n<div><a href=\"https:\/\/jeetersofficial.com\/product-category\/sativa-strain\/\" target=\"_blank\" rel=\"noopener\">CALI SATIVA STRAINS<\/a><\/div>\n<div><a href=\"https:\/\/jeetersofficial.com\/product-category\/indica\/\" target=\"_blank\" rel=\"noopener\">CALI INDICA STRAINS<\/a><\/div>\n<div><a href=\"https:\/\/jeetersofficial.com\/product-category\/hybrid-weed\/\" target=\"_blank\" rel=\"noopener\">CALI HYBRID WEED<\/a><\/div>\n<\/p><\/div>","protected":false},"excerpt":{"rendered":"<p><strong>Cali Bud Wedding Nerdz Avvertenza.<\/strong><br \/> Questo prodotto contiene cannabis, una sostanza regolamentata. Tenere fuori dalla portata di bambini e animali. I prodotti a base di cannabis possono essere posseduti o consumati solo da persone di et\u00e0 pari o superiore a 21 anni, a meno che la persona non sia un paziente qualificato. Gli effetti inebrianti dei prodotti a base di cannabis possono durare fino a due ore. L'uso di cannabis durante la gravidanza o l'allattamento pu\u00f2 essere dannoso. Il consumo di questi prodotti compromette la capacit\u00e0 di guidare o di usare macchinari. Si prega di usare estrema cautela. Contattaci per ordinare i prodotti Cali Plug.<\/p>","protected":false},"featured_media":1836,"comment_status":"closed","ping_status":"closed","template":"","meta":{"_uag_custom_page_level_css":"","site-sidebar-layout":"default","site-content-layout":"","ast-site-content-layout":"","site-content-style":"default","site-sidebar-style":"default","ast-global-header-display":"","ast-banner-title-visibility":"","ast-main-header-display":"","ast-hfb-above-header-display":"","ast-hfb-below-header-display":"","ast-hfb-mobile-header-display":"","site-post-title":"","ast-breadcrumbs-content":"","ast-featured-img":"","footer-sml-layout":"","theme-transparent-header-meta":"","adv-header-id-meta":"","stick-header-meta":"","header-above-stick-meta":"","header-main-stick-meta":"","header-below-stick-meta":"","astra-migrate-meta-layouts":"default","ast-page-background-enabled":"default","ast-page-background-meta":{"desktop":{"background-color":"var(--ast-global-color-4)","background-image":"","background-repeat":"repeat","background-position":"center center","background-size":"auto","background-attachment":"scroll","background-type":"","background-media":"","overlay-type":"","overlay-color":"","overlay-opacity":"","overlay-gradient":""},"tablet":{"background-color":"","background-image":"","background-repeat":"repeat","background-position":"center center","background-size":"auto","background-attachment":"scroll","background-type":"","background-media":"","overlay-type":"","overlay-color":"","overlay-opacity":"","overlay-gradient":""},"mobile":{"background-color":"","background-image":"","background-repeat":"repeat","background-position":"center center","background-size":"auto","background-attachment":"scroll","background-type":"","background-media":"","overlay-type":"","overlay-color":"","overlay-opacity":"","overlay-gradient":""}},"ast-content-background-meta":{"desktop":{"background-color":"var(--ast-global-color-5)","background-image":"","background-repeat":"repeat","background-position":"center center","background-size":"auto","background-attachment":"scroll","background-type":"","background-media":"","overlay-type":"","overlay-color":"","overlay-opacity":"","overlay-gradient":""},"tablet":{"background-color":"var(--ast-global-color-5)","background-image":"","background-repeat":"repeat","background-position":"center center","background-size":"auto","background-attachment":"scroll","background-type":"","background-media":"","overlay-type":"","overlay-color":"","overlay-opacity":"","overlay-gradient":""},"mobile":{"background-color":"var(--ast-global-color-5)","background-image":"","background-repeat":"repeat","background-position":"center center","background-size":"auto","background-attachment":"scroll","background-type":"","background-media":"","overlay-type":"","overlay-color":"","overlay-opacity":"","overlay-gradient":""}}},"product_brand":[],"product_cat":[675],"product_tag":[491,737,738,481,472,739,740,741,473,515,516,517,518,461,521,522,535,536,462,537,463,464,465,613,497,742,743,744,745,746,747],"class_list":{"0":"post-1828","1":"product","2":"type-product","3":"status-publish","4":"has-post-thumbnail","6":"product_cat-buy-cali-buds","7":"product_tag-buy-cali-bud-or-no-bud-online","8":"product_tag-buy-cali-bud-or-no-bud-wedding-nerdz-online","9":"product_tag-buy-wedding-nerdz-cali-bud-or-no-bud-online","10":"product_tag-cali-bud-or-no-bud-for-sale","11":"product_tag-cali-bud-or-no-bud-near-me","12":"product_tag-cali-bud-or-no-bud-wedding-nerdz","13":"product_tag-cali-bud-or-no-bud-wedding-nerdz-for-sale","14":"product_tag-cali-bud-or-no-bud-wedding-nerdz-near-me","15":"product_tag-cali-buds","16":"product_tag-cali-buds-online","17":"product_tag-cali-flavors","18":"product_tag-cali-flavours","19":"product_tag-cali-gush-lato","20":"product_tag-cali-packs","21":"product_tag-cali-plug","22":"product_tag-cali-plug-bags","23":"product_tag-cali-plug-bud","24":"product_tag-cali-plug-buds","25":"product_tag-cali-plug-cali-bud-or-no-bud","26":"product_tag-cali-plug-strains","27":"product_tag-cali-straina","28":"product_tag-cali-weed-bags","29":"product_tag-cali-weed-flavors","30":"product_tag-cali-weed-strains","31":"product_tag-cannabis-strains","32":"product_tag-marijuana","33":"product_tag-medical","34":"product_tag-sativa","35":"product_tag-wedding-nerdz-cali-bud-or-no-bud","36":"product_tag-wedding-nerdz-cali-bud-or-no-bud-for-sale","37":"product_tag-wedding-nerdz-cali-bud-or-no-bud-near-me","38":"desktop-align-center","39":"tablet-align-left","40":"mobile-align-left","42":"first","43":"instock","44":"shipping-taxable","45":"purchasable","46":"product-type-variable"},"uagb_featured_image_src":{"full":["https:\/\/caliweedeurope.com\/wp-content\/uploads\/2024\/11\/nerts.jpg",956,1276,false],"thumbnail":["https:\/\/caliweedeurope.com\/wp-content\/uploads\/2024\/11\/nerts-150x150.jpg",150,150,true],"medium":["https:\/\/caliweedeurope.com\/wp-content\/uploads\/2024\/11\/nerts-225x300.jpg",225,300,true],"medium_large":["https:\/\/caliweedeurope.com\/wp-content\/uploads\/2024\/11\/nerts-768x1025.jpg",768,1025,true],"large":["https:\/\/caliweedeurope.com\/wp-content\/uploads\/2024\/11\/nerts-767x1024.jpg",767,1024,true],"1536x1536":["https:\/\/caliweedeurope.com\/wp-content\/uploads\/2024\/11\/nerts.jpg",956,1276,false],"2048x2048":["https:\/\/caliweedeurope.com\/wp-content\/uploads\/2024\/11\/nerts.jpg",956,1276,false],"trp-custom-language-flag":["https:\/\/caliweedeurope.com\/wp-content\/uploads\/2024\/11\/nerts.jpg",9,12,false],"woocommerce_thumbnail":["https:\/\/caliweedeurope.com\/wp-content\/uploads\/2024\/11\/nerts-300x300.jpg",300,300,true],"woocommerce_single":["https:\/\/caliweedeurope.com\/wp-content\/uploads\/2024\/11\/nerts-600x801.jpg",600,801,true],"woocommerce_gallery_thumbnail":["https:\/\/caliweedeurope.com\/wp-content\/uploads\/2024\/11\/nerts-100x100.jpg",100,100,true]},"uagb_author_info":{"display_name":"jetskiforsaleuk@gmail.com","author_link":"https:\/\/caliweedeurope.com\/it\/author\/"},"uagb_comment_info":0,"uagb_excerpt":"Cali Bud Wedding Nerdz Warning. This product contains Cannabis, a scheduled substance Keep out of the reach of children and animals. Cannabis products can only be possessed or consumed by persons 21+ years of age older unless the person is a qualified patient. The intoxicating effects of cannabis products may stay up to two hours.&hellip;","_links":{"self":[{"href":"https:\/\/caliweedeurope.com\/it\/wp-json\/wp\/v2\/product\/1828"}],"collection":[{"href":"https:\/\/caliweedeurope.com\/it\/wp-json\/wp\/v2\/product"}],"about":[{"href":"https:\/\/caliweedeurope.com\/it\/wp-json\/wp\/v2\/types\/product"}],"replies":[{"embeddable":true,"href":"https:\/\/caliweedeurope.com\/it\/wp-json\/wp\/v2\/comments?post=1828"}],"wp:featuredmedia":[{"embeddable":true,"href":"https:\/\/caliweedeurope.com\/it\/wp-json\/wp\/v2\/media\/1836"}],"wp:attachment":[{"href":"https:\/\/caliweedeurope.com\/it\/wp-json\/wp\/v2\/media?parent=1828"}],"wp:term":[{"taxonomy":"product_brand","embeddable":true,"href":"https:\/\/caliweedeurope.com\/it\/wp-json\/wp\/v2\/product_brand?post=1828"},{"taxonomy":"product_cat","embeddable":true,"href":"https:\/\/caliweedeurope.com\/it\/wp-json\/wp\/v2\/product_cat?post=1828"},{"taxonomy":"product_tag","embeddable":true,"href":"https:\/\/caliweedeurope.com\/it\/wp-json\/wp\/v2\/product_tag?post=1828"}],"curies":[{"name":"wp","href":"https:\/\/api.w.org\/{rel}","templated":true}]}}