{"id":1840,"date":"2024-11-06T02:41:01","date_gmt":"2024-11-06T02:41:01","guid":{"rendered":"https:\/\/caliweedeurope.com\/?post_type=product&#038;p=1840"},"modified":"2024-11-06T02:41:02","modified_gmt":"2024-11-06T02:41:02","slug":"watermelon-moon-rocks-30grammi","status":"publish","type":"product","link":"https:\/\/caliweedeurope.com\/it\/product\/watermelon-moon-rocks-30grammi\/","title":{"rendered":"Watermelon Moon Rocks 30 grammi"},"content":{"rendered":"<section>\n<h2>Watermelon Moon Rocks 30 grammi<\/h2>\n<p>Watermelon Moon Rocks produce effetti rilassanti, rendendolo utile come aiuto per il sonno o stimolante dell'appetito.<\/p>\n<p>Watermelon Moon Rocks vengono creati quando fiori di cannabis di alta qualit\u00e0 e premium vengono infusi con un distillato di THC eccezionale, privo di solventi. Questa infusione viene arrotolata in kief ultra-potente. Tutta questa infusione e miscelazione porta a nugget densi che offrono un contenuto di THC molto elevato. La forma finale viene data trasformandoli in rotoli per fumare e venduti come Moonrocks Watermelon Pre Rolls.<\/p>\n<p>I Watermelon Moon Rocks Pre Rolls hanno un gusto estremamente morbido, che ricorda l'uva con sottofondi di hashish, e ti portano una pace e tranquillit\u00e0 tale che il dolore, le malattie mediche e tutte le preoccupazioni svaniscono con facilit\u00e0 burrosa.<\/p>\n<p>Questi Watermelon Moon Rocks Pre Rolls sono stati creati pensando ai fumatori di tutti i livelli. La potenza dei Moonrocks porter\u00e0 un fumatore esperto fino alla luna, mentre i principianti potranno apprezzare il profilo di sapore unico dell'anguria, derivato da una miscela irresistibile di fiori di prima qualit\u00e0, distillato chiaro, kief e terpeni 100% naturali dal gusto delizioso.<\/p>\n<p class=\"translation-block\">Acquista Watermelon Moonrocks Pre Rolls su Jeetersofficial <a href=\"https:\/\/jeetersofficial.com\/\" target=\"_blank\" rel=\"noopener\">negozio di cannabis online<\/a>. \u00c8 garantito che ti porter\u00e0 alle vette dell'estasi e della gioia. Ti dar\u00e0 una soddisfazione senza pari, oltre alla pace e alla felicit\u00e0 pi\u00f9 assolute.<\/p>\n<p>Puoi effettuare l'ordine per i Moonrocks Watermelon Pre Roll nel nostro negozio online di marijuana e arriver\u00e0 a te in sicurezza e nel minor tempo possibile. Diamo molta importanza a garantire che ricevi la tua consegna senza alcun ritardo. Basta ordinare il prodotto tramite una procedura di ordinazione online molto user-friendly e lo riceverai molto presto. Iniziamo a spedire gli ordini non appena i pagamenti vengono elaborati, quindi riceverai il tuo ordine in un batter d'occhio. Indipendentemente dalle circostanze, i nostri pacchi arrivano a destinazione in tempo. Puoi fidarti completamente di noi, perch\u00e9 non deludiamo mai i nostri clienti.<\/p>\n<p>Stai ancora esitando? Non farlo. Ordina Moonrocks Watermelon Pre Rolls nel nostro negozio online di cannabis e divertiti un sacco.<\/p>\n<\/section>","protected":false},"excerpt":{"rendered":"<p>28 grammi di Watermelon Moon Rocks \u00e8 lieta di offrire la sua linea di prodotti di alta qualit\u00e0 e costanti. I loro Moonrocks dal sapore delizioso producono un'euforia soprannaturale. Hanno sviluppato gemme di marijuana ricoperte di concentrati per coloro che si sentono un po' o molto fuori orbita. I clienti che preferiscono una miscela di kief, concentrati e fiori per lenire i loro disturbi apprezzeranno l'euforia intensa e i sapori deliziosi offerti da Moonrock.<\/p>","protected":false},"featured_media":1845,"comment_status":"closed","ping_status":"closed","template":"","meta":{"_uag_custom_page_level_css":"","site-sidebar-layout":"default","site-content-layout":"","ast-site-content-layout":"","site-content-style":"default","site-sidebar-style":"default","ast-global-header-display":"","ast-banner-title-visibility":"","ast-main-header-display":"","ast-hfb-above-header-display":"","ast-hfb-below-header-display":"","ast-hfb-mobile-header-display":"","site-post-title":"","ast-breadcrumbs-content":"","ast-featured-img":"","footer-sml-layout":"","theme-transparent-header-meta":"","adv-header-id-meta":"","stick-header-meta":"","header-above-stick-meta":"","header-main-stick-meta":"","header-below-stick-meta":"","astra-migrate-meta-layouts":"default","ast-page-background-enabled":"default","ast-page-background-meta":{"desktop":{"background-color":"var(--ast-global-color-4)","background-image":"","background-repeat":"repeat","background-position":"center center","background-size":"auto","background-attachment":"scroll","background-type":"","background-media":"","overlay-type":"","overlay-color":"","overlay-opacity":"","overlay-gradient":""},"tablet":{"background-color":"","background-image":"","background-repeat":"repeat","background-position":"center center","background-size":"auto","background-attachment":"scroll","background-type":"","background-media":"","overlay-type":"","overlay-color":"","overlay-opacity":"","overlay-gradient":""},"mobile":{"background-color":"","background-image":"","background-repeat":"repeat","background-position":"center center","background-size":"auto","background-attachment":"scroll","background-type":"","background-media":"","overlay-type":"","overlay-color":"","overlay-opacity":"","overlay-gradient":""}},"ast-content-background-meta":{"desktop":{"background-color":"var(--ast-global-color-5)","background-image":"","background-repeat":"repeat","background-position":"center center","background-size":"auto","background-attachment":"scroll","background-type":"","background-media":"","overlay-type":"","overlay-color":"","overlay-opacity":"","overlay-gradient":""},"tablet":{"background-color":"var(--ast-global-color-5)","background-image":"","background-repeat":"repeat","background-position":"center center","background-size":"auto","background-attachment":"scroll","background-type":"","background-media":"","overlay-type":"","overlay-color":"","overlay-opacity":"","overlay-gradient":""},"mobile":{"background-color":"var(--ast-global-color-5)","background-image":"","background-repeat":"repeat","background-position":"center center","background-size":"auto","background-attachment":"scroll","background-type":"","background-media":"","overlay-type":"","overlay-color":"","overlay-opacity":"","overlay-gradient":""}}},"product_brand":[],"product_cat":[748],"product_tag":[],"class_list":{"0":"post-1840","1":"product","2":"type-product","3":"status-publish","4":"has-post-thumbnail","6":"product_cat-weed-moonrock","7":"desktop-align-center","8":"tablet-align-left","9":"mobile-align-left","11":"first","12":"instock","13":"sale","14":"shipping-taxable","15":"purchasable","16":"product-type-simple"},"uagb_featured_image_src":{"full":["https:\/\/caliweedeurope.com\/wp-content\/uploads\/2024\/11\/MoonRock-MoonRocks-Watermelon.jpg",600,600,false],"thumbnail":["https:\/\/caliweedeurope.com\/wp-content\/uploads\/2024\/11\/MoonRock-MoonRocks-Watermelon-150x150.jpg",150,150,true],"medium":["https:\/\/caliweedeurope.com\/wp-content\/uploads\/2024\/11\/MoonRock-MoonRocks-Watermelon-300x300.jpg",300,300,true],"medium_large":["https:\/\/caliweedeurope.com\/wp-content\/uploads\/2024\/11\/MoonRock-MoonRocks-Watermelon.jpg",600,600,false],"large":["https:\/\/caliweedeurope.com\/wp-content\/uploads\/2024\/11\/MoonRock-MoonRocks-Watermelon.jpg",600,600,false],"1536x1536":["https:\/\/caliweedeurope.com\/wp-content\/uploads\/2024\/11\/MoonRock-MoonRocks-Watermelon.jpg",600,600,false],"2048x2048":["https:\/\/caliweedeurope.com\/wp-content\/uploads\/2024\/11\/MoonRock-MoonRocks-Watermelon.jpg",600,600,false],"trp-custom-language-flag":["https:\/\/caliweedeurope.com\/wp-content\/uploads\/2024\/11\/MoonRock-MoonRocks-Watermelon.jpg",12,12,false],"woocommerce_thumbnail":["https:\/\/caliweedeurope.com\/wp-content\/uploads\/2024\/11\/MoonRock-MoonRocks-Watermelon-300x300.jpg",300,300,true],"woocommerce_single":["https:\/\/caliweedeurope.com\/wp-content\/uploads\/2024\/11\/MoonRock-MoonRocks-Watermelon.jpg",600,600,false],"woocommerce_gallery_thumbnail":["https:\/\/caliweedeurope.com\/wp-content\/uploads\/2024\/11\/MoonRock-MoonRocks-Watermelon-100x100.jpg",100,100,true]},"uagb_author_info":{"display_name":"jetskiforsaleuk@gmail.com","author_link":"https:\/\/caliweedeurope.com\/it\/author\/"},"uagb_comment_info":0,"uagb_excerpt":"28 grams Watermelon Moon Rocks is delighted to offer its line of high-quality, consistent products. Their deliciously flavored Moonrocks produce otherworldly euphoria. They have developed concentrate covered marijuana buds for folks feeling a little or a lot out of orbit. Clients who prefer a concoction of keif, concentrates, and flowers to calm their ailments will&hellip;","_links":{"self":[{"href":"https:\/\/caliweedeurope.com\/it\/wp-json\/wp\/v2\/product\/1840"}],"collection":[{"href":"https:\/\/caliweedeurope.com\/it\/wp-json\/wp\/v2\/product"}],"about":[{"href":"https:\/\/caliweedeurope.com\/it\/wp-json\/wp\/v2\/types\/product"}],"replies":[{"embeddable":true,"href":"https:\/\/caliweedeurope.com\/it\/wp-json\/wp\/v2\/comments?post=1840"}],"wp:featuredmedia":[{"embeddable":true,"href":"https:\/\/caliweedeurope.com\/it\/wp-json\/wp\/v2\/media\/1845"}],"wp:attachment":[{"href":"https:\/\/caliweedeurope.com\/it\/wp-json\/wp\/v2\/media?parent=1840"}],"wp:term":[{"taxonomy":"product_brand","embeddable":true,"href":"https:\/\/caliweedeurope.com\/it\/wp-json\/wp\/v2\/product_brand?post=1840"},{"taxonomy":"product_cat","embeddable":true,"href":"https:\/\/caliweedeurope.com\/it\/wp-json\/wp\/v2\/product_cat?post=1840"},{"taxonomy":"product_tag","embeddable":true,"href":"https:\/\/caliweedeurope.com\/it\/wp-json\/wp\/v2\/product_tag?post=1840"}],"curies":[{"name":"wp","href":"https:\/\/api.w.org\/{rel}","templated":true}]}}