{"id":1207,"date":"2024-11-03T21:31:25","date_gmt":"2024-11-03T21:31:25","guid":{"rendered":"https:\/\/caliweedeurope.com\/?post_type=product&#038;p=1207"},"modified":"2024-11-03T21:31:44","modified_gmt":"2024-11-03T21:31:44","slug":"moroccan-hash","status":"publish","type":"product","link":"https:\/\/caliweedeurope.com\/nl\/product\/moroccan-hash\/","title":{"rendered":"moroccan hash"},"content":{"rendered":"<p> Je kunt Marokkaanse hasj online kopen. Marokkaanse hasj is een ge\u00ebxtraheerd cannabisproduct. Het bestaat uit gecomprimeerde of gepureerde bereidingen van stengelharsklieren. Marokkaans Primero-hash is lichtbruin tot donkerbruin, maar soms zie je een groenige tint binnenin. Vanwege het relatief korte groeiseizoen van de wietplanten behouden de planten een goede groene kleur bij de oogsttijd. Legale Marokkaanse Slate-hasj te koop online. Dit produceert ongeveer 15.000 ton hasj, die naar Europa worden ge\u00ebxporteerd (vooral naar Spanje, Frankrijk, Belgi\u00eb, Nederland, Duitsland, Zwitserland en Itali\u00eb). Kleur: Groenig tot bruin. koop marokkaanse hasj, koop marokkaanse hasj, koop marokkaanse hasj online USA, koop marokkaanse hasj online UK, Marokkaanse hasj in de buurt, waar marokkaanse hasj in de buurt te kopen, bestel hasj online USA of bestel hasj online UK.<\/p>","protected":false},"excerpt":{"rendered":"<p>Koop Marokkaanse hasj online VK, een ge\u00ebxtraheerd product samengesteld uit gecomprimeerde of gepureerde bereidingen van stengelharsglazen, trichomen genoemd, van de cannabisplant.<br \/> Het bevat echter dezelfde werkzame stoffen als marihuana, zoals tetrahydrocannabinol (THC). Het bevat ook cannabino\u00efden, maar vaak in hogere concentraties dan de ongezeefde toppen.<br \/> Hasj \u2013 vast of harsachtig afhankelijk van de bereiding, meestal vast voor geperste hasj. Terwijl watergezuiverde hasj \u2013 vaak 'bubble melt hash' genoemd \u2013 een pasta-achtige substantie is met variabele hardheid en buigzaamheid; de kleur, meestal van lichtbruin tot donkerbruin, kan vari\u00ebren van transparant tot geel, bruin, zwart of rood. Dit hangt allemaal af van het proces en de hoeveelheid oplosmiddel die overblijft. Neem contact met ons op<\/p>","protected":false},"featured_media":1229,"comment_status":"closed","ping_status":"closed","template":"","meta":{"_uag_custom_page_level_css":"","site-sidebar-layout":"default","site-content-layout":"","ast-site-content-layout":"","site-content-style":"default","site-sidebar-style":"default","ast-global-header-display":"","ast-banner-title-visibility":"","ast-main-header-display":"","ast-hfb-above-header-display":"","ast-hfb-below-header-display":"","ast-hfb-mobile-header-display":"","site-post-title":"","ast-breadcrumbs-content":"","ast-featured-img":"","footer-sml-layout":"","theme-transparent-header-meta":"","adv-header-id-meta":"","stick-header-meta":"","header-above-stick-meta":"","header-main-stick-meta":"","header-below-stick-meta":"","astra-migrate-meta-layouts":"default","ast-page-background-enabled":"default","ast-page-background-meta":{"desktop":{"background-color":"var(--ast-global-color-4)","background-image":"","background-repeat":"repeat","background-position":"center center","background-size":"auto","background-attachment":"scroll","background-type":"","background-media":"","overlay-type":"","overlay-color":"","overlay-opacity":"","overlay-gradient":""},"tablet":{"background-color":"","background-image":"","background-repeat":"repeat","background-position":"center center","background-size":"auto","background-attachment":"scroll","background-type":"","background-media":"","overlay-type":"","overlay-color":"","overlay-opacity":"","overlay-gradient":""},"mobile":{"background-color":"","background-image":"","background-repeat":"repeat","background-position":"center center","background-size":"auto","background-attachment":"scroll","background-type":"","background-media":"","overlay-type":"","overlay-color":"","overlay-opacity":"","overlay-gradient":""}},"ast-content-background-meta":{"desktop":{"background-color":"var(--ast-global-color-5)","background-image":"","background-repeat":"repeat","background-position":"center center","background-size":"auto","background-attachment":"scroll","background-type":"","background-media":"","overlay-type":"","overlay-color":"","overlay-opacity":"","overlay-gradient":""},"tablet":{"background-color":"var(--ast-global-color-5)","background-image":"","background-repeat":"repeat","background-position":"center center","background-size":"auto","background-attachment":"scroll","background-type":"","background-media":"","overlay-type":"","overlay-color":"","overlay-opacity":"","overlay-gradient":""},"mobile":{"background-color":"var(--ast-global-color-5)","background-image":"","background-repeat":"repeat","background-position":"center center","background-size":"auto","background-attachment":"scroll","background-type":"","background-media":"","overlay-type":"","overlay-color":"","overlay-opacity":"","overlay-gradient":""}}},"product_brand":[],"product_cat":[77],"product_tag":[78,79,80,81,82,83],"class_list":{"0":"post-1207","1":"product","2":"type-product","3":"status-publish","4":"has-post-thumbnail","6":"product_cat-buy-hash-online","7":"product_tag-buy-moroccan-hash","8":"product_tag-buy-moroccan-hash-online-usa","9":"product_tag-moroccan-hash-for-sale","10":"product_tag-moroccan-hash-near-me","11":"product_tag-order-hash-online-usa","12":"product_tag-where-to-buy-hash","13":"desktop-align-center","14":"tablet-align-left","15":"mobile-align-left","17":"first","18":"instock","19":"shipping-taxable","20":"purchasable","21":"product-type-variable"},"uagb_featured_image_src":{"full":["https:\/\/caliweedeurope.com\/wp-content\/uploads\/2024\/11\/Diamond-Moroccan-Hash-600x600-1.jpg",600,600,false],"thumbnail":["https:\/\/caliweedeurope.com\/wp-content\/uploads\/2024\/11\/Diamond-Moroccan-Hash-600x600-1-150x150.jpg",150,150,true],"medium":["https:\/\/caliweedeurope.com\/wp-content\/uploads\/2024\/11\/Diamond-Moroccan-Hash-600x600-1-300x300.jpg",300,300,true],"medium_large":["https:\/\/caliweedeurope.com\/wp-content\/uploads\/2024\/11\/Diamond-Moroccan-Hash-600x600-1.jpg",600,600,false],"large":["https:\/\/caliweedeurope.com\/wp-content\/uploads\/2024\/11\/Diamond-Moroccan-Hash-600x600-1.jpg",600,600,false],"1536x1536":["https:\/\/caliweedeurope.com\/wp-content\/uploads\/2024\/11\/Diamond-Moroccan-Hash-600x600-1.jpg",600,600,false],"2048x2048":["https:\/\/caliweedeurope.com\/wp-content\/uploads\/2024\/11\/Diamond-Moroccan-Hash-600x600-1.jpg",600,600,false],"trp-custom-language-flag":["https:\/\/caliweedeurope.com\/wp-content\/uploads\/2024\/11\/Diamond-Moroccan-Hash-600x600-1.jpg",12,12,false],"woocommerce_thumbnail":["https:\/\/caliweedeurope.com\/wp-content\/uploads\/2024\/11\/Diamond-Moroccan-Hash-600x600-1-300x300.jpg",300,300,true],"woocommerce_single":["https:\/\/caliweedeurope.com\/wp-content\/uploads\/2024\/11\/Diamond-Moroccan-Hash-600x600-1.jpg",600,600,false],"woocommerce_gallery_thumbnail":["https:\/\/caliweedeurope.com\/wp-content\/uploads\/2024\/11\/Diamond-Moroccan-Hash-600x600-1-100x100.jpg",100,100,true]},"uagb_author_info":{"display_name":"jetskiforsaleuk@gmail.com","author_link":"https:\/\/caliweedeurope.com\/nl\/author\/"},"uagb_comment_info":0,"uagb_excerpt":"Buy moroccan hash online uk, An extracted product composed of compressed or purified preparations of stalked resin glands, called trichomes, from the cannabis plant. It, however, contains the same active ingredients as marijuana as tetrahydrocannabinol (THC). Also, contains cannabinoids, but often in higher concentrations than the unsifted buds. Hashish \u2013 solid or resinous depending on&hellip;","_links":{"self":[{"href":"https:\/\/caliweedeurope.com\/nl\/wp-json\/wp\/v2\/product\/1207"}],"collection":[{"href":"https:\/\/caliweedeurope.com\/nl\/wp-json\/wp\/v2\/product"}],"about":[{"href":"https:\/\/caliweedeurope.com\/nl\/wp-json\/wp\/v2\/types\/product"}],"replies":[{"embeddable":true,"href":"https:\/\/caliweedeurope.com\/nl\/wp-json\/wp\/v2\/comments?post=1207"}],"wp:featuredmedia":[{"embeddable":true,"href":"https:\/\/caliweedeurope.com\/nl\/wp-json\/wp\/v2\/media\/1229"}],"wp:attachment":[{"href":"https:\/\/caliweedeurope.com\/nl\/wp-json\/wp\/v2\/media?parent=1207"}],"wp:term":[{"taxonomy":"product_brand","embeddable":true,"href":"https:\/\/caliweedeurope.com\/nl\/wp-json\/wp\/v2\/product_brand?post=1207"},{"taxonomy":"product_cat","embeddable":true,"href":"https:\/\/caliweedeurope.com\/nl\/wp-json\/wp\/v2\/product_cat?post=1207"},{"taxonomy":"product_tag","embeddable":true,"href":"https:\/\/caliweedeurope.com\/nl\/wp-json\/wp\/v2\/product_tag?post=1207"}],"curies":[{"name":"wp","href":"https:\/\/api.w.org\/{rel}","templated":true}]}}