{"id":1237,"date":"2024-11-03T21:31:45","date_gmt":"2024-11-03T21:31:45","guid":{"rendered":"https:\/\/caliweedeurope.com\/?post_type=product&#038;p=1237"},"modified":"2024-11-03T21:32:06","modified_gmt":"2024-11-03T21:32:06","slug":"smart-buds-dosi-og","status":"publish","type":"product","link":"https:\/\/caliweedeurope.com\/nl\/product\/smart-buds-dosi-og\/","title":{"rendered":"Smart Buds (Dosi Og)"},"content":{"rendered":"<p>Smart Buds Blikjes te koop. Cannabis is een kruidenmiddel dat wordt gemaakt van de cannabisplant. Het bevat chemische stoffen genaamd cannabino\u00efden. Cannabino\u00efden be\u00efnvloeden het centrale zenuwstelsel, inclusief de hersenen en zenuwen. Cannabino\u00efden komen in de hoogste concentraties voor in de bladeren en bloemen van cannabis. Dit zijn de delen van de plant die worden gebruikt om medicijnen te maken. Verwar cannabis niet met hennep. Hennep is een vergelijkbare plant, maar wordt gekweekt voor de ruwe delen van de plant (de vezels) en voor de zaden. Hennep bevat zeer lage niveaus van delta-9-tetrahydrocannabinol (THC), minder dan 0,3%. Zowel hennep als cannabis bevatten ook andere cannabino\u00efden die soms als medicijn worden gebruikt. Zie specifieke onderwerpen voor informatie over cannabidiol (CBD), cannabidivarin (CBDV), cannabigerol (CBG) en tetrahydrocannabivarin (THCV).<\/p>\n<p>Sommige mensen nemen cannabisextract oraal of als spray die onder de tong wordt aangebracht voor pijn en symptomen van multiple sclerose.<\/p>\n<p>Mensen inhaleren cannabis voor misselijkheid, braken, een oogziekte genaamd glaucoom en vele andere aandoeningen, maar er is geen goed wetenschappelijk bewijs om deze toepassingen te ondersteunen.<\/p>\n<p>Sommige mensen gebruiken ook cannabis om zich goed te voelen. In dit geval wordt het gebruikt als een \u2018recreatieve drug\u2019 en wordt het ofwel oraal ingenomen of gerookt (inhaleren).<\/p>\n<p>In de VS is cannabis illegaal volgens de federale wetgeving. Het wordt geclassificeerd als een gecontroleerde stof van Schema I. Maar sommige staten, waaronder Californi\u00eb, Colorado, Washington, Oregon, Arizona en andere, hebben het gebruik van cannabis gelegaliseerd of gedecriminaliseerd. Sommige landen, zoals Canada, hebben het gebruik van cannabis ook gelegaliseerd. Smart Buds blikken te koop.<\/p>\n<p class=\"translation-block\">Hoe werkt het?<br> Cannabis bevat chemicali\u00ebn die zich binden aan specifieke plaatsen in de hersenen en op de zenuwen.<\/p>","protected":false},"excerpt":{"rendered":"<p>smart buds tins for sale. Cannabis is an herbal drug that is make from the Cannabis plant. It contains chemicals called cannabinoids. Cannabinoids affect the central nervous system, which includes the brain and nerves. Cannabinoids are found in the highest levels in the leaves and flowers of cannabis. These are the parts of the herb [&hellip;]<\/p>","protected":false},"featured_media":1265,"comment_status":"closed","ping_status":"closed","template":"","meta":{"_uag_custom_page_level_css":"","site-sidebar-layout":"default","site-content-layout":"","ast-site-content-layout":"","site-content-style":"default","site-sidebar-style":"default","ast-global-header-display":"","ast-banner-title-visibility":"","ast-main-header-display":"","ast-hfb-above-header-display":"","ast-hfb-below-header-display":"","ast-hfb-mobile-header-display":"","site-post-title":"","ast-breadcrumbs-content":"","ast-featured-img":"","footer-sml-layout":"","theme-transparent-header-meta":"","adv-header-id-meta":"","stick-header-meta":"","header-above-stick-meta":"","header-main-stick-meta":"","header-below-stick-meta":"","astra-migrate-meta-layouts":"default","ast-page-background-enabled":"default","ast-page-background-meta":{"desktop":{"background-color":"var(--ast-global-color-4)","background-image":"","background-repeat":"repeat","background-position":"center center","background-size":"auto","background-attachment":"scroll","background-type":"","background-media":"","overlay-type":"","overlay-color":"","overlay-opacity":"","overlay-gradient":""},"tablet":{"background-color":"","background-image":"","background-repeat":"repeat","background-position":"center center","background-size":"auto","background-attachment":"scroll","background-type":"","background-media":"","overlay-type":"","overlay-color":"","overlay-opacity":"","overlay-gradient":""},"mobile":{"background-color":"","background-image":"","background-repeat":"repeat","background-position":"center center","background-size":"auto","background-attachment":"scroll","background-type":"","background-media":"","overlay-type":"","overlay-color":"","overlay-opacity":"","overlay-gradient":""}},"ast-content-background-meta":{"desktop":{"background-color":"var(--ast-global-color-5)","background-image":"","background-repeat":"repeat","background-position":"center center","background-size":"auto","background-attachment":"scroll","background-type":"","background-media":"","overlay-type":"","overlay-color":"","overlay-opacity":"","overlay-gradient":""},"tablet":{"background-color":"var(--ast-global-color-5)","background-image":"","background-repeat":"repeat","background-position":"center center","background-size":"auto","background-attachment":"scroll","background-type":"","background-media":"","overlay-type":"","overlay-color":"","overlay-opacity":"","overlay-gradient":""},"mobile":{"background-color":"var(--ast-global-color-5)","background-image":"","background-repeat":"repeat","background-position":"center center","background-size":"auto","background-attachment":"scroll","background-type":"","background-media":"","overlay-type":"","overlay-color":"","overlay-opacity":"","overlay-gradient":""}}},"product_brand":[],"product_cat":[59],"product_tag":[94,95,96,97,98],"class_list":{"0":"post-1237","1":"product","2":"type-product","3":"status-publish","4":"has-post-thumbnail","6":"product_cat-cali-tins","7":"product_tag-dosi-driver-strain","8":"product_tag-jungle-mac-seeds","9":"product_tag-jungle-mac-strain","10":"product_tag-mac-truck-driver-strain","11":"product_tag-truck-driver-strain","12":"desktop-align-center","13":"tablet-align-left","14":"mobile-align-left","16":"first","17":"instock","18":"shipping-taxable","19":"purchasable","20":"product-type-variable"},"uagb_featured_image_src":{"full":["https:\/\/caliweedeurope.com\/wp-content\/uploads\/2024\/11\/ef38ace6-56d9-4a22-aac0-0834a8466900.jpg",750,745,false],"thumbnail":["https:\/\/caliweedeurope.com\/wp-content\/uploads\/2024\/11\/ef38ace6-56d9-4a22-aac0-0834a8466900-150x150.jpg",150,150,true],"medium":["https:\/\/caliweedeurope.com\/wp-content\/uploads\/2024\/11\/ef38ace6-56d9-4a22-aac0-0834a8466900-300x298.jpg",300,298,true],"medium_large":["https:\/\/caliweedeurope.com\/wp-content\/uploads\/2024\/11\/ef38ace6-56d9-4a22-aac0-0834a8466900.jpg",750,745,false],"large":["https:\/\/caliweedeurope.com\/wp-content\/uploads\/2024\/11\/ef38ace6-56d9-4a22-aac0-0834a8466900.jpg",750,745,false],"1536x1536":["https:\/\/caliweedeurope.com\/wp-content\/uploads\/2024\/11\/ef38ace6-56d9-4a22-aac0-0834a8466900.jpg",750,745,false],"2048x2048":["https:\/\/caliweedeurope.com\/wp-content\/uploads\/2024\/11\/ef38ace6-56d9-4a22-aac0-0834a8466900.jpg",750,745,false],"trp-custom-language-flag":["https:\/\/caliweedeurope.com\/wp-content\/uploads\/2024\/11\/ef38ace6-56d9-4a22-aac0-0834a8466900.jpg",12,12,false],"woocommerce_thumbnail":["https:\/\/caliweedeurope.com\/wp-content\/uploads\/2024\/11\/ef38ace6-56d9-4a22-aac0-0834a8466900-300x300.jpg",300,300,true],"woocommerce_single":["https:\/\/caliweedeurope.com\/wp-content\/uploads\/2024\/11\/ef38ace6-56d9-4a22-aac0-0834a8466900-600x596.jpg",600,596,true],"woocommerce_gallery_thumbnail":["https:\/\/caliweedeurope.com\/wp-content\/uploads\/2024\/11\/ef38ace6-56d9-4a22-aac0-0834a8466900-100x100.jpg",100,100,true]},"uagb_author_info":{"display_name":"jetskiforsaleuk@gmail.com","author_link":"https:\/\/caliweedeurope.com\/nl\/author\/"},"uagb_comment_info":0,"uagb_excerpt":"smart buds tins for sale. Cannabis is an herbal drug that is make from the Cannabis plant. It contains chemicals called cannabinoids. Cannabinoids affect the central nervous system, which includes the brain and nerves. Cannabinoids are found in the highest levels in the leaves and flowers of cannabis. These are the parts of the herb&hellip;","_links":{"self":[{"href":"https:\/\/caliweedeurope.com\/nl\/wp-json\/wp\/v2\/product\/1237"}],"collection":[{"href":"https:\/\/caliweedeurope.com\/nl\/wp-json\/wp\/v2\/product"}],"about":[{"href":"https:\/\/caliweedeurope.com\/nl\/wp-json\/wp\/v2\/types\/product"}],"replies":[{"embeddable":true,"href":"https:\/\/caliweedeurope.com\/nl\/wp-json\/wp\/v2\/comments?post=1237"}],"wp:featuredmedia":[{"embeddable":true,"href":"https:\/\/caliweedeurope.com\/nl\/wp-json\/wp\/v2\/media\/1265"}],"wp:attachment":[{"href":"https:\/\/caliweedeurope.com\/nl\/wp-json\/wp\/v2\/media?parent=1237"}],"wp:term":[{"taxonomy":"product_brand","embeddable":true,"href":"https:\/\/caliweedeurope.com\/nl\/wp-json\/wp\/v2\/product_brand?post=1237"},{"taxonomy":"product_cat","embeddable":true,"href":"https:\/\/caliweedeurope.com\/nl\/wp-json\/wp\/v2\/product_cat?post=1237"},{"taxonomy":"product_tag","embeddable":true,"href":"https:\/\/caliweedeurope.com\/nl\/wp-json\/wp\/v2\/product_tag?post=1237"}],"curies":[{"name":"wp","href":"https:\/\/api.w.org\/{rel}","templated":true}]}}