{"id":1382,"date":"2024-11-03T21:32:34","date_gmt":"2024-11-03T21:32:34","guid":{"rendered":"https:\/\/caliweedeurope.com\/?post_type=product&#038;p=1382"},"modified":"2024-11-03T21:33:02","modified_gmt":"2024-11-03T21:33:02","slug":"jungle-boys-citron-cookies","status":"publish","type":"product","link":"https:\/\/caliweedeurope.com\/nl\/product\/jungle-boys-citron-cookies\/","title":{"rendered":"Jungle Boys Citron Cookies"},"content":{"rendered":"<p>Jungle Boys Citron Cookies, Weed packs for sale online, Hybrid, Indica, Sativa strains, all flavors prices, reviews and delivery available.<\/p>\n<p>Also have a look at Jungle Boys Lemon Headz ,as similar products with almost same ratings. Available online at PotsnBuds with shipping and delivery services.<\/p>\n<h2>\u00a0 \u00a0Buy weed online worldwide<\/h2>\n<p>Wiet online kopen in de Verenigde Staten, wiet online kopen in Groot-Brittanni\u00eb, wiet online kopen in Ierland, wiet online kopen in Zwitserland, wiet online kopen in Australi\u00eb, wiet online kopen in Itali\u00eb, wiet online kopen in Denemarken, wiet online kopen in de Europese Unie, wiet online kopen in Frankrijk, wiet online kopen in Duitsland, wiet online kopen in Belgi\u00eb, wiet online kopen in Polen, wiet online kopen in Letland, wiet online kopen in Isra\u00ebl, wiet online kopen in Turkije, wiet online kopen in Jersey, wiet online kopen in China, wiet online kopen in Oekra\u00efne, wiet online kopen in Hongarije, wiet online kopen in Zweden, wiet online kopen in Japan, wiet online kopen in Spanje, wiet online kopen in Rusland, wiet online kopen in Kroati\u00eb, wiet online kopen in Guam, wiet online kopen in Guernsey.<\/p>","protected":false},"excerpt":{"rendered":"<p>Buy Citron Cookies Jungleboys<br \/> This bud has grape-shaped olive green fluffy nugs with thick light, buy citron cookies strain, citron cookies jet fuel strain. Citron Cookies Jungleboys for sale,Even with the lack of information about its heritage, this bud is thought to be a member of the Orange family. Thanks to its bright citrusy flavor and eye-opening high. Citron cookies have a taste of sweet and sour lemon-lime with surprising hints of pungency upon exhale.Citron Cookies Jungleboys<\/p>\n<p>Purchase Jungle Boys Citron Cookies<br \/> The aroma is earthy and pungent with a sharp kick of orange and sweet citrus. In addition to that, it intensifies as the nugs are burned. The Citron high starts off just as vivid as the flavor. Furthermore, with lifted effects that launch through your mind mere minutes after your first exhale. You\u2019ll feel a sense of pure euphoria wash over you. Furthermore, leaving you feeling totally at ease with the world around you and without a care in the world. As your mind settles into this heady happiness, a relaxing body high will wash over you. Finally, easing away aches and pains without causing any sedation. Jungle Boys Citron Cookies<\/p>\n<p>Jungle Boys Citron Cookies jet fuel strain<br \/> Thanks to these effects and its high 10-21% average THC level. ,Order Citron Cookies strains, Citron is often chosen to treat depression. In addition to that, mood swings, chronic stress, chronic pain, and chronic fatigue. This bud has grape-shaped olive green fluffy nugs with thick light,amber hairs and a coating of chunky matching crystal trichomes. As your mind settles into this heady happiness, a relaxing body high will wash over you, easing away aches and pains without causing any sedation.<\/p>","protected":false},"featured_media":1398,"comment_status":"closed","ping_status":"closed","template":"","meta":{"_uag_custom_page_level_css":"","site-sidebar-layout":"default","site-content-layout":"","ast-site-content-layout":"","site-content-style":"default","site-sidebar-style":"default","ast-global-header-display":"","ast-banner-title-visibility":"","ast-main-header-display":"","ast-hfb-above-header-display":"","ast-hfb-below-header-display":"","ast-hfb-mobile-header-display":"","site-post-title":"","ast-breadcrumbs-content":"","ast-featured-img":"","footer-sml-layout":"","theme-transparent-header-meta":"","adv-header-id-meta":"","stick-header-meta":"","header-above-stick-meta":"","header-main-stick-meta":"","header-below-stick-meta":"","astra-migrate-meta-layouts":"default","ast-page-background-enabled":"default","ast-page-background-meta":{"desktop":{"background-color":"var(--ast-global-color-4)","background-image":"","background-repeat":"repeat","background-position":"center center","background-size":"auto","background-attachment":"scroll","background-type":"","background-media":"","overlay-type":"","overlay-color":"","overlay-opacity":"","overlay-gradient":""},"tablet":{"background-color":"","background-image":"","background-repeat":"repeat","background-position":"center center","background-size":"auto","background-attachment":"scroll","background-type":"","background-media":"","overlay-type":"","overlay-color":"","overlay-opacity":"","overlay-gradient":""},"mobile":{"background-color":"","background-image":"","background-repeat":"repeat","background-position":"center center","background-size":"auto","background-attachment":"scroll","background-type":"","background-media":"","overlay-type":"","overlay-color":"","overlay-opacity":"","overlay-gradient":""}},"ast-content-background-meta":{"desktop":{"background-color":"var(--ast-global-color-5)","background-image":"","background-repeat":"repeat","background-position":"center center","background-size":"auto","background-attachment":"scroll","background-type":"","background-media":"","overlay-type":"","overlay-color":"","overlay-opacity":"","overlay-gradient":""},"tablet":{"background-color":"var(--ast-global-color-5)","background-image":"","background-repeat":"repeat","background-position":"center center","background-size":"auto","background-attachment":"scroll","background-type":"","background-media":"","overlay-type":"","overlay-color":"","overlay-opacity":"","overlay-gradient":""},"mobile":{"background-color":"var(--ast-global-color-5)","background-image":"","background-repeat":"repeat","background-position":"center center","background-size":"auto","background-attachment":"scroll","background-type":"","background-media":"","overlay-type":"","overlay-color":"","overlay-opacity":"","overlay-gradient":""}}},"product_brand":[],"product_cat":[227],"product_tag":[201,202,203,204,205,206,207,208,209,210,211,212,213,214,215,216,217,218,219,220,221,222,223,224,225,226],"class_list":{"0":"post-1382","1":"product","2":"type-product","3":"status-publish","4":"has-post-thumbnail","6":"product_cat-buy-jungle-boys-weed","7":"product_tag-buy-weed-online-in-australia","8":"product_tag-buy-weed-online-in-belgium","9":"product_tag-buy-weed-online-in-britain","10":"product_tag-buy-weed-online-in-china","11":"product_tag-buy-weed-online-in-croatia","12":"product_tag-buy-weed-online-in-denmark","13":"product_tag-buy-weed-online-in-european-union","14":"product_tag-buy-weed-online-in-france","15":"product_tag-buy-weed-online-in-germany","16":"product_tag-buy-weed-online-in-guam","17":"product_tag-buy-weed-online-in-guernsey","18":"product_tag-buy-weed-online-in-hungary","19":"product_tag-buy-weed-online-in-ireland","20":"product_tag-buy-weed-online-in-israel","21":"product_tag-buy-weed-online-in-italy","22":"product_tag-buy-weed-online-in-japan","23":"product_tag-buy-weed-online-in-jersey","24":"product_tag-buy-weed-online-in-latvia","25":"product_tag-buy-weed-online-in-poland","26":"product_tag-buy-weed-online-in-russia","27":"product_tag-buy-weed-online-in-spain","28":"product_tag-buy-weed-online-in-sweeden","29":"product_tag-buy-weed-online-in-switzerland","30":"product_tag-buy-weed-online-in-turkey","31":"product_tag-buy-weed-online-in-ukraine","32":"product_tag-buy-weed-online-united-states","33":"desktop-align-center","34":"tablet-align-left","35":"mobile-align-left","37":"first","38":"instock","39":"shipping-taxable","40":"purchasable","41":"product-type-variable"},"uagb_featured_image_src":{"full":["https:\/\/caliweedeurope.com\/wp-content\/uploads\/2024\/11\/Buy-Citron-Cookies-Jungleboys.jpg",600,905,false],"thumbnail":["https:\/\/caliweedeurope.com\/wp-content\/uploads\/2024\/11\/Buy-Citron-Cookies-Jungleboys-150x150.jpg",150,150,true],"medium":["https:\/\/caliweedeurope.com\/wp-content\/uploads\/2024\/11\/Buy-Citron-Cookies-Jungleboys-199x300.jpg",199,300,true],"medium_large":["https:\/\/caliweedeurope.com\/wp-content\/uploads\/2024\/11\/Buy-Citron-Cookies-Jungleboys.jpg",600,905,false],"large":["https:\/\/caliweedeurope.com\/wp-content\/uploads\/2024\/11\/Buy-Citron-Cookies-Jungleboys.jpg",600,905,false],"1536x1536":["https:\/\/caliweedeurope.com\/wp-content\/uploads\/2024\/11\/Buy-Citron-Cookies-Jungleboys.jpg",600,905,false],"2048x2048":["https:\/\/caliweedeurope.com\/wp-content\/uploads\/2024\/11\/Buy-Citron-Cookies-Jungleboys.jpg",600,905,false],"trp-custom-language-flag":["https:\/\/caliweedeurope.com\/wp-content\/uploads\/2024\/11\/Buy-Citron-Cookies-Jungleboys.jpg",8,12,false],"woocommerce_thumbnail":["https:\/\/caliweedeurope.com\/wp-content\/uploads\/2024\/11\/Buy-Citron-Cookies-Jungleboys-300x300.jpg",300,300,true],"woocommerce_single":["https:\/\/caliweedeurope.com\/wp-content\/uploads\/2024\/11\/Buy-Citron-Cookies-Jungleboys.jpg",600,905,false],"woocommerce_gallery_thumbnail":["https:\/\/caliweedeurope.com\/wp-content\/uploads\/2024\/11\/Buy-Citron-Cookies-Jungleboys-100x100.jpg",100,100,true]},"uagb_author_info":{"display_name":"jetskiforsaleuk@gmail.com","author_link":"https:\/\/caliweedeurope.com\/nl\/author\/"},"uagb_comment_info":0,"uagb_excerpt":"Buy Citron Cookies Jungleboys This bud has grape-shaped olive green fluffy nugs with thick light, buy citron cookies strain, citron cookies jet fuel strain. Citron Cookies Jungleboys for sale,Even with the lack of information about its heritage, this bud is thought to be a member of the Orange family. Thanks to its bright citrusy flavor&hellip;","_links":{"self":[{"href":"https:\/\/caliweedeurope.com\/nl\/wp-json\/wp\/v2\/product\/1382"}],"collection":[{"href":"https:\/\/caliweedeurope.com\/nl\/wp-json\/wp\/v2\/product"}],"about":[{"href":"https:\/\/caliweedeurope.com\/nl\/wp-json\/wp\/v2\/types\/product"}],"replies":[{"embeddable":true,"href":"https:\/\/caliweedeurope.com\/nl\/wp-json\/wp\/v2\/comments?post=1382"}],"wp:featuredmedia":[{"embeddable":true,"href":"https:\/\/caliweedeurope.com\/nl\/wp-json\/wp\/v2\/media\/1398"}],"wp:attachment":[{"href":"https:\/\/caliweedeurope.com\/nl\/wp-json\/wp\/v2\/media?parent=1382"}],"wp:term":[{"taxonomy":"product_brand","embeddable":true,"href":"https:\/\/caliweedeurope.com\/nl\/wp-json\/wp\/v2\/product_brand?post=1382"},{"taxonomy":"product_cat","embeddable":true,"href":"https:\/\/caliweedeurope.com\/nl\/wp-json\/wp\/v2\/product_cat?post=1382"},{"taxonomy":"product_tag","embeddable":true,"href":"https:\/\/caliweedeurope.com\/nl\/wp-json\/wp\/v2\/product_tag?post=1382"}],"curies":[{"name":"wp","href":"https:\/\/api.w.org\/{rel}","templated":true}]}}