{"id":1402,"date":"2024-11-03T21:32:50","date_gmt":"2024-11-03T21:32:50","guid":{"rendered":"https:\/\/caliweedeurope.com\/?post_type=product&#038;p=1402"},"modified":"2024-11-03T21:33:02","modified_gmt":"2024-11-03T21:33:02","slug":"jungle-boys-jungle-apples","status":"publish","type":"product","link":"https:\/\/caliweedeurope.com\/nl\/product\/jungle-boys-jungle-apples\/","title":{"rendered":"Jungle Boys Jungle Apples"},"content":{"rendered":"<p>Jungle Boys Jungle Apples<br \/> Jungle Boys smaken te koop<\/p>\n<p>Bij Pots and Buds wordt variatie gewaardeerd. We hebben meerdere Jungle Boys-smaken. Als u onze website op Potsnbuds bekijkt, zijn alle weergegeven producten beschikbaar en op voorraad, dus blijf uw bestelling plaatsen. Hier is een korte lijst van beschikbare Jungle Boys-smaken: Jungle Boys Grape Topanga, Jungle Boys Pie Hoe, Jungle Boys Frosted Cakes, Jungle Boys Gelato, Jungle Boys Hippy Crasher, Jungle Boys Mimosa, enzovoort.<\/p>\n<p>Wiet online kopen in de Verenigde Staten, wiet online kopen in Groot-Brittanni\u00eb, wiet online kopen in Ierland, wiet online kopen in Zwitserland, wiet online kopen in Australi\u00eb, wiet online kopen in Itali\u00eb, wiet online kopen in Denemarken, wiet online kopen in de Europese Unie, wiet online kopen in Frankrijk, wiet online kopen in Duitsland, wiet online kopen in Belgi\u00eb, wiet online kopen in Polen, wiet online kopen in Letland, wiet online kopen in Isra\u00ebl, wiet online kopen in Turkije, wiet online kopen in Jersey, wiet online kopen in China, wiet online kopen in Oekra\u00efne, wiet online kopen in Hongarije, wiet online kopen in Zweden, wiet online kopen in Japan, wiet online kopen in Spanje, wiet online kopen in Rusland, wiet online kopen in Kroati\u00eb, wiet online kopen in Guam, wiet online kopen in Guernsey.<\/p>","protected":false},"excerpt":{"rendered":"<p>Koop Jungle Boys Jungle Apples online<br \/> Jungle Boys, Jungle Apples in de jungle worden met vuur gekweekt! We moedigen alle klanten aan om de wetten van hun land, staat en\/of lokale gemeenten te volgen. Omdat we alle verkochte zaden als UITSLUITEND VOOR VERZAMELDOELEINDEN beschouwen, nemen we geen verantwoordelijkheid als ze op een manier worden gebruikt die als illegaal kan worden beschouwd. Al onze verkopen zijn definitief, maar... Koop Jungle Apples online in onze online winkel.<\/p>","protected":false},"featured_media":1430,"comment_status":"closed","ping_status":"closed","template":"","meta":{"_uag_custom_page_level_css":"","site-sidebar-layout":"default","site-content-layout":"","ast-site-content-layout":"","site-content-style":"default","site-sidebar-style":"default","ast-global-header-display":"","ast-banner-title-visibility":"","ast-main-header-display":"","ast-hfb-above-header-display":"","ast-hfb-below-header-display":"","ast-hfb-mobile-header-display":"","site-post-title":"","ast-breadcrumbs-content":"","ast-featured-img":"","footer-sml-layout":"","theme-transparent-header-meta":"","adv-header-id-meta":"","stick-header-meta":"","header-above-stick-meta":"","header-main-stick-meta":"","header-below-stick-meta":"","astra-migrate-meta-layouts":"default","ast-page-background-enabled":"default","ast-page-background-meta":{"desktop":{"background-color":"var(--ast-global-color-4)","background-image":"","background-repeat":"repeat","background-position":"center center","background-size":"auto","background-attachment":"scroll","background-type":"","background-media":"","overlay-type":"","overlay-color":"","overlay-opacity":"","overlay-gradient":""},"tablet":{"background-color":"","background-image":"","background-repeat":"repeat","background-position":"center center","background-size":"auto","background-attachment":"scroll","background-type":"","background-media":"","overlay-type":"","overlay-color":"","overlay-opacity":"","overlay-gradient":""},"mobile":{"background-color":"","background-image":"","background-repeat":"repeat","background-position":"center center","background-size":"auto","background-attachment":"scroll","background-type":"","background-media":"","overlay-type":"","overlay-color":"","overlay-opacity":"","overlay-gradient":""}},"ast-content-background-meta":{"desktop":{"background-color":"var(--ast-global-color-5)","background-image":"","background-repeat":"repeat","background-position":"center center","background-size":"auto","background-attachment":"scroll","background-type":"","background-media":"","overlay-type":"","overlay-color":"","overlay-opacity":"","overlay-gradient":""},"tablet":{"background-color":"var(--ast-global-color-5)","background-image":"","background-repeat":"repeat","background-position":"center center","background-size":"auto","background-attachment":"scroll","background-type":"","background-media":"","overlay-type":"","overlay-color":"","overlay-opacity":"","overlay-gradient":""},"mobile":{"background-color":"var(--ast-global-color-5)","background-image":"","background-repeat":"repeat","background-position":"center center","background-size":"auto","background-attachment":"scroll","background-type":"","background-media":"","overlay-type":"","overlay-color":"","overlay-opacity":"","overlay-gradient":""}}},"product_brand":[],"product_cat":[227],"product_tag":[201,202,203,204,205,206,207,208,209,210,211,212,213,214,215,216,217,218,219,220,221,222,223,224,225,226],"class_list":{"0":"post-1402","1":"product","2":"type-product","3":"status-publish","4":"has-post-thumbnail","6":"product_cat-buy-jungle-boys-weed","7":"product_tag-buy-weed-online-in-australia","8":"product_tag-buy-weed-online-in-belgium","9":"product_tag-buy-weed-online-in-britain","10":"product_tag-buy-weed-online-in-china","11":"product_tag-buy-weed-online-in-croatia","12":"product_tag-buy-weed-online-in-denmark","13":"product_tag-buy-weed-online-in-european-union","14":"product_tag-buy-weed-online-in-france","15":"product_tag-buy-weed-online-in-germany","16":"product_tag-buy-weed-online-in-guam","17":"product_tag-buy-weed-online-in-guernsey","18":"product_tag-buy-weed-online-in-hungary","19":"product_tag-buy-weed-online-in-ireland","20":"product_tag-buy-weed-online-in-israel","21":"product_tag-buy-weed-online-in-italy","22":"product_tag-buy-weed-online-in-japan","23":"product_tag-buy-weed-online-in-jersey","24":"product_tag-buy-weed-online-in-latvia","25":"product_tag-buy-weed-online-in-poland","26":"product_tag-buy-weed-online-in-russia","27":"product_tag-buy-weed-online-in-spain","28":"product_tag-buy-weed-online-in-sweeden","29":"product_tag-buy-weed-online-in-switzerland","30":"product_tag-buy-weed-online-in-turkey","31":"product_tag-buy-weed-online-in-ukraine","32":"product_tag-buy-weed-online-united-states","33":"desktop-align-center","34":"tablet-align-left","35":"mobile-align-left","37":"first","38":"instock","39":"shipping-taxable","40":"purchasable","41":"product-type-variable"},"uagb_featured_image_src":{"full":["https:\/\/caliweedeurope.com\/wp-content\/uploads\/2024\/11\/Jungle-Apple-600x600-1.jpg",600,600,false],"thumbnail":["https:\/\/caliweedeurope.com\/wp-content\/uploads\/2024\/11\/Jungle-Apple-600x600-1-150x150.jpg",150,150,true],"medium":["https:\/\/caliweedeurope.com\/wp-content\/uploads\/2024\/11\/Jungle-Apple-600x600-1-300x300.jpg",300,300,true],"medium_large":["https:\/\/caliweedeurope.com\/wp-content\/uploads\/2024\/11\/Jungle-Apple-600x600-1.jpg",600,600,false],"large":["https:\/\/caliweedeurope.com\/wp-content\/uploads\/2024\/11\/Jungle-Apple-600x600-1.jpg",600,600,false],"1536x1536":["https:\/\/caliweedeurope.com\/wp-content\/uploads\/2024\/11\/Jungle-Apple-600x600-1.jpg",600,600,false],"2048x2048":["https:\/\/caliweedeurope.com\/wp-content\/uploads\/2024\/11\/Jungle-Apple-600x600-1.jpg",600,600,false],"trp-custom-language-flag":["https:\/\/caliweedeurope.com\/wp-content\/uploads\/2024\/11\/Jungle-Apple-600x600-1.jpg",12,12,false],"woocommerce_thumbnail":["https:\/\/caliweedeurope.com\/wp-content\/uploads\/2024\/11\/Jungle-Apple-600x600-1-300x300.jpg",300,300,true],"woocommerce_single":["https:\/\/caliweedeurope.com\/wp-content\/uploads\/2024\/11\/Jungle-Apple-600x600-1.jpg",600,600,false],"woocommerce_gallery_thumbnail":["https:\/\/caliweedeurope.com\/wp-content\/uploads\/2024\/11\/Jungle-Apple-600x600-1-100x100.jpg",100,100,true]},"uagb_author_info":{"display_name":"jetskiforsaleuk@gmail.com","author_link":"https:\/\/caliweedeurope.com\/nl\/author\/"},"uagb_comment_info":0,"uagb_excerpt":"Buy Jungle Boys Jungle Apples Online Jungle Boys, Jungle Apples In The Jungle Are Bred With Fire! We encourage all customers to follow the laws set forth by their Country, State and\/or Province and local municipalities.Because We consider Any Seeds sold as sold FOR NOVELTY PURPOSES ONLY! Therefore We will take no responsibility if they&hellip;","_links":{"self":[{"href":"https:\/\/caliweedeurope.com\/nl\/wp-json\/wp\/v2\/product\/1402"}],"collection":[{"href":"https:\/\/caliweedeurope.com\/nl\/wp-json\/wp\/v2\/product"}],"about":[{"href":"https:\/\/caliweedeurope.com\/nl\/wp-json\/wp\/v2\/types\/product"}],"replies":[{"embeddable":true,"href":"https:\/\/caliweedeurope.com\/nl\/wp-json\/wp\/v2\/comments?post=1402"}],"wp:featuredmedia":[{"embeddable":true,"href":"https:\/\/caliweedeurope.com\/nl\/wp-json\/wp\/v2\/media\/1430"}],"wp:attachment":[{"href":"https:\/\/caliweedeurope.com\/nl\/wp-json\/wp\/v2\/media?parent=1402"}],"wp:term":[{"taxonomy":"product_brand","embeddable":true,"href":"https:\/\/caliweedeurope.com\/nl\/wp-json\/wp\/v2\/product_brand?post=1402"},{"taxonomy":"product_cat","embeddable":true,"href":"https:\/\/caliweedeurope.com\/nl\/wp-json\/wp\/v2\/product_cat?post=1402"},{"taxonomy":"product_tag","embeddable":true,"href":"https:\/\/caliweedeurope.com\/nl\/wp-json\/wp\/v2\/product_tag?post=1402"}],"curies":[{"name":"wp","href":"https:\/\/api.w.org\/{rel}","templated":true}]}}