{"id":1466,"date":"2024-11-03T21:33:05","date_gmt":"2024-11-03T21:33:05","guid":{"rendered":"https:\/\/caliweedeurope.com\/?post_type=product&#038;p=1466"},"modified":"2024-11-03T21:33:51","modified_gmt":"2024-11-03T21:33:51","slug":"biscotti","status":"publish","type":"product","link":"https:\/\/caliweedeurope.com\/nl\/product\/biscotti\/","title":{"rendered":"Biscotti"},"content":{"rendered":"<h2>Koop Biscotti-strain genetica online<\/h2>\n<p><span class=\"pirate_article\">Koop Biscotti-strain genetica online. Deze strain is gemaakt door Cookies Fam. Ze beweren de pioniers te zijn van veel van deze uitzonderlijk sterke strains, en het is moeilijk om het met hen oneens te zijn. Biscotti is een kruising tussen:<br \/> <\/span><\/p>\n<ul>\n<li>Gelato #25<\/li>\n<li>Girl Scout Cookies<\/li>\n<li>Gorilla Glue #4<br \/> Hoewel het moeilijk te zeggen is of dit helemaal correct is, aangezien sommige mensen zeggen dat het Gelato x South Florida OG is, is het zeker een van deze combinaties. Gelato is op zich al een dankenstein strain, en Gorilla Glue #4 en Girl Scout Cookies zijn twee van de bekendste dank strains ter wereld. Biscotti is een ultieme strain met waarschijnlijk een van de beste smaakprofielen in de business.<\/li>\n<\/ul>\n<p><span class=\"pirate_article\">Dit is de echte klapper. Helaas zijn de zaden niet online beschikbaar, en is de strain in het algemeen uitzonderlijk zeldzaam, waardoor de prijs zeer hoog is. In Amsterdam betaal je waarschijnlijk minimaal 40 $ per gram. In Noord-Amerika zal het iets goedkoper zijn, maar het is nog steeds niet goedkoop. Een gram zal in een dispensary in Californi\u00eb minimaal 25 $ kosten. Vanwege de kracht is het echter waarschijnlijk de prijs waard.<\/span><\/p>\n<p>BISCOTTI WEED STRAIN SMAAK<\/p>\n<ol>\n<li>Fruitig<\/li>\n<li>Nootachtig<\/li>\n<li>Kruidig<\/li>\n<li>Suikerachtig<\/li>\n<li>Zoet<\/li>\n<\/ol>\n<p><span class=\"pirate_article\">Biscotti is zeker een strain die je wilt ervaren in een bloeivaporizer. Hoewel het ook een van die strains is die goed smaakt, ongeacht hoe je het rookt, is het zeker de moeite waard om je vertrouwde bloeivaporizer voor deze te gebruiken. Het is gewoon een van de lekkerst smakende strains die momenteel op de markt zijn, en het verbranden ervan verpest de smaak een beetje. Door een vaporizer te gebruiken, is er geen verbranding, waardoor het elegante smaakprofiel van Biscotti intact blijft. Bovendien, als je de wiet eerst maalt, zal het nog beter smaken in je vaporizer.<\/span><\/p>\n<h5><strong>WAX, SHATTER, EDIBLES, ENZ.\u00a0<\/strong><\/h5>\n<p><span class=\"pirate_article\">Elke strain kan worden omgezet in wax of olie. Het is geen gemakkelijke proces, maar je kunt technisch gezien Butane Hash Oil maken van elke strain thuis. Het wordt als gevaarlijk beschouwd, dus wees uiterst voorzichtig wanneer je het probeert. Als het je lukt om genoeg van deze strain te vinden om in een concentraat om te zetten, zul je begrijpen waarom mensen dit soort strains kiezen. In principe worden strains gekozen op basis van smaak en potentie. Biscotti, zoals we al hebben gezien, heeft beide. Dit maakt het een geweldige keuze om in concentraten om te zetten.<\/span><\/p>\n<h3>Details over Biscotti wiet<\/h3>\n<p>Cookies-genetica heeft zijn wortels in veel van de beste strains op de planken. Veel strains hebben hun genetica en je weet het misschien niet eens. Let dus op, de Biscotti wietstrain is een klassieke Cookies-kruising van een zuidelijke OG-strain: Gelato #25 gekruist met South Florida OG.<\/p>\n<p>Bij Klarie Canna Care Dispensary bieden we de beste marihuanastrains en andere gerelateerde producten zoals cannabisoli\u00ebn, Moonrocks, Vape-pen cartridges, Edibles, Concentraten, Hasj, Harley Twin, Strawberry Lemonade, Sour Jack, Grease Monkey, Orange Kush, Pineapple Kush, Skywalker Indica, White Widow, Tom Ford, Diablo OG Kush, Biscotti Cookies, Nice Cream Weed aan. Bezoek ons <a href=\"https:\/\/deligentman.com\/\" target=\"_blank\" rel=\"noopener\">deligentman.com<\/a><\/p>\n<p>Wiet online kopen in de Verenigde Staten, wiet online kopen in Groot-Brittanni\u00eb, wiet online kopen in Ierland, wiet online kopen in Zwitserland, wiet online kopen in Australi\u00eb, wiet online kopen in Itali\u00eb, wiet online kopen in Denemarken, wiet online kopen in de Europese Unie, wiet online kopen in Frankrijk, wiet online kopen in Duitsland, wiet online kopen in Belgi\u00eb, wiet online kopen in Polen, wiet online kopen in Letland, wiet online kopen in Isra\u00ebl, wiet online kopen in Turkije, wiet online kopen in Jersey, wiet online kopen in China, wiet online kopen in Oekra\u00efne, wiet online kopen in Hongarije, wiet online kopen in Zweden, wiet online kopen in Japan, wiet online kopen in Spanje, wiet online kopen in Rusland, wiet online kopen in Kroati\u00eb, wiet online kopen in Guam, wiet online kopen in Guernsey.<\/p>","protected":false},"excerpt":{"rendered":"<p>De\u00a0<b>Biscotti-strain<\/b>\u00a0is een Cookies-klassieker, gekruist met een zuidelijke OG-strai\u00a0<b>strain<\/b>: Gelato #25 gekruist met South Florida OG. ... Cookies Family genetica staan bekend als krachtige Indica-hybriden die zoete en exotische aroma's hebben. Girl Scout Cookies is de originele koekjes <b>strain<\/b>.<\/p>","protected":false},"featured_media":1502,"comment_status":"closed","ping_status":"closed","template":"","meta":{"_uag_custom_page_level_css":"","site-sidebar-layout":"default","site-content-layout":"","ast-site-content-layout":"","site-content-style":"default","site-sidebar-style":"default","ast-global-header-display":"","ast-banner-title-visibility":"","ast-main-header-display":"","ast-hfb-above-header-display":"","ast-hfb-below-header-display":"","ast-hfb-mobile-header-display":"","site-post-title":"","ast-breadcrumbs-content":"","ast-featured-img":"","footer-sml-layout":"","theme-transparent-header-meta":"","adv-header-id-meta":"","stick-header-meta":"","header-above-stick-meta":"","header-main-stick-meta":"","header-below-stick-meta":"","astra-migrate-meta-layouts":"default","ast-page-background-enabled":"default","ast-page-background-meta":{"desktop":{"background-color":"var(--ast-global-color-4)","background-image":"","background-repeat":"repeat","background-position":"center center","background-size":"auto","background-attachment":"scroll","background-type":"","background-media":"","overlay-type":"","overlay-color":"","overlay-opacity":"","overlay-gradient":""},"tablet":{"background-color":"","background-image":"","background-repeat":"repeat","background-position":"center center","background-size":"auto","background-attachment":"scroll","background-type":"","background-media":"","overlay-type":"","overlay-color":"","overlay-opacity":"","overlay-gradient":""},"mobile":{"background-color":"","background-image":"","background-repeat":"repeat","background-position":"center center","background-size":"auto","background-attachment":"scroll","background-type":"","background-media":"","overlay-type":"","overlay-color":"","overlay-opacity":"","overlay-gradient":""}},"ast-content-background-meta":{"desktop":{"background-color":"var(--ast-global-color-5)","background-image":"","background-repeat":"repeat","background-position":"center center","background-size":"auto","background-attachment":"scroll","background-type":"","background-media":"","overlay-type":"","overlay-color":"","overlay-opacity":"","overlay-gradient":""},"tablet":{"background-color":"var(--ast-global-color-5)","background-image":"","background-repeat":"repeat","background-position":"center center","background-size":"auto","background-attachment":"scroll","background-type":"","background-media":"","overlay-type":"","overlay-color":"","overlay-opacity":"","overlay-gradient":""},"mobile":{"background-color":"var(--ast-global-color-5)","background-image":"","background-repeat":"repeat","background-position":"center center","background-size":"auto","background-attachment":"scroll","background-type":"","background-media":"","overlay-type":"","overlay-color":"","overlay-opacity":"","overlay-gradient":""}}},"product_brand":[],"product_cat":[228],"product_tag":[201,202,203,204,205,206,207,208,209,210,211,212,213,214,215,216,217,218,219,220,221,222,223,224,225,226],"class_list":{"0":"post-1466","1":"product","2":"type-product","3":"status-publish","4":"has-post-thumbnail","6":"product_cat-indica","7":"product_tag-buy-weed-online-in-australia","8":"product_tag-buy-weed-online-in-belgium","9":"product_tag-buy-weed-online-in-britain","10":"product_tag-buy-weed-online-in-china","11":"product_tag-buy-weed-online-in-croatia","12":"product_tag-buy-weed-online-in-denmark","13":"product_tag-buy-weed-online-in-european-union","14":"product_tag-buy-weed-online-in-france","15":"product_tag-buy-weed-online-in-germany","16":"product_tag-buy-weed-online-in-guam","17":"product_tag-buy-weed-online-in-guernsey","18":"product_tag-buy-weed-online-in-hungary","19":"product_tag-buy-weed-online-in-ireland","20":"product_tag-buy-weed-online-in-israel","21":"product_tag-buy-weed-online-in-italy","22":"product_tag-buy-weed-online-in-japan","23":"product_tag-buy-weed-online-in-jersey","24":"product_tag-buy-weed-online-in-latvia","25":"product_tag-buy-weed-online-in-poland","26":"product_tag-buy-weed-online-in-russia","27":"product_tag-buy-weed-online-in-spain","28":"product_tag-buy-weed-online-in-sweeden","29":"product_tag-buy-weed-online-in-switzerland","30":"product_tag-buy-weed-online-in-turkey","31":"product_tag-buy-weed-online-in-ukraine","32":"product_tag-buy-weed-online-united-states","33":"desktop-align-center","34":"tablet-align-left","35":"mobile-align-left","37":"first","38":"instock","39":"shipping-taxable","40":"purchasable","41":"product-type-variable"},"uagb_featured_image_src":{"full":["https:\/\/caliweedeurope.com\/wp-content\/uploads\/2024\/11\/treegod415_53405499_427674184643905_7221474027484783232_n.jpg",1080,1350,false],"thumbnail":["https:\/\/caliweedeurope.com\/wp-content\/uploads\/2024\/11\/treegod415_53405499_427674184643905_7221474027484783232_n-150x150.jpg",150,150,true],"medium":["https:\/\/caliweedeurope.com\/wp-content\/uploads\/2024\/11\/treegod415_53405499_427674184643905_7221474027484783232_n-240x300.jpg",240,300,true],"medium_large":["https:\/\/caliweedeurope.com\/wp-content\/uploads\/2024\/11\/treegod415_53405499_427674184643905_7221474027484783232_n-768x960.jpg",768,960,true],"large":["https:\/\/caliweedeurope.com\/wp-content\/uploads\/2024\/11\/treegod415_53405499_427674184643905_7221474027484783232_n-819x1024.jpg",819,1024,true],"1536x1536":["https:\/\/caliweedeurope.com\/wp-content\/uploads\/2024\/11\/treegod415_53405499_427674184643905_7221474027484783232_n.jpg",1080,1350,false],"2048x2048":["https:\/\/caliweedeurope.com\/wp-content\/uploads\/2024\/11\/treegod415_53405499_427674184643905_7221474027484783232_n.jpg",1080,1350,false],"trp-custom-language-flag":["https:\/\/caliweedeurope.com\/wp-content\/uploads\/2024\/11\/treegod415_53405499_427674184643905_7221474027484783232_n.jpg",10,12,false],"woocommerce_thumbnail":["https:\/\/caliweedeurope.com\/wp-content\/uploads\/2024\/11\/treegod415_53405499_427674184643905_7221474027484783232_n-300x300.jpg",300,300,true],"woocommerce_single":["https:\/\/caliweedeurope.com\/wp-content\/uploads\/2024\/11\/treegod415_53405499_427674184643905_7221474027484783232_n-600x750.jpg",600,750,true],"woocommerce_gallery_thumbnail":["https:\/\/caliweedeurope.com\/wp-content\/uploads\/2024\/11\/treegod415_53405499_427674184643905_7221474027484783232_n-100x100.jpg",100,100,true]},"uagb_author_info":{"display_name":"jetskiforsaleuk@gmail.com","author_link":"https:\/\/caliweedeurope.com\/nl\/author\/"},"uagb_comment_info":0,"uagb_excerpt":"The\u00a0Biscotti strain\u00a0is a Cookies classic crossed a southern OG\u00a0strain: Gelato #25 crossed with South Florida OG. \u2026 Cookies Family genetics are known to be potent Indica-hybrids that have sweet and exotic aromatics. Girl Scout Cookies is the original cookies strain.","_links":{"self":[{"href":"https:\/\/caliweedeurope.com\/nl\/wp-json\/wp\/v2\/product\/1466"}],"collection":[{"href":"https:\/\/caliweedeurope.com\/nl\/wp-json\/wp\/v2\/product"}],"about":[{"href":"https:\/\/caliweedeurope.com\/nl\/wp-json\/wp\/v2\/types\/product"}],"replies":[{"embeddable":true,"href":"https:\/\/caliweedeurope.com\/nl\/wp-json\/wp\/v2\/comments?post=1466"}],"wp:featuredmedia":[{"embeddable":true,"href":"https:\/\/caliweedeurope.com\/nl\/wp-json\/wp\/v2\/media\/1502"}],"wp:attachment":[{"href":"https:\/\/caliweedeurope.com\/nl\/wp-json\/wp\/v2\/media?parent=1466"}],"wp:term":[{"taxonomy":"product_brand","embeddable":true,"href":"https:\/\/caliweedeurope.com\/nl\/wp-json\/wp\/v2\/product_brand?post=1466"},{"taxonomy":"product_cat","embeddable":true,"href":"https:\/\/caliweedeurope.com\/nl\/wp-json\/wp\/v2\/product_cat?post=1466"},{"taxonomy":"product_tag","embeddable":true,"href":"https:\/\/caliweedeurope.com\/nl\/wp-json\/wp\/v2\/product_tag?post=1466"}],"curies":[{"name":"wp","href":"https:\/\/api.w.org\/{rel}","templated":true}]}}