{"id":1778,"date":"2024-11-05T18:39:20","date_gmt":"2024-11-05T18:39:20","guid":{"rendered":"https:\/\/caliweedeurope.com\/?post_type=product&#038;p=1778"},"modified":"2024-11-05T18:39:26","modified_gmt":"2024-11-05T18:39:26","slug":"buy-cali-bud-super-glue-online","status":"publish","type":"product","link":"https:\/\/caliweedeurope.com\/nl\/product\/buy-cali-bud-super-glue-online\/","title":{"rendered":"Buy Cali Bud Super Glue Online"},"content":{"rendered":"<h1 style=\"text-align: center\"><strong>\u00a0 \u00a0 \u00a0 \u00a0 \u00a0<\/strong><strong>SUPER GLUE <\/strong><strong>CALI BUD OR NO BUD\u00a0|<\/strong><strong>\u00a0CALI BUD OR NO BUD\u00a0<\/strong><strong>SUPER GLUE <\/strong><strong>|<\/strong><strong>\u00a0CALI PLUG CALI BUD OR NO BUD<\/strong><\/h1>\n<p><strong>Cali Bud Super Glue<\/strong><\/p>\n<p>Cali Bud Super Glue, een invloedrijke cannabis-hybride die is gekruist met strawberry en grape ape om deze geweldige soorten te verkrijgen, is het beste voor pati\u00ebnten die lijden aan angst en chronische pijn. Deze soort garandeert onmiddellijke verlichting van pijn. De lichte werkelijke effecten kunnen helpen bij pijn en misselijkheid. De soort kan ook helpen bij het bestrijden van de symptomen van PTSD. Deze soort groeit kort en kan goed doen binnen, buiten of zelfs in een tuin. Geeks zouden ten minste een maand, zo niet vijf, moeten geven om de vegetatie af te ronden. De Superglue cannabissoort bloeit acht tot negen weken en levert een gram per watt binnen. Buitenverbouwers kunnen tot een pond per plant oogsten.<\/p>\n<h2 style=\"text-align: center\"><strong>BUY\u00a0<\/strong><strong>SUPER GLUE\u00a0<\/strong><strong>CALI BUD OR NO BUD\u00a0 ONLINE | BUY CALI BUD OR NO BUD\u00a0<\/strong><strong>SUPER GLUE\u00a0<\/strong><strong>ONLINE | BUY CALI BUD OR NO BUD ONLINE<\/strong><\/h2>\n<p>Waarschuwing<\/p>\n<p>Cali Bud Super Glue bevat Cannabis, een geclassificeerde stof. Buiten het bereik van kinderen en dieren houden. Cannabisproducten mogen alleen worden bezeten of geconsumeerd door personen van 21 jaar en ouder, tenzij de persoon een gekwalificeerde pati\u00ebnt is. De bedwelmende effecten van cannabisproducten kunnen tot twee uur aanhouden. Cannabisgebruik tijdens de zwangerschap of het geven van borstvoeding kan schadelijk zijn. Het gebruik van Cali Bud of No Bud producten vermindert uw vermogen om voertuigen te besturen of machines te bedienen. Gebruik met uiterste voorzichtigheid.<\/p>\n<p class=\"translation-block\"><b>Superglue<\/b>, auch bekannt als \u201eTacky Glue\u201c, ist eine indica-dominante <a href=\"https:\/\/www.leafly.com\/strains\/lists\/category\/hybrid\" target=\"_blank\" rel=\"noopener\">Hybrid<\/a>-Sorte, die einen funktionalen und entspannenden Rausch f\u00fcr Geist und K\u00f6rper erzeugt. Mit dem Duft von Kiefer und einer s\u00fc\u00dfen Karamellaromen wird diese Sorte von Seedism Seeds gez\u00fcchtet. Superglue entsteht durch die Kreuzung von <a href=\"https:\/\/www.leafly.com\/strains\/afghani\" target=\"_blank\" rel=\"noopener\">Afghani<\/a> und Northern Light. Diejenigen, die Superglue genie\u00dfen, sagen, dass es dich entspannt, w\u00e4hrend es dich dennoch funktional und energetisch genug l\u00e4sst f\u00fcr soziale Aktivit\u00e4ten oder sogar einen produktiven Nachmittag.<\/p>\n<h3 style=\"text-align: center\"><strong>SUPER GLUE\u00a0<\/strong><strong>CALI BUD OR NO BUD FOR SALE | CALI BUD OR NO BUD\u00a0\u00a0<\/strong><strong>SUPER GLUE\u00a0<\/strong><strong>FOR SALE | CALI BUD OR NO BUD\u00a0 FOR SALE<\/strong><\/h3>\n<div class=\"variety-percentage-wrap\">\n<h4 class=\"variety translation-block\"><a href=\"https:\/\/www.allbud.com\/marijuana-strains\/variety\/indica-dominant-hybrid\" target=\"_blank\" rel=\"noopener\">Indica Dominante Hybride<\/a> <span class=\"hidden-xs\">\u2013 <\/span><span class=\"strain-percentages\">70% Indica \/ 30% Sativa<\/span><\/h4>\n<h4 class=\"percentage\"><span class=\"heading\">THC:\u00a0<\/span>23%,\u00a0<span class=\"heading\">CBD:\u00a0<\/span><em>1<\/em>%<\/h4>\n<\/p><\/div>\n<p>Superglue OG, ook wel gewoon Superglue genoemd, is een indica-dominante hybride, een combinatie van Skunk #1 en Northern Lights. Het is te vinden in verschillende medische marihuana-apotheken in Californi\u00eb en de staat Washington, maar niet veel op andere plekken. Als het op de zwarte markt verschijnt, beschouw het dan als een zeldzame vondst. De bevroren witte toppen van deze plant bevatten een enorme THC-niveau, in sommige tests meer dan 23%. De CBD-niveaus zijn ook hoger dan gemiddeld, tot 1,4% in tests.<\/p>\n<h4 style=\"text-align: center\"><strong>CALI BUD OR NO BUD \u00a0<\/strong><strong>SUPER GLUE\u00a0<\/strong><strong>\u00a0NEAR ME |\u00a0<\/strong><strong>SUPER GLUE\u00a0<\/strong><strong>CALI BUD OR NO BUD\u00a0\u00a0 NEAR ME | CALI BUD OR NO BUD \u00a0NEAR ME<\/strong><\/h4>\n<p>Dit maakt het een bijzonder nuttige medische soort, ideaal voor de behandeling van depressie, pijn en angst; het kan ook helpen bij aanvallen en spierkrampen. Die genen zorgen voor een krachtige, ontspannende lichaams-high met enkele beperkte cerebrale effecten. Het is een sterke keuze voor lichamelijk ongemak en stress. Er is niet veel openbare informatie over de smaak of geur van deze zeldzame soort, maar net als zijn populaire ouders heeft het waarschijnlijk een aardse smaak met hints van dennen en citrus. Pati\u00ebnten kunnen het vinden in geselecteerde apotheken aan de westkust, maar het is zeldzaam buiten de medische markt.<\/p>\n<h5 style=\"text-align: center\"><strong>SUPER GLUE\u00a0<\/strong><strong>\u00a0STRAIN | \u00a0<\/strong><strong>SUPER GLUE\u00a0<\/strong><strong>WEED STRAIN | CALI\u00a0<\/strong><strong>SUPER GLUE\u00a0<\/strong><strong>| CALI\u00a0<\/strong><strong>SUPER GLUE\u00a0<\/strong><strong>\u00a0STRAIN<\/strong><\/h5>\n<p class=\"translation-block\">Superglue is een hybride met een Indica-neiging die de krachtige genetische combinatie van een Afghaanse landras en <a href=\"https:\/\/www.wikileaf.com\/strain\/northern-lights\/\" target=\"_blank\" rel=\"noopener\">Northern Lights<\/a> heeft. Getrouw aan zijn naam, geeft Super Glue diepe lichamelijke ontspanning die je gemakkelijk op de bank kan houden onder de juiste omstandigheden. Het heeft ook een serieuze aantrekkingskracht, met een rijke, muskusachtige geur en dikke, chunky bloemen. Het THC-gehalte van de strain is gemeten tussen de 18% en 28%.<\/p>\n<p>Superglue maakt indruk met grote bloemen die een uitgesproken spade-achtige vorm behouden, die zich van een brede basis naar een puntige top toespitst. De knoppen hebben een kenmerkende Indica-structuur, waarbij hun kleine bladeren strak naar binnen rollen in een dicht, stevig cluster.<\/p>\n<p>Een eerste geur van Superglue\u2019s bloemen zal een zuurzoete, skunkachtige geur opvangen. Onder deze geur bevinden zich scherpe, harsachtige accenten. Ondertussen, wanneer je deze dichte bloemen maalt of opbreekt, komt er een geur van sandelhout en specerijen vrij die uniek is voor de ouderstrain Afghani. Bij verbranding produceert Superglue een scherpe en bijtende rook. Deze rook smaakt houtachtig en aards bij het uitademen. Wie discreet wil roken, moet voorzichtig zijn, omdat deze doordringende knop van een behoorlijke afstand kan ruiken.<\/p>\n<div data-testid=\"product-description\">\n<div class=\"truncate-lines__Wrapper-sc-1lknwty-0 YxHAC\">\n<div data-testid=\"truncated-description\">\n<div>\n<div class=\"text__Text-sc-fif1uk-0 kdmKRD\">\n<div class=\"src__Box-sc-1sbtrzs-0 src__Flex-sc-1sbtrzs-1 kWPFqZ hzdsvF\">\n<div>VOORBEELD PRODUCTCATEGORIE\u00cbN<\/div>\n<\/p><\/div>\n<\/p><\/div>\n<\/p><\/div>\n<\/p><\/div>\n<\/p><\/div>\n<\/p><\/div>\n<div class=\"text__Text-sc-fif1uk-0 htoJfX\"><a href=\"https:\/\/jeetersofficial.com\/product-category\/buy-cali-buds\/\" target=\"_blank\" rel=\"noopener\">CALI BUDS<\/a><\/div>\n<div data-testid=\"product-description\">\n<div class=\"truncate-lines__Wrapper-sc-1lknwty-0 YxHAC\">\n<div data-testid=\"truncated-description\">\n<div class=\"text__Text-sc-fif1uk-0 kdmKRD\"><a href=\"https:\/\/jeetersofficial.com\/product-category\/backpack-boyz\/\" target=\"_blank\" rel=\"noopener\">Backpack\u00a0 Boyz<\/a><\/div>\n<div><a href=\"https:\/\/jeetersofficial.com\/product-category\/snow-balls-weed\/\" target=\"_blank\" rel=\"noopener\">SNOWBALLS WEED<\/a><\/div>\n<div><a href=\"https:\/\/jeetersofficial.com\/product-category\/persy-snowcaps\/\" target=\"_blank\" rel=\"noopener\">Persy Snowcaps<\/a><\/div>\n<div><a href=\"https:\/\/jeetersofficial.com\/product-category\/drip-snowcaps\/\" target=\"_blank\" rel=\"noopener\">Drip Snowcaps<\/a><\/div>\n<div><a href=\"https:\/\/jeetersofficial.com\/product-category\/concentrates\/\" target=\"_blank\" rel=\"noopener\">CALI CONCENTRATES<\/a><\/div>\n<div><a href=\"https:\/\/jeetersofficial.com\/product-category\/doja-exclusive\/\" target=\"_blank\" rel=\"noopener\">CALI DOJA PACKS EXCLUSIVE<\/a><\/div>\n<div><a href=\"https:\/\/jeetersofficial.com\/product-category\/marijuana-flowers\/\" target=\"_blank\" rel=\"noopener\">CALI MARIJUANA FLOWERS<\/a><\/div>\n<\/p><\/div>\n<\/p><\/div>\n<\/p><\/div>\n<div><a href=\"https:\/\/jeetersofficial.com\/product-category\/sativa-strain\/\" target=\"_blank\" rel=\"noopener\">CALI SATIVA STRAINS<\/a><\/div>\n<div><a href=\"https:\/\/jeetersofficial.com\/product-category\/indica\/\" target=\"_blank\" rel=\"noopener\">CALI INDICA STRAINS<\/a><\/div>\n<div><a href=\"https:\/\/jeetersofficial.com\/product-category\/hybrid-weed\/\" target=\"_blank\" rel=\"noopener\">CALI HYBRID WEED<\/a><\/div>","protected":false},"excerpt":{"rendered":"<p>Cali Bud Super Glue<\/p>\n<p>Cali Bud Super Glue, een invloedrijke cannabis-hybride die is gekruist met strawberry en grape ape om deze geweldige soorten te verkrijgen, is het beste voor pati\u00ebnten die lijden aan angst en chronische pijn. Deze soort garandeert onmiddellijke verlichting van pijn. De lichte werkelijke effecten kunnen helpen bij pijn en misselijkheid. De soort kan ook helpen bij het bestrijden van de symptomen van PTSD. Deze soort groeit kort en kan goed doen binnen, buiten of zelfs in een tuin. Geeks zouden ten minste een maand, zo niet vijf, moeten geven om de vegetatie af te ronden. De Superglue cannabissoort bloeit acht tot negen weken en levert een gram per watt binnen. Buitenverbouwers kunnen tot een pond per plant oogsten.<\/p>","protected":false},"featured_media":1702,"comment_status":"closed","ping_status":"closed","template":"","meta":{"_uag_custom_page_level_css":"","site-sidebar-layout":"default","site-content-layout":"","ast-site-content-layout":"default","site-content-style":"default","site-sidebar-style":"default","ast-global-header-display":"","ast-banner-title-visibility":"","ast-main-header-display":"","ast-hfb-above-header-display":"","ast-hfb-below-header-display":"","ast-hfb-mobile-header-display":"","site-post-title":"","ast-breadcrumbs-content":"","ast-featured-img":"","footer-sml-layout":"","ast-disable-related-posts":"","theme-transparent-header-meta":"","adv-header-id-meta":"","stick-header-meta":"","header-above-stick-meta":"","header-main-stick-meta":"","header-below-stick-meta":"","astra-migrate-meta-layouts":"default","ast-page-background-enabled":"default","ast-page-background-meta":{"desktop":{"background-color":"var(--ast-global-color-5)","background-image":"","background-repeat":"repeat","background-position":"center center","background-size":"auto","background-attachment":"scroll","background-type":"","background-media":"","overlay-type":"","overlay-color":"","overlay-opacity":"","overlay-gradient":""},"tablet":{"background-color":"","background-image":"","background-repeat":"repeat","background-position":"center center","background-size":"auto","background-attachment":"scroll","background-type":"","background-media":"","overlay-type":"","overlay-color":"","overlay-opacity":"","overlay-gradient":""},"mobile":{"background-color":"","background-image":"","background-repeat":"repeat","background-position":"center center","background-size":"auto","background-attachment":"scroll","background-type":"","background-media":"","overlay-type":"","overlay-color":"","overlay-opacity":"","overlay-gradient":""}},"ast-content-background-meta":{"desktop":{"background-color":"var(--ast-global-color-4)","background-image":"","background-repeat":"repeat","background-position":"center center","background-size":"auto","background-attachment":"scroll","background-type":"","background-media":"","overlay-type":"","overlay-color":"","overlay-opacity":"","overlay-gradient":""},"tablet":{"background-color":"var(--ast-global-color-4)","background-image":"","background-repeat":"repeat","background-position":"center center","background-size":"auto","background-attachment":"scroll","background-type":"","background-media":"","overlay-type":"","overlay-color":"","overlay-opacity":"","overlay-gradient":""},"mobile":{"background-color":"var(--ast-global-color-4)","background-image":"","background-repeat":"repeat","background-position":"center center","background-size":"auto","background-attachment":"scroll","background-type":"","background-media":"","overlay-type":"","overlay-color":"","overlay-opacity":"","overlay-gradient":""}}},"product_brand":[],"product_cat":[675],"product_tag":[491,546,547,481,472,548,549,550,462,551,552,553,554,555,556,557],"class_list":{"0":"post-1778","1":"product","2":"type-product","3":"status-publish","4":"has-post-thumbnail","6":"product_cat-buy-cali-buds","7":"product_tag-buy-cali-bud-or-no-bud-online","8":"product_tag-buy-cali-bud-or-no-bud-super-glue-online","9":"product_tag-buy-super-glue-cali-bud-or-no-bud-online","10":"product_tag-cali-bud-or-no-bud-for-sale","11":"product_tag-cali-bud-or-no-bud-near-me","12":"product_tag-cali-bud-or-no-bud-super-glue","13":"product_tag-cali-bud-or-no-bud-super-glue-for-sale","14":"product_tag-cali-bud-or-no-bud-super-glue-near-me","15":"product_tag-cali-plug-cali-bud-or-no-bud","16":"product_tag-cali-super-glue","17":"product_tag-cali-super-glue-strain","18":"product_tag-super-glue-cali-bud-or-no-bud","19":"product_tag-super-glue-cali-bud-or-no-bud-for-sale","20":"product_tag-super-glue-cali-bud-or-no-bud-near-me","21":"product_tag-super-glue-strain","22":"product_tag-super-glue-weed-strain","23":"desktop-align-center","24":"tablet-align-left","25":"mobile-align-left","27":"first","28":"instock","29":"shipping-taxable","30":"purchasable","31":"product-type-variable"},"uagb_featured_image_src":{"full":["https:\/\/caliweedeurope.com\/wp-content\/uploads\/2024\/11\/super-glue.jpg",512,687,false],"thumbnail":["https:\/\/caliweedeurope.com\/wp-content\/uploads\/2024\/11\/super-glue-150x150.jpg",150,150,true],"medium":["https:\/\/caliweedeurope.com\/wp-content\/uploads\/2024\/11\/super-glue-224x300.jpg",224,300,true],"medium_large":["https:\/\/caliweedeurope.com\/wp-content\/uploads\/2024\/11\/super-glue.jpg",512,687,false],"large":["https:\/\/caliweedeurope.com\/wp-content\/uploads\/2024\/11\/super-glue.jpg",512,687,false],"1536x1536":["https:\/\/caliweedeurope.com\/wp-content\/uploads\/2024\/11\/super-glue.jpg",512,687,false],"2048x2048":["https:\/\/caliweedeurope.com\/wp-content\/uploads\/2024\/11\/super-glue.jpg",512,687,false],"trp-custom-language-flag":["https:\/\/caliweedeurope.com\/wp-content\/uploads\/2024\/11\/super-glue.jpg",9,12,false],"woocommerce_thumbnail":["https:\/\/caliweedeurope.com\/wp-content\/uploads\/2024\/11\/super-glue-300x300.jpg",300,300,true],"woocommerce_single":["https:\/\/caliweedeurope.com\/wp-content\/uploads\/2024\/11\/super-glue.jpg",512,687,false],"woocommerce_gallery_thumbnail":["https:\/\/caliweedeurope.com\/wp-content\/uploads\/2024\/11\/super-glue-100x100.jpg",100,100,true]},"uagb_author_info":{"display_name":"jetskiforsaleuk@gmail.com","author_link":"https:\/\/caliweedeurope.com\/nl\/author\/"},"uagb_comment_info":0,"uagb_excerpt":"Cali Bud Super Glue Cali Super Glue being an influential\u00a0cannabis hybrid strain\u00a0cross with strawberry and grape ape to get these amazing strains is best for patients suffering from anxiety and chronic pain. This strain guarantees immediate relief from pain for the relieve. It\u2019s light real impacts may facilitate a few a throbbing painfulness just as&hellip;","_links":{"self":[{"href":"https:\/\/caliweedeurope.com\/nl\/wp-json\/wp\/v2\/product\/1778"}],"collection":[{"href":"https:\/\/caliweedeurope.com\/nl\/wp-json\/wp\/v2\/product"}],"about":[{"href":"https:\/\/caliweedeurope.com\/nl\/wp-json\/wp\/v2\/types\/product"}],"replies":[{"embeddable":true,"href":"https:\/\/caliweedeurope.com\/nl\/wp-json\/wp\/v2\/comments?post=1778"}],"wp:featuredmedia":[{"embeddable":true,"href":"https:\/\/caliweedeurope.com\/nl\/wp-json\/wp\/v2\/media\/1702"}],"wp:attachment":[{"href":"https:\/\/caliweedeurope.com\/nl\/wp-json\/wp\/v2\/media?parent=1778"}],"wp:term":[{"taxonomy":"product_brand","embeddable":true,"href":"https:\/\/caliweedeurope.com\/nl\/wp-json\/wp\/v2\/product_brand?post=1778"},{"taxonomy":"product_cat","embeddable":true,"href":"https:\/\/caliweedeurope.com\/nl\/wp-json\/wp\/v2\/product_cat?post=1778"},{"taxonomy":"product_tag","embeddable":true,"href":"https:\/\/caliweedeurope.com\/nl\/wp-json\/wp\/v2\/product_tag?post=1778"}],"curies":[{"name":"wp","href":"https:\/\/api.w.org\/{rel}","templated":true}]}}