{"id":329,"date":"2024-10-26T23:35:22","date_gmt":"2024-10-26T23:35:22","guid":{"rendered":"https:\/\/caliweedeurope.com\/about\/"},"modified":"2024-11-04T17:34:45","modified_gmt":"2024-11-04T17:34:45","slug":"about","status":"publish","type":"page","link":"https:\/\/caliweedeurope.com\/pl\/about\/","title":{"rendered":"Informacje"},"content":{"rendered":"<div class=\"wp-block-uagb-container uagb-block-51e89b1a alignfull uagb-is-root-container\"><div class=\"uagb-container-inner-blocks-wrap\"><div class=\"wp-block-uagb-advanced-heading uagb-block-0a1971f0\"><h1 class=\"uagb-heading-text\">Informacje <a href=\"https:\/\/caliweedeurope.com\/pl\/\" data-type=\"link\" data-id=\"https:\/\/caliweedeurope.com\/\">cali weed europe<\/a><\/h1><\/div><\/div><\/div><div class=\"wp-block-uagb-container uagb-block-e1c2ea49 alignfull uagb-is-root-container\"><div class=\"uagb-container-inner-blocks-wrap\"><div class=\"wp-block-uagb-info-box uagb-block-1bfbef46 uagb-infobox__content-wrap  uagb-infobox-icon-above-title uagb-infobox-image-valign-top\"><div class=\"uagb-ifb-content\"><div class=\"uagb-ifb-title-wrap\"><h6 class=\"uagb-ifb-title-prefix\">Jeste\u015bmy tu dla ciebie<\/h6><h2 class=\"uagb-ifb-title\">sklep\u00f3w internetowych z marihuan\u0105,\u00a0<br><a href=\"https:\/\/caliweedeurope.com\/pl\/\">sklepy internetowe z weed ,<\/a>\u00a0Byli\u015bmy sfrustrowani tym, jak trudno jest znale\u017a\u0107 legalne \u017ar\u00f3d\u0142o konopi, kt\u00f3re wysy\u0142a do Niemiec i Europy. Wtedy uwierzyli\u015bmy, \u017ce musi istnie\u0107 \u0142atwiejszy, bezpieczniejszy i bardziej dyskretny spos\u00f3b kupowania marihuany online i otrzymywania dobrej jako\u015bci.<\/h2><\/div><\/div><\/div><\/div><\/div><div class=\"wp-block-uagb-container uagb-block-1d4e123a alignfull uagb-is-root-container\"><div class=\"uagb-container-inner-blocks-wrap\"><div class=\"wp-block-uagb-info-box uagb-block-53541540 uagb-infobox__content-wrap  uagb-infobox-icon-above-title uagb-infobox-image-valign-top\"><div class=\"uagb-ifb-content\"><div class=\"uagb-ifb-title-wrap\"><h6 class=\"uagb-ifb-title-prefix\">Wolne od szkodliwych chemikali\u00f3w<\/h6><h2 class=\"uagb-ifb-title\">Jeste\u015bmy legalnym sklepem internetowym z marihuan\u0105, w kt\u00f3rym mo\u017cesz kupi\u0107 marihuan\u0119 online. Jeste\u015bmy zespo\u0142em, kt\u00f3ry uprawia wysokiej jako\u015bci marihuan\u0119 w Niemczech i dostarcza najsilniejsz\u0105 jako\u015b\u0107 CALI WEED naszym przyjacio\u0142om, klientom i S\u0104SIEDNIM KRAJOM. <\/h2><\/div><\/div><\/div><\/div><\/div><div class=\"wp-block-uagb-container uagb-block-a05e7214 alignfull uagb-is-root-container\"><div class=\"uagb-container-inner-blocks-wrap\"><div class=\"wp-block-uagb-container uagb-layout-grid uagb-block-a2c6cfd6\"><div class=\"wp-block-uagb-advanced-heading uagb-block-1ac80494\"><h6 class=\"uagb-heading-text\">Nasza misja<\/h6><\/div>\n\n<div class=\"wp-block-uagb-info-box uagb-block-025fd110 uagb-infobox__content-wrap  uagb-infobox-icon-above-title uagb-infobox-image-valign-top\"><div class=\"uagb-ifb-content\"><div class=\"uagb-ifb-title-wrap\"><div class=\"uagb-ifb-separator\"><\/div><h3 class=\"uagb-ifb-title\">Dlaczego nasi klienci nas kochaj\u0105<\/h3><\/div><p class=\"uagb-ifb-desc\">Pochodz\u0105c z bran\u017cy alkoholowej, dostrzegli\u015bmy spo\u0142eczne szkody i zniszczenia, jakie alkohol powoduje w spo\u0142eczno\u015bciach w Niemczech i Europie. Zamiast otwiera\u0107 sklep z piwem i winem lub wraca\u0107 do biznesu barowego, zdecydowali\u015bmy si\u0119 na bezpieczniejsz\u0105 alternatyw\u0119. Cieszymy si\u0119, \u017ce mo\u017cemy pom\u00f3c Ci dostarczy\u0107 rekreacyjn\u0105 marihuan\u0119 prosto pod Twoje drzwi.<\/p><\/div><\/div><\/div>\n\n<div class=\"wp-block-uagb-container uagb-layout-grid uagb-block-34ccc8b8\"><div class=\"wp-block-uagb-advanced-heading uagb-block-1c487d3c\"><h6 class=\"uagb-heading-text\"><a href=\"https:\/\/caliweedeurope.com\/pl\/shop\/\">Nasza wyj\u0105tkowo\u015b\u0107<\/a><\/h6><\/div>\n\n<div class=\"wp-block-uagb-info-box uagb-block-180da0d4 uagb-infobox__content-wrap  uagb-infobox-icon-above-title uagb-infobox-image-valign-top\"><div class=\"uagb-ifb-content\"><div class=\"uagb-ifb-title-wrap\"><div class=\"uagb-ifb-separator\"><\/div><h3 class=\"uagb-ifb-title\"><a href=\"https:\/\/caliweedeurope.com\/pl\/shop\/\">Rozumiemy znaczenie dostarczania pacjentom wysokiej jako\u015bci konopi, kt\u00f3re s\u0105 zar\u00f3wno przyst\u0119pne cenowo, jak i premium. <\/a><\/h3><\/div><p class=\"uagb-ifb-desc\">Niezale\u017cnie od tego, czy cierpisz na przewlek\u0142y b\u00f3l, l\u0119k czy inne schorzenia wymagaj\u0105ce leczenia konopiami, jeste\u015bmy tu dla Ciebie. Priorytetowo traktujemy r\u00f3wnie\u017c \u015bledzenie najnowszych trend\u00f3w w \u015bwiecie konopi. Cenimy Twoje zam\u00f3wienie i dyskretnie zajmujemy si\u0119 pakowaniem. Nasze pr\u00f3\u017cniowe opakowanie i prosty system wysy\u0142kowy na pewno Ci si\u0119 spodobaj\u0105.\u00a0<\/p><\/div><\/div><\/div><\/div><\/div><div class=\"wp-block-uagb-container uagb-block-dd938b3f alignfull uagb-is-root-container\"><div class=\"uagb-container-inner-blocks-wrap\"><div class=\"wp-block-uagb-info-box uagb-block-fb459d06 uagb-infobox__content-wrap  uagb-infobox-icon-above-title uagb-infobox-image-valign-top\"><div class=\"uagb-ifb-content\"><div class=\"uagb-ifb-title-wrap\"><h6 class=\"uagb-ifb-title-prefix\">Wolne od szkodliwych chemikali\u00f3w<\/h6><h2 class=\"uagb-ifb-title\">Rozpocznij swoj\u0105 podr\u00f3\u017c do zdrowego, satysfakcjonuj\u0105cego, aromatycznego i smacznego organicznego WEED.<\/h2><\/div><div class=\"uagb-ifb-button-wrapper wp-block-button\"><a href=\"https:\/\/caliweedeurope.com\/pl\/shop\/\" class=\"uagb-infobox-cta-link wp-block-button__link\" target=\"_self\" rel=\"noopener noreferrer\" onclick=\"return true;\"><span class=\"uagb-inline-editing\">KUP TERAZ<\/span><\/a><\/div><\/div><\/div><\/div><\/div><p><\/p>","protected":false},"excerpt":{"rendered":"<p>About cali weed euope Our Mission Our Uniqueness<\/p>","protected":false},"author":1,"featured_media":0,"parent":0,"menu_order":0,"comment_status":"closed","ping_status":"closed","template":"","meta":{"_uag_custom_page_level_css":"","site-sidebar-layout":"no-sidebar","site-content-layout":"page-builder","ast-site-content-layout":"full-width-container","site-content-style":"unboxed","site-sidebar-style":"unboxed","ast-global-header-display":"","ast-banner-title-visibility":"","ast-main-header-display":"","ast-hfb-above-header-display":"","ast-hfb-below-header-display":"","ast-hfb-mobile-header-display":"","site-post-title":"disabled","ast-breadcrumbs-content":"","ast-featured-img":"disabled","footer-sml-layout":"","theme-transparent-header-meta":"","adv-header-id-meta":"","stick-header-meta":"","header-above-stick-meta":"","header-main-stick-meta":"","header-below-stick-meta":"","astra-migrate-meta-layouts":"set","ast-page-background-enabled":"default","ast-page-background-meta":{"desktop":{"background-color":"var(--ast-global-color-4)","background-image":"","background-repeat":"repeat","background-position":"center center","background-size":"auto","background-attachment":"scroll","background-type":"","background-media":"","overlay-type":"","overlay-color":"","overlay-opacity":"","overlay-gradient":""},"tablet":{"background-color":"","background-image":"","background-repeat":"repeat","background-position":"center center","background-size":"auto","background-attachment":"scroll","background-type":"","background-media":"","overlay-type":"","overlay-color":"","overlay-opacity":"","overlay-gradient":""},"mobile":{"background-color":"","background-image":"","background-repeat":"repeat","background-position":"center center","background-size":"auto","background-attachment":"scroll","background-type":"","background-media":"","overlay-type":"","overlay-color":"","overlay-opacity":"","overlay-gradient":""}},"ast-content-background-meta":{"desktop":{"background-color":"var(--ast-global-color-5)","background-image":"","background-repeat":"repeat","background-position":"center center","background-size":"auto","background-attachment":"scroll","background-type":"","background-media":"","overlay-type":"","overlay-color":"","overlay-opacity":"","overlay-gradient":""},"tablet":{"background-color":"var(--ast-global-color-5)","background-image":"","background-repeat":"repeat","background-position":"center center","background-size":"auto","background-attachment":"scroll","background-type":"","background-media":"","overlay-type":"","overlay-color":"","overlay-opacity":"","overlay-gradient":""},"mobile":{"background-color":"var(--ast-global-color-5)","background-image":"","background-repeat":"repeat","background-position":"center center","background-size":"auto","background-attachment":"scroll","background-type":"","background-media":"","overlay-type":"","overlay-color":"","overlay-opacity":"","overlay-gradient":""}},"footnotes":""},"class_list":["post-329","page","type-page","status-publish","hentry"],"uagb_featured_image_src":{"full":false,"thumbnail":false,"medium":false,"medium_large":false,"large":false,"1536x1536":false,"2048x2048":false,"trp-custom-language-flag":false,"woocommerce_thumbnail":false,"woocommerce_single":false,"woocommerce_gallery_thumbnail":false},"uagb_author_info":{"display_name":"jetskiforsaleuk@gmail.com","author_link":"https:\/\/caliweedeurope.com\/pl\/author\/jetskiforsaleukgmail-com\/"},"uagb_comment_info":0,"uagb_excerpt":"About cali weed euope Our Mission Our Uniqueness","_links":{"self":[{"href":"https:\/\/caliweedeurope.com\/pl\/wp-json\/wp\/v2\/pages\/329"}],"collection":[{"href":"https:\/\/caliweedeurope.com\/pl\/wp-json\/wp\/v2\/pages"}],"about":[{"href":"https:\/\/caliweedeurope.com\/pl\/wp-json\/wp\/v2\/types\/page"}],"author":[{"embeddable":true,"href":"https:\/\/caliweedeurope.com\/pl\/wp-json\/wp\/v2\/users\/1"}],"replies":[{"embeddable":true,"href":"https:\/\/caliweedeurope.com\/pl\/wp-json\/wp\/v2\/comments?post=329"}],"version-history":[{"count":0,"href":"https:\/\/caliweedeurope.com\/pl\/wp-json\/wp\/v2\/pages\/329\/revisions"}],"wp:attachment":[{"href":"https:\/\/caliweedeurope.com\/pl\/wp-json\/wp\/v2\/media?parent=329"}],"curies":[{"name":"wp","href":"https:\/\/api.w.org\/{rel}","templated":true}]}}