{"id":1191,"date":"2024-11-03T21:31:25","date_gmt":"2024-11-03T21:31:25","guid":{"rendered":"https:\/\/caliweedeurope.com\/?post_type=product&#038;p=1191"},"modified":"2024-11-03T21:31:28","modified_gmt":"2024-11-03T21:31:28","slug":"zaza-weed-strain","status":"publish","type":"product","link":"https:\/\/caliweedeurope.com\/pl\/product\/zaza-weed-strain\/","title":{"rendered":"zaza weed strain"},"content":{"rendered":"<p class=\"translation-block\">ZaZa weed to <a href=\"https:\/\/www.leafly.com\/strains\/lists\/category\/hybrid\" target=\"_blank\" rel=\"noopener\">hybrydowa<\/a> odmiana marihuany, powsta\u0142a w wyniku skrzy\u017cowania pot\u0119\u017cnych odmian Blue Dream X Rare Dankness. Znana ze swoich niezwykle uspokajaj\u0105cych efekt\u00f3w i d\u0142ugotrwa\u0142ego dzia\u0142ania, ZaZa jest idealnym wyborem dla ka\u017cdego, kto potrzebuje dodatkowej pomocy w zasypianiu w nocy.<\/p>\n<h2 style=\"text-align: center\">Co oznacza ZAZA?<\/h2>\n<p>Zaza to zar\u00f3wno hybrydowa odmiana konopi, jak i miejska nazwa na egzotyczn\u0105 lub najwy\u017cszej jako\u015bci marihuan\u0119. Reprezentuje r\u00f3wnie\u017c najnowsze, najmodniejsze odmiany na rynku.<\/p>\n<p>Czy wiesz, \u017ce zidentyfikowano ponad 800 r\u00f3\u017cnych odmian konopi? Egzotyczna marihuana odnosi si\u0119 do nietypowych lub rzadkich odmian o po\u017c\u0105danych cechach. Dobry hodowca wie, \u017ce wyb\u00f3r nasion i wiedza genetyczna s\u0105 wa\u017cnymi czynnikami przy tworzeniu egzotycznej odmiany. Musi by\u0107 odpowiednio wysuszona, wizualnie atrakcyjna i pokryta l\u015bni\u0105cymi trichomami. Kolejnym czynnikiem, kt\u00f3ry decyduje o egzotyczno\u015bci marihuany, jest jej ekskluzywno\u015b\u0107 lub ograniczona dost\u0119pno\u015b\u0107.<\/p>\n<p>Kalifornia to jeden z najwi\u0119kszych rynk\u00f3w konopi na \u015bwiecie, wi\u0119c na pewno znajdziesz Zaza, kt\u00f3re odpowiada Twoim gustom.<\/p>\n<p>ZaZa to doskona\u0142y wyb\u00f3r dla domowych hodowc\u00f3w na ka\u017cdym poziomie do\u015bwiadczenia, poniewa\u017c jej struktura jest bardzo \u0142atwa do przycinania, a ro\u015bliny rosn\u0105 z wysokim stosunkiem kielich\u00f3w do li\u015bci. ZaZa daje bardzo obfite plony. Zar\u00f3wno w uprawie wewn\u0119trznej, jak i zewn\u0119trznej ro\u015bliny osi\u0105gaj\u0105 ogromne rozmiary, a po 8-10 tygodniach b\u0119dziesz gotowy do zbioru swoich frosted ZaZa Nugs. ZaZa ma zapach przypominaj\u0105cy cytrynowo-zesty chemiczne paliwo Diesel. Przenikliwe kwiaty wydzielaj\u0105 r\u00f3wnie\u017c zapachy ziemistej sosny, pi\u017cma i potu. Je\u015bli kwiaty s\u0105 odpowiednio wysuszone, ta odmiana ma g\u0142adki dym, kt\u00f3ry smakuje jak kwa\u015bny gaz przy wdychaniu. Przy wydychaniu dym ZaZa ujawnia sw\u00f3j charakterystyczny chemiczny smak Diesela z cytrynowo-amoniakaln\u0105 nut\u0105, kt\u00f3ra trafia w g\u00f3rn\u0105 cz\u0119\u015b\u0107 podniebienia. <a href=\"http:\/\/legitweeddispensary.com\/\" target=\"_blank\" rel=\"noopener\">Holenderski sklep z marihuan\u0105<\/a><\/p>\n<h6>Egzotyczne, lub egzotyczne zio\u0142o, to slangowe okre\u015blenie na konopie o wysokiej mocy, popularne w kulturze ulicznej i muzyce rap. Znane jest r\u00f3wnie\u017c jako 'zaza'.<\/h6>\n<h3>KUP ZAZA STRAINS ONLINE | RECENZJA ZAZA WEED STRAIN<\/h3>\n<p>High zaczyna si\u0119 od powolnego narastania efekt\u00f3w, wype\u0142niaj\u0105c tw\u00f3j umys\u0142 radosnym uniesieniem, kt\u00f3re ro\u015bnie i rozszerza si\u0119 po ostatnim wydechu. Poczujesz si\u0119 psychicznie zrelaksowany i beztroski. Zaza weed strain.<\/p>\n<p>Ten zawr\u00f3t g\u0142owy wkr\u00f3tce rozprzestrzeni si\u0119 po ca\u0142ym ciele, wprowadzaj\u0105c ci\u0119 w lekki stan couch-lock, kt\u00f3ry jest r\u00f3wnie\u017c mocno sedatywny.<\/p>\n<h3>CO OZNACZA SLANG ZAZA?<\/h3>\n<p class=\"translation-block\">Slangowe s\u0142owo \u201eZa\u201d i \u201eZaza\u201d (co\u015b napisanego jako Za Za) to rzeczownik, u\u017cywany w muzyce rap i kulturze do odniesienia si\u0119 do naprawd\u0119 dobrej marihuany.<\/p>\n<h2>CENY ZAZA MARIHUANY<\/h2>\n<p>Dobre zio\u0142o jest bardzo rzadkie i drogie, wi\u0119kszo\u015b\u0107 raper\u00f3w uwielbia pali\u0107 to najlepsze egzotyczne zio\u0142o ze wzgl\u0119du na jego terpeny. Konsumenci s\u0105 r\u00f3wnie\u017c informowani o kosztach ze wzgl\u0119du na jego autentyczno\u015b\u0107. Cena Zaza marihuany, wi\u0119kszo\u015b\u0107 kalifornijskich dispensari\u00f3w oferuje te super mocne odmiany za 50 $ za 3,5 grama i wi\u0119cej za najlepsze kalifornijskie egzotyki.<\/p>\n<h3>ODMIANA ZAZA NA SPRZEDA\u017b ONLINE | ZIO\u0141O ZAZA NA SPRZEDA\u017b ONLINE<\/h3>\n<p class=\"translation-block\">Ciesz si\u0119 tymi super <a href=\"https:\/\/deligentman.com\/marijuana-flowers-uk-with-worldwide-deliveries\/\" target=\"_blank\" rel=\"noopener\">egzotycznymi smakami<\/a> od nas, Zaza weed na sprzeda\u017c online, kup Zaza narkotyk online, zam\u00f3w prawdziw\u0105 Zaza online, recenzja odmiany Zaza weed, kup odmiany Zaza weed online tanio, gdzie kupi\u0107 Zaza weed online, gdzie kupi\u0107 Zaza w mojej okolicy, gdzie kupi\u0107 Zaza online, Zaza weed w mojej okolicy. <a href=\"http:\/\/hempbudswholesale.com\/\" target=\"_blank\" rel=\"noopener\">Sprzeda\u017c hurtowa konopnych p\u0105k\u00f3w<\/a><\/p>\n<h6>Nasze Najbardziej Popularne Egzotyczne Odmiany Marihuany i Produkty<\/h6>\n<div class=\"LinkSuggestion__LinkSuggestionWrapper-sc-1mdih4x-0 hhaFbj\"><a class=\"LinkSuggestion__Link-sc-1mdih4x-2 jZPuuT\" href=\"https:\/\/deligentman.com\/product\/buy-pink-runtz-pink-runtz-dispensary-order-pink-runtz-online\/\" target=\"_blank\" rel=\"noopener\">Buy Pink Runtz<span class=\"A11yNotice-u1v0gg-0 dWDZbM\">(Opens in a new browser tab)<\/span><\/a><\/div>\n<div class=\"LinkSuggestion__LinkSuggestionWrapper-sc-1mdih4x-0 hhaFbj\"><a class=\"LinkSuggestion__Link-sc-1mdih4x-2 jZPuuT\" href=\"https:\/\/deligentman.com\/product\/banana-runtz-buy-banana-runtz-strain\/\" target=\"_blank\" rel=\"noopener\">Kup Banana Runtz<span class=\"A11yNotice-u1v0gg-0 dWDZbM\">(Opens in a new browser tab)<\/span><\/a><\/div>\n<div class=\"LinkSuggestion__LinkSuggestionWrapper-sc-1mdih4x-0 hhaFbj\"><a class=\"LinkSuggestion__Link-sc-1mdih4x-2 jZPuuT\" href=\"https:\/\/deligentman.com\/product\/stiiizy-sky-og\/\" target=\"_blank\" rel=\"noopener\">Stiiizy (Sky og)<span class=\"A11yNotice-u1v0gg-0 dWDZbM\">(Opens in a new browser tab)<\/span><\/a><\/div>\n<div class=\"LinkSuggestion__LinkSuggestionWrapper-sc-1mdih4x-0 hhaFbj\"><a class=\"LinkSuggestion__Link-sc-1mdih4x-2 jZPuuT\" href=\"https:\/\/deligentman.com\/product\/strawberry-lemonade-wax\/\" target=\"_blank\" rel=\"noopener\">Strawberry Lemonade Wax<span class=\"A11yNotice-u1v0gg-0 dWDZbM\">(Opens in a new browser tab)<\/span><\/a><\/div>\n<div class=\"LinkSuggestion__LinkSuggestionWrapper-sc-1mdih4x-0 hhaFbj\"><a class=\"LinkSuggestion__Link-sc-1mdih4x-2 jZPuuT\" href=\"https:\/\/deligentman.com\/product\/buy-backpack-boyz-online-where-to-order-backpack-boyz-uk\/\" target=\"_blank\" rel=\"noopener\">backpack boyz<span class=\"A11yNotice-u1v0gg-0 dWDZbM\">(Opens in a new browser tab)<\/span><\/a><\/div>\n<div class=\"LinkSuggestion__LinkSuggestionWrapper-sc-1mdih4x-0 hhaFbj\"><a class=\"LinkSuggestion__Link-sc-1mdih4x-2 jZPuuT\" href=\"https:\/\/deligentman.com\/product\/white-fire-og\/\" target=\"_blank\" rel=\"noopener\">White fire og<span class=\"A11yNotice-u1v0gg-0 dWDZbM\">(Opens in a new browser tab)<\/span><\/a><\/div>\n<div class=\"LinkSuggestion__LinkSuggestionWrapper-sc-1mdih4x-0 hhaFbj\"><a class=\"LinkSuggestion__Link-sc-1mdih4x-2 jZPuuT\" href=\"https:\/\/deligentman.com\/buy-marijuana-online-worldwide\/\" target=\"_blank\" rel=\"noopener\">buy marijuana online with worldwide shipping 2021<span class=\"A11yNotice-u1v0gg-0 dWDZbM\">(Opens in a new browser tab)<\/span><\/a><\/div>\n<div class=\"LinkSuggestion__LinkSuggestionWrapper-sc-1mdih4x-0 hhaFbj\"><a class=\"LinkSuggestion__Link-sc-1mdih4x-2 jZPuuT\" href=\"https:\/\/deligentman.com\/product\/martian-rocks-weed-where-to-buy\/\" target=\"_blank\" rel=\"noopener\">Martian rocks weed where to buy<span class=\"A11yNotice-u1v0gg-0 dWDZbM\">(Opens in a new browser tab)<\/span><\/a><\/div>\n<div class=\"LinkSuggestion__LinkSuggestionWrapper-sc-1mdih4x-0 hhaFbj\"><a class=\"LinkSuggestion__Link-sc-1mdih4x-2 jZPuuT\" href=\"https:\/\/deligentman.com\/mail-order-weed-online-uk\/\" target=\"_blank\" rel=\"noopener\">Mail Order weed online UK<span class=\"A11yNotice-u1v0gg-0 dWDZbM\">(Opens in a new browser tab)<\/span><\/a><\/div>\n<div class=\"LinkSuggestion__LinkSuggestionWrapper-sc-1mdih4x-0 hhaFbj\"><a class=\"LinkSuggestion__Link-sc-1mdih4x-2 jZPuuT\" href=\"https:\/\/deligentman.com\/product\/buy-pounds-of-og-kush-weed-online\/\" target=\"_blank\" rel=\"noopener\">Kup kilogramy OG Kush online<\/a><\/div>","protected":false},"excerpt":{"rendered":"<h2 id=\"h-why-is-weed-called-zaza\">Dlaczego marihuana nazywana jest zaza?<\/h2>\n<p>Popularno\u015b\u0107 egzotycznych odmian marihuany sprawia, \u017ce s\u0105 one idealn\u0105 inspiracj\u0105 dla artyst\u00f3w popkultury. W tekstach rapowych i na mediach spo\u0142eczno\u015bciowych egzotyczne cz\u0119sto skraca si\u0119 do 'zaza'.<\/p>\n<p>Trippie Redd rapowa\u0142: 'Pale Zaza, jestem w La La z tych drzew' w 'Weeeeee', a 21 Savage powiedzia\u0142, \u017ce 'pali Zaza' w 'Runnin'.<\/p>\n<p class=\"translation-block\">Przeczytaj wi\u0119cej o <a href=\"https:\/\/deligentman.com\/zaza-weed\/\" target=\"_self\">odmianie Zaza<\/a> i recenzjach<\/p>","protected":false},"featured_media":1221,"comment_status":"closed","ping_status":"closed","template":"","meta":{"_uag_custom_page_level_css":"","site-sidebar-layout":"default","site-content-layout":"","ast-site-content-layout":"","site-content-style":"default","site-sidebar-style":"default","ast-global-header-display":"","ast-banner-title-visibility":"","ast-main-header-display":"","ast-hfb-above-header-display":"","ast-hfb-below-header-display":"","ast-hfb-mobile-header-display":"","site-post-title":"","ast-breadcrumbs-content":"","ast-featured-img":"","footer-sml-layout":"","theme-transparent-header-meta":"","adv-header-id-meta":"","stick-header-meta":"","header-above-stick-meta":"","header-main-stick-meta":"","header-below-stick-meta":"","astra-migrate-meta-layouts":"default","ast-page-background-enabled":"default","ast-page-background-meta":{"desktop":{"background-color":"var(--ast-global-color-4)","background-image":"","background-repeat":"repeat","background-position":"center center","background-size":"auto","background-attachment":"scroll","background-type":"","background-media":"","overlay-type":"","overlay-color":"","overlay-opacity":"","overlay-gradient":""},"tablet":{"background-color":"","background-image":"","background-repeat":"repeat","background-position":"center center","background-size":"auto","background-attachment":"scroll","background-type":"","background-media":"","overlay-type":"","overlay-color":"","overlay-opacity":"","overlay-gradient":""},"mobile":{"background-color":"","background-image":"","background-repeat":"repeat","background-position":"center center","background-size":"auto","background-attachment":"scroll","background-type":"","background-media":"","overlay-type":"","overlay-color":"","overlay-opacity":"","overlay-gradient":""}},"ast-content-background-meta":{"desktop":{"background-color":"var(--ast-global-color-5)","background-image":"","background-repeat":"repeat","background-position":"center center","background-size":"auto","background-attachment":"scroll","background-type":"","background-media":"","overlay-type":"","overlay-color":"","overlay-opacity":"","overlay-gradient":""},"tablet":{"background-color":"var(--ast-global-color-5)","background-image":"","background-repeat":"repeat","background-position":"center center","background-size":"auto","background-attachment":"scroll","background-type":"","background-media":"","overlay-type":"","overlay-color":"","overlay-opacity":"","overlay-gradient":""},"mobile":{"background-color":"var(--ast-global-color-5)","background-image":"","background-repeat":"repeat","background-position":"center center","background-size":"auto","background-attachment":"scroll","background-type":"","background-media":"","overlay-type":"","overlay-color":"","overlay-opacity":"","overlay-gradient":""}}},"product_brand":[],"product_cat":[22],"product_tag":[23,24,25,26,27],"class_list":{"0":"post-1191","1":"product","2":"type-product","3":"status-publish","4":"has-post-thumbnail","6":"product_cat-hybrid","7":"product_tag-real-zaza-strain","8":"product_tag-what-is-zaza","9":"product_tag-zaza-marijuana","10":"product_tag-zaza-weed","11":"product_tag-zaza-weed-strain","12":"desktop-align-center","13":"tablet-align-left","14":"mobile-align-left","16":"first","17":"instock","18":"sale","19":"shipping-taxable","20":"purchasable","21":"product-type-simple"},"uagb_featured_image_src":{"full":["https:\/\/caliweedeurope.com\/wp-content\/uploads\/2024\/11\/Zaza-weed-strain.jpeg",1125,1478,false],"thumbnail":["https:\/\/caliweedeurope.com\/wp-content\/uploads\/2024\/11\/Zaza-weed-strain-150x150.jpeg",150,150,true],"medium":["https:\/\/caliweedeurope.com\/wp-content\/uploads\/2024\/11\/Zaza-weed-strain-228x300.jpeg",228,300,true],"medium_large":["https:\/\/caliweedeurope.com\/wp-content\/uploads\/2024\/11\/Zaza-weed-strain-768x1009.jpeg",768,1009,true],"large":["https:\/\/caliweedeurope.com\/wp-content\/uploads\/2024\/11\/Zaza-weed-strain-779x1024.jpeg",779,1024,true],"1536x1536":["https:\/\/caliweedeurope.com\/wp-content\/uploads\/2024\/11\/Zaza-weed-strain.jpeg",1125,1478,false],"2048x2048":["https:\/\/caliweedeurope.com\/wp-content\/uploads\/2024\/11\/Zaza-weed-strain.jpeg",1125,1478,false],"trp-custom-language-flag":["https:\/\/caliweedeurope.com\/wp-content\/uploads\/2024\/11\/Zaza-weed-strain.jpeg",9,12,false],"woocommerce_thumbnail":["https:\/\/caliweedeurope.com\/wp-content\/uploads\/2024\/11\/Zaza-weed-strain-300x300.jpeg",300,300,true],"woocommerce_single":["https:\/\/caliweedeurope.com\/wp-content\/uploads\/2024\/11\/Zaza-weed-strain-600x788.jpeg",600,788,true],"woocommerce_gallery_thumbnail":["https:\/\/caliweedeurope.com\/wp-content\/uploads\/2024\/11\/Zaza-weed-strain-100x100.jpeg",100,100,true]},"uagb_author_info":{"display_name":"jetskiforsaleuk@gmail.com","author_link":"https:\/\/caliweedeurope.com\/pl\/author\/"},"uagb_comment_info":0,"uagb_excerpt":"Why is weed called zaza? The popularity of exotic weed strains makes them the perfect inspiration for pop culture artists. In rap lyrics and social media, exotic is often shortened to \u201czaza.\u201d Trippie Redd rapped, \u201cI smoke Zaza I\u2019m in La La off them trees\u201d in \u201cWeeeeee,\u201d and 21 Savage said he was, \u201csmokin on&hellip;","_links":{"self":[{"href":"https:\/\/caliweedeurope.com\/pl\/wp-json\/wp\/v2\/product\/1191"}],"collection":[{"href":"https:\/\/caliweedeurope.com\/pl\/wp-json\/wp\/v2\/product"}],"about":[{"href":"https:\/\/caliweedeurope.com\/pl\/wp-json\/wp\/v2\/types\/product"}],"replies":[{"embeddable":true,"href":"https:\/\/caliweedeurope.com\/pl\/wp-json\/wp\/v2\/comments?post=1191"}],"wp:featuredmedia":[{"embeddable":true,"href":"https:\/\/caliweedeurope.com\/pl\/wp-json\/wp\/v2\/media\/1221"}],"wp:attachment":[{"href":"https:\/\/caliweedeurope.com\/pl\/wp-json\/wp\/v2\/media?parent=1191"}],"wp:term":[{"taxonomy":"product_brand","embeddable":true,"href":"https:\/\/caliweedeurope.com\/pl\/wp-json\/wp\/v2\/product_brand?post=1191"},{"taxonomy":"product_cat","embeddable":true,"href":"https:\/\/caliweedeurope.com\/pl\/wp-json\/wp\/v2\/product_cat?post=1191"},{"taxonomy":"product_tag","embeddable":true,"href":"https:\/\/caliweedeurope.com\/pl\/wp-json\/wp\/v2\/product_tag?post=1191"}],"curies":[{"name":"wp","href":"https:\/\/api.w.org\/{rel}","templated":true}]}}