{"id":1198,"date":"2024-11-03T21:31:25","date_gmt":"2024-11-03T21:31:25","guid":{"rendered":"https:\/\/caliweedeurope.com\/?post_type=product&#038;p=1198"},"modified":"2024-11-06T02:59:58","modified_gmt":"2024-11-06T02:59:58","slug":"moon-rock-ice","status":"publish","type":"product","link":"https:\/\/caliweedeurope.com\/pl\/product\/moon-rock-ice\/","title":{"rendered":"moon rock ice"},"content":{"rendered":"<h2>Czym s\u0105 Moonrocks?<\/h2>\n<p>Moonrocks to unikalna i silna forma konopi, kt\u00f3ra \u0142\u0105czy wysokiej jako\u015bci kwiaty, koncentraty i kief. Produkty te s\u0105 znane z wysokiej zawarto\u015bci THC, co sprawia, \u017ce s\u0105 ulubie\u0144cem entuzjast\u00f3w szukaj\u0105cych pot\u0119\u017cnego do\u015bwiadczenia.<\/p>\n<h2>Gdzie kupi\u0107 Moonrocks online<\/h2>\n<p>Je\u015bli szukasz, gdzie kupi\u0107 Moonrocks online, trafi\u0142e\u015b we w\u0142a\u015bciwe miejsce. Nasz sklep z cannabisowymi Moonrocks oferuje szeroki wyb\u00f3r premium odmian Moonrock, kt\u00f3re odpowiadaj\u0105 r\u00f3\u017cnym preferencjom. Dzi\u0119ki konkurencyjnym cenom Moonrocks online mo\u017cesz pozwoli\u0107 sobie na luksus, nie wydaj\u0105c fortuny.<\/p>\n<h2>Ciesz si\u0119 wygodn\u0105 us\u0142ug\u0105 dostawy Moonrock<\/h2>\n<p>Zamawianie Moonrock weed nigdy nie by\u0142o prostsze. Nasza wydajna us\u0142uga dostawy Moonrock zapewnia, \u017ce otrzymasz swoje wysokiej jako\u015bci Moonrocks szybko. Do\u015bwiadcz najlepszego Moonrock weed ju\u017c dzi\u015b i podnie\u015b swoj\u0105 podr\u00f3\u017c po cannabisie dzi\u0119ki naszym silnym opcjom! Zamawianie Moon Rock Ice nigdy nie by\u0142o \u0142atwiejsze. Nasza niezawodna us\u0142uga dostawy gwarantuje terminowe dostarczenie Twojego premium Moon Rock Ice. Odkryj teraz ostateczne do\u015bwiadczenie Moon Rock i popraw swoj\u0105 podr\u00f3\u017c po cannabisie dzi\u0119ki naszej silnej selekcji!<\/p>","protected":false},"excerpt":{"rendered":"<p>Kup Ice Moon Rock, Iced Moon Rock na sprzeda\u017c, kup Kush online<\/p>\n<p>Moonrock Ice od Dr. Zodiaka (Nowo\u015b\u0107!) 99% THCa (1 gram \u2013 Premium)<br \/>\nKup Ice MoonRocks online, Iced Moon Rock na sprzeda\u017c, kup Kush online, apteki sprzedaj\u0105ce Moon Rocks. Dr. Zodiak przedstawia Moonrock ICE \u2013 Krystaliczny \u2013 P\u0105k \u2013 Przezroczysty \u2013 99% THC-A<\/p>\n<p>THCa krystaliczny zosta\u0142 opracowany jako \u015brodek dostarczania du\u017cych, wymiernych dawek THCa i jest znany jako najczystszy izolat na rynku, testowany na poziomie 99-100%.<\/p>\n<p>Czysty THCa przekszta\u0142ca si\u0119 w THC podczas waporyzacji, wywo\u0142uj\u0105c przejrzysty i silnie m\u00f3zgowy efekt, lub pozostaje niepsychoaktywny po spo\u017cyciu. Kup Ice MoonRock<\/p>\n<p>Kup Ice Moon Rock, Iced Moon Rock na sprzeda\u017c, kup Kush online<\/p>","protected":false},"featured_media":1225,"comment_status":"closed","ping_status":"closed","template":"","meta":{"_uag_custom_page_level_css":"","site-sidebar-layout":"default","site-content-layout":"","ast-site-content-layout":"default","site-content-style":"default","site-sidebar-style":"default","ast-global-header-display":"","ast-banner-title-visibility":"","ast-main-header-display":"","ast-hfb-above-header-display":"","ast-hfb-below-header-display":"","ast-hfb-mobile-header-display":"","site-post-title":"","ast-breadcrumbs-content":"","ast-featured-img":"","footer-sml-layout":"","theme-transparent-header-meta":"default","adv-header-id-meta":"","stick-header-meta":"","header-above-stick-meta":"","header-main-stick-meta":"","header-below-stick-meta":"","astra-migrate-meta-layouts":"set","ast-page-background-enabled":"default","ast-page-background-meta":{"desktop":{"background-color":"var(--ast-global-color-4)","background-image":"","background-repeat":"repeat","background-position":"center center","background-size":"auto","background-attachment":"scroll","background-type":"","background-media":"","overlay-type":"","overlay-color":"","overlay-opacity":"","overlay-gradient":""},"tablet":{"background-color":"","background-image":"","background-repeat":"repeat","background-position":"center center","background-size":"auto","background-attachment":"scroll","background-type":"","background-media":"","overlay-type":"","overlay-color":"","overlay-opacity":"","overlay-gradient":""},"mobile":{"background-color":"","background-image":"","background-repeat":"repeat","background-position":"center center","background-size":"auto","background-attachment":"scroll","background-type":"","background-media":"","overlay-type":"","overlay-color":"","overlay-opacity":"","overlay-gradient":""}},"ast-content-background-meta":{"desktop":{"background-color":"var(--ast-global-color-5)","background-image":"","background-repeat":"repeat","background-position":"center center","background-size":"auto","background-attachment":"scroll","background-type":"","background-media":"","overlay-type":"","overlay-color":"","overlay-opacity":"","overlay-gradient":""},"tablet":{"background-color":"var(--ast-global-color-5)","background-image":"","background-repeat":"repeat","background-position":"center center","background-size":"auto","background-attachment":"scroll","background-type":"","background-media":"","overlay-type":"","overlay-color":"","overlay-opacity":"","overlay-gradient":""},"mobile":{"background-color":"var(--ast-global-color-5)","background-image":"","background-repeat":"repeat","background-position":"center center","background-size":"auto","background-attachment":"scroll","background-type":"","background-media":"","overlay-type":"","overlay-color":"","overlay-opacity":"","overlay-gradient":""}}},"product_brand":[],"product_cat":[748],"product_tag":[54,55,56,57,58],"class_list":{"0":"post-1198","1":"product","2":"type-product","3":"status-publish","4":"has-post-thumbnail","6":"product_cat-weed-moonrock","7":"product_tag-dr-zodiak-dispensary-reviews","8":"product_tag-dr-zodiak-moonrock-near-me","9":"product_tag-ice-capz-moon-rocks","10":"product_tag-moonrock-ice-for-sale","11":"product_tag-moonrock-ice-near-me","12":"desktop-align-center","13":"tablet-align-left","14":"mobile-align-left","16":"first","17":"instock","18":"shipping-taxable","19":"purchasable","20":"product-type-variable"},"uagb_featured_image_src":{"full":["https:\/\/caliweedeurope.com\/wp-content\/uploads\/2024\/11\/ice-moonrock.jpg",750,750,false],"thumbnail":["https:\/\/caliweedeurope.com\/wp-content\/uploads\/2024\/11\/ice-moonrock-150x150.jpg",150,150,true],"medium":["https:\/\/caliweedeurope.com\/wp-content\/uploads\/2024\/11\/ice-moonrock-300x300.jpg",300,300,true],"medium_large":["https:\/\/caliweedeurope.com\/wp-content\/uploads\/2024\/11\/ice-moonrock.jpg",750,750,false],"large":["https:\/\/caliweedeurope.com\/wp-content\/uploads\/2024\/11\/ice-moonrock.jpg",750,750,false],"1536x1536":["https:\/\/caliweedeurope.com\/wp-content\/uploads\/2024\/11\/ice-moonrock.jpg",750,750,false],"2048x2048":["https:\/\/caliweedeurope.com\/wp-content\/uploads\/2024\/11\/ice-moonrock.jpg",750,750,false],"trp-custom-language-flag":["https:\/\/caliweedeurope.com\/wp-content\/uploads\/2024\/11\/ice-moonrock.jpg",12,12,false],"woocommerce_thumbnail":["https:\/\/caliweedeurope.com\/wp-content\/uploads\/2024\/11\/ice-moonrock-300x300.jpg",300,300,true],"woocommerce_single":["https:\/\/caliweedeurope.com\/wp-content\/uploads\/2024\/11\/ice-moonrock-600x600.jpg",600,600,true],"woocommerce_gallery_thumbnail":["https:\/\/caliweedeurope.com\/wp-content\/uploads\/2024\/11\/ice-moonrock-100x100.jpg",100,100,true]},"uagb_author_info":{"display_name":"jetskiforsaleuk@gmail.com","author_link":"https:\/\/caliweedeurope.com\/pl\/author\/"},"uagb_comment_info":0,"uagb_excerpt":"buy Ice Moon Rock iced Moon rock for sale Buy Kush online Dr. Zodiak\u2019s Moonrock Ice (New!) 99% THCa (1 Gram \u2013 Premium) buy Ice MoonRocks online iced Moon rock for sale Buy Kush online dispensaries that sell moon rocks Dr. Zodiak Presents Moonrock ICE \u2013 Crystalline -Bud \u2013 Clear \u2013 99% THC-A THCa Crystalline&hellip;","_links":{"self":[{"href":"https:\/\/caliweedeurope.com\/pl\/wp-json\/wp\/v2\/product\/1198"}],"collection":[{"href":"https:\/\/caliweedeurope.com\/pl\/wp-json\/wp\/v2\/product"}],"about":[{"href":"https:\/\/caliweedeurope.com\/pl\/wp-json\/wp\/v2\/types\/product"}],"replies":[{"embeddable":true,"href":"https:\/\/caliweedeurope.com\/pl\/wp-json\/wp\/v2\/comments?post=1198"}],"wp:featuredmedia":[{"embeddable":true,"href":"https:\/\/caliweedeurope.com\/pl\/wp-json\/wp\/v2\/media\/1225"}],"wp:attachment":[{"href":"https:\/\/caliweedeurope.com\/pl\/wp-json\/wp\/v2\/media?parent=1198"}],"wp:term":[{"taxonomy":"product_brand","embeddable":true,"href":"https:\/\/caliweedeurope.com\/pl\/wp-json\/wp\/v2\/product_brand?post=1198"},{"taxonomy":"product_cat","embeddable":true,"href":"https:\/\/caliweedeurope.com\/pl\/wp-json\/wp\/v2\/product_cat?post=1198"},{"taxonomy":"product_tag","embeddable":true,"href":"https:\/\/caliweedeurope.com\/pl\/wp-json\/wp\/v2\/product_tag?post=1198"}],"curies":[{"name":"wp","href":"https:\/\/api.w.org\/{rel}","templated":true}]}}