{"id":1202,"date":"2024-11-03T21:31:25","date_gmt":"2024-11-03T21:31:25","guid":{"rendered":"https:\/\/caliweedeurope.com\/?post_type=product&#038;p=1202"},"modified":"2024-11-06T03:59:16","modified_gmt":"2024-11-06T03:59:16","slug":"backpack-boyz","status":"publish","type":"product","link":"https:\/\/caliweedeurope.com\/pl\/product\/backpack-boyz\/","title":{"rendered":"backpack boyz"},"content":{"rendered":"<h2>Twoje zaufane \u017ar\u00f3d\u0142o produkt\u00f3w Backpack Boyz<\/h2>\n<p>W naszej aptece z dum\u0105 oferujemy najwy\u017cszej jako\u015bci produkty od Backpack Boyz. Znani ze swojego zaanga\u017cowania w jako\u015b\u0107, dostarczaj\u0105 wyj\u0105tkowe opcje konopi, kt\u00f3re doceni ka\u017cdy entuzjasta. Niezale\u017cnie od tego, czy jeste\u015b nowicjuszem, czy do\u015bwiadczonym konsumentem, oferujemy szeroki wyb\u00f3r dopasowany do wszelkich preferencji.<\/p>\n<h2>Jako\u015b\u0107, na kt\u00f3rej mo\u017cesz polega\u0107<\/h2>\n<p>Backpack Boyz ugruntowa\u0142 swoj\u0105 pozycj\u0119 jako zaufana marka w spo\u0142eczno\u015bci konopnej. Dzi\u0119ki pozyskiwaniu wysokiej jako\u015bci odmian marihuany zapewniaj\u0105, \u017ce ka\u017cdy produkt spe\u0142nia wysokie standardy. Nasza apteka oferuje wy\u0142\u0105cznie produkty Backpack Boyz, u\u0142atwiaj\u0105c dost\u0119p do niezawodnego konopi.<\/p>\n<h2>Do\u015bwiadcz r\u00f3\u017cnicy<\/h2>\n<p>Wizyta w naszym dispensary Backpack Boyz to co\u015b wi\u0119cej ni\u017c tylko zakupy; to okazja, by do\u015bwiadczy\u0107 jako\u015bci jak nigdy wcze\u015bniej. Do\u0142\u0105cz do nas, aby odkry\u0107 najlepsze opcje konopi od Backpack Boyz, kt\u00f3re pasuj\u0105 do Twojego stylu \u017cycia. Podnie\u015b swoje do\u015bwiadczenie z konopiami ju\u017c dzi\u015b!<\/p>","protected":false},"excerpt":{"rendered":"<h3>Gdzie kupi\u0107 marihuan\u0119 Backpack Boyz online?<\/h3>\n<p>Mo\u017cesz kupi\u0107 marihuan\u0119 Backpack Boyz online dzisiaj tanio z szybk\u0105 dostaw\u0105, wysy\u0142ka wsz\u0119dzie. Najlepsze miejsce do zakupu konopi Backpack Boyz, torby z marihuan\u0105 Backpack Boyz, odzie\u017c Backpack Boyz, cena Backpack Boyz, strona internetowa Backpack Boyz, kup Backpack Boyz w Wielkiej Brytanii.<\/p>\n<p>&nbsp;<\/p>","protected":false},"featured_media":1227,"comment_status":"closed","ping_status":"closed","template":"","meta":{"_uag_custom_page_level_css":"","site-sidebar-layout":"default","site-content-layout":"","ast-site-content-layout":"default","site-content-style":"default","site-sidebar-style":"default","ast-global-header-display":"","ast-banner-title-visibility":"","ast-main-header-display":"","ast-hfb-above-header-display":"","ast-hfb-below-header-display":"","ast-hfb-mobile-header-display":"","site-post-title":"","ast-breadcrumbs-content":"","ast-featured-img":"","footer-sml-layout":"","ast-disable-related-posts":"","theme-transparent-header-meta":"default","adv-header-id-meta":"","stick-header-meta":"","header-above-stick-meta":"","header-main-stick-meta":"","header-below-stick-meta":"","astra-migrate-meta-layouts":"set","ast-page-background-enabled":"default","ast-page-background-meta":{"desktop":{"background-color":"var(--ast-global-color-5)","background-image":"","background-repeat":"repeat","background-position":"center center","background-size":"auto","background-attachment":"scroll","background-type":"","background-media":"","overlay-type":"","overlay-color":"","overlay-opacity":"","overlay-gradient":""},"tablet":{"background-color":"","background-image":"","background-repeat":"repeat","background-position":"center center","background-size":"auto","background-attachment":"scroll","background-type":"","background-media":"","overlay-type":"","overlay-color":"","overlay-opacity":"","overlay-gradient":""},"mobile":{"background-color":"","background-image":"","background-repeat":"repeat","background-position":"center center","background-size":"auto","background-attachment":"scroll","background-type":"","background-media":"","overlay-type":"","overlay-color":"","overlay-opacity":"","overlay-gradient":""}},"ast-content-background-meta":{"desktop":{"background-color":"var(--ast-global-color-4)","background-image":"","background-repeat":"repeat","background-position":"center center","background-size":"auto","background-attachment":"scroll","background-type":"","background-media":"","overlay-type":"","overlay-color":"","overlay-opacity":"","overlay-gradient":""},"tablet":{"background-color":"var(--ast-global-color-4)","background-image":"","background-repeat":"repeat","background-position":"center center","background-size":"auto","background-attachment":"scroll","background-type":"","background-media":"","overlay-type":"","overlay-color":"","overlay-opacity":"","overlay-gradient":""},"mobile":{"background-color":"var(--ast-global-color-4)","background-image":"","background-repeat":"repeat","background-position":"center center","background-size":"auto","background-attachment":"scroll","background-type":"","background-media":"","overlay-type":"","overlay-color":"","overlay-opacity":"","overlay-gradient":""}}},"product_brand":[],"product_cat":[60],"product_tag":[61,62,63,64,65,66,67,69,70,71,72,75,76],"class_list":{"0":"post-1202","1":"product","2":"type-product","3":"status-publish","4":"has-post-thumbnail","6":"product_cat-buy-runtz-online","7":"product_tag-backpack-boyz-dispensary","8":"product_tag-backpack-boyz-marijuana","9":"product_tag-backpack-boyz-marijuana-for-sale","10":"product_tag-backpack-boyz-weed","11":"product_tag-backpack-boyz-weed-bags","12":"product_tag-backpack-boyz-weed-for-sale-online","13":"product_tag-backpack-boyz-weed-online","14":"product_tag-backpackboyz-clothing","15":"product_tag-backpackboyz-price","16":"product_tag-backpackboyz-website","17":"product_tag-buy-backpack-boyz-weed","18":"product_tag-order-backpack-boyz-weed","19":"product_tag-where-to-buy-backpack-boyz-weed","20":"desktop-align-center","21":"tablet-align-left","22":"mobile-align-left","24":"first","25":"instock","26":"shipping-taxable","27":"purchasable","28":"product-type-variable"},"uagb_featured_image_src":{"full":["https:\/\/caliweedeurope.com\/wp-content\/uploads\/2024\/11\/PNB.jpeg",828,841,false],"thumbnail":["https:\/\/caliweedeurope.com\/wp-content\/uploads\/2024\/11\/PNB-150x150.jpeg",150,150,true],"medium":["https:\/\/caliweedeurope.com\/wp-content\/uploads\/2024\/11\/PNB-295x300.jpeg",295,300,true],"medium_large":["https:\/\/caliweedeurope.com\/wp-content\/uploads\/2024\/11\/PNB-768x780.jpeg",768,780,true],"large":["https:\/\/caliweedeurope.com\/wp-content\/uploads\/2024\/11\/PNB.jpeg",828,841,false],"1536x1536":["https:\/\/caliweedeurope.com\/wp-content\/uploads\/2024\/11\/PNB.jpeg",828,841,false],"2048x2048":["https:\/\/caliweedeurope.com\/wp-content\/uploads\/2024\/11\/PNB.jpeg",828,841,false],"trp-custom-language-flag":["https:\/\/caliweedeurope.com\/wp-content\/uploads\/2024\/11\/PNB.jpeg",12,12,false],"woocommerce_thumbnail":["https:\/\/caliweedeurope.com\/wp-content\/uploads\/2024\/11\/PNB-300x300.jpeg",300,300,true],"woocommerce_single":["https:\/\/caliweedeurope.com\/wp-content\/uploads\/2024\/11\/PNB-600x609.jpeg",600,609,true],"woocommerce_gallery_thumbnail":["https:\/\/caliweedeurope.com\/wp-content\/uploads\/2024\/11\/PNB-100x100.jpeg",100,100,true]},"uagb_author_info":{"display_name":"jetskiforsaleuk@gmail.com","author_link":"https:\/\/caliweedeurope.com\/pl\/author\/"},"uagb_comment_info":0,"uagb_excerpt":"Where to buy Backpack boyz weed for sale online You can buy backpack boyz weed for sale online today cheap with fast delivery, shipping anywhere. Best place to buy backpack boyz cannabis, backpack boyz weed bags, backpackboyz clothing, backpackboyz price, backpackboyz website, buy backpack buys Uk , &nbsp;","_links":{"self":[{"href":"https:\/\/caliweedeurope.com\/pl\/wp-json\/wp\/v2\/product\/1202"}],"collection":[{"href":"https:\/\/caliweedeurope.com\/pl\/wp-json\/wp\/v2\/product"}],"about":[{"href":"https:\/\/caliweedeurope.com\/pl\/wp-json\/wp\/v2\/types\/product"}],"replies":[{"embeddable":true,"href":"https:\/\/caliweedeurope.com\/pl\/wp-json\/wp\/v2\/comments?post=1202"}],"wp:featuredmedia":[{"embeddable":true,"href":"https:\/\/caliweedeurope.com\/pl\/wp-json\/wp\/v2\/media\/1227"}],"wp:attachment":[{"href":"https:\/\/caliweedeurope.com\/pl\/wp-json\/wp\/v2\/media?parent=1202"}],"wp:term":[{"taxonomy":"product_brand","embeddable":true,"href":"https:\/\/caliweedeurope.com\/pl\/wp-json\/wp\/v2\/product_brand?post=1202"},{"taxonomy":"product_cat","embeddable":true,"href":"https:\/\/caliweedeurope.com\/pl\/wp-json\/wp\/v2\/product_cat?post=1202"},{"taxonomy":"product_tag","embeddable":true,"href":"https:\/\/caliweedeurope.com\/pl\/wp-json\/wp\/v2\/product_tag?post=1202"}],"curies":[{"name":"wp","href":"https:\/\/api.w.org\/{rel}","templated":true}]}}