{"id":1207,"date":"2024-11-03T21:31:25","date_gmt":"2024-11-03T21:31:25","guid":{"rendered":"https:\/\/caliweedeurope.com\/?post_type=product&#038;p=1207"},"modified":"2024-11-03T21:31:44","modified_gmt":"2024-11-03T21:31:44","slug":"moroccan-hash","status":"publish","type":"product","link":"https:\/\/caliweedeurope.com\/pl\/product\/moroccan-hash\/","title":{"rendered":"moroccan hash"},"content":{"rendered":"<p> Mo\u017cesz kupi\u0107 maroka\u0144ski haszysz online. Maroka\u0144ski haszysz to produkt ekstraktowany z konopi. Sk\u0142ada si\u0119 z sprasowanych lub oczyszczonych preparat\u00f3w z gruczo\u0142\u00f3w \u017cywicznych \u0142odyg. Maroka\u0144ski Primero Haszysz jest jasnobr\u0105zowy do ciemnobr\u0105zowego, jednak czasami mo\u017cna zobaczy\u0107 zielonkawy odcie\u0144 w \u015brodku. Z powodu stosunkowo kr\u00f3tkiego okresu wzrostu marihuany, ro\u015bliny konopi zachowuj\u0105 dobr\u0105 zielon\u0105 barw\u0119 w momencie zbioru. Legalny maroka\u0144ski Slate Haszysz na sprzeda\u017c online. Produkuje to oko\u0142o 15 000 ton haszyszu, kt\u00f3ry jest eksportowany do Europy (zw\u0142aszcza do Hiszpanii, Francji, Belgii, Holandii, Niemiec, Szwajcarii i W\u0142och). Kolor: Zieleniej\u0105cy do br\u0105zowego. Kup maroka\u0144ski haszysz, kup maroka\u0144ski haszysz, kup maroka\u0144ski haszysz online USA, kup maroka\u0144ski haszysz online UK, maroka\u0144ski haszysz w pobli\u017cu mnie, gdzie kupi\u0107 maroka\u0144ski haszysz w pobli\u017cu mnie, zam\u00f3w haszysz online USA lub zam\u00f3w haszysz online UK.<\/p>","protected":false},"excerpt":{"rendered":"<p>Kup maroka\u0144skie haszyszu online w Wielkiej Brytanii, produkt ekstrakcyjny sk\u0142adaj\u0105cy si\u0119 z sprasowanych lub oczyszczonych preparat\u00f3w z gruczo\u0142\u00f3w \u017cywicznych \u0142odygi, zwanych trychomami, z ro\u015bliny konopi.<br \/> Zawiera jednak te same aktywne sk\u0142adniki co marihuana, takie jak tetrahydrokannabinol (THC). Zawiera r\u00f3wnie\u017c kannabinoidy, ale cz\u0119sto w wy\u017cszych st\u0119\u017ceniach ni\u017c niesitkowane p\u0105ki.<br \/> Haszysz \u2013 sta\u0142y lub \u017cywiczny w zale\u017cno\u015bci od przygotowania, zazwyczaj sta\u0142y w przypadku prasowanego haszyszu. Natomiast haszysz oczyszczony wod\u0105 \u2013 cz\u0119sto nazywany \u201ebubble melt hash\u201d \u2013 jest substancj\u0105 przypominaj\u0105c\u0105 past\u0119 o zmiennej twardo\u015bci i elastyczno\u015bci; jego kolor, zazwyczaj od jasnobr\u0105zowego do ciemnobr\u0105zowego, mo\u017ce si\u0119 waha\u0107 od przezroczystego po \u017c\u00f3\u0142ty, br\u0105zowy, czarny lub czerwony. Wszystko zale\u017cy od procesu i ilo\u015bci pozosta\u0142ego rozpuszczalnika. Skontaktuj si\u0119 z nami<\/p>","protected":false},"featured_media":1229,"comment_status":"closed","ping_status":"closed","template":"","meta":{"_uag_custom_page_level_css":"","site-sidebar-layout":"default","site-content-layout":"","ast-site-content-layout":"","site-content-style":"default","site-sidebar-style":"default","ast-global-header-display":"","ast-banner-title-visibility":"","ast-main-header-display":"","ast-hfb-above-header-display":"","ast-hfb-below-header-display":"","ast-hfb-mobile-header-display":"","site-post-title":"","ast-breadcrumbs-content":"","ast-featured-img":"","footer-sml-layout":"","theme-transparent-header-meta":"","adv-header-id-meta":"","stick-header-meta":"","header-above-stick-meta":"","header-main-stick-meta":"","header-below-stick-meta":"","astra-migrate-meta-layouts":"default","ast-page-background-enabled":"default","ast-page-background-meta":{"desktop":{"background-color":"var(--ast-global-color-4)","background-image":"","background-repeat":"repeat","background-position":"center center","background-size":"auto","background-attachment":"scroll","background-type":"","background-media":"","overlay-type":"","overlay-color":"","overlay-opacity":"","overlay-gradient":""},"tablet":{"background-color":"","background-image":"","background-repeat":"repeat","background-position":"center center","background-size":"auto","background-attachment":"scroll","background-type":"","background-media":"","overlay-type":"","overlay-color":"","overlay-opacity":"","overlay-gradient":""},"mobile":{"background-color":"","background-image":"","background-repeat":"repeat","background-position":"center center","background-size":"auto","background-attachment":"scroll","background-type":"","background-media":"","overlay-type":"","overlay-color":"","overlay-opacity":"","overlay-gradient":""}},"ast-content-background-meta":{"desktop":{"background-color":"var(--ast-global-color-5)","background-image":"","background-repeat":"repeat","background-position":"center center","background-size":"auto","background-attachment":"scroll","background-type":"","background-media":"","overlay-type":"","overlay-color":"","overlay-opacity":"","overlay-gradient":""},"tablet":{"background-color":"var(--ast-global-color-5)","background-image":"","background-repeat":"repeat","background-position":"center center","background-size":"auto","background-attachment":"scroll","background-type":"","background-media":"","overlay-type":"","overlay-color":"","overlay-opacity":"","overlay-gradient":""},"mobile":{"background-color":"var(--ast-global-color-5)","background-image":"","background-repeat":"repeat","background-position":"center center","background-size":"auto","background-attachment":"scroll","background-type":"","background-media":"","overlay-type":"","overlay-color":"","overlay-opacity":"","overlay-gradient":""}}},"product_brand":[],"product_cat":[77],"product_tag":[78,79,80,81,82,83],"class_list":{"0":"post-1207","1":"product","2":"type-product","3":"status-publish","4":"has-post-thumbnail","6":"product_cat-buy-hash-online","7":"product_tag-buy-moroccan-hash","8":"product_tag-buy-moroccan-hash-online-usa","9":"product_tag-moroccan-hash-for-sale","10":"product_tag-moroccan-hash-near-me","11":"product_tag-order-hash-online-usa","12":"product_tag-where-to-buy-hash","13":"desktop-align-center","14":"tablet-align-left","15":"mobile-align-left","17":"first","18":"instock","19":"shipping-taxable","20":"purchasable","21":"product-type-variable"},"uagb_featured_image_src":{"full":["https:\/\/caliweedeurope.com\/wp-content\/uploads\/2024\/11\/Diamond-Moroccan-Hash-600x600-1.jpg",600,600,false],"thumbnail":["https:\/\/caliweedeurope.com\/wp-content\/uploads\/2024\/11\/Diamond-Moroccan-Hash-600x600-1-150x150.jpg",150,150,true],"medium":["https:\/\/caliweedeurope.com\/wp-content\/uploads\/2024\/11\/Diamond-Moroccan-Hash-600x600-1-300x300.jpg",300,300,true],"medium_large":["https:\/\/caliweedeurope.com\/wp-content\/uploads\/2024\/11\/Diamond-Moroccan-Hash-600x600-1.jpg",600,600,false],"large":["https:\/\/caliweedeurope.com\/wp-content\/uploads\/2024\/11\/Diamond-Moroccan-Hash-600x600-1.jpg",600,600,false],"1536x1536":["https:\/\/caliweedeurope.com\/wp-content\/uploads\/2024\/11\/Diamond-Moroccan-Hash-600x600-1.jpg",600,600,false],"2048x2048":["https:\/\/caliweedeurope.com\/wp-content\/uploads\/2024\/11\/Diamond-Moroccan-Hash-600x600-1.jpg",600,600,false],"trp-custom-language-flag":["https:\/\/caliweedeurope.com\/wp-content\/uploads\/2024\/11\/Diamond-Moroccan-Hash-600x600-1.jpg",12,12,false],"woocommerce_thumbnail":["https:\/\/caliweedeurope.com\/wp-content\/uploads\/2024\/11\/Diamond-Moroccan-Hash-600x600-1-300x300.jpg",300,300,true],"woocommerce_single":["https:\/\/caliweedeurope.com\/wp-content\/uploads\/2024\/11\/Diamond-Moroccan-Hash-600x600-1.jpg",600,600,false],"woocommerce_gallery_thumbnail":["https:\/\/caliweedeurope.com\/wp-content\/uploads\/2024\/11\/Diamond-Moroccan-Hash-600x600-1-100x100.jpg",100,100,true]},"uagb_author_info":{"display_name":"jetskiforsaleuk@gmail.com","author_link":"https:\/\/caliweedeurope.com\/pl\/author\/"},"uagb_comment_info":0,"uagb_excerpt":"Buy moroccan hash online uk, An extracted product composed of compressed or purified preparations of stalked resin glands, called trichomes, from the cannabis plant. It, however, contains the same active ingredients as marijuana as tetrahydrocannabinol (THC). Also, contains cannabinoids, but often in higher concentrations than the unsifted buds. Hashish \u2013 solid or resinous depending on&hellip;","_links":{"self":[{"href":"https:\/\/caliweedeurope.com\/pl\/wp-json\/wp\/v2\/product\/1207"}],"collection":[{"href":"https:\/\/caliweedeurope.com\/pl\/wp-json\/wp\/v2\/product"}],"about":[{"href":"https:\/\/caliweedeurope.com\/pl\/wp-json\/wp\/v2\/types\/product"}],"replies":[{"embeddable":true,"href":"https:\/\/caliweedeurope.com\/pl\/wp-json\/wp\/v2\/comments?post=1207"}],"wp:featuredmedia":[{"embeddable":true,"href":"https:\/\/caliweedeurope.com\/pl\/wp-json\/wp\/v2\/media\/1229"}],"wp:attachment":[{"href":"https:\/\/caliweedeurope.com\/pl\/wp-json\/wp\/v2\/media?parent=1207"}],"wp:term":[{"taxonomy":"product_brand","embeddable":true,"href":"https:\/\/caliweedeurope.com\/pl\/wp-json\/wp\/v2\/product_brand?post=1207"},{"taxonomy":"product_cat","embeddable":true,"href":"https:\/\/caliweedeurope.com\/pl\/wp-json\/wp\/v2\/product_cat?post=1207"},{"taxonomy":"product_tag","embeddable":true,"href":"https:\/\/caliweedeurope.com\/pl\/wp-json\/wp\/v2\/product_tag?post=1207"}],"curies":[{"name":"wp","href":"https:\/\/api.w.org\/{rel}","templated":true}]}}