{"id":1262,"date":"2024-11-03T21:31:46","date_gmt":"2024-11-03T21:31:46","guid":{"rendered":"https:\/\/caliweedeurope.com\/?post_type=product&#038;p=1262"},"modified":"2024-11-03T21:32:23","modified_gmt":"2024-11-03T21:32:23","slug":"stiiizy-sky-og","status":"publish","type":"product","link":"https:\/\/caliweedeurope.com\/pl\/product\/stiiizy-sky-og\/","title":{"rendered":"Stiiizy (Sky og)"},"content":{"rendered":"<p>Ta odmiana jest uwielbiana za wspania\u0142y smak. Chocia\u017c efekt nie jest tak silny jak u niekt\u00f3rych nowoczesnych odmian, smak jest niezaprzeczalnie niesamowity. I od tego czasu zosta\u0142 utracony. Przed 1998 rokiem Bubba Kush by\u0142 dost\u0119pny tylko w postaci klonu, ale od tego czasu zosta\u0142 skopiowany, aby jego nasiona mog\u0142y zosta\u0107 zapakowane i sprzedane. Bubba Kush to klasyczna indica z solidnym sedatywnym efektem, kt\u00f3ry sprawia, \u017ce u\u017cytkownicy czuj\u0105 si\u0119 zrelaksowani, ale wci\u0105\u017c funkcjonalni. Zawiera zazwyczaj wysoki poziom THC, w zakresie od 15 % do 22 %.<br \/> Stiiizy ma ma\u0142e do \u015bredniej wielko\u015bci p\u0105ki, kt\u00f3re maj\u0105 g\u0119st\u0105 struktur\u0119 p\u0105k\u00f3w typow\u0105 dla odmian Indica. Li\u015bcie s\u0105 ciemnozielone i czasami mog\u0105 pokazywa\u0107 odcienie fioletu, wynik aktywacji pigment\u00f3w antocyjanin przez zimne temperatury w trakcie procesu uprawy. Jest to bardzo \u017cywiczna odmiana \u2013 warstwa bia\u0142ych trichom\u00f3w pokrywa kolorowe li\u015bcie i jest widoczna nawet wewn\u0105trz, gdy p\u0105ki s\u0105 \u0142amane. Kwiaty maj\u0105 nieokre\u015blony aromat kawy lub kakao, z lekk\u0105 owocow\u0105 nut\u0105. Podczas palenia Bubba Kush pachnie bardziej haszyszem i przyprawami, jak mo\u017cna by si\u0119 spodziewa\u0107 po Kush, z do\u015b\u0107 ostrym dymem, kt\u00f3ry wywo\u0142uje kaszel.<br \/>                                                               WYJ\u0104TKOWE WYNIKI!<br \/> Warto zauwa\u017cy\u0107, \u017ce jest to odmiana, kt\u00f3rej fioletowe kwiaty nie daj\u0105 smaku przypominaj\u0105cego winogrona: pigmenty decyduj\u0105ce o kolorze Bubba Kush nie wp\u0142ywaj\u0105 na smak. Smak jest g\u0142\u00f3wnie ziemisty, z odrobin\u0105 s\u0142odyczy i pieprzowym posmakiem przy wydychaniu. Jest to r\u00f3wnie\u017c szczeg\u00f3lnie intensywnie pachn\u0105ca odmiana \u2014 u\u017cytkownicy, kt\u00f3rzy martwi\u0105 si\u0119 o dyskrecj\u0119, powinni odpowiednio zaplanowa\u0107.<br \/> Nietypowo jak na odmian\u0119 z przewag\u0105 indiki, dzia\u0142anie Bubba Kush zaczyna si\u0119 od zniekszta\u0142conego, dezorientuj\u0105cego uczucia w g\u0142owie. Jednak ta mglisto\u015b\u0107 ust\u0119puje miejsca bardziej przewidywalnemu rozlu\u017anieniu cia\u0142a, kt\u00f3re nasila si\u0119 w miar\u0119 trwania efektu. Cho\u0107 palacze nie s\u0105 koniecznie pobudzeni, mog\u0105 zachowa\u0107 koncentracj\u0119 umys\u0142ow\u0105, rozmawia\u0107 lub wykonywa\u0107 zadania w razie potrzeby. Wi\u0119kszo\u015b\u0107 u\u017cytkownik\u00f3w do\u015bwiadcza g\u0142\u0119bokiego, wolnego oddechu i namacalnego poczucia fizycznego komfortu.<br \/> Couchlock jest rzadki, pozostawiaj\u0105c u\u017cytkownik\u00f3w funkcjonalnych i czujnych. Medyczne zastosowania Bubba Kush s\u0105 zar\u00f3wno psychiczne, jak i fizyczne. Zam\u00f3w Stiiizy Pods Texas.<\/p>","protected":false},"excerpt":{"rendered":"<p>Zam\u00f3w Stiiizy pods Texas, Bubba Kush na sprzeda\u017c online, tylko w Twojej premierowej i niezawodnej aptece online z marihuan\u0105, sklep online z medycznym kanabisem.<br \/> Stiiizy to odmiana indica. Zosta\u0142a pierwotnie stworzona przez skrzy\u017cowanie OG Kush i Bubble Gum. Wynik\u0142e ro\u015bliny zosta\u0142y nast\u0119pnie selektywnie hodowane przez kilka pokole\u0144, aby stworzy\u0107 idealny kwiat, znany jako Bubba Kush.<\/p>","protected":false},"featured_media":1275,"comment_status":"closed","ping_status":"closed","template":"","meta":{"_uag_custom_page_level_css":"","site-sidebar-layout":"default","site-content-layout":"","ast-site-content-layout":"","site-content-style":"default","site-sidebar-style":"default","ast-global-header-display":"","ast-banner-title-visibility":"","ast-main-header-display":"","ast-hfb-above-header-display":"","ast-hfb-below-header-display":"","ast-hfb-mobile-header-display":"","site-post-title":"","ast-breadcrumbs-content":"","ast-featured-img":"","footer-sml-layout":"","theme-transparent-header-meta":"","adv-header-id-meta":"","stick-header-meta":"","header-above-stick-meta":"","header-main-stick-meta":"","header-below-stick-meta":"","astra-migrate-meta-layouts":"default","ast-page-background-enabled":"default","ast-page-background-meta":{"desktop":{"background-color":"var(--ast-global-color-4)","background-image":"","background-repeat":"repeat","background-position":"center center","background-size":"auto","background-attachment":"scroll","background-type":"","background-media":"","overlay-type":"","overlay-color":"","overlay-opacity":"","overlay-gradient":""},"tablet":{"background-color":"","background-image":"","background-repeat":"repeat","background-position":"center center","background-size":"auto","background-attachment":"scroll","background-type":"","background-media":"","overlay-type":"","overlay-color":"","overlay-opacity":"","overlay-gradient":""},"mobile":{"background-color":"","background-image":"","background-repeat":"repeat","background-position":"center center","background-size":"auto","background-attachment":"scroll","background-type":"","background-media":"","overlay-type":"","overlay-color":"","overlay-opacity":"","overlay-gradient":""}},"ast-content-background-meta":{"desktop":{"background-color":"var(--ast-global-color-5)","background-image":"","background-repeat":"repeat","background-position":"center center","background-size":"auto","background-attachment":"scroll","background-type":"","background-media":"","overlay-type":"","overlay-color":"","overlay-opacity":"","overlay-gradient":""},"tablet":{"background-color":"var(--ast-global-color-5)","background-image":"","background-repeat":"repeat","background-position":"center center","background-size":"auto","background-attachment":"scroll","background-type":"","background-media":"","overlay-type":"","overlay-color":"","overlay-opacity":"","overlay-gradient":""},"mobile":{"background-color":"var(--ast-global-color-5)","background-image":"","background-repeat":"repeat","background-position":"center center","background-size":"auto","background-attachment":"scroll","background-type":"","background-media":"","overlay-type":"","overlay-color":"","overlay-opacity":"","overlay-gradient":""}}},"product_brand":[],"product_cat":[114],"product_tag":[119,120,121,122,123],"class_list":{"0":"post-1262","1":"product","2":"type-product","3":"status-publish","4":"has-post-thumbnail","6":"product_cat-wholesale-vape-cartridges-online","7":"product_tag-skywalker-og-stiiizy","8":"product_tag-stiiizy-biscotti","9":"product_tag-stiiizy-gelato","10":"product_tag-stiiizy-og-kush","11":"product_tag-stiiizy-sfv-og","12":"desktop-align-center","13":"tablet-align-left","14":"mobile-align-left","16":"first","17":"instock","18":"shipping-taxable","19":"purchasable","20":"product-type-variable"},"uagb_featured_image_src":{"full":["https:\/\/caliweedeurope.com\/wp-content\/uploads\/2024\/11\/0fcdd104-9491-4b20-94d1-34a7ff48418f.jpg",864,1080,false],"thumbnail":["https:\/\/caliweedeurope.com\/wp-content\/uploads\/2024\/11\/0fcdd104-9491-4b20-94d1-34a7ff48418f-150x150.jpg",150,150,true],"medium":["https:\/\/caliweedeurope.com\/wp-content\/uploads\/2024\/11\/0fcdd104-9491-4b20-94d1-34a7ff48418f-240x300.jpg",240,300,true],"medium_large":["https:\/\/caliweedeurope.com\/wp-content\/uploads\/2024\/11\/0fcdd104-9491-4b20-94d1-34a7ff48418f-768x960.jpg",768,960,true],"large":["https:\/\/caliweedeurope.com\/wp-content\/uploads\/2024\/11\/0fcdd104-9491-4b20-94d1-34a7ff48418f-819x1024.jpg",819,1024,true],"1536x1536":["https:\/\/caliweedeurope.com\/wp-content\/uploads\/2024\/11\/0fcdd104-9491-4b20-94d1-34a7ff48418f.jpg",864,1080,false],"2048x2048":["https:\/\/caliweedeurope.com\/wp-content\/uploads\/2024\/11\/0fcdd104-9491-4b20-94d1-34a7ff48418f.jpg",864,1080,false],"trp-custom-language-flag":["https:\/\/caliweedeurope.com\/wp-content\/uploads\/2024\/11\/0fcdd104-9491-4b20-94d1-34a7ff48418f.jpg",10,12,false],"woocommerce_thumbnail":["https:\/\/caliweedeurope.com\/wp-content\/uploads\/2024\/11\/0fcdd104-9491-4b20-94d1-34a7ff48418f-300x300.jpg",300,300,true],"woocommerce_single":["https:\/\/caliweedeurope.com\/wp-content\/uploads\/2024\/11\/0fcdd104-9491-4b20-94d1-34a7ff48418f-600x750.jpg",600,750,true],"woocommerce_gallery_thumbnail":["https:\/\/caliweedeurope.com\/wp-content\/uploads\/2024\/11\/0fcdd104-9491-4b20-94d1-34a7ff48418f-100x100.jpg",100,100,true]},"uagb_author_info":{"display_name":"jetskiforsaleuk@gmail.com","author_link":"https:\/\/caliweedeurope.com\/pl\/author\/"},"uagb_comment_info":0,"uagb_excerpt":"Order stiiizy pods texas, Bubba Kush For Sale Online, Only at Your Premier and Reliable Online Marijuana Dispensary, Medical Cannabis Online Store Stiiizy is an indica strain. It was originally a cross of OG Kush and Bubble Gum. The resulting plants were then selectively bred for multiple generations to create the perfect bud, known as&hellip;","_links":{"self":[{"href":"https:\/\/caliweedeurope.com\/pl\/wp-json\/wp\/v2\/product\/1262"}],"collection":[{"href":"https:\/\/caliweedeurope.com\/pl\/wp-json\/wp\/v2\/product"}],"about":[{"href":"https:\/\/caliweedeurope.com\/pl\/wp-json\/wp\/v2\/types\/product"}],"replies":[{"embeddable":true,"href":"https:\/\/caliweedeurope.com\/pl\/wp-json\/wp\/v2\/comments?post=1262"}],"wp:featuredmedia":[{"embeddable":true,"href":"https:\/\/caliweedeurope.com\/pl\/wp-json\/wp\/v2\/media\/1275"}],"wp:attachment":[{"href":"https:\/\/caliweedeurope.com\/pl\/wp-json\/wp\/v2\/media?parent=1262"}],"wp:term":[{"taxonomy":"product_brand","embeddable":true,"href":"https:\/\/caliweedeurope.com\/pl\/wp-json\/wp\/v2\/product_brand?post=1262"},{"taxonomy":"product_cat","embeddable":true,"href":"https:\/\/caliweedeurope.com\/pl\/wp-json\/wp\/v2\/product_cat?post=1262"},{"taxonomy":"product_tag","embeddable":true,"href":"https:\/\/caliweedeurope.com\/pl\/wp-json\/wp\/v2\/product_tag?post=1262"}],"curies":[{"name":"wp","href":"https:\/\/api.w.org\/{rel}","templated":true}]}}