{"id":1303,"date":"2024-11-03T21:32:10","date_gmt":"2024-11-03T21:32:10","guid":{"rendered":"https:\/\/caliweedeurope.com\/?post_type=product&#038;p=1303"},"modified":"2024-11-03T21:32:32","modified_gmt":"2024-11-03T21:32:32","slug":"dabs-wax","status":"publish","type":"product","link":"https:\/\/caliweedeurope.com\/pl\/product\/dabs-wax\/","title":{"rendered":"Dabs Wax"},"content":{"rendered":"<p>Shatter, wosk, plaster miodu, olej, crumble, sok, budder, pull-and-snap... to niekt\u00f3re z pseudonim\u00f3w, kt\u00f3re ekstrakty konopne zyska\u0142y dzi\u0119ki swojej popularno\u015bci, rozpowszechnieniu i dywersyfikacji. Je\u015bli s\u0142ysza\u0142e\u015b kt\u00f3rekolwiek z tych s\u0142\u00f3w, prawdopodobnie by\u0142y one u\u017cywane do opisania BHO (oleju haszyszowego na bazie butanu), oleju CO2 lub podobnych ekstrakt\u00f3w w\u0119glowodorowych. Ta lista opisowych podkategorii mo\u017ce sprawi\u0107, \u017ce uwierzysz, i\u017c mi\u0119dzy nimi istniej\u0105 wyra\u017ane r\u00f3\u017cnice, ale podzia\u0142 mi\u0119dzy szklanym shatterem a kruchym woskiem jest bardziej powierzchowny, ni\u017c mog\u0142oby si\u0119 wydawa\u0107.<\/p>\n<p>Dla tych, kt\u00f3rzy s\u0105 nowi w \u015bwiecie koncentrat\u00f3w, ekstrakt konopny to ka\u017cdy olej, kt\u00f3ry koncentruje chemiczne zwi\u0105zki ro\u015bliny, takie jak THC i CBD. Osi\u0105ga si\u0119 to za pomoc\u0105 r\u00f3\u017cnych proces\u00f3w ekstrakcji i rozpuszczalnik\u00f3w, z kt\u00f3rych najcz\u0119stszym jest butan.<\/p>\n<p>Faq, Wax<\/p>","protected":false},"excerpt":{"rendered":"<p>Wosk konopny odnosi si\u0119 do mi\u0119kszych, nieprzezroczystych olej\u00f3w, kt\u00f3re straci\u0142y swoj\u0105 przezroczysto\u015b\u0107 po ekstrakcji. W przeciwie\u0144stwie do olej\u00f3w przezroczystych, cz\u0105steczki wosku konopnego krystalizuj\u0105 si\u0119 w wyniku agitacji. \u015awiat\u0142o nie mo\u017ce przej\u015b\u0107 przez nieregularne g\u0119sto\u015bci molekularne, a ta refrakcja zostawia nas z twardym, nieprzezroczystym olejem.<\/p>","protected":false},"featured_media":1315,"comment_status":"closed","ping_status":"closed","template":"","meta":{"_uag_custom_page_level_css":"","site-sidebar-layout":"default","site-content-layout":"","ast-site-content-layout":"","site-content-style":"default","site-sidebar-style":"default","ast-global-header-display":"","ast-banner-title-visibility":"","ast-main-header-display":"","ast-hfb-above-header-display":"","ast-hfb-below-header-display":"","ast-hfb-mobile-header-display":"","site-post-title":"","ast-breadcrumbs-content":"","ast-featured-img":"","footer-sml-layout":"","theme-transparent-header-meta":"","adv-header-id-meta":"","stick-header-meta":"","header-above-stick-meta":"","header-main-stick-meta":"","header-below-stick-meta":"","astra-migrate-meta-layouts":"default","ast-page-background-enabled":"default","ast-page-background-meta":{"desktop":{"background-color":"var(--ast-global-color-4)","background-image":"","background-repeat":"repeat","background-position":"center center","background-size":"auto","background-attachment":"scroll","background-type":"","background-media":"","overlay-type":"","overlay-color":"","overlay-opacity":"","overlay-gradient":""},"tablet":{"background-color":"","background-image":"","background-repeat":"repeat","background-position":"center center","background-size":"auto","background-attachment":"scroll","background-type":"","background-media":"","overlay-type":"","overlay-color":"","overlay-opacity":"","overlay-gradient":""},"mobile":{"background-color":"","background-image":"","background-repeat":"repeat","background-position":"center center","background-size":"auto","background-attachment":"scroll","background-type":"","background-media":"","overlay-type":"","overlay-color":"","overlay-opacity":"","overlay-gradient":""}},"ast-content-background-meta":{"desktop":{"background-color":"var(--ast-global-color-5)","background-image":"","background-repeat":"repeat","background-position":"center center","background-size":"auto","background-attachment":"scroll","background-type":"","background-media":"","overlay-type":"","overlay-color":"","overlay-opacity":"","overlay-gradient":""},"tablet":{"background-color":"var(--ast-global-color-5)","background-image":"","background-repeat":"repeat","background-position":"center center","background-size":"auto","background-attachment":"scroll","background-type":"","background-media":"","overlay-type":"","overlay-color":"","overlay-opacity":"","overlay-gradient":""},"mobile":{"background-color":"var(--ast-global-color-5)","background-image":"","background-repeat":"repeat","background-position":"center center","background-size":"auto","background-attachment":"scroll","background-type":"","background-media":"","overlay-type":"","overlay-color":"","overlay-opacity":"","overlay-gradient":""}}},"product_brand":[],"product_cat":[139],"product_tag":[150,151,152,153,154],"class_list":{"0":"post-1303","1":"product","2":"type-product","3":"status-publish","4":"has-post-thumbnail","6":"product_cat-buy-wax-online","7":"product_tag-dank-dabs-brand","8":"product_tag-dank-dabs-california","9":"product_tag-dank-dabs-packaging","10":"product_tag-dank-dabs-shatter","11":"product_tag-dank-dabs-wax","12":"desktop-align-center","13":"tablet-align-left","14":"mobile-align-left","16":"first","17":"instock","18":"shipping-taxable","19":"purchasable","20":"product-type-variable"},"uagb_featured_image_src":{"full":["https:\/\/caliweedeurope.com\/wp-content\/uploads\/2024\/11\/g4-1-1.png",380,378,false],"thumbnail":["https:\/\/caliweedeurope.com\/wp-content\/uploads\/2024\/11\/g4-1-1-150x150.png",150,150,true],"medium":["https:\/\/caliweedeurope.com\/wp-content\/uploads\/2024\/11\/g4-1-1-300x298.png",300,298,true],"medium_large":["https:\/\/caliweedeurope.com\/wp-content\/uploads\/2024\/11\/g4-1-1.png",380,378,false],"large":["https:\/\/caliweedeurope.com\/wp-content\/uploads\/2024\/11\/g4-1-1.png",380,378,false],"1536x1536":["https:\/\/caliweedeurope.com\/wp-content\/uploads\/2024\/11\/g4-1-1.png",380,378,false],"2048x2048":["https:\/\/caliweedeurope.com\/wp-content\/uploads\/2024\/11\/g4-1-1.png",380,378,false],"trp-custom-language-flag":["https:\/\/caliweedeurope.com\/wp-content\/uploads\/2024\/11\/g4-1-1.png",12,12,false],"woocommerce_thumbnail":["https:\/\/caliweedeurope.com\/wp-content\/uploads\/2024\/11\/g4-1-1-300x300.png",300,300,true],"woocommerce_single":["https:\/\/caliweedeurope.com\/wp-content\/uploads\/2024\/11\/g4-1-1.png",380,378,false],"woocommerce_gallery_thumbnail":["https:\/\/caliweedeurope.com\/wp-content\/uploads\/2024\/11\/g4-1-1-100x100.png",100,100,true]},"uagb_author_info":{"display_name":"jetskiforsaleuk@gmail.com","author_link":"https:\/\/caliweedeurope.com\/pl\/author\/"},"uagb_comment_info":0,"uagb_excerpt":"Cannabis wax refers to the softer, opaque oils that have lost their transparency after extraction. Unlike those of transparent oils, the molecules of cannabis wax crystallize as a result of agitation. Light can\u2019t travel through irregular molecular densities, and that refraction leaves us with a solid, non-transparent oil.","_links":{"self":[{"href":"https:\/\/caliweedeurope.com\/pl\/wp-json\/wp\/v2\/product\/1303"}],"collection":[{"href":"https:\/\/caliweedeurope.com\/pl\/wp-json\/wp\/v2\/product"}],"about":[{"href":"https:\/\/caliweedeurope.com\/pl\/wp-json\/wp\/v2\/types\/product"}],"replies":[{"embeddable":true,"href":"https:\/\/caliweedeurope.com\/pl\/wp-json\/wp\/v2\/comments?post=1303"}],"wp:featuredmedia":[{"embeddable":true,"href":"https:\/\/caliweedeurope.com\/pl\/wp-json\/wp\/v2\/media\/1315"}],"wp:attachment":[{"href":"https:\/\/caliweedeurope.com\/pl\/wp-json\/wp\/v2\/media?parent=1303"}],"wp:term":[{"taxonomy":"product_brand","embeddable":true,"href":"https:\/\/caliweedeurope.com\/pl\/wp-json\/wp\/v2\/product_brand?post=1303"},{"taxonomy":"product_cat","embeddable":true,"href":"https:\/\/caliweedeurope.com\/pl\/wp-json\/wp\/v2\/product_cat?post=1303"},{"taxonomy":"product_tag","embeddable":true,"href":"https:\/\/caliweedeurope.com\/pl\/wp-json\/wp\/v2\/product_tag?post=1303"}],"curies":[{"name":"wp","href":"https:\/\/api.w.org\/{rel}","templated":true}]}}