{"id":1336,"date":"2024-11-03T21:32:25","date_gmt":"2024-11-03T21:32:25","guid":{"rendered":"https:\/\/caliweedeurope.com\/?post_type=product&#038;p=1336"},"modified":"2024-11-03T21:32:32","modified_gmt":"2024-11-03T21:32:32","slug":"iso-hash-qwiso","status":"publish","type":"product","link":"https:\/\/caliweedeurope.com\/pl\/product\/iso-hash-qwiso\/","title":{"rendered":"Iso Hash | Qwiso"},"content":{"rendered":"<h3>Kup Iso Hash \/ Qwiso<\/h3>\n<p>Wysokiej jako\u015bci QWISO jest cz\u0119sto przezroczyste i \u017c\u00f3\u0142te, jak shatter, z plastyczn\u0105 tekstur\u0105. Niskiej jako\u015bci iso hash jest cz\u0119sto zielony (z powodu chlorofilu ro\u015blin) lub czarny, o lepkiej teksturze.<\/p>\n<p>Produkty powi\u0105zane<\/p>","protected":false},"excerpt":{"rendered":"<p>Iso hash to produkt ekstrakcji alkoholu izopropylowego. QWISO to akronim od Quick Wash Isopropyl Alcohol hash, popularnej techniki wytwarzania iso hash. U\u017cywanie alkoholu jako rozpuszczalnika jest niezwykle tanie, jednak smak nie jest por\u00f3wnywalny z innymi rozpuszczalnikami\/metodami. Produkt zale\u017cy od jako\u015bci konopi i ekstrakcji.<\/p>","protected":false},"featured_media":1351,"comment_status":"closed","ping_status":"closed","template":"","meta":{"_uag_custom_page_level_css":"","site-sidebar-layout":"default","site-content-layout":"","ast-site-content-layout":"","site-content-style":"default","site-sidebar-style":"default","ast-global-header-display":"","ast-banner-title-visibility":"","ast-main-header-display":"","ast-hfb-above-header-display":"","ast-hfb-below-header-display":"","ast-hfb-mobile-header-display":"","site-post-title":"","ast-breadcrumbs-content":"","ast-featured-img":"","footer-sml-layout":"","theme-transparent-header-meta":"","adv-header-id-meta":"","stick-header-meta":"","header-above-stick-meta":"","header-main-stick-meta":"","header-below-stick-meta":"","astra-migrate-meta-layouts":"default","ast-page-background-enabled":"default","ast-page-background-meta":{"desktop":{"background-color":"var(--ast-global-color-4)","background-image":"","background-repeat":"repeat","background-position":"center center","background-size":"auto","background-attachment":"scroll","background-type":"","background-media":"","overlay-type":"","overlay-color":"","overlay-opacity":"","overlay-gradient":""},"tablet":{"background-color":"","background-image":"","background-repeat":"repeat","background-position":"center center","background-size":"auto","background-attachment":"scroll","background-type":"","background-media":"","overlay-type":"","overlay-color":"","overlay-opacity":"","overlay-gradient":""},"mobile":{"background-color":"","background-image":"","background-repeat":"repeat","background-position":"center center","background-size":"auto","background-attachment":"scroll","background-type":"","background-media":"","overlay-type":"","overlay-color":"","overlay-opacity":"","overlay-gradient":""}},"ast-content-background-meta":{"desktop":{"background-color":"var(--ast-global-color-5)","background-image":"","background-repeat":"repeat","background-position":"center center","background-size":"auto","background-attachment":"scroll","background-type":"","background-media":"","overlay-type":"","overlay-color":"","overlay-opacity":"","overlay-gradient":""},"tablet":{"background-color":"var(--ast-global-color-5)","background-image":"","background-repeat":"repeat","background-position":"center center","background-size":"auto","background-attachment":"scroll","background-type":"","background-media":"","overlay-type":"","overlay-color":"","overlay-opacity":"","overlay-gradient":""},"mobile":{"background-color":"var(--ast-global-color-5)","background-image":"","background-repeat":"repeat","background-position":"center center","background-size":"auto","background-attachment":"scroll","background-type":"","background-media":"","overlay-type":"","overlay-color":"","overlay-opacity":"","overlay-gradient":""}}},"product_brand":[],"product_cat":[77],"product_tag":[169,170,171,172,173],"class_list":{"0":"post-1336","1":"product","2":"type-product","3":"status-publish","4":"has-post-thumbnail","6":"product_cat-buy-hash-online","7":"product_tag-buy-hash-online","8":"product_tag-buy-hash-online-in-europe","9":"product_tag-buy-hash-online-reddit","10":"product_tag-edibles-in-germany","11":"product_tag-weedzy-reddit","12":"desktop-align-center","13":"tablet-align-left","14":"mobile-align-left","16":"first","17":"instock","18":"shipping-taxable","19":"purchasable","20":"product-type-variable"},"uagb_featured_image_src":{"full":["https:\/\/caliweedeurope.com\/wp-content\/uploads\/2024\/11\/Iso-hash-300x300-1-1.jpg",300,300,false],"thumbnail":["https:\/\/caliweedeurope.com\/wp-content\/uploads\/2024\/11\/Iso-hash-300x300-1-1-150x150.jpg",150,150,true],"medium":["https:\/\/caliweedeurope.com\/wp-content\/uploads\/2024\/11\/Iso-hash-300x300-1-1.jpg",300,300,false],"medium_large":["https:\/\/caliweedeurope.com\/wp-content\/uploads\/2024\/11\/Iso-hash-300x300-1-1.jpg",300,300,false],"large":["https:\/\/caliweedeurope.com\/wp-content\/uploads\/2024\/11\/Iso-hash-300x300-1-1.jpg",300,300,false],"1536x1536":["https:\/\/caliweedeurope.com\/wp-content\/uploads\/2024\/11\/Iso-hash-300x300-1-1.jpg",300,300,false],"2048x2048":["https:\/\/caliweedeurope.com\/wp-content\/uploads\/2024\/11\/Iso-hash-300x300-1-1.jpg",300,300,false],"trp-custom-language-flag":["https:\/\/caliweedeurope.com\/wp-content\/uploads\/2024\/11\/Iso-hash-300x300-1-1.jpg",12,12,false],"woocommerce_thumbnail":["https:\/\/caliweedeurope.com\/wp-content\/uploads\/2024\/11\/Iso-hash-300x300-1-1.jpg",300,300,false],"woocommerce_single":["https:\/\/caliweedeurope.com\/wp-content\/uploads\/2024\/11\/Iso-hash-300x300-1-1.jpg",300,300,false],"woocommerce_gallery_thumbnail":["https:\/\/caliweedeurope.com\/wp-content\/uploads\/2024\/11\/Iso-hash-300x300-1-1-100x100.jpg",100,100,true]},"uagb_author_info":{"display_name":"jetskiforsaleuk@gmail.com","author_link":"https:\/\/caliweedeurope.com\/pl\/author\/"},"uagb_comment_info":0,"uagb_excerpt":"Iso hash is the product of a isopropyl alcohol extraction. QWISO is an acronym for Quick Wash Isopropyl Alcohol hash, a popular technique for creating iso hash. Using alcohol as a solvent is incredibly cheap, however the flavour isn\u2019t as comparable to other solvents\/methods. The product depends on the quality of the cannabis and extraction.","_links":{"self":[{"href":"https:\/\/caliweedeurope.com\/pl\/wp-json\/wp\/v2\/product\/1336"}],"collection":[{"href":"https:\/\/caliweedeurope.com\/pl\/wp-json\/wp\/v2\/product"}],"about":[{"href":"https:\/\/caliweedeurope.com\/pl\/wp-json\/wp\/v2\/types\/product"}],"replies":[{"embeddable":true,"href":"https:\/\/caliweedeurope.com\/pl\/wp-json\/wp\/v2\/comments?post=1336"}],"wp:featuredmedia":[{"embeddable":true,"href":"https:\/\/caliweedeurope.com\/pl\/wp-json\/wp\/v2\/media\/1351"}],"wp:attachment":[{"href":"https:\/\/caliweedeurope.com\/pl\/wp-json\/wp\/v2\/media?parent=1336"}],"wp:term":[{"taxonomy":"product_brand","embeddable":true,"href":"https:\/\/caliweedeurope.com\/pl\/wp-json\/wp\/v2\/product_brand?post=1336"},{"taxonomy":"product_cat","embeddable":true,"href":"https:\/\/caliweedeurope.com\/pl\/wp-json\/wp\/v2\/product_cat?post=1336"},{"taxonomy":"product_tag","embeddable":true,"href":"https:\/\/caliweedeurope.com\/pl\/wp-json\/wp\/v2\/product_tag?post=1336"}],"curies":[{"name":"wp","href":"https:\/\/api.w.org\/{rel}","templated":true}]}}