{"id":1342,"date":"2024-11-03T21:32:25","date_gmt":"2024-11-03T21:32:25","guid":{"rendered":"https:\/\/caliweedeurope.com\/?post_type=product&#038;p=1342"},"modified":"2024-11-03T21:32:48","modified_gmt":"2024-11-03T21:32:48","slug":"afghan-black-hash","status":"publish","type":"product","link":"https:\/\/caliweedeurope.com\/pl\/product\/afghan-black-hash\/","title":{"rendered":"Afghan Black Hash"},"content":{"rendered":"<p>Afghan Black Hash r\u00f3\u017cni si\u0119 od naszych innych produkt\u00f3w tylko kolorem. Je\u015bli nie znasz naszych produkt\u00f3w, kup najpierw pr\u00f3bk\u0119. Wysy\u0142ka jest darmowa. Kup wi\u0119cej naszych legalnych produkt\u00f3w haszyszu, a cena b\u0119dzie ni\u017csza.<\/p>\n<p>Sprzedajemy nasze produkty bez oleju esencjonalnego z konopi. Mo\u017cesz go kupi\u0107 osobno tutaj.<br \/> U\u017cywamy 5 g na 1 kg, ale mo\u017cesz u\u017cy\u0107 wi\u0119cej, je\u015bli chcesz silniejszy aromat.<\/p>","protected":false},"excerpt":{"rendered":"<p>Afghan Black Hash \u2013 cena za gram<br \/> Afghan Black Hash to klon haszyszu. Jest legalny na ca\u0142ym \u015bwiecie i b\u0119dzie legalny na zawsze. NIE zawiera THC, syntetycznych kannabinoid\u00f3w ani innych chemikali\u00f3w badawczych (takich jak JWH-018, JWH-073, JWH-250, AM-2209 itp.). Jest prawdopodobnie najlepszym legalnym haszyszem na rynku. U\u017cywamy tylko naturalnych materia\u0142\u00f3w spo\u017cywczej jako\u015bci. Wygl\u0105da jak haszysz, czuje si\u0119 jak haszysz i ma bardzo dobry smak.<\/p>","protected":false},"featured_media":1353,"comment_status":"closed","ping_status":"closed","template":"","meta":{"_uag_custom_page_level_css":"","site-sidebar-layout":"default","site-content-layout":"","ast-site-content-layout":"","site-content-style":"default","site-sidebar-style":"default","ast-global-header-display":"","ast-banner-title-visibility":"","ast-main-header-display":"","ast-hfb-above-header-display":"","ast-hfb-below-header-display":"","ast-hfb-mobile-header-display":"","site-post-title":"","ast-breadcrumbs-content":"","ast-featured-img":"","footer-sml-layout":"","theme-transparent-header-meta":"","adv-header-id-meta":"","stick-header-meta":"","header-above-stick-meta":"","header-main-stick-meta":"","header-below-stick-meta":"","astra-migrate-meta-layouts":"default","ast-page-background-enabled":"default","ast-page-background-meta":{"desktop":{"background-color":"var(--ast-global-color-4)","background-image":"","background-repeat":"repeat","background-position":"center center","background-size":"auto","background-attachment":"scroll","background-type":"","background-media":"","overlay-type":"","overlay-color":"","overlay-opacity":"","overlay-gradient":""},"tablet":{"background-color":"","background-image":"","background-repeat":"repeat","background-position":"center center","background-size":"auto","background-attachment":"scroll","background-type":"","background-media":"","overlay-type":"","overlay-color":"","overlay-opacity":"","overlay-gradient":""},"mobile":{"background-color":"","background-image":"","background-repeat":"repeat","background-position":"center center","background-size":"auto","background-attachment":"scroll","background-type":"","background-media":"","overlay-type":"","overlay-color":"","overlay-opacity":"","overlay-gradient":""}},"ast-content-background-meta":{"desktop":{"background-color":"var(--ast-global-color-5)","background-image":"","background-repeat":"repeat","background-position":"center center","background-size":"auto","background-attachment":"scroll","background-type":"","background-media":"","overlay-type":"","overlay-color":"","overlay-opacity":"","overlay-gradient":""},"tablet":{"background-color":"var(--ast-global-color-5)","background-image":"","background-repeat":"repeat","background-position":"center center","background-size":"auto","background-attachment":"scroll","background-type":"","background-media":"","overlay-type":"","overlay-color":"","overlay-opacity":"","overlay-gradient":""},"mobile":{"background-color":"var(--ast-global-color-5)","background-image":"","background-repeat":"repeat","background-position":"center center","background-size":"auto","background-attachment":"scroll","background-type":"","background-media":"","overlay-type":"","overlay-color":"","overlay-opacity":"","overlay-gradient":""}}},"product_brand":[],"product_cat":[77],"product_tag":[174,175,176,172,177],"class_list":{"0":"post-1342","1":"product","2":"type-product","3":"status-publish","4":"has-post-thumbnail","6":"product_cat-buy-hash-online","7":"product_tag-buy-hash-online-eu","8":"product_tag-daydreamerz-edible","9":"product_tag-dispensaries-in-europe","10":"product_tag-edibles-in-germany","11":"product_tag-edibles-online-europe","12":"desktop-align-center","13":"tablet-align-left","14":"mobile-align-left","16":"first","17":"instock","18":"shipping-taxable","19":"purchasable","20":"product-type-variable"},"uagb_featured_image_src":{"full":["https:\/\/caliweedeurope.com\/wp-content\/uploads\/2024\/11\/afghan_black_hash_04-980x735-1.jpg",800,520,false],"thumbnail":["https:\/\/caliweedeurope.com\/wp-content\/uploads\/2024\/11\/afghan_black_hash_04-980x735-1-150x150.jpg",150,150,true],"medium":["https:\/\/caliweedeurope.com\/wp-content\/uploads\/2024\/11\/afghan_black_hash_04-980x735-1-300x195.jpg",300,195,true],"medium_large":["https:\/\/caliweedeurope.com\/wp-content\/uploads\/2024\/11\/afghan_black_hash_04-980x735-1-768x499.jpg",768,499,true],"large":["https:\/\/caliweedeurope.com\/wp-content\/uploads\/2024\/11\/afghan_black_hash_04-980x735-1.jpg",800,520,false],"1536x1536":["https:\/\/caliweedeurope.com\/wp-content\/uploads\/2024\/11\/afghan_black_hash_04-980x735-1.jpg",800,520,false],"2048x2048":["https:\/\/caliweedeurope.com\/wp-content\/uploads\/2024\/11\/afghan_black_hash_04-980x735-1.jpg",800,520,false],"trp-custom-language-flag":["https:\/\/caliweedeurope.com\/wp-content\/uploads\/2024\/11\/afghan_black_hash_04-980x735-1.jpg",18,12,false],"woocommerce_thumbnail":["https:\/\/caliweedeurope.com\/wp-content\/uploads\/2024\/11\/afghan_black_hash_04-980x735-1-300x300.jpg",300,300,true],"woocommerce_single":["https:\/\/caliweedeurope.com\/wp-content\/uploads\/2024\/11\/afghan_black_hash_04-980x735-1-600x390.jpg",600,390,true],"woocommerce_gallery_thumbnail":["https:\/\/caliweedeurope.com\/wp-content\/uploads\/2024\/11\/afghan_black_hash_04-980x735-1-100x100.jpg",100,100,true]},"uagb_author_info":{"display_name":"jetskiforsaleuk@gmail.com","author_link":"https:\/\/caliweedeurope.com\/pl\/author\/"},"uagb_comment_info":0,"uagb_excerpt":"Afghan Black Hash \u2013 price per gram Afghan Black Hash is a hash clone. It is worldwide legal, and it will be legal forever. It does NOT contain any THC, synthetic cannabinoids or other research chemicals (like JWH-018, JWH-073, JWH-250, AM-2209 etc.). It is probably the best legal hash on the market. We only use&hellip;","_links":{"self":[{"href":"https:\/\/caliweedeurope.com\/pl\/wp-json\/wp\/v2\/product\/1342"}],"collection":[{"href":"https:\/\/caliweedeurope.com\/pl\/wp-json\/wp\/v2\/product"}],"about":[{"href":"https:\/\/caliweedeurope.com\/pl\/wp-json\/wp\/v2\/types\/product"}],"replies":[{"embeddable":true,"href":"https:\/\/caliweedeurope.com\/pl\/wp-json\/wp\/v2\/comments?post=1342"}],"wp:featuredmedia":[{"embeddable":true,"href":"https:\/\/caliweedeurope.com\/pl\/wp-json\/wp\/v2\/media\/1353"}],"wp:attachment":[{"href":"https:\/\/caliweedeurope.com\/pl\/wp-json\/wp\/v2\/media?parent=1342"}],"wp:term":[{"taxonomy":"product_brand","embeddable":true,"href":"https:\/\/caliweedeurope.com\/pl\/wp-json\/wp\/v2\/product_brand?post=1342"},{"taxonomy":"product_cat","embeddable":true,"href":"https:\/\/caliweedeurope.com\/pl\/wp-json\/wp\/v2\/product_cat?post=1342"},{"taxonomy":"product_tag","embeddable":true,"href":"https:\/\/caliweedeurope.com\/pl\/wp-json\/wp\/v2\/product_tag?post=1342"}],"curies":[{"name":"wp","href":"https:\/\/api.w.org\/{rel}","templated":true}]}}