{"id":1428,"date":"2024-11-03T21:32:51","date_gmt":"2024-11-03T21:32:51","guid":{"rendered":"https:\/\/caliweedeurope.com\/?post_type=product&#038;p=1428"},"modified":"2024-11-03T21:33:26","modified_gmt":"2024-11-03T21:33:26","slug":"gelato-weed-strain-for-sale","status":"publish","type":"product","link":"https:\/\/caliweedeurope.com\/pl\/product\/gelato-weed-strain-for-sale\/","title":{"rendered":"Gelato Weed strain For sale"},"content":{"rendered":"<h1><\/h1>\n<h1>\u00a0Kup Gelato Weed Strain \u2013 Egzotyczna marihuana najwy\u017cszej jako\u015bci<\/h1>\n<p class=\"translation-block\">Kolejny produkt najwy\u017cszej klasy od Deligentman.com! <span style=\"font-size: 14pt\"><strong>Gelato Weed<\/strong><\/span> to efekt skrzy\u017cowania Thin Mint Girl Scout Cookies i Sunset Sherbet, dw\u00f3ch odmian znanych z niesamowicie pysznych smak\u00f3w i aromat\u00f3w. Odmiana Gelato ma aromaty i smaki opisywane jako ziemiste, s\u0142odkie, mi\u0119towe, cytrusowe, jagodowe, d\u0119bowe, sorbetowe, pomara\u0144czowe, lawendowe i ciasteczkowe. Ro\u015blina Gelato jest niska i kr\u0119pa. Jej li\u015bcie s\u0105 ciemnozielone z ciemnofioletowymi odcieniami. P\u0105ki Gelato s\u0105 ciemnofioletowe, z jasnopomara\u0144czowymi w\u0142oskami. P\u0105ki s\u0105 lepkie z przeci\u0119tnym pokryciem kryszta\u0142kami trichom\u00f3w.<\/p>\n<p>Odmiana Gelato marihuany ma wysok\u0105 zawarto\u015b\u0107 THC w zakresie od 15% do 25%, co czyni j\u0105 do\u015b\u0107 siln\u0105 odmian\u0105. Hybrydowe efekty THC Design s\u0105 dobrze zr\u00f3wnowa\u017cone \u2013 interesuj\u0105ce po\u0142\u0105czenie o\u017cywienia i relaksu. Je\u015bli pragniesz cielesnego haju typowego dla indica, po\u0142\u0105czonego z przejrzysto\u015bci\u0105 sativa, kt\u00f3ra utrzymuje ci\u0119 na tyle aktywnym, by cieszy\u0107 si\u0119 efektami odmiany, ta jest dla ciebie. Jej efekty pojawiaj\u0105 si\u0119 szybko, zaczynaj\u0105c od euforii i intensywnego haju umys\u0142owego. Haj, kt\u00f3ry zapewnia, jest b\u0142ogi i podnosz\u0105cy na duchu. Stopniowy cielesny relaks narasta, a\u017c poczujesz si\u0119 ca\u0142kowicie zrelaksowany i spokojny, ale z wystarczaj\u0105c\u0105 ilo\u015bci\u0105 energii i skupienia, aby pozosta\u0107 pozytywnym i towarzyskim.<\/p>\n<p class=\"translation-block\">Kup Gelato 45 UK<b>,\u00a0<\/b>Gelato\u00a0<b>#45 vs 33 r\u00f3wnie\u017c kup <\/b>Gelato 45\u00a0<b>allbud,\u00a0<\/b>Gelato\u00a0<b>41<\/b>-odmiana,\u00a0Gelato\u00a0<b>#45 plon,\u00a0<\/b>Gelato 45-odmiana\u00a0<b>Smart Cart,\u00a0<\/b>Gelato 45\u00a0<b>vs 33,\u00a0<\/b>Gelato 45-odmiana\u00a0<b>Indica czy Sativa,\u00a0<\/b><b>Gelati vs<\/b>\u00a0Gelato-odmiana,\u00a0Gelato-odmiana\u00a0<b>45,\u00a0<\/b><b>Shark<\/b>-Gelato-odmiana,\u00a0Gelato\u00a0<b>41<\/b>-odmiana,\u00a0<b>Wedding Cake<\/b>-odmiana,\u00a0<b>Blueberry<\/b>-Gelato-odmiana,\u00a0<b>Lemon<\/b>-Gelato-odmiana, konopie<\/p>\n<h3>Medyczne korzy\u015bci z u\u017cywania hybrydowej odmiany Gelato Weed<\/h3>\n<p>Delikatne dzia\u0142anie m\u00f3zgowe Gelato w po\u0142\u0105czeniu z jednoczesnym rozlu\u017anieniem cia\u0142a sprawia, \u017ce jest to ulubiony szczep na zaburzenia l\u0119kowe i przewlek\u0142y stres. Gelato dostarcza zastrzyk energii m\u00f3zgowej, kt\u00f3ry pomaga z\u0142agodzi\u0107 przewlek\u0142\u0105 depresj\u0119. To pobudzenie mo\u017ce r\u00f3wnie\u017c pom\u00f3c pacjentom z zaburzeniami uwagi, takimi jak ADHD i ADD. Sk\u0142adnik Indica rozlu\u017ania cia\u0142o, t\u0142umi\u0105c nadpobudliwo\u015b\u0107, podczas gdy Sativa zapewnia niezb\u0119dn\u0105 stymulacj\u0119 do utrzymania koncentracji. Szczep Gelato pomaga w nudno\u015bciach dzi\u0119ki swojemu kusz\u0105cemu smakowi i zapachowi; ponadto ten szczep konopi Gelato pomaga tak\u017ce w pobudzeniu apetytu u pacjent\u00f3w cierpi\u0105cych na nudno\u015bci spowodowane chemioterapi\u0105 raka lub chorobami autoimmunologicznymi.<\/p>\n<h3>Efekty szczepu marihuany Gelato 45<\/h3>\n<ul>\n<li>Szcz\u0119\u015bliwy<\/li>\n<li>Euforyczny<\/li>\n<li>Zrelaksowany<\/li>\n<li>Wzniesiony<\/li>\n<li>Kreatywny<\/li>\n<\/ul>\n<p>Klasyfikacja: 55% Indica \/ 45% Sativa<\/p>\n<p>Pochodzenie: Thin Mint Girl Scout Cookies X Sunset Sherbet<\/p>\n<p>Kwitnienie: 8 \u2013 9 tygodni<\/p>\n<p>Warunki uprawy: Wewn\u0105trz \/ Na zewn\u0105trz<\/p>\n<p>Plon: \u015aredni do Wysokiego<\/p>\n<p>&nbsp;<\/p>\n<div id=\"extrares\">\n<div id=\"botstuff\">\n<div data-ved=\"2ahUKEwjOnKHOuNLqAhVbHzQIHWV0BAUQCHoECA0QKA\">\n<div id=\"brs\" data-hveid=\"CAwQAA\">\n<div class=\"card-section\">\n<div class=\"brs_col\">\n<p class=\"nVcaUb translation-block\">Kup Gelato 45 UK<b>, gdzie kupi\u0107 <\/b>Gelato\u00a0<b>#45 vs 33, <\/b>Gelato 45\u00a0<b>wszystkie p\u0105ki na sprzeda\u017c, <\/b>Gelato\u00a0<b>41<\/b> odmiana, Gelato\u00a0<b>#45 plon, <\/b>Gelato 45 odmiana\u00a0<b>Smart Cart, <\/b>Gelato 45\u00a0<b>vs 33, <\/b>Gelato 45 odmiana\u00a0<b>indica czy sativa, <\/b><b>gelati vs<\/b> odmiana gelato, odmiana gelato\u00a0<b>45, mo\u017cesz r\u00f3wnie\u017c kupi\u0107 <\/b><b>Shark<\/b> gelato odmiana, Gelato\u00a0<b>41<\/b> odmiana, <b>wedding cake<\/b> odmiana, <b>blueberry<\/b> gelato odmiana, <b>sherbet<\/b> odmiana, <b>Lemon<\/b> gelato odmiana. Mo\u017cesz kupi\u0107 Gelato <a href=\"https:\/\/kifpot.com\/\" target=\"_blank\" rel=\"noopener\">CBD kwiaty konopi<\/a><\/p>\n<p class=\"translation-block\"><a href=\"https:\/\/deligentman.com\/buy-cannabis-online-uk\/\" target=\"_blank\" rel=\"noopener\"><span style=\"font-weight: 400\">Nasz sklep<\/span><\/a><span style=\"font-weight: 400\"> jest jednym z najlepszych sklep\u00f3w do kupowania trawy online w Wielkiej Brytanii, Europie, USA i UE, z lub bez karty medycznej. Mamy r\u00f3wnie\u017c wysokiej jako\u015bci odmiany trawy z najwy\u017cszej p\u00f3\u0142ki na sprzeda\u017c. Trawa z Irlandii na sprzeda\u017c w USA. Oferujemy bezp\u0142atn\u0105 dostaw\u0119 na terenie Wielkiej Brytanii, Europy i USA. Aquatic Weed Cutter na sprzeda\u017c w Wielkiej Brytanii. Jak kupowa\u0107 traw\u0119 online, <\/span><span style=\"font-weight: 400\">zam\u00f3w traw\u0119 online w Wielkiej Brytanii, USA, UE. <\/span>Kup konopie online, mo\u017cesz zam\u00f3wi\u0107 traw\u0119 i konopie online w Wielkiej Brytanii. Dostarczamy szybko za pomoc\u0105 Next Day Delivery. Otrzymaj traw\u0119 i konopie na sprzeda\u017c w UK Weed Supermarket. Kup konopie online w Wielkiej Brytanii i zam\u00f3w traw\u0119 UK, Kup traw\u0119 online UK Kup marihuan\u0119 online UK. Dostarczamy szybko za pomoc\u0105 Next Day Delivery. Trawa na sprzeda\u017c w Wielkiej Brytanii. Aquatic Weed Cutter na sprzeda\u017c w Wielkiej Brytanii. Jak kupowa\u0107 traw\u0119 online.<\/p>\n<\/p><\/div>\n<\/p><\/div>\n<\/p><\/div>\n<\/p><\/div>\n<\/p><\/div>\n<\/p><\/div>\n<div>\n<div id=\"foot\" role=\"navigation\">\n<div class=\"brs_col\">\n<p class=\"nVcaUb\"> <\/div>\n<\/p><\/div>\n<\/p><\/div>","protected":false},"excerpt":{"rendered":"<p>Gelato Weed \u0142\u0105czy \u0142agodny i owocowy urok Sunset Sherbert z ziemistym, zio\u0142owym smakiem Thin Mints. Dzi\u0119ki ograniczonej dost\u0119pno\u015bci oraz odwa\u017cnemu wygl\u0105dowi i smakowi, ta odmiana wpisuje si\u0119 w now\u0105 kategori\u0119 rzemie\u015blniczych hybryd zachodniego wybrze\u017ca, kt\u00f3re koncentruj\u0105 si\u0119 na smaku. Gelato posiada wiele po\u017c\u0105danych cech wynikaj\u0105cych z jej mocno krzy\u017cowanego rodowodu i wyr\u00f3\u017cnia si\u0119 wyj\u0105tkowym wygl\u0105dem i smakiem. Jej psychodeliczny, ale relaksuj\u0105cy charakter czyni j\u0105 doskona\u0142ym wyborem na samotn\u0105 introspekcj\u0119 lub towarzyskie rozmowy.<a href=\"http:\/\/kifpot.com\">.<\/a><\/p>","protected":false},"featured_media":1440,"comment_status":"closed","ping_status":"closed","template":"","meta":{"_uag_custom_page_level_css":"","site-sidebar-layout":"default","site-content-layout":"","ast-site-content-layout":"","site-content-style":"default","site-sidebar-style":"default","ast-global-header-display":"","ast-banner-title-visibility":"","ast-main-header-display":"","ast-hfb-above-header-display":"","ast-hfb-below-header-display":"","ast-hfb-mobile-header-display":"","site-post-title":"","ast-breadcrumbs-content":"","ast-featured-img":"","footer-sml-layout":"","theme-transparent-header-meta":"","adv-header-id-meta":"","stick-header-meta":"","header-above-stick-meta":"","header-main-stick-meta":"","header-below-stick-meta":"","astra-migrate-meta-layouts":"default","ast-page-background-enabled":"default","ast-page-background-meta":{"desktop":{"background-color":"var(--ast-global-color-4)","background-image":"","background-repeat":"repeat","background-position":"center center","background-size":"auto","background-attachment":"scroll","background-type":"","background-media":"","overlay-type":"","overlay-color":"","overlay-opacity":"","overlay-gradient":""},"tablet":{"background-color":"","background-image":"","background-repeat":"repeat","background-position":"center center","background-size":"auto","background-attachment":"scroll","background-type":"","background-media":"","overlay-type":"","overlay-color":"","overlay-opacity":"","overlay-gradient":""},"mobile":{"background-color":"","background-image":"","background-repeat":"repeat","background-position":"center center","background-size":"auto","background-attachment":"scroll","background-type":"","background-media":"","overlay-type":"","overlay-color":"","overlay-opacity":"","overlay-gradient":""}},"ast-content-background-meta":{"desktop":{"background-color":"var(--ast-global-color-5)","background-image":"","background-repeat":"repeat","background-position":"center center","background-size":"auto","background-attachment":"scroll","background-type":"","background-media":"","overlay-type":"","overlay-color":"","overlay-opacity":"","overlay-gradient":""},"tablet":{"background-color":"var(--ast-global-color-5)","background-image":"","background-repeat":"repeat","background-position":"center center","background-size":"auto","background-attachment":"scroll","background-type":"","background-media":"","overlay-type":"","overlay-color":"","overlay-opacity":"","overlay-gradient":""},"mobile":{"background-color":"var(--ast-global-color-5)","background-image":"","background-repeat":"repeat","background-position":"center center","background-size":"auto","background-attachment":"scroll","background-type":"","background-media":"","overlay-type":"","overlay-color":"","overlay-opacity":"","overlay-gradient":""}}},"product_brand":[],"product_cat":[22,228],"product_tag":[229,230,231,232,233,234,235,236,237,238,239,240,241,242,243,244,245,246,247,248,138,249],"class_list":{"0":"post-1428","1":"product","2":"type-product","3":"status-publish","4":"has-post-thumbnail","6":"product_cat-hybrid","7":"product_cat-indica","8":"product_tag-blueberry-gelato-strain","9":"product_tag-buy-gelato-45-uk","10":"product_tag-buy-gelato-weed","11":"product_tag-buy-weed-online-uk","12":"product_tag-eu-buy-cannabis-online","13":"product_tag-europe","14":"product_tag-gelati-vs-gelato-strain","15":"product_tag-gelato-45-vs-33","16":"product_tag-gelato-45-yield","17":"product_tag-gelato-41-strain","18":"product_tag-gelato-45-allbud","19":"product_tag-gelato-45-strain-indica-or-sativa","20":"product_tag-gelato-45-strain-smart-cart","21":"product_tag-gelato-strain-45","22":"product_tag-how-to-buy-gelato-strain","23":"product_tag-lemon-gelato-strain","24":"product_tag-mail-order-weed-uk","25":"product_tag-order-weed-online-uk","26":"product_tag-shark-gelato-strain","27":"product_tag-usa","28":"product_tag-wedding-cake-strain","29":"product_tag-where-to-buy-gelato-weed","30":"desktop-align-center","31":"tablet-align-left","32":"mobile-align-left","34":"first","35":"instock","36":"sale","37":"shipping-taxable","38":"purchasable","39":"product-type-variable"},"uagb_featured_image_src":{"full":["https:\/\/caliweedeurope.com\/wp-content\/uploads\/2024\/11\/gelato__primary_0dc7.jpg",1040,1024,false],"thumbnail":["https:\/\/caliweedeurope.com\/wp-content\/uploads\/2024\/11\/gelato__primary_0dc7-150x150.jpg",150,150,true],"medium":["https:\/\/caliweedeurope.com\/wp-content\/uploads\/2024\/11\/gelato__primary_0dc7-300x295.jpg",300,295,true],"medium_large":["https:\/\/caliweedeurope.com\/wp-content\/uploads\/2024\/11\/gelato__primary_0dc7-768x756.jpg",768,756,true],"large":["https:\/\/caliweedeurope.com\/wp-content\/uploads\/2024\/11\/gelato__primary_0dc7-1024x1008.jpg",1024,1008,true],"1536x1536":["https:\/\/caliweedeurope.com\/wp-content\/uploads\/2024\/11\/gelato__primary_0dc7.jpg",1040,1024,false],"2048x2048":["https:\/\/caliweedeurope.com\/wp-content\/uploads\/2024\/11\/gelato__primary_0dc7.jpg",1040,1024,false],"trp-custom-language-flag":["https:\/\/caliweedeurope.com\/wp-content\/uploads\/2024\/11\/gelato__primary_0dc7.jpg",12,12,false],"woocommerce_thumbnail":["https:\/\/caliweedeurope.com\/wp-content\/uploads\/2024\/11\/gelato__primary_0dc7-300x300.jpg",300,300,true],"woocommerce_single":["https:\/\/caliweedeurope.com\/wp-content\/uploads\/2024\/11\/gelato__primary_0dc7-600x591.jpg",600,591,true],"woocommerce_gallery_thumbnail":["https:\/\/caliweedeurope.com\/wp-content\/uploads\/2024\/11\/gelato__primary_0dc7-100x100.jpg",100,100,true]},"uagb_author_info":{"display_name":"jetskiforsaleuk@gmail.com","author_link":"https:\/\/caliweedeurope.com\/pl\/author\/"},"uagb_comment_info":0,"uagb_excerpt":"Gelato Weed has all the smooth and fruity appeal of Sunset Sherbert with the earthy, herbal goodness of Thin Mints. With limited availability and a bold look and taste, this strain falls into an emerging category of west coast craft hybrids that are focused on taste. Carrying multiple desirable traits from its heavily crossbred lineage,&hellip;","_links":{"self":[{"href":"https:\/\/caliweedeurope.com\/pl\/wp-json\/wp\/v2\/product\/1428"}],"collection":[{"href":"https:\/\/caliweedeurope.com\/pl\/wp-json\/wp\/v2\/product"}],"about":[{"href":"https:\/\/caliweedeurope.com\/pl\/wp-json\/wp\/v2\/types\/product"}],"replies":[{"embeddable":true,"href":"https:\/\/caliweedeurope.com\/pl\/wp-json\/wp\/v2\/comments?post=1428"}],"wp:featuredmedia":[{"embeddable":true,"href":"https:\/\/caliweedeurope.com\/pl\/wp-json\/wp\/v2\/media\/1440"}],"wp:attachment":[{"href":"https:\/\/caliweedeurope.com\/pl\/wp-json\/wp\/v2\/media?parent=1428"}],"wp:term":[{"taxonomy":"product_brand","embeddable":true,"href":"https:\/\/caliweedeurope.com\/pl\/wp-json\/wp\/v2\/product_brand?post=1428"},{"taxonomy":"product_cat","embeddable":true,"href":"https:\/\/caliweedeurope.com\/pl\/wp-json\/wp\/v2\/product_cat?post=1428"},{"taxonomy":"product_tag","embeddable":true,"href":"https:\/\/caliweedeurope.com\/pl\/wp-json\/wp\/v2\/product_tag?post=1428"}],"curies":[{"name":"wp","href":"https:\/\/api.w.org\/{rel}","templated":true}]}}