{"id":1449,"date":"2024-11-03T21:33:04","date_gmt":"2024-11-03T21:33:04","guid":{"rendered":"https:\/\/caliweedeurope.com\/?post_type=product&#038;p=1449"},"modified":"2024-11-03T21:33:26","modified_gmt":"2024-11-03T21:33:26","slug":"buy-710-kingpen-vape-cartridges","status":"publish","type":"product","link":"https:\/\/caliweedeurope.com\/pl\/product\/buy-710-kingpen-vape-cartridges\/","title":{"rendered":"Kup 710 Kingpen Vape-Cartridges"},"content":{"rendered":"<h1><strong>KUP 710 KINGPEN VAPE-CARTRIDGES UK DOSTAWA ONLINE TANIO EUROPA<\/strong><\/h1>\n<p>Szukasz zakupu wk\u0142ad\u00f3w 710 KingPen online lub dostawy vape pena 710 KingPen? <a href=\"https:\/\/weedmaps.com\/brands\/710-kingpen\" target=\"_blank\" rel=\"noopener noreferrer\">710 KingPen<\/a>\u00a0to osobisty vaporizer marihuany \/ THC od LoudPack Extracts, lub \"Vape Pen\". To urz\u0105dzenie zyska\u0142o popularno\u015b\u0107 w ostatnich latach, poniewa\u017c produkty tytoniowe przyj\u0119\u0142y podobny wygl\u0105d i odczucie z ich wersj\u0105 vape pen, zwan\u0105 E-Cigs, a stigma zwi\u0105zana z u\u017cywaniem marihuany nadal znika.\u00a0<a href=\"https:\/\/www.leafly.com\/brands\/710-kingpen\" target=\"_blank\" rel=\"noopener noreferrer\">710 KingPen<\/a>\u00a0jest przeno\u015bnym vaporizerem nowej generacji, zaprojektowanym tak, aby podgrzewa\u0142 produkt do temperatury tu\u017c poni\u017cej poziomu spalania, dzi\u0119ki czemu wytwarza par\u0119, kt\u00f3r\u0105 si\u0119 wdycha, zamiast dymu. Wiele pacjent\u00f3w medycznych marihuany, kt\u00f3rzy nie mog\u0105 pali\u0107, polega na tej metodzie leczenia. Jest to powszechnie znany fakt medyczny, \u017ce rakotw\u00f3rcze substancje zwi\u0105zane z paleniem s\u0105 znacznie bardziej niebezpieczne ni\u017c metoda waporyzacji. A poniewa\u017c 710 KingPen zapewnia dyskretny spos\u00f3b u\u017cywania medycznej marihuany w miejscach publicznych, jest r\u00f3wnie\u017c bardzo poszukiwany na rynkach rekreacyjnych. Kup 710 Kingpen Vape-Cartridges.<\/p>\n<h2 class=\"css-1jisqi6\">7 Korzy\u015bci i zastosowania oleju CBD (plus efekty uboczne)<\/h2>\n<p>Kannabidiol to popularny naturalny \u015brodek stosowany w leczeniu wielu powszechnych dolegliwo\u015bci. Lepiej znany jako CBD, jest jednym z ponad 100 zwi\u0105zk\u00f3w chemicznych zwanych kannabinoidami, kt\u00f3re znajduj\u0105 si\u0119 w ro\u015blinie konopi lub marihuany.\u00a0<em>Cannabis sativa<\/em>. Kup wk\u0142ady vape 710 Kingpen<\/p>\n<p>Tetrahydrokannabinol (THC) jest g\u0142\u00f3wnym psychoaktywnym kannabinoidem wyst\u0119puj\u0105cym w konopiach i powoduje uczucie \"haju\", kt\u00f3re cz\u0119sto kojarzy si\u0119 z marihuan\u0105. Jednak\u017ce,\u00a0<a class=\"content-link css-5r4717\" href=\"https:\/\/www.healthline.com\/health\/cbd-vs-thc\" target=\"_blank\" rel=\"noopener noreferrer\">unlike THC<\/a>, CBD nie jest psychoaktywny.<\/p>\n<p>Ta cecha sprawia, \u017ce CBD jest atrakcyjn\u0105 opcj\u0105 dla os\u00f3b szukaj\u0105cych ulgi w b\u00f3lu i innych objawach bez odurzaj\u0105cych efekt\u00f3w marihuany lub niekt\u00f3rych lek\u00f3w farmaceutycznych. Olej CBD powstaje poprzez ekstrakcj\u0119 CBD z ro\u015bliny konopi i rozcie\u0144czenie go olejem no\u015bnikowym, takim jak olej kokosowy lub z nasion konopi.<\/p>\n<p>Zyskuje na popularno\u015bci w \u015bwiecie zdrowia i wellness, a niekt\u00f3re badania naukowe potwierdzaj\u0105, \u017ce mo\u017ce \u0142agodzi\u0107 objawy, takie jak przewlek\u0142y b\u00f3l i l\u0119k. Oto siedem korzy\u015bci zdrowotnych oleju CBD popartych dowodami naukowymi.<\/p>\n<h3>Mo\u017ce \u0142agodzi\u0107 b\u00f3l \u2013 Kup 710 Kingpen Vape Cartridges Wielka Brytania, USA, Europa<\/h3>\n<p>Marihuana by\u0142a u\u017cywana do leczenia b\u00f3lu ju\u017c w 2900 roku p.n.e. Niedawno naukowcy odkryli, \u017ce niekt\u00f3re sk\u0142adniki marihuany, w tym CBD, s\u0105 odpowiedzialne za jej dzia\u0142anie przeciwb\u00f3lowe. Ludzkie cia\u0142o zawiera wyspecjalizowany system zwany\u00a0<a class=\"content-link css-5r4717\" href=\"https:\/\/www.healthline.com\/health\/endocannabinoid-system\" target=\"_blank\" rel=\"noopener noreferrer\">endocannabinoid system (ECS)<\/a>, kt\u00f3ry jest zaanga\u017cowany w regulacj\u0119 r\u00f3\u017cnych funkcji, w tym snu, apetytu, b\u00f3lu i reakcji uk\u0142adu odporno\u015bciowego.<\/p>\n<p>Organizm produkuje endokannabinoidy, kt\u00f3re s\u0105 neuroprzeka\u017anikami wi\u0105\u017c\u0105cymi si\u0119 z receptorami kannabinoidowymi w uk\u0142adzie nerwowym. Badania wykaza\u0142y, \u017ce CBD mo\u017ce pom\u00f3c w zmniejszeniu przewlek\u0142ego b\u00f3lu poprzez wp\u0142yw na aktywno\u015b\u0107 receptor\u00f3w endokannabinoidowych, redukcj\u0119 stanu zapalnego i interakcj\u0119 z neuroprzeka\u017anikami.<\/p>\n<p>Na przyk\u0142ad jedno badanie na szczurach wykaza\u0142o, \u017ce zastrzyki z CBD zmniejszy\u0142y reakcj\u0119 b\u00f3low\u0105 na naci\u0119cie chirurgiczne, podczas gdy inne badanie na szczurach wykaza\u0142o, \u017ce doustne stosowanie CBD znacz\u0105co zmniejszy\u0142o b\u00f3l i stan zapalny nerwu kulszowego. Kilka bada\u0144 na ludziach wykaza\u0142o, \u017ce po\u0142\u0105czenie CBD i THC jest skuteczne w leczeniu b\u00f3lu zwi\u0105zanego ze stwardnieniem rozsianym i zapaleniem staw\u00f3w. <a href=\"https:\/\/deligentman.com\/\" target=\"_blank\" rel=\"noopener\">mail order weed uk<\/a>.<\/p>\n<p>Spray doustny o nazwie Sativex, b\u0119d\u0105cy po\u0142\u0105czeniem THC i CBD, jest zatwierdzony w kilku krajach do leczenia b\u00f3lu zwi\u0105zanego ze stwardnieniem rozsianym. Jedno z bada\u0144 przeprowadzonych na 47 osobach ze stwardnieniem rozsianym bada\u0142o skutki stosowania Sativexu przez miesi\u0105c. Uczestnicy odnotowali popraw\u0119 w zakresie b\u00f3lu, chodzenia i skurcz\u00f3w mi\u0119\u015bni. Jednak badanie nie obejmowa\u0142o grupy kontrolnej, co oznacza, \u017ce nie mo\u017cna wykluczy\u0107 efektu placebo. Inne badanie wykaza\u0142o, \u017ce Sativex znacz\u0105co poprawi\u0142 b\u00f3l podczas ruchu, b\u00f3l w spoczynku oraz jako\u015b\u0107 snu u 58 os\u00f3b z reumatoidalnym zapaleniem staw\u00f3w.<\/p>\n<p>kingpen oil, buy online, 710 kingpen vape pen, 710 cartridge, 710 king pen battery kit for sale, best vape pen for kingpen cartridges, buy vape carts, gelato kingpen, Buy Kingpen Vape Cartridges,<\/p>","protected":false},"excerpt":{"rendered":"<p>BUY 710 KINGPEN VAPE-CARTRIDGES UK ONLINE DELIVERY CHEAP EUROPE Looking to Buy 710 kingpen vape cartridges online. or 710 kingpen vape pen delivery?. The 710 KingPen\u00a0is LoudPack Extracts personal marijuana \/ THC vaporizer, or \u201cVape Pen\u201d. This device has gained popularity in recent years, as tobacco products take on a similar look-and-feel with their version [&hellip;]<\/p>","protected":false},"featured_media":1476,"comment_status":"closed","ping_status":"closed","template":"","meta":{"_uag_custom_page_level_css":"","site-sidebar-layout":"default","site-content-layout":"","ast-site-content-layout":"","site-content-style":"default","site-sidebar-style":"default","ast-global-header-display":"","ast-banner-title-visibility":"","ast-main-header-display":"","ast-hfb-above-header-display":"","ast-hfb-below-header-display":"","ast-hfb-mobile-header-display":"","site-post-title":"","ast-breadcrumbs-content":"","ast-featured-img":"","footer-sml-layout":"","theme-transparent-header-meta":"","adv-header-id-meta":"","stick-header-meta":"","header-above-stick-meta":"","header-main-stick-meta":"","header-below-stick-meta":"","astra-migrate-meta-layouts":"default","ast-page-background-enabled":"default","ast-page-background-meta":{"desktop":{"background-color":"var(--ast-global-color-4)","background-image":"","background-repeat":"repeat","background-position":"center center","background-size":"auto","background-attachment":"scroll","background-type":"","background-media":"","overlay-type":"","overlay-color":"","overlay-opacity":"","overlay-gradient":""},"tablet":{"background-color":"","background-image":"","background-repeat":"repeat","background-position":"center center","background-size":"auto","background-attachment":"scroll","background-type":"","background-media":"","overlay-type":"","overlay-color":"","overlay-opacity":"","overlay-gradient":""},"mobile":{"background-color":"","background-image":"","background-repeat":"repeat","background-position":"center center","background-size":"auto","background-attachment":"scroll","background-type":"","background-media":"","overlay-type":"","overlay-color":"","overlay-opacity":"","overlay-gradient":""}},"ast-content-background-meta":{"desktop":{"background-color":"var(--ast-global-color-5)","background-image":"","background-repeat":"repeat","background-position":"center center","background-size":"auto","background-attachment":"scroll","background-type":"","background-media":"","overlay-type":"","overlay-color":"","overlay-opacity":"","overlay-gradient":""},"tablet":{"background-color":"var(--ast-global-color-5)","background-image":"","background-repeat":"repeat","background-position":"center center","background-size":"auto","background-attachment":"scroll","background-type":"","background-media":"","overlay-type":"","overlay-color":"","overlay-opacity":"","overlay-gradient":""},"mobile":{"background-color":"var(--ast-global-color-5)","background-image":"","background-repeat":"repeat","background-position":"center center","background-size":"auto","background-attachment":"scroll","background-type":"","background-media":"","overlay-type":"","overlay-color":"","overlay-opacity":"","overlay-gradient":""}}},"product_brand":[],"product_cat":[114],"product_tag":[272,273,274,275,276,277,278,279,280,281,282,283,284,245,285,286,287,288,289],"class_list":{"0":"post-1449","1":"product","2":"type-product","3":"status-publish","4":"has-post-thumbnail","6":"product_cat-wholesale-vape-cartridges-online","7":"product_tag-710-cartridge","8":"product_tag-710-king-pen-battery-kit-for-sale","9":"product_tag-710-kingpen-vape-pen","10":"product_tag-best-vape-pen-for-kingpen-cartridges","11":"product_tag-buy-cannabis-online","12":"product_tag-buy-kingpen-vape-cartridges","13":"product_tag-buy-online","14":"product_tag-buy-vape-cartridges-uk","15":"product_tag-buy-vape-carts","16":"product_tag-cannabis-online-in-the-uk","17":"product_tag-gelato-kingpen","18":"product_tag-get-cannabis","19":"product_tag-kingpen-oil","20":"product_tag-mail-order-weed-uk","21":"product_tag-order-weed-online-ireland","22":"product_tag-we-deliver-fast-using-next-day-delivery","23":"product_tag-weed-for-sale-in-uk","24":"product_tag-weed-supermarket-buy-cannabis-online-uk","25":"product_tag-you-can-order-weed","26":"desktop-align-center","27":"tablet-align-left","28":"mobile-align-left","30":"first","31":"instock","32":"sale","33":"shipping-taxable","34":"purchasable","35":"product-type-variable"},"uagb_featured_image_src":{"full":["https:\/\/caliweedeurope.com\/wp-content\/uploads\/2024\/11\/Buy-710-Kingpen-Vape-Cartridges.jpg",1080,1080,false],"thumbnail":["https:\/\/caliweedeurope.com\/wp-content\/uploads\/2024\/11\/Buy-710-Kingpen-Vape-Cartridges-150x150.jpg",150,150,true],"medium":["https:\/\/caliweedeurope.com\/wp-content\/uploads\/2024\/11\/Buy-710-Kingpen-Vape-Cartridges-300x300.jpg",300,300,true],"medium_large":["https:\/\/caliweedeurope.com\/wp-content\/uploads\/2024\/11\/Buy-710-Kingpen-Vape-Cartridges-768x768.jpg",768,768,true],"large":["https:\/\/caliweedeurope.com\/wp-content\/uploads\/2024\/11\/Buy-710-Kingpen-Vape-Cartridges-1024x1024.jpg",1024,1024,true],"1536x1536":["https:\/\/caliweedeurope.com\/wp-content\/uploads\/2024\/11\/Buy-710-Kingpen-Vape-Cartridges.jpg",1080,1080,false],"2048x2048":["https:\/\/caliweedeurope.com\/wp-content\/uploads\/2024\/11\/Buy-710-Kingpen-Vape-Cartridges.jpg",1080,1080,false],"trp-custom-language-flag":["https:\/\/caliweedeurope.com\/wp-content\/uploads\/2024\/11\/Buy-710-Kingpen-Vape-Cartridges.jpg",12,12,false],"woocommerce_thumbnail":["https:\/\/caliweedeurope.com\/wp-content\/uploads\/2024\/11\/Buy-710-Kingpen-Vape-Cartridges-300x300.jpg",300,300,true],"woocommerce_single":["https:\/\/caliweedeurope.com\/wp-content\/uploads\/2024\/11\/Buy-710-Kingpen-Vape-Cartridges-600x600.jpg",600,600,true],"woocommerce_gallery_thumbnail":["https:\/\/caliweedeurope.com\/wp-content\/uploads\/2024\/11\/Buy-710-Kingpen-Vape-Cartridges-100x100.jpg",100,100,true]},"uagb_author_info":{"display_name":"jetskiforsaleuk@gmail.com","author_link":"https:\/\/caliweedeurope.com\/pl\/author\/"},"uagb_comment_info":0,"uagb_excerpt":"BUY 710 KINGPEN VAPE-CARTRIDGES UK ONLINE DELIVERY CHEAP EUROPE Looking to Buy 710 kingpen vape cartridges online. or 710 kingpen vape pen delivery?. The 710 KingPen\u00a0is LoudPack Extracts personal marijuana \/ THC vaporizer, or \u201cVape Pen\u201d. This device has gained popularity in recent years, as tobacco products take on a similar look-and-feel with their version&hellip;","_links":{"self":[{"href":"https:\/\/caliweedeurope.com\/pl\/wp-json\/wp\/v2\/product\/1449"}],"collection":[{"href":"https:\/\/caliweedeurope.com\/pl\/wp-json\/wp\/v2\/product"}],"about":[{"href":"https:\/\/caliweedeurope.com\/pl\/wp-json\/wp\/v2\/types\/product"}],"replies":[{"embeddable":true,"href":"https:\/\/caliweedeurope.com\/pl\/wp-json\/wp\/v2\/comments?post=1449"}],"wp:featuredmedia":[{"embeddable":true,"href":"https:\/\/caliweedeurope.com\/pl\/wp-json\/wp\/v2\/media\/1476"}],"wp:attachment":[{"href":"https:\/\/caliweedeurope.com\/pl\/wp-json\/wp\/v2\/media?parent=1449"}],"wp:term":[{"taxonomy":"product_brand","embeddable":true,"href":"https:\/\/caliweedeurope.com\/pl\/wp-json\/wp\/v2\/product_brand?post=1449"},{"taxonomy":"product_cat","embeddable":true,"href":"https:\/\/caliweedeurope.com\/pl\/wp-json\/wp\/v2\/product_cat?post=1449"},{"taxonomy":"product_tag","embeddable":true,"href":"https:\/\/caliweedeurope.com\/pl\/wp-json\/wp\/v2\/product_tag?post=1449"}],"curies":[{"name":"wp","href":"https:\/\/api.w.org\/{rel}","templated":true}]}}