{"id":1454,"date":"2024-11-03T21:33:04","date_gmt":"2024-11-03T21:33:04","guid":{"rendered":"https:\/\/caliweedeurope.com\/?post_type=product&#038;p=1454"},"modified":"2024-11-03T21:33:26","modified_gmt":"2024-11-03T21:33:26","slug":"buy-acdc-marijuana-strain","status":"publish","type":"product","link":"https:\/\/caliweedeurope.com\/pl\/product\/buy-acdc-marijuana-strain\/","title":{"rendered":"Kup szczep marihuany ACDC"},"content":{"rendered":"<h1>Kup szczep marihuany ACDC \u2013 Buy weed Europe<\/h1>\n<p>Kup ACDC marihuan\u0119 w Europie, Wielkiej Brytanii, USA, tak samo koj\u0105ce i rewitalizuj\u0105ce jak s\u0142uchanie niekt\u00f3rych twoich ulubionych utwor\u00f3w, <a href=\"https:\/\/www.leafly.com\/strains\/acdc\" target=\"_blank\" rel=\"noopener noreferrer\">ACDC<\/a>\u00a0ta odmiana r\u00f3wnie\u017c ci\u0119 rewitalizuje i przygotuje do dzia\u0142ania. Ma bardzo wysoki poziom CBD i zosta\u0142a uznana za jedn\u0105 z najlepszych odmian o wysokim poziomie CBD do cel\u00f3w medycznych. ACDC mo\u017ce pom\u00f3c w r\u00f3\u017cnych dolegliwo\u015bciach, od b\u00f3lu nerwowego i stwardnienia rozsianego po epilepsj\u0119 i PTSD. Wszystko to przy prawie braku efekt\u00f3w psychoaktywnych. Chocia\u017c nie wywo\u0142uj\u0105 \u017cadnych efekt\u00f3w psychoaktywnych, odmiany konopi o wysokiej zawarto\u015bci CBD, takie jak ACDC, s\u0105 w du\u017cym popycie ze wzgl\u0119du na ich nieintoksykuj\u0105c\u0105, 100% naturaln\u0105 form\u0119 terapii.<\/p>\n<p>ACDC nale\u017cy do rzadkich odmian\u00a0<a href=\"https:\/\/www.bonzaseeds.com\/blog\/different-types-cannabis-plants\/\" target=\"_blank\" rel=\"noopener noreferrer\">cannabis<\/a> ACDC jest jednym z rzadkich szczep\u00f3w, kt\u00f3re zapewniaj\u0105 u\u017cytkownikom \"high\" bez efekt\u00f3w psychoaktywnych. Przy tym szczepie nie ma do\u015bwiadcze\u0144 psychodelicznych ani narkotycznych stan\u00f3w. Gdzie to si\u0119 wyr\u00f3\u017cnia, to zastosowanie medyczne. Dlatego niekt\u00f3rzy wol\u0105 traktowa\u0107 go jako suplement diety. Kup szczep ACDC lub nasiona na b\u00f3l, l\u0119k, sen i depresj\u0119 hurtowo w Europie z prawdziwej apteki online z darmow\u0105 dostaw\u0105 na nast\u0119pny dzie\u0144. Czy mo\u017cna kupi\u0107 marihuan\u0119 w Georgii? Gdzie kupi\u0107 marihuan\u0119 w Georgii? Kup marihuan\u0119 w Irlandii, kup fajk\u0119 do marihuany w Irlandii, najlepsze miejsce do kupienia marihuany w Irlandii.<\/p>\n<div class=\"css-63oe3q\">\n<div class=\"css-63oe3q\"><\/div>\n<\/p><\/div>\n<h2><strong>Cannabis na Sprzeda\u017c Online \u2013 Cannabis Medyczny na Sprzeda\u017c \u2013 Kup Szczep ACDC<\/strong><\/h2>\n<p>ACDC zdoby\u0142o kilka nagr\u00f3d i wyr\u00f3\u017cnie\u0144. W \u015bwiecie, w kt\u00f3rym wi\u0119kszo\u015b\u0107 os\u00f3b my\u015bli o konopiach pod k\u0105tem mocy, to jest zupe\u0142nym przeciwie\u0144stwem. Zawiera do 24% CBD, co sprawia, \u017ce jest skutecznym leczeniem napad\u00f3w i epilepsji.<\/p>\n<p>Chocia\u017c wiele odmian marihuany jest zaprojektowanych, aby ci\u0119 odurzy\u0107,\u00a0<strong>mie\u0107 kilka dobrych \u015bmiech\u00f3w<\/strong>, i 'dostosuj' chemi\u0119 swojego m\u00f3zgu do tego stopnia, \u017ce nie b\u0119dziesz traktowa\u0107 \u017cycia tak powa\u017cnie, istnieje kraina medycznej marihuany, kt\u00f3rej jedynym celem jest uzdrowienie cia\u0142a i umys\u0142u \u2013 bez efekt\u00f3w psychoaktywnych.<\/p>\n<p>Te rodzaje konopi to stosunkowo nowe stworzenie, poniewa\u017c zacz\u0119\u0142y zyskiwa\u0107 na popularno\u015bci dopiero wtedy, gdy ludzie zdali sobie spraw\u0119, \u017ce wysokie poziomy CBD mog\u0105 przynie\u015b\u0107 g\u0142\u0119bokie efekty terapeutyczne, praktycznie bez odczuwalnego \"haju\". W rzeczywisto\u015bci wiele os\u00f3b w ostatnich latach prosi\u0142o hodowc\u00f3w o opracowanie odmian z wysokim poziomem CBD, w\u0142a\u015bnie z tych powod\u00f3w. ACDC zdoby\u0142o wspania\u0142e uznanie w spo\u0142eczno\u015bci konopnej, zdobywaj\u0105c nawet nagrod\u0119 Cannabis Cup za swoje terapeutyczne, nieodurzaj\u0105ce efekty.<\/p>\n<h2 class=\"translation-block\">ACDC Strain Marihuany: Informacje o uprawie \u2013 Czy<strong> mog\u0119 kupi\u0107 marihuan\u0119 online w Europie?<\/strong><\/h2>\n<p>ACDC to ro\u015blina \u015bredniej wysoko\u015bci, zwykle dorastaj\u0105ca do oko\u0142o czterech st\u00f3p. Jej struktura ro\u015bliny jest podobna do tradycyjnych odmian \u201eskunk\u201d, z p\u0105kami, kt\u00f3re zbieraj\u0105 si\u0119 w du\u017cych ki\u015bciach zwanych colas. Wi\u0119kszo\u015b\u0107 os\u00f3b zgodzi\u0142aby si\u0119, \u017ce ACDC jest do\u015b\u0107 trudne do uprawy i wymaga du\u017co pracy, aby uzyska\u0107 udany plon. Ro\u015blina potrzebuje ogromnego wsparcia, zaczynaj\u0105c od platformy, na kt\u00f3r\u0105 mo\u017ce si\u0119 zaczepi\u0107, aby mog\u0142a rozwija\u0107 silny pie\u0144 i ga\u0142\u0119zie.<\/p>\n<p class=\"translation-block\">ACDC ma swoje pochodzenie od <a href=\"https:\/\/www.bonzaseeds.com\/blog\/cannatonic\/\" target=\"_blank\" rel=\"noopener noreferrer\">CannaTonic<\/a>. Z tej odmiany NorStar Genetics starannie wybra\u0142o jeden z jej fenotyp\u00f3w. Nast\u0119pnie skrzy\u017cowali go z ro\u015blin\u0105 konopi <a href=\"https:\/\/www.bonzaseeds.com\/blog\/different-types-cannabis-plants\/\" target=\"_blank\" rel=\"noopener noreferrer\">Ruderalis<\/a>. Zasadniczo to, co zrobi\u0142 hodowca, to stworzenie lepszej wersji pierwotnej ro\u015bliny rodzicielskiej, kt\u00f3ra ma znacznie mniej THC, ale wi\u0119cej CBD.<\/p>\n<p>acdc strain allbud, acdc strain seeds, acdc strain edibles, acdc cbd oil online, cannatonic strain, acdc strain for sale, ac dc cbd oil for sale, ac dc strain information, ac dc greatest hits, ac dc strain marijuana, acdc strain seeds, acdc strain oil, acdc strain near me, acdc cbd oil online, cbd strains, Ac Dc Strain Info, Acdc Flower Strain, Ac Dc Cbd Oil For Sale, Acdc Cookie Strain, All Marijuana Strain List A Z, Cannabis Strains Guide Chart, Ac Dc Cbd Oil, Complete List Of Marijuana Strains, Ac Dc Cbd Hemp Flower, Acdc Flower Strain, Acdc Strain For Sale, Ac Dc Cbd Flower, Acdc Hemp Flowers For Sale, Acdc Weed Strain For Sale, Buy Acdc Flower<\/p>","protected":false},"excerpt":{"rendered":"<p><b>Kup szczep marihuany ACDC\u00a0<a href=\"https:\/\/www.wikileaf.com\/strain\/acdc\/\">acdc<\/a>\u00a0Strain na sprzeda\u017c w Europie jest u\u017cywany na b\u00f3l, l\u0119k, sen i depresj\u0119. Szukasz dostawc\u00f3w konopi ACDC w Europie z darmow\u0105 dostaw\u0105 na nast\u0119pny dzie\u0144?<\/b>\u00a0 Mo\u017cesz kupi\u0107 marihuan\u0119 w Europie. Najlepsza jako\u015b\u0107 i doskona\u0142e us\u0142ugi dostawy. Satysfakcja klient\u00f3w jest naszym najwy\u017cszym priorytetem. Mamy doskonale przeszkolony zesp\u00f3\u0142 pakuj\u0105cy, kt\u00f3ry specjalizuje si\u0119 w zapewnianiu idealnego dyskretnego pakowania, dbaj\u0105c o zapachy i inne czynniki. Oferujemy 7-dniow\u0105 gwarancj\u0119 zwrotu pieni\u0119dzy na wszystkie zam\u00f3wienia, je\u015bli zam\u00f3wienie zostanie zgubione lub nie zostanie otrzymane. Wype\u0142nij formularz poni\u017cej, je\u015bli chcesz z\u0142o\u017cy\u0107 zam\u00f3wienie mieszane lub negocjowa\u0107 cen\u0119 za zam\u00f3wienia hurtowe (5 funt\u00f3w i wi\u0119cej). Odwied\u017a nasz\u0105 stron\u0119 FAQ, aby uzyska\u0107 wi\u0119cej informacji lub skorzystaj z czatu online, je\u015bli potrzebujesz dodatkowej pomocy.<\/p>","protected":false},"featured_media":1478,"comment_status":"closed","ping_status":"closed","template":"","meta":{"_uag_custom_page_level_css":"","site-sidebar-layout":"default","site-content-layout":"","ast-site-content-layout":"default","site-content-style":"default","site-sidebar-style":"default","ast-global-header-display":"","ast-banner-title-visibility":"","ast-main-header-display":"","ast-hfb-above-header-display":"","ast-hfb-below-header-display":"","ast-hfb-mobile-header-display":"","site-post-title":"","ast-breadcrumbs-content":"","ast-featured-img":"","footer-sml-layout":"","ast-disable-related-posts":"","theme-transparent-header-meta":"","adv-header-id-meta":"","stick-header-meta":"","header-above-stick-meta":"","header-main-stick-meta":"","header-below-stick-meta":"","astra-migrate-meta-layouts":"default","ast-page-background-enabled":"default","ast-page-background-meta":{"desktop":{"background-color":"var(--ast-global-color-5)","background-image":"","background-repeat":"repeat","background-position":"center center","background-size":"auto","background-attachment":"scroll","background-type":"","background-media":"","overlay-type":"","overlay-color":"","overlay-opacity":"","overlay-gradient":""},"tablet":{"background-color":"","background-image":"","background-repeat":"repeat","background-position":"center center","background-size":"auto","background-attachment":"scroll","background-type":"","background-media":"","overlay-type":"","overlay-color":"","overlay-opacity":"","overlay-gradient":""},"mobile":{"background-color":"","background-image":"","background-repeat":"repeat","background-position":"center center","background-size":"auto","background-attachment":"scroll","background-type":"","background-media":"","overlay-type":"","overlay-color":"","overlay-opacity":"","overlay-gradient":""}},"ast-content-background-meta":{"desktop":{"background-color":"var(--ast-global-color-4)","background-image":"","background-repeat":"repeat","background-position":"center center","background-size":"auto","background-attachment":"scroll","background-type":"","background-media":"","overlay-type":"","overlay-color":"","overlay-opacity":"","overlay-gradient":""},"tablet":{"background-color":"var(--ast-global-color-4)","background-image":"","background-repeat":"repeat","background-position":"center center","background-size":"auto","background-attachment":"scroll","background-type":"","background-media":"","overlay-type":"","overlay-color":"","overlay-opacity":"","overlay-gradient":""},"mobile":{"background-color":"var(--ast-global-color-4)","background-image":"","background-repeat":"repeat","background-position":"center center","background-size":"auto","background-attachment":"scroll","background-type":"","background-media":"","overlay-type":"","overlay-color":"","overlay-opacity":"","overlay-gradient":""}}},"product_brand":[],"product_cat":[22,228],"product_tag":[290,291,292,276,293,294,295,296,297,281,283,245,285,286,287,288,298,289],"class_list":{"0":"post-1454","1":"product","2":"type-product","3":"status-publish","4":"has-post-thumbnail","6":"product_cat-hybrid","7":"product_cat-indica","8":"product_tag-an-you-buy-weed-in-ga","9":"product_tag-best-place-to-buy-weed-ireland","10":"product_tag-buy-cannabis","11":"product_tag-buy-cannabis-online","12":"product_tag-buy-weed-france","13":"product_tag-buy-weed-germanay","14":"product_tag-buy-weed-ireland","15":"product_tag-buy-weed-pipe-ireland","16":"product_tag-buy-weed-poland","17":"product_tag-cannabis-online-in-the-uk","18":"product_tag-get-cannabis","19":"product_tag-mail-order-weed-uk","20":"product_tag-order-weed-online-ireland","21":"product_tag-we-deliver-fast-using-next-day-delivery","22":"product_tag-weed-for-sale-in-uk","23":"product_tag-weed-supermarket-buy-cannabis-online-uk","24":"product_tag-where-can-i-buy-weed-in-ga","25":"product_tag-you-can-order-weed","26":"desktop-align-center","27":"tablet-align-left","28":"mobile-align-left","30":"first","31":"instock","32":"sale","33":"shipping-taxable","34":"purchasable","35":"product-type-variable"},"uagb_featured_image_src":{"full":["https:\/\/caliweedeurope.com\/wp-content\/uploads\/2024\/11\/89348954-340894593489.jpeg",937,1171,false],"thumbnail":["https:\/\/caliweedeurope.com\/wp-content\/uploads\/2024\/11\/89348954-340894593489-150x150.jpeg",150,150,true],"medium":["https:\/\/caliweedeurope.com\/wp-content\/uploads\/2024\/11\/89348954-340894593489-240x300.jpeg",240,300,true],"medium_large":["https:\/\/caliweedeurope.com\/wp-content\/uploads\/2024\/11\/89348954-340894593489-768x960.jpeg",768,960,true],"large":["https:\/\/caliweedeurope.com\/wp-content\/uploads\/2024\/11\/89348954-340894593489-819x1024.jpeg",819,1024,true],"1536x1536":["https:\/\/caliweedeurope.com\/wp-content\/uploads\/2024\/11\/89348954-340894593489.jpeg",937,1171,false],"2048x2048":["https:\/\/caliweedeurope.com\/wp-content\/uploads\/2024\/11\/89348954-340894593489.jpeg",937,1171,false],"trp-custom-language-flag":["https:\/\/caliweedeurope.com\/wp-content\/uploads\/2024\/11\/89348954-340894593489.jpeg",10,12,false],"woocommerce_thumbnail":["https:\/\/caliweedeurope.com\/wp-content\/uploads\/2024\/11\/89348954-340894593489-300x300.jpeg",300,300,true],"woocommerce_single":["https:\/\/caliweedeurope.com\/wp-content\/uploads\/2024\/11\/89348954-340894593489-600x750.jpeg",600,750,true],"woocommerce_gallery_thumbnail":["https:\/\/caliweedeurope.com\/wp-content\/uploads\/2024\/11\/89348954-340894593489-100x100.jpeg",100,100,true]},"uagb_author_info":{"display_name":"jetskiforsaleuk@gmail.com","author_link":"https:\/\/caliweedeurope.com\/pl\/author\/"},"uagb_comment_info":0,"uagb_excerpt":"Buy ACDC Marijuana Strain,\u00a0acdc\u00a0strain for sale Europe is use for pain, anxiety, sleep, depression. Are you looking for\u00a0 bulk ACDC cannabis suppliers in Europe with free overnight delivery?.\u00a0 you can Buy Weed in Europe .Best quality &amp; delivery services are excellent. Customer satisfaction is our top priority. We\u2019ve got an excellent trained packaging team that&hellip;","_links":{"self":[{"href":"https:\/\/caliweedeurope.com\/pl\/wp-json\/wp\/v2\/product\/1454"}],"collection":[{"href":"https:\/\/caliweedeurope.com\/pl\/wp-json\/wp\/v2\/product"}],"about":[{"href":"https:\/\/caliweedeurope.com\/pl\/wp-json\/wp\/v2\/types\/product"}],"replies":[{"embeddable":true,"href":"https:\/\/caliweedeurope.com\/pl\/wp-json\/wp\/v2\/comments?post=1454"}],"wp:featuredmedia":[{"embeddable":true,"href":"https:\/\/caliweedeurope.com\/pl\/wp-json\/wp\/v2\/media\/1478"}],"wp:attachment":[{"href":"https:\/\/caliweedeurope.com\/pl\/wp-json\/wp\/v2\/media?parent=1454"}],"wp:term":[{"taxonomy":"product_brand","embeddable":true,"href":"https:\/\/caliweedeurope.com\/pl\/wp-json\/wp\/v2\/product_brand?post=1454"},{"taxonomy":"product_cat","embeddable":true,"href":"https:\/\/caliweedeurope.com\/pl\/wp-json\/wp\/v2\/product_cat?post=1454"},{"taxonomy":"product_tag","embeddable":true,"href":"https:\/\/caliweedeurope.com\/pl\/wp-json\/wp\/v2\/product_tag?post=1454"}],"curies":[{"name":"wp","href":"https:\/\/api.w.org\/{rel}","templated":true}]}}