{"id":1462,"date":"2024-11-03T21:33:04","date_gmt":"2024-11-03T21:33:04","guid":{"rendered":"https:\/\/caliweedeurope.com\/?post_type=product&#038;p=1462"},"modified":"2024-11-03T21:33:51","modified_gmt":"2024-11-03T21:33:51","slug":"buy-runtz-strain","status":"publish","type":"product","link":"https:\/\/caliweedeurope.com\/pl\/product\/buy-runtz-strain\/","title":{"rendered":"Buy Runtz Strain"},"content":{"rendered":"<h1 class=\"variety translation-block\" style=\"text-align: left\"><span style=\"font-family: arial, helvetica, sans-serif\"><span style=\"font-size: 18pt\">Runtz Strain, mamy White Runtz na sprzeda\u017c, <\/span><span style=\"font-weight: 400;font-size: 18pt\">White Runtz Strain, <span style=\"font-size: 18pt\"><span style=\"font-weight: 400\">egzotyczna Runtz Strain, Gruntz Strain, Vlone Runtz Strain, Runtz Cannabis Strain <a href=\"https:\/\/deligentman.com\/product-category\/buy-runtz-weed\/\" target=\"_blank\" rel=\"noopener\">Kliknij tutaj<\/a>, aby zobaczy\u0107 wszystkie dost\u0119pne odmiany Runtz do sprzeda\u017cy na naszej stronie internetowej<\/span><\/span><\/span><\/span><\/h1>\n<pre class=\"variety\" style=\"text-align: left\"><span style=\"font-size: 18pt;font-family: arial, helvetica, sans-serif\">Hybryda <span class=\"hidden-xs\">-\u00a0<\/span><span class=\"strain-percentages\">50% Sativa \/50% Indica#\r <\/span><span class=\"heading\">THC:\u00a0<\/span>23% - 24%<\/span><\/pre>\n<h1><span style=\"font-family: arial, helvetica, sans-serif\">Buy Runtz weed Strain UK<\/span><\/h1>\n<p><span style=\"font-family: arial, helvetica, sans-serif\">Buy Runtz weed Strain UK<\/span><\/p>\n<p><span style=\"font-family: arial, helvetica, sans-serif\"><strong>Runtz Weed<\/strong>\u00a0is a strain of cannabis fresh out of LA, with a\u00a0terpene\u00a0profile most would describe as candy. However, Runtz as a strain has an incredibly diverse number of phenotypes, which can drastically effect its data., As such it is almost impossible to say whether Runtz is a Sativa or Indica leaning hybrid, as different phenotypes end up leaning different ways.<\/span><\/p>\n<p><span style=\"font-family: arial, helvetica, sans-serif\">This also stands true for the THC and CBD levels, which are tested on a per-grow basis, and not available on the internet at the moment.<\/span><\/p>\n<h2><span style=\"font-family: arial, helvetica, sans-serif\">Buy medical recreational Runtz weed online UK<\/span><\/h2>\n<ul>\n<li><span style=\"font-family: arial, helvetica, sans-serif\">Runtz is a strain of cannabis fresh out of LA, with a\u00a0<a href=\"https:\/\/www.independent.co.uk\/topic\/cannabis\" target=\"_blank\" rel=\"noopener\">terpene<\/a>\u00a0profile most would describe as candy.<\/span><\/li>\n<li><span style=\"font-family: arial, helvetica, sans-serif\">However, Runtz as a strain has an incredibly diverse number of phenotypes, which can drastically effect its data.<\/span><\/li>\n<li><span style=\"font-family: arial, helvetica, sans-serif\">This also stands true for the THC and CBD levels, which are tested on a per-grow basis, and not available on the internet at the moment.<\/span><\/li>\n<li><span style=\"font-family: arial, helvetica, sans-serif\">It is a popular strain amongst cannabis smokers big into the culture and the advertising behind the packaging of cannabis products.<\/span><\/li>\n<li><span style=\"font-family: arial, helvetica, sans-serif\">If dried and cured correctly, users will be able to spot colours beyond green in the bud.<\/span><\/li>\n<li><span style=\"font-family: arial, helvetica, sans-serif\">A vibrant array of colours from blues and purples to dark greens and bright oranges are often found in the tight, dense buds of Runtz.<\/span><\/li>\n<li><span style=\"font-family: arial, helvetica, sans-serif\">As such, it is almost impossible to say whether Runtz is a Sativa or Indica leaning hybrid.<\/span><\/li>\n<li><span style=\"font-family: arial, helvetica, sans-serif\">It is an incredibly hard strain to find, almost exclusively sold out of Los Angeles.<\/span><\/li>\n<li><span style=\"font-family: arial, helvetica, sans-serif\">Little to no information is available on Runtz on the internet.<\/span><\/li>\n<li><span style=\"font-family: arial, helvetica, sans-serif\">Many note that this strain is good for relieving stress, anxiety, and chronic pain.<\/span><\/li>\n<li><span style=\"font-family: arial, helvetica, sans-serif\">You\u2019ll likely feel euphoric and happy, but not enough to leave the house.<\/span><\/li>\n<\/ul>\n<p><span style=\"font-size: 18pt;font-family: arial, helvetica, sans-serif\">\u00a0<\/span><\/p>\n<p style=\"text-align: left\"><span style=\"font-size: 18pt;font-family: arial, helvetica, sans-serif\">Buy white Runtz weed strain. white runts weed is an evenly balanced hybrid strain (50% indica\/50% Sativa) created by crossing the classic Zkittlez X Gelato strains. Known for its super delicious flavor and long-lasting high, White Runtz is perfect for any hybrid lover. This white runtz weed strain packs a flavor much like its name suggests \u2013 sweet and sour fruity candy with a light touch of citrus. Also, The aroma is very similar, with an earthy citrus overtone that&#8217;s accented by fresh sweet fruits. In the same manner, White Runtz weed strain high is just as delicious as the flavor. Runtz cannabis strain, what is runtz strain, pink runtz strain, purple runtz strain, vlone runtz strain, white runtz , Uk , USA, Europe, Where, onlinne,<\/span><\/p>\n<p style=\"text-align: left\"><span style=\"font-weight: 400;font-size: 18pt;font-family: arial, helvetica, sans-serif\">When it comes to another strain of Runtz called White Runtz, its origins are similarly unclear. It might be another phenotype of Runtz, as it has a comparable amount of THC, though others claim that it is a product of collaboration between Runtz and Cookies. The buds of this strain are usually purple and green. White Runtz is an indica dominant strain, which means that although at first, you might want to move around, leaving your home is not the best idea. Currently, it is one of the most popular cannabis strains in California, which is why it is not uncommon to find weed labelled as White Runtz with none of its characteristics.<\/span><\/p>\n<p style=\"text-align: left\"><span style=\"font-family: arial, helvetica, sans-serif\"><strong><span style=\"font-size: 18pt\">Cultivation of\u00a0 runtz strain<\/span><\/strong><\/span><\/p>\n<h2 style=\"text-align: left\"><span style=\"font-weight: 400;font-size: 18pt;font-family: arial, helvetica, sans-serif\">A cannabis plant grown from its source comes in two types, a male and a female. White Runtz is a special product that is produced when the male fertilizes the female. This produces what is called a \u2018Hybrid\u2019 because it includes the characteristics of both female and male. Where once it was the hottest type in the market, now its but an uncommon and gentle stumble.\u00a0<\/span><\/h2>\n<h2 style=\"text-align: center\"><span style=\"font-size: 18pt;font-family: arial, helvetica, sans-serif\"><b>Impacts<\/b><b>\u00a0runtz strain<\/b><\/span><\/h2>\n<h2 style=\"text-align: left\"><span style=\"font-weight: 400;font-size: 18pt;font-family: arial, helvetica, sans-serif\">This unique product gives the largest impact on stress, making it vanish like never. From the retreat of gloomy feelings of despair and frustration, it comes with the subtle sense of pure bliss, happiness, positivity, and peace.\u00a0<\/span><\/h2>\n<p style=\"text-align: left\"><span style=\"font-size: 18pt;font-family: arial, helvetica, sans-serif\"><span style=\"font-weight: 400\">We supply and a retail good range of white<\/span><span style=\"font-weight: 400\"> runtz weed strain<\/span><span style=\"font-weight: 400\"> White Kuntz, White runtz, Buy Pink runtz strain online, <\/span><span style=\"font-weight: 400\">white runtz strain pics<\/span><span style=\"font-weight: 400\">, <\/span><span style=\"font-weight: 400\">pink runtz price, white runtz strain genetics<\/span><\/span><\/p>\n<p style=\"text-align: left\"><span style=\"font-size: 18pt;font-family: arial, helvetica, sans-serif\"><span style=\"font-weight: 400\">how much is a pound of runtz, <\/span><span style=\"font-weight: 400\">Order Pink runtz strain online, White runtz weed for sale, Buy White runtz weed online. Where to buy White runtz weed, <\/span><span style=\"font-weight: 400\">exotic runtz strain<\/span><span style=\"font-weight: 400\">, <\/span><span style=\"font-weight: 400\">runtz strain<\/span><\/span><\/p>\n<p style=\"text-align: left\"><span style=\"font-weight: 400;font-size: 18pt;font-family: arial, helvetica, sans-serif\">vlone runtz strain, jokes up runtz bags, white runtz indica or sativa, white runtz strain leafly, gruntz by runtz strain, white runtz strain review, gruntz cookies, white runtz mylar bags , <a href=\"https:\/\/deligentman.com\/product\/grand-daddy-purple-for-sale\/\" target=\"_blank\" rel=\"noopener\">Granddaddy purple<\/a><\/span><\/p>\n<p style=\"text-align: left\"><span style=\"font-size: 18pt;font-family: arial, helvetica, sans-serif\"><span style=\"font-weight: 400\">gruntz strain<\/span><span style=\"font-weight: 400\">, <\/span><span style=\"font-weight: 400\">gruntz strain uk, sunset runtz, ice cream cake strain, runtz cans for sale,<\/span><span style=\"font-weight: 400\"> Buy cbd oil online, buy Smart bud cans online ,\u00a0<\/span><\/span><\/p>\n<h2 style=\"text-align: left\"><span style=\"font-weight: 400;font-size: 18pt;font-family: arial, helvetica, sans-serif\">white runtz strain relate kewords<\/span><\/h2>\n<p style=\"text-align: left\"><span style=\"font-size: 18pt;font-family: arial, helvetica, sans-serif\"><span style=\"font-weight: 400\">how much is a pound of white runtz, How much is white runtz, white runtz kush, white runtz og, <\/span><span style=\"font-weight: 400\">runtz website, runtz carts, cookies runtz, hawaiian runtz, <\/span><span style=\"font-weight: 400\">Sundae Driver Strain for sale, Where can I find real Jungle Boys Weed online<\/span><\/span><\/p>\n<p style=\"text-align: left\"><span style=\"font-weight: 400;font-size: 18pt;font-family: arial, helvetica, sans-serif\">Candy Cake Exotic Weed for sale, Cookies Mint Chocolate Weed, Buy Jungle Boys, and also <a href=\"https:\/\/deligentman.com\/product\/wedding-cake\/\" target=\"_blank\" rel=\"noopener\">Odmiana Wedding Cake<\/a><\/span><\/p>\n<p style=\"text-align: left\"><span style=\"font-weight: 400;font-size: 18pt;font-family: arial, helvetica, sans-serif\">order cbd oil online,buy Lemon slushie strain online, Buy Jungle Boys weed World wide Delivery<\/span><\/p>\n<p style=\"text-align: left\"><span style=\"font-weight: 400;font-size: 18pt;font-family: arial, helvetica, sans-serif\">Cannabis Oil for sale, order weed online, Rick Simpson Oil for sale Australia, Legit Dispensary To Buy Jungle Boys Weed<\/span><\/p>\n<p style=\"text-align: left\"><span style=\"font-size: 18pt;font-family: arial, helvetica, sans-serif\"><span style=\"font-weight: 400\">buy jungle cake, <\/span><span style=\"font-weight: 400\">surterra<\/span><span style=\"font-weight: 400\">,<\/span><span style=\"font-weight: 400\">pink runtz strain<\/span><span style=\"font-weight: 400\">, <\/span><span style=\"font-weight: 400\">skittles strain<\/span><span style=\"font-weight: 400\">,Pinkman Goo Exotic Weed for sale,\u00a0<\/span><\/span><\/p>\n<p style=\"text-align: left\"><span style=\"font-size: 18pt;font-family: arial, helvetica, sans-serif\"><span style=\"font-weight: 400\">Big Smokey Farms Cali Tins for sale, <\/span><span style=\"font-weight: 400\">rainbow sherbet strain,<\/span><span style=\"font-weight: 400\"> Biscotti Boyz Cali Weed for sale online<\/span><\/span><\/p>\n<p style=\"text-align: left\"><span style=\"font-size: 18pt;font-family: arial, helvetica, sans-serif\"><span style=\"font-weight: 400\">hawaiian runtz price,<\/span><span style=\"font-weight: 400\"> Cali Weed for sale, Blue Fire OG By Space Monkey Meds, <\/span><span style=\"font-weight: 400\">florida online dispensary, florida department of health,\u00a0<\/span><\/span><\/p>\n<p style=\"text-align: left\"><span style=\"font-size: 18pt;font-family: arial, helvetica, sans-serif\"><span style=\"font-weight: 400\">Dank vapes durban poison like Do-Si-Do by Cali Cans for sale, <\/span><span style=\"font-weight: 400\">curaleaf<\/span><span style=\"font-weight: 400\">, order weed for sale online<\/span><\/span><\/p>\n<h2 style=\"text-align: left\"><span style=\"font-weight: 400;font-size: 18pt;font-family: arial, helvetica, sans-serif\">medical marijuanas doctors near me<\/span><\/h2>\n<h2 style=\"text-align: left\"><span style=\"font-weight: 400;font-size: 18pt;font-family: arial, helvetica, sans-serif\">gorilla glue strain is also good when comparing with the white reuntz strain<\/span><\/h2>\n<p style=\"text-align: left\"><span style=\"font-weight: 400;font-size: 18pt;font-family: arial, helvetica, sans-serif\">cali runtz, USA runtz, for sale in USA and UK worldwide shipping, Buy Gushers weed online, gushers weed dispensary, buy Cherry punch strain online, New California Strains For Sale online White Runtz Cannabis Strain Information like <a href=\"https:\/\/deligentman.com\/product\/martian-rocks-weed-where-to-buy\/\" target=\"_blank\" rel=\"noopener\">runtz rocks<\/a><\/span><\/p>\n<p style=\"text-align: left\"><span style=\"font-size: 18pt;font-family: arial, helvetica, sans-serif\"><span style=\"font-weight: 400\">buy purple kush <\/span><span style=\"font-weight: 400\">online<\/span><span style=\"font-weight: 400\">, buy pink runtz in Uk , buy rove cartridges in UK, Where To Buy Jungle Boys Online, <\/span><span style=\"font-weight: 400\">florida dispensary prices, Runtz medical marijuanas, birthday cake strain, runtz weed shop, mobile dispensary, weedmaps, buy weed from weedmaps, flower dispensary near me, trulieve stock, trulieve near me<\/span><\/span><\/p>\n<p style=\"text-align: left\"><span style=\"font-size: 18pt;font-family: arial, helvetica, sans-serif\">Buy Runtz white strain that has relaxing and long-lasting effects that will have you kicked back and feeling totally at ease in no time at all. Runtz strain relaxation starts with a tingly effect in the spine and the back of the neck, which quickly works its way forward throughout the rest of your body.<\/span><\/p>\n<p style=\"text-align: left\"><span style=\"font-size: 18pt;font-family: arial, helvetica, sans-serif\">Thanks to these effects of the vlone runtz strain and its super high 23-24% average THC level, White Runtz weed strain is often chosen to treat those suffering from conditions such as chronic stress, muscle spasms or cramps, chronic stress or anxiety<a href=\"https:\/\/deligentman.com\/\" target=\"_blank\" rel=\"noopener\">,<\/a> and chronic pain. White Runtz buds have spade-shaped oversized super thick forest green nugs with deep undertones, long thin reddish-orange hairs, and a coating of frosty tiny white crystal trichomes.<\/span><\/p>\n<p style=\"text-align: left\"><span style=\"font-size: 18pt;font-family: arial, helvetica, sans-serif\">what is runtz strain, pink runtz strain, purple runtz strain, vlone runtz strain, white runtz strain clearly, white runtz strain review, runtz strain<a href=\"https:\/\/buydryseahorsecom.com\" target=\"_blank\" rel=\"noopener\">,<\/a><\/span><\/p>\n<h2 style=\"text-align: center\"><span style=\"font-size: 18pt;font-family: arial, helvetica, sans-serif\">\u00a0key words for Buy Runtz weed Strain<\/span><\/h2>\n<p style=\"text-align: left\"><span style=\"font-family: arial, helvetica, sans-serif\"><span style=\"font-size: 18pt\">Buy Cannabis online, you can order Weed, Cannabis Online in the UK, Get Cannabis &amp; Weed for sale in UK, Weed Supermarket, you can aslo buy Cannabis online UK, Mail order Weed USA,\u00a0 Buy weed online USA,\u00a0 also Buy <\/span><span style=\"font-size: 18pt\">marijuana Online UK, Weed for sale in the UK.\u00a0 aquatic weed cutter for sale UK,<\/span><\/span><\/p>\n<figure id=\"attachment_7215\" aria-describedby=\"caption-attachment-7215\" style=\"width: 600px\" class=\"wp-caption aligncenter\"><img loading=\"lazy\" decoding=\"async\" class=\"size-blog-featured-image wp-image-7215\" src=\"https:\/\/deligentman.com\/wp-content\/uploads\/2020\/06\/buy-runtz-online-600x290.jpg\" alt=\"white runtz strain\" width=\"600\" height=\"290\" \/><figcaption id=\"caption-attachment-7215\" class=\"wp-caption-text\"><span style=\"font-family: arial, helvetica, sans-serif\">vlone runtz strain<\/span><\/figcaption><\/figure>\n<h3 style=\"text-align: center\"><span style=\"font-size: 18pt;font-family: arial, helvetica, sans-serif\">vlone runtz strain<\/span><\/h3>\n<p style=\"text-align: left\"><span style=\"font-size: 18pt;font-family: arial, helvetica, sans-serif\">Runtz cannabis strain, what is runtz strain, pink runtz strain, purple runtz strain, vlone runtz strain, white runtz , Uk , USA, Where, online, what is runtz strain, pink runtz strain, purple runtz strain, vlone runtz strain, white runtz strain clearly, white runtz strain review and lastly runtz strain,<\/span><\/p>\n<p>&nbsp;<\/p>","protected":false},"excerpt":{"rendered":"<p>Uprawiany przez ekip\u0119 Runtz w Kalifornii, White Runtz to krzy\u017c\u00f3wka Gelato i Zkittlez. Znana ze swoich bia\u0142ych trichom\u00f3w, kt\u00f3re sprawiaj\u0105, \u017ce p\u0105ki wygl\u0105daj\u0105 na bia\u0142e, White Runtz to silna odmiana, kt\u00f3ra przez wiele godzin otula twoje zmys\u0142y s\u0142odkim, owocowym profilem smakowym. Odmiana jest uprawiana tylko przez ekip\u0119 Runtz, co oznacza, \u017ce otrzymasz produkt wysokiej jako\u015bci, kt\u00f3ry jest traktowany z dba\u0142o\u015bci\u0105.<\/p>","protected":false},"featured_media":1500,"comment_status":"closed","ping_status":"closed","template":"","meta":{"_uag_custom_page_level_css":"","site-sidebar-layout":"default","site-content-layout":"","ast-site-content-layout":"","site-content-style":"default","site-sidebar-style":"default","ast-global-header-display":"","ast-banner-title-visibility":"","ast-main-header-display":"","ast-hfb-above-header-display":"","ast-hfb-below-header-display":"","ast-hfb-mobile-header-display":"","site-post-title":"","ast-breadcrumbs-content":"","ast-featured-img":"","footer-sml-layout":"","theme-transparent-header-meta":"","adv-header-id-meta":"","stick-header-meta":"","header-above-stick-meta":"","header-main-stick-meta":"","header-below-stick-meta":"","astra-migrate-meta-layouts":"default","ast-page-background-enabled":"default","ast-page-background-meta":{"desktop":{"background-color":"var(--ast-global-color-4)","background-image":"","background-repeat":"repeat","background-position":"center center","background-size":"auto","background-attachment":"scroll","background-type":"","background-media":"","overlay-type":"","overlay-color":"","overlay-opacity":"","overlay-gradient":""},"tablet":{"background-color":"","background-image":"","background-repeat":"repeat","background-position":"center center","background-size":"auto","background-attachment":"scroll","background-type":"","background-media":"","overlay-type":"","overlay-color":"","overlay-opacity":"","overlay-gradient":""},"mobile":{"background-color":"","background-image":"","background-repeat":"repeat","background-position":"center center","background-size":"auto","background-attachment":"scroll","background-type":"","background-media":"","overlay-type":"","overlay-color":"","overlay-opacity":"","overlay-gradient":""}},"ast-content-background-meta":{"desktop":{"background-color":"var(--ast-global-color-5)","background-image":"","background-repeat":"repeat","background-position":"center center","background-size":"auto","background-attachment":"scroll","background-type":"","background-media":"","overlay-type":"","overlay-color":"","overlay-opacity":"","overlay-gradient":""},"tablet":{"background-color":"var(--ast-global-color-5)","background-image":"","background-repeat":"repeat","background-position":"center center","background-size":"auto","background-attachment":"scroll","background-type":"","background-media":"","overlay-type":"","overlay-color":"","overlay-opacity":"","overlay-gradient":""},"mobile":{"background-color":"var(--ast-global-color-5)","background-image":"","background-repeat":"repeat","background-position":"center center","background-size":"auto","background-attachment":"scroll","background-type":"","background-media":"","overlay-type":"","overlay-color":"","overlay-opacity":"","overlay-gradient":""}}},"product_brand":[],"product_cat":[22],"product_tag":[328,329,330,331,332,232,333,334,335,336,192,337,287,338,339,340,341,342],"class_list":{"0":"post-1462","1":"product","2":"type-product","3":"status-publish","4":"has-post-thumbnail","6":"product_cat-hybrid","7":"product_tag-aquatic-weed-cutter-for-sale-uk","8":"product_tag-buy-cannabis-in-uk","9":"product_tag-buy-marijuana-online-uk","10":"product_tag-buy-medical-cannabis-online-uk","11":"product_tag-buy-runtz-weed-strain","12":"product_tag-buy-weed-online-uk","13":"product_tag-buy-white-runtz","14":"product_tag-buy-white-runtz-strain","15":"product_tag-pink-runtz-strain","16":"product_tag-purple-runtz-strain","17":"product_tag-runtz-strain","18":"product_tag-vlone-runtz-strain","19":"product_tag-weed-for-sale-in-uk","20":"product_tag-weed-supermarket","21":"product_tag-what-is-runtz-strain","22":"product_tag-white-runtz","23":"product_tag-white-runtz-strain-clearly","24":"product_tag-white-runtz-strain-review","25":"desktop-align-center","26":"tablet-align-left","27":"mobile-align-left","29":"first","30":"instock","31":"sale","32":"shipping-taxable","33":"purchasable","34":"product-type-variable"},"uagb_featured_image_src":{"full":["https:\/\/caliweedeurope.com\/wp-content\/uploads\/2024\/11\/white-Runtz.jpeg",576,1024,false],"thumbnail":["https:\/\/caliweedeurope.com\/wp-content\/uploads\/2024\/11\/white-Runtz-150x150.jpeg",150,150,true],"medium":["https:\/\/caliweedeurope.com\/wp-content\/uploads\/2024\/11\/white-Runtz-169x300.jpeg",169,300,true],"medium_large":["https:\/\/caliweedeurope.com\/wp-content\/uploads\/2024\/11\/white-Runtz.jpeg",576,1024,false],"large":["https:\/\/caliweedeurope.com\/wp-content\/uploads\/2024\/11\/white-Runtz.jpeg",576,1024,false],"1536x1536":["https:\/\/caliweedeurope.com\/wp-content\/uploads\/2024\/11\/white-Runtz.jpeg",576,1024,false],"2048x2048":["https:\/\/caliweedeurope.com\/wp-content\/uploads\/2024\/11\/white-Runtz.jpeg",576,1024,false],"trp-custom-language-flag":["https:\/\/caliweedeurope.com\/wp-content\/uploads\/2024\/11\/white-Runtz.jpeg",7,12,false],"woocommerce_thumbnail":["https:\/\/caliweedeurope.com\/wp-content\/uploads\/2024\/11\/white-Runtz-300x300.jpeg",300,300,true],"woocommerce_single":["https:\/\/caliweedeurope.com\/wp-content\/uploads\/2024\/11\/white-Runtz.jpeg",576,1024,false],"woocommerce_gallery_thumbnail":["https:\/\/caliweedeurope.com\/wp-content\/uploads\/2024\/11\/white-Runtz-100x100.jpeg",100,100,true]},"uagb_author_info":{"display_name":"jetskiforsaleuk@gmail.com","author_link":"https:\/\/caliweedeurope.com\/pl\/author\/"},"uagb_comment_info":0,"uagb_excerpt":"Grown by the Runtz crew in California, White Runtz is a cross of\u00a0Gelato\u00a0and\u00a0Zkittlez. Noted for its stark white trichomes that make buds look white, White Runtz is a potent strain that will coat your senses with a sweet, fruity flavor profile for hours. The strain is grown only by the Runtz crew which means you\u2019re&hellip;","_links":{"self":[{"href":"https:\/\/caliweedeurope.com\/pl\/wp-json\/wp\/v2\/product\/1462"}],"collection":[{"href":"https:\/\/caliweedeurope.com\/pl\/wp-json\/wp\/v2\/product"}],"about":[{"href":"https:\/\/caliweedeurope.com\/pl\/wp-json\/wp\/v2\/types\/product"}],"replies":[{"embeddable":true,"href":"https:\/\/caliweedeurope.com\/pl\/wp-json\/wp\/v2\/comments?post=1462"}],"wp:featuredmedia":[{"embeddable":true,"href":"https:\/\/caliweedeurope.com\/pl\/wp-json\/wp\/v2\/media\/1500"}],"wp:attachment":[{"href":"https:\/\/caliweedeurope.com\/pl\/wp-json\/wp\/v2\/media?parent=1462"}],"wp:term":[{"taxonomy":"product_brand","embeddable":true,"href":"https:\/\/caliweedeurope.com\/pl\/wp-json\/wp\/v2\/product_brand?post=1462"},{"taxonomy":"product_cat","embeddable":true,"href":"https:\/\/caliweedeurope.com\/pl\/wp-json\/wp\/v2\/product_cat?post=1462"},{"taxonomy":"product_tag","embeddable":true,"href":"https:\/\/caliweedeurope.com\/pl\/wp-json\/wp\/v2\/product_tag?post=1462"}],"curies":[{"name":"wp","href":"https:\/\/api.w.org\/{rel}","templated":true}]}}