{"id":1466,"date":"2024-11-03T21:33:05","date_gmt":"2024-11-03T21:33:05","guid":{"rendered":"https:\/\/caliweedeurope.com\/?post_type=product&#038;p=1466"},"modified":"2024-11-03T21:33:51","modified_gmt":"2024-11-03T21:33:51","slug":"biscotti","status":"publish","type":"product","link":"https:\/\/caliweedeurope.com\/pl\/product\/biscotti\/","title":{"rendered":"Biscotti"},"content":{"rendered":"<h2>Kup genetyk\u0119 odmiany Biscotti online<\/h2>\n<p><span class=\"pirate_article\">Kup genetyk\u0119 odmiany Biscotti online. Ta odmiana zosta\u0142a stworzona przez Cookies Fam. Twierdz\u0105, \u017ce s\u0105 pionierami wielu z tych wyj\u0105tkowo mocnych odmian, i trudno si\u0119 z nimi nie zgodzi\u0107. Biscotti to krzy\u017c\u00f3wka mi\u0119dzy:<br \/> <\/span><\/p>\n<ul>\n<li>Gelato #25<\/li>\n<li>Girl Scout Cookies<\/li>\n<li>Gorilla Glue #4<br \/> Cho\u0107 trudno powiedzie\u0107, czy to jest ca\u0142kowicie poprawne, poniewa\u017c niekt\u00f3rzy m\u00f3wi\u0105, \u017ce to Gelato x South Florida OG, na pewno jest to jedna z tych kombinacji. Gelato jest sam w sobie 'dankenstein' strain, a Gorilla Glue #4 i Girl Scout Cookies to dwie z najbardziej znanych dank strains na \u015bwiecie. Biscotti to ostateczna strain, prawdopodobnie z jednym z najlepszych profili smakowych w bran\u017cy.<\/li>\n<\/ul>\n<p><span class=\"pirate_article\">To jest prawdziwa atrakcja. Niestety, poniewa\u017c nasiona nie s\u0105 dost\u0119pne online, a sama odmiana jest wyj\u0105tkowo rzadka, cena jest bardzo wysoka. W Amsterdamie prawdopodobnie zap\u0142acisz co najmniej 40 $ za gram. W Ameryce P\u00f3\u0142nocnej b\u0119dzie troch\u0119 taniej, ale wci\u0105\u017c nie tanio. Gram w dispensary w Kalifornii kosztowa\u0107 b\u0119dzie co najmniej 25 $. Jednak ze wzgl\u0119du na swoj\u0105 moc, prawdopodobnie jest wart tej ceny.<\/span><\/p>\n<p>SMAK ODMIANY MARIHUANY BISCOTTI<\/p>\n<ol>\n<li>Owocowy<\/li>\n<li>Orzechowy<\/li>\n<li>Pikantny<\/li>\n<li>Cukrowy<\/li>\n<li>S\u0142odki<\/li>\n<\/ol>\n<p><span class=\"pirate_article\">Biscotti to zdecydowanie odmiana, kt\u00f3r\u0105 warto do\u015bwiadczy\u0107 w vaporizerze do kwiat\u00f3w. Chocia\u017c jest to tak\u017ce jedna z tych odmian, kt\u00f3re smakuj\u0105 dobrze, niezale\u017cnie od tego, jak j\u0105 palisz, zdecydowanie warto si\u0119gn\u0105\u0107 po sw\u00f3j niezawodny vaporizer do kwiat\u00f3w w przypadku tej odmiany. To po prostu jedna z najsmaczniejszych odmian dost\u0119pnych na rynku w tej chwili, a jej spalanie delikatnie psuje smak. U\u017cywaj\u0105c vaporizera, nie dochodzi do spalania, co pozwala zachowa\u0107 elegancki profil smaku Biscotti. Dodatkowo, je\u015bli najpierw zmielisz marihuan\u0119, b\u0119dzie smakowa\u0107 jeszcze lepiej w twoim vaporizerze.<\/span><\/p>\n<h5><strong>WOSK, SHATTER, EDIBLES ITP.\u00a0<\/strong><\/h5>\n<p><span class=\"pirate_article\">Ka\u017cda odmiana mo\u017ce zosta\u0107 przekszta\u0142cona w wosk lub olej. To nie jest \u0142atwy proces, ale technicznie mo\u017cna wytworzy\u0107 olej haszyszowy butanowy z ka\u017cdej odmiany w domu. Uwa\u017ca si\u0119 to za niebezpieczne, wi\u0119c prosz\u0119 zachowa\u0107 skrajn\u0105 ostro\u017cno\u015b\u0107 przy pr\u00f3bach. Je\u015bli uda ci si\u0119 znale\u017a\u0107 wystarczaj\u0105co du\u017co tej odmiany, aby zrobi\u0107 z niej koncentrat, zrozumiesz, dlaczego ludzie wybieraj\u0105 takie odmiany. Zasadniczo odmiany wybierane s\u0105 ze wzgl\u0119du na smak i moc. Biscotti, jak ju\u017c widzieli\u015bmy, ma obie te cechy. To sprawia, \u017ce jest to doskona\u0142y wyb\u00f3r do produkcji koncentrat\u00f3w.<\/span><\/p>\n<h3>Szczeg\u00f3\u0142y na temat Biscotti weed\"<\/h3>\n<p>Genetyka Cookies ma swoje korzenie w wielu najlepszych odmianach dost\u0119pnych na p\u00f3\u0142kach. Wiele odmian ma swoj\u0105 genetyk\u0119, o kt\u00f3rej mo\u017cesz nawet nie wiedzie\u0107. Zatem pami\u0119taj, \u017ce Biscotti weed to klasyczne skrzy\u017cowanie Cookies z po\u0142udniow\u0105 odmian\u0105 OG: Gelato #25 skrzy\u017cowane z South Florida OG.<\/p>\n<p>W Klarie Canna Care Dispensary oferujemy najlepsze odmiany marihuany oraz inne zwi\u0105zane produkty, takie jak oleje konopne, Moonrocks, kartrid\u017ce do vape pen\u00f3w, Edibles, koncentraty, haszysz, Harley Twin, Strawberry Lemonade, Sour Jack, Grease Monkey, Orange Kush, Pineapple Kush, Skywalker Indica, White Widow, Tom Ford, Diablo OG Kush, Biscotti Cookies, Nice Cream Weed. Odwied\u017a nas <a href=\"https:\/\/deligentman.com\/\" target=\"_blank\" rel=\"noopener\">deligentman.com<\/a><\/p>\n<p>Kup trawk\u0119 online w Stanach Zjednoczonych, kup trawk\u0119 online w Wielkiej Brytanii, kup trawk\u0119 online w Irlandii, kup trawk\u0119 online w Szwajcarii, kup trawk\u0119 online w Australii, kup trawk\u0119 online we W\u0142oszech, kup trawk\u0119 online w Danii, kup trawk\u0119 online w Unii Europejskiej, kup trawk\u0119 online we Francji, kup trawk\u0119 online w Niemczech, kup trawk\u0119 online w Belgii, kup trawk\u0119 online w Polsce, kup trawk\u0119 online na \u0141otwie, kup trawk\u0119 online w Izraelu, kup trawk\u0119 online w Turcji, kup trawk\u0119 online na Jersey, kup trawk\u0119 online w Chinach, kup trawk\u0119 online na Ukrainie, kup trawk\u0119 online na W\u0119grzech, kup trawk\u0119 online w Szwecji, kup trawk\u0119 online w Japonii, kup trawk\u0119 online w Hiszpanii, kup trawk\u0119 online w Rosji, kup trawk\u0119 online w Chorwacji, kup trawk\u0119 online na Guam, kup trawk\u0119 online na Guernsey.<\/p>","protected":false},"excerpt":{"rendered":"<p>The\u00a0<b>Strain Biscotti<\/b>\u00a0to klasyk Cookies, skrzy\u017cowany z po\u0142udniow\u0105 odmian\u0105 OG\u00a0<b>strain<\/b>: Gelato #25 skrzy\u017cowana z South Florida OG. ... Genetyka Cookies Family jest znana jako silne hybrydy Indica o s\u0142odkich i egzotycznych aromatach. Girl Scout Cookies to oryginalne ciasteczka <b>strain<\/b>.<\/p>","protected":false},"featured_media":1502,"comment_status":"closed","ping_status":"closed","template":"","meta":{"_uag_custom_page_level_css":"","site-sidebar-layout":"default","site-content-layout":"","ast-site-content-layout":"","site-content-style":"default","site-sidebar-style":"default","ast-global-header-display":"","ast-banner-title-visibility":"","ast-main-header-display":"","ast-hfb-above-header-display":"","ast-hfb-below-header-display":"","ast-hfb-mobile-header-display":"","site-post-title":"","ast-breadcrumbs-content":"","ast-featured-img":"","footer-sml-layout":"","theme-transparent-header-meta":"","adv-header-id-meta":"","stick-header-meta":"","header-above-stick-meta":"","header-main-stick-meta":"","header-below-stick-meta":"","astra-migrate-meta-layouts":"default","ast-page-background-enabled":"default","ast-page-background-meta":{"desktop":{"background-color":"var(--ast-global-color-4)","background-image":"","background-repeat":"repeat","background-position":"center center","background-size":"auto","background-attachment":"scroll","background-type":"","background-media":"","overlay-type":"","overlay-color":"","overlay-opacity":"","overlay-gradient":""},"tablet":{"background-color":"","background-image":"","background-repeat":"repeat","background-position":"center center","background-size":"auto","background-attachment":"scroll","background-type":"","background-media":"","overlay-type":"","overlay-color":"","overlay-opacity":"","overlay-gradient":""},"mobile":{"background-color":"","background-image":"","background-repeat":"repeat","background-position":"center center","background-size":"auto","background-attachment":"scroll","background-type":"","background-media":"","overlay-type":"","overlay-color":"","overlay-opacity":"","overlay-gradient":""}},"ast-content-background-meta":{"desktop":{"background-color":"var(--ast-global-color-5)","background-image":"","background-repeat":"repeat","background-position":"center center","background-size":"auto","background-attachment":"scroll","background-type":"","background-media":"","overlay-type":"","overlay-color":"","overlay-opacity":"","overlay-gradient":""},"tablet":{"background-color":"var(--ast-global-color-5)","background-image":"","background-repeat":"repeat","background-position":"center center","background-size":"auto","background-attachment":"scroll","background-type":"","background-media":"","overlay-type":"","overlay-color":"","overlay-opacity":"","overlay-gradient":""},"mobile":{"background-color":"var(--ast-global-color-5)","background-image":"","background-repeat":"repeat","background-position":"center center","background-size":"auto","background-attachment":"scroll","background-type":"","background-media":"","overlay-type":"","overlay-color":"","overlay-opacity":"","overlay-gradient":""}}},"product_brand":[],"product_cat":[228],"product_tag":[201,202,203,204,205,206,207,208,209,210,211,212,213,214,215,216,217,218,219,220,221,222,223,224,225,226],"class_list":{"0":"post-1466","1":"product","2":"type-product","3":"status-publish","4":"has-post-thumbnail","6":"product_cat-indica","7":"product_tag-buy-weed-online-in-australia","8":"product_tag-buy-weed-online-in-belgium","9":"product_tag-buy-weed-online-in-britain","10":"product_tag-buy-weed-online-in-china","11":"product_tag-buy-weed-online-in-croatia","12":"product_tag-buy-weed-online-in-denmark","13":"product_tag-buy-weed-online-in-european-union","14":"product_tag-buy-weed-online-in-france","15":"product_tag-buy-weed-online-in-germany","16":"product_tag-buy-weed-online-in-guam","17":"product_tag-buy-weed-online-in-guernsey","18":"product_tag-buy-weed-online-in-hungary","19":"product_tag-buy-weed-online-in-ireland","20":"product_tag-buy-weed-online-in-israel","21":"product_tag-buy-weed-online-in-italy","22":"product_tag-buy-weed-online-in-japan","23":"product_tag-buy-weed-online-in-jersey","24":"product_tag-buy-weed-online-in-latvia","25":"product_tag-buy-weed-online-in-poland","26":"product_tag-buy-weed-online-in-russia","27":"product_tag-buy-weed-online-in-spain","28":"product_tag-buy-weed-online-in-sweeden","29":"product_tag-buy-weed-online-in-switzerland","30":"product_tag-buy-weed-online-in-turkey","31":"product_tag-buy-weed-online-in-ukraine","32":"product_tag-buy-weed-online-united-states","33":"desktop-align-center","34":"tablet-align-left","35":"mobile-align-left","37":"first","38":"instock","39":"shipping-taxable","40":"purchasable","41":"product-type-variable"},"uagb_featured_image_src":{"full":["https:\/\/caliweedeurope.com\/wp-content\/uploads\/2024\/11\/treegod415_53405499_427674184643905_7221474027484783232_n.jpg",1080,1350,false],"thumbnail":["https:\/\/caliweedeurope.com\/wp-content\/uploads\/2024\/11\/treegod415_53405499_427674184643905_7221474027484783232_n-150x150.jpg",150,150,true],"medium":["https:\/\/caliweedeurope.com\/wp-content\/uploads\/2024\/11\/treegod415_53405499_427674184643905_7221474027484783232_n-240x300.jpg",240,300,true],"medium_large":["https:\/\/caliweedeurope.com\/wp-content\/uploads\/2024\/11\/treegod415_53405499_427674184643905_7221474027484783232_n-768x960.jpg",768,960,true],"large":["https:\/\/caliweedeurope.com\/wp-content\/uploads\/2024\/11\/treegod415_53405499_427674184643905_7221474027484783232_n-819x1024.jpg",819,1024,true],"1536x1536":["https:\/\/caliweedeurope.com\/wp-content\/uploads\/2024\/11\/treegod415_53405499_427674184643905_7221474027484783232_n.jpg",1080,1350,false],"2048x2048":["https:\/\/caliweedeurope.com\/wp-content\/uploads\/2024\/11\/treegod415_53405499_427674184643905_7221474027484783232_n.jpg",1080,1350,false],"trp-custom-language-flag":["https:\/\/caliweedeurope.com\/wp-content\/uploads\/2024\/11\/treegod415_53405499_427674184643905_7221474027484783232_n.jpg",10,12,false],"woocommerce_thumbnail":["https:\/\/caliweedeurope.com\/wp-content\/uploads\/2024\/11\/treegod415_53405499_427674184643905_7221474027484783232_n-300x300.jpg",300,300,true],"woocommerce_single":["https:\/\/caliweedeurope.com\/wp-content\/uploads\/2024\/11\/treegod415_53405499_427674184643905_7221474027484783232_n-600x750.jpg",600,750,true],"woocommerce_gallery_thumbnail":["https:\/\/caliweedeurope.com\/wp-content\/uploads\/2024\/11\/treegod415_53405499_427674184643905_7221474027484783232_n-100x100.jpg",100,100,true]},"uagb_author_info":{"display_name":"jetskiforsaleuk@gmail.com","author_link":"https:\/\/caliweedeurope.com\/pl\/author\/"},"uagb_comment_info":0,"uagb_excerpt":"The\u00a0Biscotti strain\u00a0is a Cookies classic crossed a southern OG\u00a0strain: Gelato #25 crossed with South Florida OG. \u2026 Cookies Family genetics are known to be potent Indica-hybrids that have sweet and exotic aromatics. Girl Scout Cookies is the original cookies strain.","_links":{"self":[{"href":"https:\/\/caliweedeurope.com\/pl\/wp-json\/wp\/v2\/product\/1466"}],"collection":[{"href":"https:\/\/caliweedeurope.com\/pl\/wp-json\/wp\/v2\/product"}],"about":[{"href":"https:\/\/caliweedeurope.com\/pl\/wp-json\/wp\/v2\/types\/product"}],"replies":[{"embeddable":true,"href":"https:\/\/caliweedeurope.com\/pl\/wp-json\/wp\/v2\/comments?post=1466"}],"wp:featuredmedia":[{"embeddable":true,"href":"https:\/\/caliweedeurope.com\/pl\/wp-json\/wp\/v2\/media\/1502"}],"wp:attachment":[{"href":"https:\/\/caliweedeurope.com\/pl\/wp-json\/wp\/v2\/media?parent=1466"}],"wp:term":[{"taxonomy":"product_brand","embeddable":true,"href":"https:\/\/caliweedeurope.com\/pl\/wp-json\/wp\/v2\/product_brand?post=1466"},{"taxonomy":"product_cat","embeddable":true,"href":"https:\/\/caliweedeurope.com\/pl\/wp-json\/wp\/v2\/product_cat?post=1466"},{"taxonomy":"product_tag","embeddable":true,"href":"https:\/\/caliweedeurope.com\/pl\/wp-json\/wp\/v2\/product_tag?post=1466"}],"curies":[{"name":"wp","href":"https:\/\/api.w.org\/{rel}","templated":true}]}}