{"id":1484,"date":"2024-11-03T21:33:28","date_gmt":"2024-11-03T21:33:28","guid":{"rendered":"https:\/\/caliweedeurope.com\/?post_type=product&#038;p=1484"},"modified":"2024-11-03T21:33:51","modified_gmt":"2024-11-03T21:33:51","slug":"grand-daddy-purple-for-sale","status":"publish","type":"product","link":"https:\/\/caliweedeurope.com\/pl\/product\/grand-daddy-purple-for-sale\/","title":{"rendered":"Grand Daddy Purple na sprzeda\u017c"},"content":{"rendered":"<h1>Grand Daddy Purple na sprzeda\u017c<\/h1>\n<p class=\"translation-block\">Wreszcie Indica do recenzji! Zanim Cookies by\u0142a \u201et\u0105\u201d odmian\u0105, istnia\u0142 <strong>Grand Daddy Purple na sprzeda\u017c (GDP)<\/strong>, kt\u00f3ry rz\u0105dzi\u0142 spo\u0142eczno\u015bci\u0105 konopi przez ponad 5 lat. To naprawd\u0119 d\u0142ugi okres! Niezaprzeczalnie najbardziej znana ze wszystkich <em>fioletowych<\/em> odmian. \u0141atwa do znalezienia i \u0142atwa do uprawy, ten filar sceny marihuany sprawi, \u017ce wr\u00f3cisz po wi\u0119cej. grand daddy purple strain na sprzeda\u017c.<\/p>\n<p><strong>Wygl\u0105d i zapach<\/strong><\/p>\n<p class=\"translation-block\"><strong>Grand Daddy Purple na sprzeda\u017c<\/strong> p\u0105ki s\u0105 niesamowicie g\u0119ste, zielone, kt\u00f3re nabieraj\u0105 g\u0142\u0119bokich fioletowych odcieni, kt\u00f3re rozprzestrzeniaj\u0105 si\u0119 ca\u0142kowicie w p\u0105kach (nie tylko na zewn\u0105trz) w miar\u0119 jak ro\u015blina dojrzewa. Jasne pomara\u0144czowe w\u0142oski s\u0105 obfite i stanowi\u0105 \u0142adny kontrast do innych kolor\u00f3w, kt\u00f3re zdobi\u0105 pokryte \u017cywic\u0105 p\u0105ki. Zapach jest prosty, a to mo\u017ce brzmie\u0107 troch\u0119 stereotypowo, ale naprawd\u0119 pachnie winogronami.<\/p>\n<p><a href=\"https:\/\/deligentman.com\/wp-content\/uploads\/2020\/01\/can-you-buy-weed-online.jpg\" target=\"_blank\" rel=\"noopener\"><img loading=\"lazy\" decoding=\"async\" class=\"wp-image-7493 size-medium aligncenter\" src=\"https:\/\/deligentman.com\/wp-content\/uploads\/2020\/01\/can-you-buy-weed-online-300x175.jpg\" alt=\"\" width=\"300\" height=\"175\" \/><\/a><\/p>\n<p><strong>Dym<\/strong><\/p>\n<p>W moim poprzednim \u017cyciu uprawia\u0142em t\u0119 odmian\u0119 przez wiele lat. \u0141atwo rozpoznam GDP tylko po smaku. Znowu wyra\u017any smak winogron dominuje. Ten smak utrzymuje si\u0119 na j\u0119zyku przez d\u0142ugi czas. Efekty s\u0105 d\u0142ugotrwa\u0142e (3-4 godziny) z p\u0142ynnie r\u00f3wnomiernym uczuciem. Niesamowite lekarstwo na zako\u0144czenie nocy w g\u0142\u0119bokim rozlu\u017anieniu cia\u0142a. Grand Daddy Purple na sprzeda\u017c. <a href=\"https:\/\/deligentman.com\/contact\/\" target=\"_blank\" rel=\"noopener\">Skontaktuj si\u0119 z nami teraz<\/a><\/p>\n<p><strong>Og\u00f3lnie<\/strong><\/p>\n<p class=\"translation-block\">Zawsze uwa\u017cam <strong>Grand Daddy Purple<\/strong> za odmian\u0119 nocn\u0105. Chocia\u017c nie jest to najmocniejsza z odmian Indica, mog\u0119 wymieni\u0107 wiele innych odmian bardziej odpowiednich do stosowania w ci\u0105gu dnia. To powiedziawszy, GDP jest <a href=\"https:\/\/www.politico.com\/news\/marijuana-legalization\" target=\"_blank\" rel=\"noopener\">uwa\u017cana<\/a> za jedn\u0105 z najlepszych \u201eleczniczych\u201d odmian. Ta cecha oraz zwi\u0119kszanie apetytu sprawiaj\u0105, \u017ce jest ulubiona w\u015br\u00f3d pacjent\u00f3w walcz\u0105cych ze skutkami ubocznymi chemioterapii. GDP jest tak\u017ce \u015bwietna na problemy z bezsenno\u015bci\u0105. Teraz wydaje si\u0119 by\u0107 wsz\u0119dzie, wi\u0119c je\u015bli na ni\u0105 trafisz, nie przegap okazji, by spr\u00f3bowa\u0107 tej legendarnej odmiany. grand daddy purple na sprzeda\u017c. purple punch strain.<\/p>\n<p>&nbsp;<\/p>\n<p>&nbsp;<\/p>","protected":false},"excerpt":{"rendered":"<p>Grand Daddy Purple Grade A (Indica) na sprzeda\u017c online w USA. Mo\u017cesz go kupi\u0107 w naszym sklepie internetowym z marihuan\u0105. Mamy marihuan\u0119 na sprzeda\u017c, trawk\u0119 na sprzeda\u017c online. ... Grand Daddy Purps to jedna z najpopularniejszych odmian Indica na zachodnim wybrze\u017cu i prawdopodobnie najbardziej znana 'fioletowa' odmiana konopi w USA.<\/p>","protected":false},"featured_media":1506,"comment_status":"closed","ping_status":"closed","template":"","meta":{"_uag_custom_page_level_css":"","site-sidebar-layout":"default","site-content-layout":"","ast-site-content-layout":"","site-content-style":"default","site-sidebar-style":"default","ast-global-header-display":"","ast-banner-title-visibility":"","ast-main-header-display":"","ast-hfb-above-header-display":"","ast-hfb-below-header-display":"","ast-hfb-mobile-header-display":"","site-post-title":"","ast-breadcrumbs-content":"","ast-featured-img":"","footer-sml-layout":"","theme-transparent-header-meta":"","adv-header-id-meta":"","stick-header-meta":"","header-above-stick-meta":"","header-main-stick-meta":"","header-below-stick-meta":"","astra-migrate-meta-layouts":"default","ast-page-background-enabled":"default","ast-page-background-meta":{"desktop":{"background-color":"var(--ast-global-color-4)","background-image":"","background-repeat":"repeat","background-position":"center center","background-size":"auto","background-attachment":"scroll","background-type":"","background-media":"","overlay-type":"","overlay-color":"","overlay-opacity":"","overlay-gradient":""},"tablet":{"background-color":"","background-image":"","background-repeat":"repeat","background-position":"center center","background-size":"auto","background-attachment":"scroll","background-type":"","background-media":"","overlay-type":"","overlay-color":"","overlay-opacity":"","overlay-gradient":""},"mobile":{"background-color":"","background-image":"","background-repeat":"repeat","background-position":"center center","background-size":"auto","background-attachment":"scroll","background-type":"","background-media":"","overlay-type":"","overlay-color":"","overlay-opacity":"","overlay-gradient":""}},"ast-content-background-meta":{"desktop":{"background-color":"var(--ast-global-color-5)","background-image":"","background-repeat":"repeat","background-position":"center center","background-size":"auto","background-attachment":"scroll","background-type":"","background-media":"","overlay-type":"","overlay-color":"","overlay-opacity":"","overlay-gradient":""},"tablet":{"background-color":"var(--ast-global-color-5)","background-image":"","background-repeat":"repeat","background-position":"center center","background-size":"auto","background-attachment":"scroll","background-type":"","background-media":"","overlay-type":"","overlay-color":"","overlay-opacity":"","overlay-gradient":""},"mobile":{"background-color":"var(--ast-global-color-5)","background-image":"","background-repeat":"repeat","background-position":"center center","background-size":"auto","background-attachment":"scroll","background-type":"","background-media":"","overlay-type":"","overlay-color":"","overlay-opacity":"","overlay-gradient":""}}},"product_brand":[],"product_cat":[228],"product_tag":[344,345,329,346,347,348,349,350,351,352,353,354,355,356,357,358,331,359,360,361,362,363,364,365,366,367,368,369,370,371,372,373,374,375,376,377,378,379],"class_list":{"0":"post-1484","1":"product","2":"type-product","3":"status-publish","4":"has-post-thumbnail","6":"product_cat-indica","7":"product_tag-buy-cannabis-buds-online-uk","8":"product_tag-buy-cannabis-growing-equipment-uk","9":"product_tag-buy-cannabis-in-uk","10":"product_tag-buy-cannabis-oil-for-cancer-online-uk","11":"product_tag-buy-cannabis-oil-for-cancer-uk","12":"product_tag-buy-cannabis-oil-online-uk","13":"product_tag-buy-cannabis-oil-uk","14":"product_tag-buy-cannabis-online-uk-paypal","15":"product_tag-buy-cannabis-plants-uk","16":"product_tag-buy-cannabis-seeds-in-uk","17":"product_tag-buy-cannabis-seeds-uk","18":"product_tag-buy-cannabis-uk","19":"product_tag-buy-legal-cannabis-online-uk","20":"product_tag-buy-legal-cannabis-uk","21":"product_tag-buy-medical-cannabis-oil-online-uk","22":"product_tag-buy-medical-cannabis-oil-uk","23":"product_tag-buy-medical-cannabis-online-uk","24":"product_tag-buying-cannabis-online-uk","25":"product_tag-buying-cannabis-seeds-uk","26":"product_tag-buying-cannabis-uk","27":"product_tag-can-i-buy-cannabis-online-uk","28":"product_tag-can-you-buy-cannabis-online-uk","29":"product_tag-can-you-buy-cannabis-seeds-in-uk","30":"product_tag-cannabis-energy-drink-where-to-buy-uk","31":"product_tag-cannabis-for-sale-online-uk","32":"product_tag-cannabis-oil-buy-uk","33":"product_tag-cannabis-oil-cancer-where-to-buy-uk","34":"product_tag-cannabis-online-uk","35":"product_tag-cannabis-sale-online-uk","36":"product_tag-cannabis-seeds-online-uk","37":"product_tag-cheapest-cannabis-seeds-online-uk","38":"product_tag-is-it-legal-to-buy-cannabis-seeds-uk","39":"product_tag-online-cannabis-shop-uk","40":"product_tag-ordering-cannabis-online-uk","41":"product_tag-where-can-i-buy-cannabis-oil-for-cancer-in-uk","42":"product_tag-where-can-i-buy-cannabis-oil-in-the-uk","43":"product_tag-where-can-i-buy-cannabis-oil-in-uk","44":"product_tag-where-can-i-buy-cannabis-seeds-in-uk","45":"desktop-align-center","46":"tablet-align-left","47":"mobile-align-left","49":"first","50":"instock","51":"sale","52":"shipping-taxable","53":"purchasable","54":"product-type-variable"},"uagb_featured_image_src":{"full":["https:\/\/caliweedeurope.com\/wp-content\/uploads\/2024\/11\/treegod415_53703777_126930345090400_5544935986039791710_n.jpg",1080,1210,false],"thumbnail":["https:\/\/caliweedeurope.com\/wp-content\/uploads\/2024\/11\/treegod415_53703777_126930345090400_5544935986039791710_n-150x150.jpg",150,150,true],"medium":["https:\/\/caliweedeurope.com\/wp-content\/uploads\/2024\/11\/treegod415_53703777_126930345090400_5544935986039791710_n-268x300.jpg",268,300,true],"medium_large":["https:\/\/caliweedeurope.com\/wp-content\/uploads\/2024\/11\/treegod415_53703777_126930345090400_5544935986039791710_n-768x860.jpg",768,860,true],"large":["https:\/\/caliweedeurope.com\/wp-content\/uploads\/2024\/11\/treegod415_53703777_126930345090400_5544935986039791710_n-914x1024.jpg",914,1024,true],"1536x1536":["https:\/\/caliweedeurope.com\/wp-content\/uploads\/2024\/11\/treegod415_53703777_126930345090400_5544935986039791710_n.jpg",1080,1210,false],"2048x2048":["https:\/\/caliweedeurope.com\/wp-content\/uploads\/2024\/11\/treegod415_53703777_126930345090400_5544935986039791710_n.jpg",1080,1210,false],"trp-custom-language-flag":["https:\/\/caliweedeurope.com\/wp-content\/uploads\/2024\/11\/treegod415_53703777_126930345090400_5544935986039791710_n.jpg",11,12,false],"woocommerce_thumbnail":["https:\/\/caliweedeurope.com\/wp-content\/uploads\/2024\/11\/treegod415_53703777_126930345090400_5544935986039791710_n-300x300.jpg",300,300,true],"woocommerce_single":["https:\/\/caliweedeurope.com\/wp-content\/uploads\/2024\/11\/treegod415_53703777_126930345090400_5544935986039791710_n-600x672.jpg",600,672,true],"woocommerce_gallery_thumbnail":["https:\/\/caliweedeurope.com\/wp-content\/uploads\/2024\/11\/treegod415_53703777_126930345090400_5544935986039791710_n-100x100.jpg",100,100,true]},"uagb_author_info":{"display_name":"jetskiforsaleuk@gmail.com","author_link":"https:\/\/caliweedeurope.com\/pl\/author\/"},"uagb_comment_info":0,"uagb_excerpt":"Grand Daddy Purple Grade A (Indica)\u00a0for sale\u00a0online in the US.You can buy it from our weed online shop.We have marijuana\u00a0for sale,weed\u00a0for sale\u00a0online. &#8230; Grand Daddy Purps) is one of the most popular Indica strains on the west coast and is perhaps the most well known \u2018purple\u2019 cannabis strain in the US.","_links":{"self":[{"href":"https:\/\/caliweedeurope.com\/pl\/wp-json\/wp\/v2\/product\/1484"}],"collection":[{"href":"https:\/\/caliweedeurope.com\/pl\/wp-json\/wp\/v2\/product"}],"about":[{"href":"https:\/\/caliweedeurope.com\/pl\/wp-json\/wp\/v2\/types\/product"}],"replies":[{"embeddable":true,"href":"https:\/\/caliweedeurope.com\/pl\/wp-json\/wp\/v2\/comments?post=1484"}],"wp:featuredmedia":[{"embeddable":true,"href":"https:\/\/caliweedeurope.com\/pl\/wp-json\/wp\/v2\/media\/1506"}],"wp:attachment":[{"href":"https:\/\/caliweedeurope.com\/pl\/wp-json\/wp\/v2\/media?parent=1484"}],"wp:term":[{"taxonomy":"product_brand","embeddable":true,"href":"https:\/\/caliweedeurope.com\/pl\/wp-json\/wp\/v2\/product_brand?post=1484"},{"taxonomy":"product_cat","embeddable":true,"href":"https:\/\/caliweedeurope.com\/pl\/wp-json\/wp\/v2\/product_cat?post=1484"},{"taxonomy":"product_tag","embeddable":true,"href":"https:\/\/caliweedeurope.com\/pl\/wp-json\/wp\/v2\/product_tag?post=1484"}],"curies":[{"name":"wp","href":"https:\/\/api.w.org\/{rel}","templated":true}]}}