{"id":1488,"date":"2024-11-03T21:33:28","date_gmt":"2024-11-03T21:33:28","guid":{"rendered":"https:\/\/caliweedeurope.com\/?post_type=product&#038;p=1488"},"modified":"2024-11-03T21:34:15","modified_gmt":"2024-11-03T21:34:15","slug":"sour-diesel","status":"publish","type":"product","link":"https:\/\/caliweedeurope.com\/pl\/product\/sour-diesel\/","title":{"rendered":"Sour Diesel"},"content":{"rendered":"<h1>Kupi\u0107\u00a0<strong>Sour Diesel<\/strong>\u00a0Online<\/h1>\n<p>Sour Diesel to jedna z najcz\u0119\u015bciej palonych odmian sativy wszechczas\u00f3w. Je\u015bli nigdy o niej nie s\u0142ysza\u0142e\u015b, prawdopodobnie mieszkasz w jaskini w Afganistanie albo kto\u015b, kogo znasz, ju\u017c jej pr\u00f3bowa\u0142 (i prawdopodobnie j\u0105 uwielbia). Konkretne pochodzenie Sour Diesel jest skomplikowane i bardzo s\u0142abo udokumentowane, podobnie jak w przypadku wi\u0119kszo\u015bci starszych odmian.<\/p>\n<p>Niekt\u00f3rzy uwa\u017caj\u0105, \u017ce odmiana Sour Diesel pochodzi po prostu z fenotypu Chemdawg, kt\u00f3ry by\u0142 nieco inny i bardziej sk\u0142ania\u0142 si\u0119 ku stronie sativy. Najpopularniejsza teoria dotycz\u0105ca pochodzenia m\u00f3wi, \u017ce oryginalny Diesel jest wynikiem krzy\u017c\u00f3wki mi\u0119dzy (Chemdawg x Super Skunk x Northern Lights). Cz\u0119sto nazywany \u201eSour D\u201d, ten g\u0142\u00f3wnie sativa-dominuj\u0105cy hybryd (90% sativa, 10% indica) zawdzi\u0119cza swoj\u0105 unikaln\u0105 nazw\u0119 niemal dieslowemu i cytrusowemu zapachowi, kt\u00f3ry wydziela.<\/p>\n<p>Z tego, co wiem, Sour Diesel mo\u017cna znale\u017a\u0107 jedynie w formie klonu i cz\u0119sto jest do\u015b\u0107 trudno dost\u0119pny. Ze wzgl\u0119du na t\u0119 rzadko\u015b\u0107 prawdziwego Sour Diesel, istnieje wiele hybryd, kt\u00f3re pr\u00f3bowa\u0142y na\u015bladowa\u0107 prawdziwy efekt Sour Diesel. Niekt\u00f3re s\u0105 blisko, ale nic nie dor\u00f3wnuje orygina\u0142owi.<\/p>\n<h2><strong>Wygl\u0105d i zapach Sour Diesel<\/strong><\/h2>\n<p>Sour Diesel to wysoka, cienka ro\u015blina, odpowiednia zar\u00f3wno do ogrod\u00f3w wewn\u0119trznych, jak i zewn\u0119trznych. Jej li\u015bcie ciemniej\u0105 do niemal purpurowego koloru w ostatnich tygodniach kwitnienia. P\u0105ki zazwyczaj maj\u0105 r\u00f3\u017cowe lub jasno-pomara\u0144czowe s\u0142upki, a ich forma jest lu\u017ana i lancetowata.<\/p>\n<p>Wszystkie Sour D, kt\u00f3re kiedykolwiek uprawia\u0142em, mia\u0142y jedn\u0105 du\u017c\u0105 kol\u0119 z 6-9 mniejszymi ga\u0142\u0119ziami.<\/p>\n<p>Zapach jest bardzo intensywny, niemal przyt\u0142aczaj\u0105cy, a jednak w jaki\u015b spos\u00f3b magnetyczny. Wynika to z faktu, \u017ce ta odmiana ma wyra\u017any, ostry, trawiasty, dieslowy, cytrusowy zapach, kt\u00f3ry \u0142\u0105czy si\u0119 z ekscytuj\u0105cym zastrzykiem energii. Maj\u0105c dominuj\u0105c\u0105 sativow\u0105 lini\u0119, mo\u017cna s\u0142usznie przypuszcza\u0107, \u017ce b\u0119dzie wp\u0142ywa\u0107 g\u0142\u00f3wnie na umys\u0142.<\/p>\n<h2><strong>Dym<\/strong><\/h2>\n<p>Fani tej odmiany zazwyczaj u\u017cywaj\u0105 Sour Diesel jako pierwszego \u017ar\u00f3d\u0142a leczenia na pocz\u0105tek d\u0142ugiego dnia \u2013 sprawi, \u017ce poczujesz si\u0119 obudzony i gotowy do dzia\u0142ania. Poniewa\u017c jest tak dominuj\u0105ca w sativa, Sour Diesel wp\u0142ywa prawie wy\u0142\u0105cznie na funkcje umys\u0142owe. Nie powinno by\u0107 \u017cadnego efektu \u201ecouch lock\u201d ani ci\u0119\u017ckich odczu\u0107 w ciele, je\u015bli palisz prawdziwego Sour Diesel.<\/p>\n<p>Sour Diesel smakuje dok\u0142adnie tak, jak pachnie: klasyczny, funkowy zapach paliwa. I to dlatego Sour D jest tak s\u0142ynny z \u0142atwo\u015bci rozpoznawania go w t\u0142umie.<\/p>\n<p>Odmiana jest tak popularna, poniewa\u017c efekt jest naprawd\u0119 niesamowity, z zawarto\u015bci\u0105 THC powy\u017cej 20% i trwa\u0142o\u015bci\u0105 2-3 godziny. Dzi\u0119ki swojej dominuj\u0105cej sativie, nape\u0142nia cia\u0142o, a zw\u0142aszcza umys\u0142, motywuj\u0105c\u0105 i podnosz\u0105c\u0105 na duchu energi\u0105. Jest to zdecydowany poprawiacz nastroju i niszczyciel depresji. Bycie w dobrym nastroju jest \u0142atwym i naturalnym uczuciem podczas do\u015bwiadczania Sour Diesel.<\/p>\n<h2><strong>Og\u00f3lnie\u00a0<\/strong><\/h2>\n<p>La impresionante popularidad de Sour Diesel no es un accidente y ya no es solo un fen\u00f3meno de la costa este. La variedad es una de las m\u00e1s fascinantes en la historia del cannabis. Hace que las cosas divertidas sean a\u00fan m\u00e1s divertidas; hace que la buena comida sepa a\u00fan mejor. Como un mejorador del estado de \u00e1nimo, simplemente hace la vida m\u00e1s divertida. Las noches m\u00e1s ordinarias se convierten r\u00e1pidamente en memorables cuando Sour Diesel est\u00e1 involucrado. M\u00e1s que solo un mejorador del estado de \u00e1nimo, esta variedad tambi\u00e9n ha demostrado ser eficaz en el tratamiento de: depresi\u00f3n. Tambi\u00e9n ansiedad, estr\u00e9s y problemas de apetito. Merecedora de su fama, esta variedad sigue siendo y siempre ser\u00e1 una de las mejores variedades del planeta.<\/p>","protected":false},"excerpt":{"rendered":"<p>Sour Diesel Grade A Shelf (sativa) na sprzeda\u017c online w USA. Mo\u017cesz kupi\u0107 go w naszym internetowym sklepie z marihuan\u0105. Mamy marihuan\u0119 i zio\u0142o na sprzeda\u017c online.<\/p>","protected":false},"featured_media":1508,"comment_status":"closed","ping_status":"closed","template":"","meta":{"_uag_custom_page_level_css":"","site-sidebar-layout":"default","site-content-layout":"","ast-site-content-layout":"","site-content-style":"default","site-sidebar-style":"default","ast-global-header-display":"","ast-banner-title-visibility":"","ast-main-header-display":"","ast-hfb-above-header-display":"","ast-hfb-below-header-display":"","ast-hfb-mobile-header-display":"","site-post-title":"","ast-breadcrumbs-content":"","ast-featured-img":"","footer-sml-layout":"","theme-transparent-header-meta":"","adv-header-id-meta":"","stick-header-meta":"","header-above-stick-meta":"","header-main-stick-meta":"","header-below-stick-meta":"","astra-migrate-meta-layouts":"default","ast-page-background-enabled":"default","ast-page-background-meta":{"desktop":{"background-color":"var(--ast-global-color-4)","background-image":"","background-repeat":"repeat","background-position":"center center","background-size":"auto","background-attachment":"scroll","background-type":"","background-media":"","overlay-type":"","overlay-color":"","overlay-opacity":"","overlay-gradient":""},"tablet":{"background-color":"","background-image":"","background-repeat":"repeat","background-position":"center center","background-size":"auto","background-attachment":"scroll","background-type":"","background-media":"","overlay-type":"","overlay-color":"","overlay-opacity":"","overlay-gradient":""},"mobile":{"background-color":"","background-image":"","background-repeat":"repeat","background-position":"center center","background-size":"auto","background-attachment":"scroll","background-type":"","background-media":"","overlay-type":"","overlay-color":"","overlay-opacity":"","overlay-gradient":""}},"ast-content-background-meta":{"desktop":{"background-color":"var(--ast-global-color-5)","background-image":"","background-repeat":"repeat","background-position":"center center","background-size":"auto","background-attachment":"scroll","background-type":"","background-media":"","overlay-type":"","overlay-color":"","overlay-opacity":"","overlay-gradient":""},"tablet":{"background-color":"var(--ast-global-color-5)","background-image":"","background-repeat":"repeat","background-position":"center center","background-size":"auto","background-attachment":"scroll","background-type":"","background-media":"","overlay-type":"","overlay-color":"","overlay-opacity":"","overlay-gradient":""},"mobile":{"background-color":"var(--ast-global-color-5)","background-image":"","background-repeat":"repeat","background-position":"center center","background-size":"auto","background-attachment":"scroll","background-type":"","background-media":"","overlay-type":"","overlay-color":"","overlay-opacity":"","overlay-gradient":""}}},"product_brand":[],"product_cat":[380],"product_tag":[201,202,203,204,205,206,207,208,209,210,211,212,213,214,215,216,217,218,219,220,221,222,223,224,225,226],"class_list":{"0":"post-1488","1":"product","2":"type-product","3":"status-publish","4":"has-post-thumbnail","6":"product_cat-sativa","7":"product_tag-buy-weed-online-in-australia","8":"product_tag-buy-weed-online-in-belgium","9":"product_tag-buy-weed-online-in-britain","10":"product_tag-buy-weed-online-in-china","11":"product_tag-buy-weed-online-in-croatia","12":"product_tag-buy-weed-online-in-denmark","13":"product_tag-buy-weed-online-in-european-union","14":"product_tag-buy-weed-online-in-france","15":"product_tag-buy-weed-online-in-germany","16":"product_tag-buy-weed-online-in-guam","17":"product_tag-buy-weed-online-in-guernsey","18":"product_tag-buy-weed-online-in-hungary","19":"product_tag-buy-weed-online-in-ireland","20":"product_tag-buy-weed-online-in-israel","21":"product_tag-buy-weed-online-in-italy","22":"product_tag-buy-weed-online-in-japan","23":"product_tag-buy-weed-online-in-jersey","24":"product_tag-buy-weed-online-in-latvia","25":"product_tag-buy-weed-online-in-poland","26":"product_tag-buy-weed-online-in-russia","27":"product_tag-buy-weed-online-in-spain","28":"product_tag-buy-weed-online-in-sweeden","29":"product_tag-buy-weed-online-in-switzerland","30":"product_tag-buy-weed-online-in-turkey","31":"product_tag-buy-weed-online-in-ukraine","32":"product_tag-buy-weed-online-united-states","33":"desktop-align-center","34":"tablet-align-left","35":"mobile-align-left","37":"first","38":"instock","39":"sale","40":"shipping-taxable","41":"purchasable","42":"product-type-variable"},"uagb_featured_image_src":{"full":["https:\/\/caliweedeurope.com\/wp-content\/uploads\/2024\/11\/treegod415_61117422_355110038478171_6070426788907369159_n.jpg",1080,1227,false],"thumbnail":["https:\/\/caliweedeurope.com\/wp-content\/uploads\/2024\/11\/treegod415_61117422_355110038478171_6070426788907369159_n-150x150.jpg",150,150,true],"medium":["https:\/\/caliweedeurope.com\/wp-content\/uploads\/2024\/11\/treegod415_61117422_355110038478171_6070426788907369159_n-264x300.jpg",264,300,true],"medium_large":["https:\/\/caliweedeurope.com\/wp-content\/uploads\/2024\/11\/treegod415_61117422_355110038478171_6070426788907369159_n-768x873.jpg",768,873,true],"large":["https:\/\/caliweedeurope.com\/wp-content\/uploads\/2024\/11\/treegod415_61117422_355110038478171_6070426788907369159_n-901x1024.jpg",901,1024,true],"1536x1536":["https:\/\/caliweedeurope.com\/wp-content\/uploads\/2024\/11\/treegod415_61117422_355110038478171_6070426788907369159_n.jpg",1080,1227,false],"2048x2048":["https:\/\/caliweedeurope.com\/wp-content\/uploads\/2024\/11\/treegod415_61117422_355110038478171_6070426788907369159_n.jpg",1080,1227,false],"trp-custom-language-flag":["https:\/\/caliweedeurope.com\/wp-content\/uploads\/2024\/11\/treegod415_61117422_355110038478171_6070426788907369159_n.jpg",11,12,false],"woocommerce_thumbnail":["https:\/\/caliweedeurope.com\/wp-content\/uploads\/2024\/11\/treegod415_61117422_355110038478171_6070426788907369159_n-300x300.jpg",300,300,true],"woocommerce_single":["https:\/\/caliweedeurope.com\/wp-content\/uploads\/2024\/11\/treegod415_61117422_355110038478171_6070426788907369159_n-600x682.jpg",600,682,true],"woocommerce_gallery_thumbnail":["https:\/\/caliweedeurope.com\/wp-content\/uploads\/2024\/11\/treegod415_61117422_355110038478171_6070426788907369159_n-100x100.jpg",100,100,true]},"uagb_author_info":{"display_name":"jetskiforsaleuk@gmail.com","author_link":"https:\/\/caliweedeurope.com\/pl\/author\/"},"uagb_comment_info":0,"uagb_excerpt":"Sour Diesel Grade A Shelf (sativa) for sale online in the US. You can buy it from our weed online shop.We have marijuana for sale, weed for sale online.","_links":{"self":[{"href":"https:\/\/caliweedeurope.com\/pl\/wp-json\/wp\/v2\/product\/1488"}],"collection":[{"href":"https:\/\/caliweedeurope.com\/pl\/wp-json\/wp\/v2\/product"}],"about":[{"href":"https:\/\/caliweedeurope.com\/pl\/wp-json\/wp\/v2\/types\/product"}],"replies":[{"embeddable":true,"href":"https:\/\/caliweedeurope.com\/pl\/wp-json\/wp\/v2\/comments?post=1488"}],"wp:featuredmedia":[{"embeddable":true,"href":"https:\/\/caliweedeurope.com\/pl\/wp-json\/wp\/v2\/media\/1508"}],"wp:attachment":[{"href":"https:\/\/caliweedeurope.com\/pl\/wp-json\/wp\/v2\/media?parent=1488"}],"wp:term":[{"taxonomy":"product_brand","embeddable":true,"href":"https:\/\/caliweedeurope.com\/pl\/wp-json\/wp\/v2\/product_brand?post=1488"},{"taxonomy":"product_cat","embeddable":true,"href":"https:\/\/caliweedeurope.com\/pl\/wp-json\/wp\/v2\/product_cat?post=1488"},{"taxonomy":"product_tag","embeddable":true,"href":"https:\/\/caliweedeurope.com\/pl\/wp-json\/wp\/v2\/product_tag?post=1488"}],"curies":[{"name":"wp","href":"https:\/\/api.w.org\/{rel}","templated":true}]}}