{"id":1492,"date":"2024-11-03T21:33:29","date_gmt":"2024-11-03T21:33:29","guid":{"rendered":"https:\/\/caliweedeurope.com\/?post_type=product&#038;p=1492"},"modified":"2024-11-03T21:34:15","modified_gmt":"2024-11-03T21:34:15","slug":"afghan-kush","status":"publish","type":"product","link":"https:\/\/caliweedeurope.com\/pl\/product\/afghan-kush\/","title":{"rendered":"Afghan Kush"},"content":{"rendered":"<h1>Odmiana Afghan Kush<\/h1>\n<p>Afghan Kush wygl\u0105da bardzo \u0142adnie, bladozielony z odcieniem \u017c\u00f3\u0142ci, pomara\u0144czowe w\u0142osy, zar\u00f3wno jasne, jak i ciemne, s\u0105 obecne, wygl\u0105da jak pomara\u0144czowy i z\u0142oty nugget z plamiastymi kryszta\u0142ami.<\/p>\n<h3>Zapach<\/h3>\n<p>Afghan Kush ma r\u00f3wnie\u017c bardzo \u0142agodny zapach, jak ca\u0142y nugget, z nutami szafranu i toffi. Jednak po z\u0142amaniu p\u0105ka dominuj\u0105cy staje si\u0119 zapach spalonego toffi.<\/p>\n<h3>Smak<\/h3>\n<p>Podobnie smakuje pikantnie, ten p\u0105k ma ton przypraw z ga\u0142k\u0105 muszkato\u0142ow\u0105, cynamonem i imbirem jako najsilniejszymi. Bardzo g\u0142adki, smak ga\u0142ki muszkato\u0142owej utrzymuje si\u0119 przez kilka chwil.<\/p>\n<h3>Efekty<\/h3>\n<p>Efekt Afghan Kush jest natychmiastowy. Czujesz si\u0119 bardzo zrelaksowany i troch\u0119 ci\u0119\u017csze oczy (nie dla nowicjuszy). Zauwa\u017cy\u0142em, \u017ce nie odczuwa\u0142em du\u017co b\u00f3lu. Uwa\u017cam r\u00f3wnie\u017c, \u017ce jest \u015bwietny na skurcze. A je\u015bli masz trudno\u015bci ze snem i my\u015blisz, \u017ce potrzebujesz snu natychmiast, Afghan Kush to twoje zio\u0142o.<\/p>\n<p>Afghan Kush to zdecydowanie moja ulubiona odmiana tego roku. Znam osobi\u015bcie kogo\u015b, kto j\u0105 uprawia\u0142, a obserwowanie tej pi\u0119kno\u015bci da\u0142o mi pasj\u0119 do tak niesamowitej odmiany. Zapachy wydobywaj\u0105ce si\u0119 z tej ro\u015bliny by\u0142y bardzo przyprawowe podczas kwitnienia, a potem st\u0142umione podczas suszenia. Podczas dojrzewania pokaza\u0142a swoje prawdziwe kolory. Zmieni\u0142a si\u0119 z pikantnego zapachu na delikatny, s\u0142odki zapach z nut\u0105 limonkowej zieleni i jasnych pomara\u0144czowych w\u0142osk\u00f3w. Bardzo \u0142agodny dym w por\u00f3wnaniu do wi\u0119kszo\u015bci. Olej miodowy wykonany z tej odmiany jest fenomenalny. Najsilniejsza odmiana, jak\u0105 pr\u00f3bowa\u0142em od d\u0142u\u017cszego czasu.<\/p>","protected":false},"excerpt":{"rendered":"<p>Afghan Kush wygl\u0105da bardzo \u0142adnie, bladozielony z odcieniem \u017c\u00f3\u0142ci, obecne s\u0105 pomara\u0144czowe w\u0142osy, zar\u00f3wno jasne, jak i ciemne. Wygl\u0105da jak pomara\u0144czowy i z\u0142oty nugget z plamiastymi kryszta\u0142ami. Kup Afghan Kush online \u2013 Afghan Kush na sprzeda\u017c. Afghan Kush to popularna odmiana marihuany z poziomem THC do 15%. Afghan Kush ma bardzo medyczny smak i dramatyczne efekty w \u0142agodzeniu b\u00f3lu. Ze wzgl\u0119du na swoje narkotyczne dzia\u0142anie, Afghan Kush jest popularny w\u015br\u00f3d pacjent\u00f3w szukaj\u0105cych ulgi w b\u00f3lu, stresie, bezsenno\u015bci i nudno\u015bciach.<\/p>","protected":false},"featured_media":1530,"comment_status":"closed","ping_status":"closed","template":"","meta":{"_uag_custom_page_level_css":"","site-sidebar-layout":"default","site-content-layout":"","ast-site-content-layout":"","site-content-style":"default","site-sidebar-style":"default","ast-global-header-display":"","ast-banner-title-visibility":"","ast-main-header-display":"","ast-hfb-above-header-display":"","ast-hfb-below-header-display":"","ast-hfb-mobile-header-display":"","site-post-title":"","ast-breadcrumbs-content":"","ast-featured-img":"","footer-sml-layout":"","theme-transparent-header-meta":"","adv-header-id-meta":"","stick-header-meta":"","header-above-stick-meta":"","header-main-stick-meta":"","header-below-stick-meta":"","astra-migrate-meta-layouts":"default","ast-page-background-enabled":"default","ast-page-background-meta":{"desktop":{"background-color":"var(--ast-global-color-4)","background-image":"","background-repeat":"repeat","background-position":"center center","background-size":"auto","background-attachment":"scroll","background-type":"","background-media":"","overlay-type":"","overlay-color":"","overlay-opacity":"","overlay-gradient":""},"tablet":{"background-color":"","background-image":"","background-repeat":"repeat","background-position":"center center","background-size":"auto","background-attachment":"scroll","background-type":"","background-media":"","overlay-type":"","overlay-color":"","overlay-opacity":"","overlay-gradient":""},"mobile":{"background-color":"","background-image":"","background-repeat":"repeat","background-position":"center center","background-size":"auto","background-attachment":"scroll","background-type":"","background-media":"","overlay-type":"","overlay-color":"","overlay-opacity":"","overlay-gradient":""}},"ast-content-background-meta":{"desktop":{"background-color":"var(--ast-global-color-5)","background-image":"","background-repeat":"repeat","background-position":"center center","background-size":"auto","background-attachment":"scroll","background-type":"","background-media":"","overlay-type":"","overlay-color":"","overlay-opacity":"","overlay-gradient":""},"tablet":{"background-color":"var(--ast-global-color-5)","background-image":"","background-repeat":"repeat","background-position":"center center","background-size":"auto","background-attachment":"scroll","background-type":"","background-media":"","overlay-type":"","overlay-color":"","overlay-opacity":"","overlay-gradient":""},"mobile":{"background-color":"var(--ast-global-color-5)","background-image":"","background-repeat":"repeat","background-position":"center center","background-size":"auto","background-attachment":"scroll","background-type":"","background-media":"","overlay-type":"","overlay-color":"","overlay-opacity":"","overlay-gradient":""}}},"product_brand":[],"product_cat":[22],"product_tag":[201,202,203,204,205,206,207,208,209,210,211,212,213,214,215,216,217,218,219,220,221,222,223,224,225,226],"class_list":{"0":"post-1492","1":"product","2":"type-product","3":"status-publish","4":"has-post-thumbnail","6":"product_cat-hybrid","7":"product_tag-buy-weed-online-in-australia","8":"product_tag-buy-weed-online-in-belgium","9":"product_tag-buy-weed-online-in-britain","10":"product_tag-buy-weed-online-in-china","11":"product_tag-buy-weed-online-in-croatia","12":"product_tag-buy-weed-online-in-denmark","13":"product_tag-buy-weed-online-in-european-union","14":"product_tag-buy-weed-online-in-france","15":"product_tag-buy-weed-online-in-germany","16":"product_tag-buy-weed-online-in-guam","17":"product_tag-buy-weed-online-in-guernsey","18":"product_tag-buy-weed-online-in-hungary","19":"product_tag-buy-weed-online-in-ireland","20":"product_tag-buy-weed-online-in-israel","21":"product_tag-buy-weed-online-in-italy","22":"product_tag-buy-weed-online-in-japan","23":"product_tag-buy-weed-online-in-jersey","24":"product_tag-buy-weed-online-in-latvia","25":"product_tag-buy-weed-online-in-poland","26":"product_tag-buy-weed-online-in-russia","27":"product_tag-buy-weed-online-in-spain","28":"product_tag-buy-weed-online-in-sweeden","29":"product_tag-buy-weed-online-in-switzerland","30":"product_tag-buy-weed-online-in-turkey","31":"product_tag-buy-weed-online-in-ukraine","32":"product_tag-buy-weed-online-united-states","33":"desktop-align-center","34":"tablet-align-left","35":"mobile-align-left","37":"first","38":"instock","39":"sale","40":"shipping-taxable","41":"purchasable","42":"product-type-variable"},"uagb_featured_image_src":{"full":["https:\/\/caliweedeurope.com\/wp-content\/uploads\/2024\/11\/treegod415_54277409_1206124882894029_7160562974530010069_n.jpg",1080,1350,false],"thumbnail":["https:\/\/caliweedeurope.com\/wp-content\/uploads\/2024\/11\/treegod415_54277409_1206124882894029_7160562974530010069_n-150x150.jpg",150,150,true],"medium":["https:\/\/caliweedeurope.com\/wp-content\/uploads\/2024\/11\/treegod415_54277409_1206124882894029_7160562974530010069_n-240x300.jpg",240,300,true],"medium_large":["https:\/\/caliweedeurope.com\/wp-content\/uploads\/2024\/11\/treegod415_54277409_1206124882894029_7160562974530010069_n-768x960.jpg",768,960,true],"large":["https:\/\/caliweedeurope.com\/wp-content\/uploads\/2024\/11\/treegod415_54277409_1206124882894029_7160562974530010069_n-819x1024.jpg",819,1024,true],"1536x1536":["https:\/\/caliweedeurope.com\/wp-content\/uploads\/2024\/11\/treegod415_54277409_1206124882894029_7160562974530010069_n.jpg",1080,1350,false],"2048x2048":["https:\/\/caliweedeurope.com\/wp-content\/uploads\/2024\/11\/treegod415_54277409_1206124882894029_7160562974530010069_n.jpg",1080,1350,false],"trp-custom-language-flag":["https:\/\/caliweedeurope.com\/wp-content\/uploads\/2024\/11\/treegod415_54277409_1206124882894029_7160562974530010069_n.jpg",10,12,false],"woocommerce_thumbnail":["https:\/\/caliweedeurope.com\/wp-content\/uploads\/2024\/11\/treegod415_54277409_1206124882894029_7160562974530010069_n-300x300.jpg",300,300,true],"woocommerce_single":["https:\/\/caliweedeurope.com\/wp-content\/uploads\/2024\/11\/treegod415_54277409_1206124882894029_7160562974530010069_n-600x750.jpg",600,750,true],"woocommerce_gallery_thumbnail":["https:\/\/caliweedeurope.com\/wp-content\/uploads\/2024\/11\/treegod415_54277409_1206124882894029_7160562974530010069_n-100x100.jpg",100,100,true]},"uagb_author_info":{"display_name":"jetskiforsaleuk@gmail.com","author_link":"https:\/\/caliweedeurope.com\/pl\/author\/"},"uagb_comment_info":0,"uagb_excerpt":"Afghan kush looks very nice to the eye, Pale green with a hue of yellow , Orange hairs both light and dark are present, looks like a orange and gold nugget, with patchy crystals. Buy Afghan Kush Online \u2013 Afghan Kush for Sale. Afghan Kush is a popular marijuana strain with a THC level up&hellip;","_links":{"self":[{"href":"https:\/\/caliweedeurope.com\/pl\/wp-json\/wp\/v2\/product\/1492"}],"collection":[{"href":"https:\/\/caliweedeurope.com\/pl\/wp-json\/wp\/v2\/product"}],"about":[{"href":"https:\/\/caliweedeurope.com\/pl\/wp-json\/wp\/v2\/types\/product"}],"replies":[{"embeddable":true,"href":"https:\/\/caliweedeurope.com\/pl\/wp-json\/wp\/v2\/comments?post=1492"}],"wp:featuredmedia":[{"embeddable":true,"href":"https:\/\/caliweedeurope.com\/pl\/wp-json\/wp\/v2\/media\/1530"}],"wp:attachment":[{"href":"https:\/\/caliweedeurope.com\/pl\/wp-json\/wp\/v2\/media?parent=1492"}],"wp:term":[{"taxonomy":"product_brand","embeddable":true,"href":"https:\/\/caliweedeurope.com\/pl\/wp-json\/wp\/v2\/product_brand?post=1492"},{"taxonomy":"product_cat","embeddable":true,"href":"https:\/\/caliweedeurope.com\/pl\/wp-json\/wp\/v2\/product_cat?post=1492"},{"taxonomy":"product_tag","embeddable":true,"href":"https:\/\/caliweedeurope.com\/pl\/wp-json\/wp\/v2\/product_tag?post=1492"}],"curies":[{"name":"wp","href":"https:\/\/api.w.org\/{rel}","templated":true}]}}