{"id":1496,"date":"2024-11-03T21:33:29","date_gmt":"2024-11-03T21:33:29","guid":{"rendered":"https:\/\/caliweedeurope.com\/?post_type=product&#038;p=1496"},"modified":"2024-11-06T03:03:06","modified_gmt":"2024-11-06T03:03:06","slug":"sun-rocks-weed","status":"publish","type":"product","link":"https:\/\/caliweedeurope.com\/pl\/product\/sun-rocks-weed\/","title":{"rendered":"Sun Rocks Weed"},"content":{"rendered":"<h2>Czym s\u0105 Sun Rocks?<\/h2>\n<p>Sun Rocks to specyficzny rodzaj produktu konopnego, znany z pot\u0119\u017cnej kompozycji i unikalnych w\u0142a\u015bciwo\u015bci. Produkty te zazwyczaj sk\u0142adaj\u0105 si\u0119 z wysokiej jako\u015bci p\u0105k\u00f3w pokrytych skoncentrowanym ekstraktem, a nast\u0119pnie posypanych kiefem. Technika warstwowania zwi\u0119ksza og\u00f3ln\u0105 moc, co sprawia, \u017ce Sun Rocks s\u0105 popularnym wyborem w\u015br\u00f3d entuzjast\u00f3w konopi.<\/p>\n<h2>Korzy\u015bci z Sun Rocks<\/h2>\n<p>Jedn\u0105 z g\u0142\u00f3wnych zalet Sun Rocks jest ich pot\u0119\u017cno\u015b\u0107. U\u017cytkownicy doceniaj\u0105 silne efekty, kt\u00f3re mog\u0105 do\u015bwiadczy\u0107, co sprawia, \u017ce s\u0105 odpowiednie dla os\u00f3b szukaj\u0105cych mocniejszego do\u015bwiadczenia z konopiami. Dodatkowo ich unikalna struktura pozwala na r\u00f3\u017cne metody spo\u017cycia, zapewniaj\u0105c elastyczno\u015b\u0107 w tym, jak mog\u0105 by\u0107 u\u017cywane.<\/p>\n<h2>Wniosek<\/h2>\n<p class=\"translation-block\">Podsumowuj\u0105c, Sun Rocks oferuj\u0105 u\u017cytkownikom konopi ekscytuj\u0105c\u0105 opcj\u0119 wzmocnionych efekt\u00f3w i do\u015bwiadcze\u0144. Niezale\u017cnie od tego, czy jeste\u015b nowicjuszem w \u015bwiecie konopi, czy do\u015bwiadczonym u\u017cytkownikiem, odkrywanie Sun Rocks mo\u017ce doda\u0107 nowy wymiar do Twojej podr\u00f3\u017cy z konopiami. Kup Sun Rocks w [<a href=\"https:\/\/caliweedeurope.com\/pl\/shop\/\" target=\"_self\">Cali Weed Europe<\/a>](https:\/\/caliweedeurope.com\/shop\/), aby rozpocz\u0105\u0107 podniesion\u0105 przygod\u0119 konopn\u0105.<\/p>","protected":false},"excerpt":{"rendered":"<p>Sun Rock Weed jest tak pot\u0119\u017cny, \u017ce nawet wieloletni entuzja\u015bci marihuany, tacy jak Snoop Dogg, nie s\u0105 gotowi go pali\u0107. Czym s\u0105 p\u0105ki Sun Rocks Weed? Sun Rocks Weed to najsilniejsza forma konopi na rynku do tej pory.<\/p>","protected":false},"featured_media":1532,"comment_status":"closed","ping_status":"closed","template":"","meta":{"_uag_custom_page_level_css":"","site-sidebar-layout":"default","site-content-layout":"","ast-site-content-layout":"default","site-content-style":"default","site-sidebar-style":"default","ast-global-header-display":"","ast-banner-title-visibility":"","ast-main-header-display":"","ast-hfb-above-header-display":"","ast-hfb-below-header-display":"","ast-hfb-mobile-header-display":"","site-post-title":"","ast-breadcrumbs-content":"","ast-featured-img":"","footer-sml-layout":"","ast-disable-related-posts":"","theme-transparent-header-meta":"default","adv-header-id-meta":"","stick-header-meta":"","header-above-stick-meta":"","header-main-stick-meta":"","header-below-stick-meta":"","astra-migrate-meta-layouts":"set","ast-page-background-enabled":"default","ast-page-background-meta":{"desktop":{"background-color":"var(--ast-global-color-5)","background-image":"","background-repeat":"repeat","background-position":"center center","background-size":"auto","background-attachment":"scroll","background-type":"","background-media":"","overlay-type":"","overlay-color":"","overlay-opacity":"","overlay-gradient":""},"tablet":{"background-color":"","background-image":"","background-repeat":"repeat","background-position":"center center","background-size":"auto","background-attachment":"scroll","background-type":"","background-media":"","overlay-type":"","overlay-color":"","overlay-opacity":"","overlay-gradient":""},"mobile":{"background-color":"","background-image":"","background-repeat":"repeat","background-position":"center center","background-size":"auto","background-attachment":"scroll","background-type":"","background-media":"","overlay-type":"","overlay-color":"","overlay-opacity":"","overlay-gradient":""}},"ast-content-background-meta":{"desktop":{"background-color":"var(--ast-global-color-4)","background-image":"","background-repeat":"repeat","background-position":"center center","background-size":"auto","background-attachment":"scroll","background-type":"","background-media":"","overlay-type":"","overlay-color":"","overlay-opacity":"","overlay-gradient":""},"tablet":{"background-color":"var(--ast-global-color-4)","background-image":"","background-repeat":"repeat","background-position":"center center","background-size":"auto","background-attachment":"scroll","background-type":"","background-media":"","overlay-type":"","overlay-color":"","overlay-opacity":"","overlay-gradient":""},"mobile":{"background-color":"var(--ast-global-color-4)","background-image":"","background-repeat":"repeat","background-position":"center center","background-size":"auto","background-attachment":"scroll","background-type":"","background-media":"","overlay-type":"","overlay-color":"","overlay-opacity":"","overlay-gradient":""}}},"product_brand":[],"product_cat":[748],"product_tag":[381,299,300,382,383,384,385,386,387,388,389,316,317,318,319,320,321,322,390,391,392,393,394,395,396,397,398,399,400,401,402,403,404,405,406,407,408,409,410,411,412,413,414,415,416,417,418,419,420,421,422,423,424,325,425,327,426],"class_list":{"0":"post-1496","1":"product","2":"type-product","3":"status-publish","4":"has-post-thumbnail","6":"product_cat-weed-moonrock","7":"product_tag-apollo-sunrocks","8":"product_tag-are-moon-rocks-worth-it","9":"product_tag-bassrocks-moon-rocks-review","10":"product_tag-big-tray-deee-sun-rocks","11":"product_tag-chrystalline-sun-rocks-weed","12":"product_tag-difference-between-moonrocks-and-sun-rocks-weed","13":"product_tag-diffrence-between-sun-rocks-and-moon-rocks-weed","14":"product_tag-how-long-can-weed-barrier-fabric-be-exposed-to-sun-without-rocks-on-top","15":"product_tag-how-mch-sun-rocks-weed","16":"product_tag-how-to-make-sun-rocks-weed","17":"product_tag-making-your-own-sun-rocks-weed","18":"product_tag-martian-rocks-bud","19":"product_tag-martian-rocks-strain","20":"product_tag-martian-rocks-weed","21":"product_tag-martian-rocks-weed-for-sale","22":"product_tag-martian-rocks-weed-price","23":"product_tag-martian-rocks-weed-price-per-gram","24":"product_tag-martian-rocks-weed-where-to-buy","25":"product_tag-moon-rocks-and-sun-rocks-weed","26":"product_tag-moon-rocks-vs-sun-rocks-weed","27":"product_tag-moonrock-weed-vs-sun-rocks","28":"product_tag-reddit-how-to-make-sun-rocks-weed","29":"product_tag-snoop-dogg-sun-rocks-weed","30":"product_tag-sun-rocks-and-moon-rocks-weed","31":"product_tag-sun-rocks-vs-moon-rocks-weed","32":"product_tag-sun-rocks-weed","33":"product_tag-sun-rocks-weed-amsterdam","34":"product_tag-sun-rocks-weed-and-moon-4ock-weed","35":"product_tag-sun-rocks-weed-colorado","36":"product_tag-sun-rocks-weed-denver","37":"product_tag-sun-rocks-weed-for-sale","38":"product_tag-sun-rocks-weed-how-to-make","39":"product_tag-sun-rocks-weed-ingredients","40":"product_tag-sun-rocks-weed-leafly","41":"product_tag-sun-rocks-weed-meme","42":"product_tag-sun-rocks-weed-near-90036","43":"product_tag-sun-rocks-weed-near-me","44":"product_tag-sun-rocks-weed-pics","45":"product_tag-sun-rocks-weed-review","46":"product_tag-sun-rocks-weed-seeds","47":"product_tag-sun-rocks-weed-snoop","48":"product_tag-sun-rocks-weed-strain","49":"product_tag-sun-rocks-weed-strain-price","50":"product_tag-sun-rocks-weed-thc-level","51":"product_tag-sun-rocks-weed-vs-moonrock","52":"product_tag-sunrocks-colorado","53":"product_tag-sunrocks-near-me","54":"product_tag-sunrocks-santorini","55":"product_tag-sunrocks-uk","56":"product_tag-the-official-sunrocks","57":"product_tag-weed-sun-rocks","58":"product_tag-what-are-sun-rocks-weed","59":"product_tag-what-is-sun-rocks-weed","60":"product_tag-where-can-i-buy-martian-rocks-weed","61":"product_tag-where-can-i-buy-sun-rocks-weed","62":"product_tag-where-to-buy-martian-rocks-weed","63":"product_tag-where-to-buy-sun-rocks-weed","64":"desktop-align-center","65":"tablet-align-left","66":"mobile-align-left","68":"first","69":"instock","70":"sale","71":"shipping-taxable","72":"purchasable","73":"product-type-variable"},"uagb_featured_image_src":{"full":["https:\/\/caliweedeurope.com\/wp-content\/uploads\/2024\/11\/111sunrocks1.jpg",1080,1052,false],"thumbnail":["https:\/\/caliweedeurope.com\/wp-content\/uploads\/2024\/11\/111sunrocks1-150x150.jpg",150,150,true],"medium":["https:\/\/caliweedeurope.com\/wp-content\/uploads\/2024\/11\/111sunrocks1-300x292.jpg",300,292,true],"medium_large":["https:\/\/caliweedeurope.com\/wp-content\/uploads\/2024\/11\/111sunrocks1-768x748.jpg",768,748,true],"large":["https:\/\/caliweedeurope.com\/wp-content\/uploads\/2024\/11\/111sunrocks1-1024x997.jpg",1024,997,true],"1536x1536":["https:\/\/caliweedeurope.com\/wp-content\/uploads\/2024\/11\/111sunrocks1.jpg",1080,1052,false],"2048x2048":["https:\/\/caliweedeurope.com\/wp-content\/uploads\/2024\/11\/111sunrocks1.jpg",1080,1052,false],"trp-custom-language-flag":["https:\/\/caliweedeurope.com\/wp-content\/uploads\/2024\/11\/111sunrocks1.jpg",12,12,false],"woocommerce_thumbnail":["https:\/\/caliweedeurope.com\/wp-content\/uploads\/2024\/11\/111sunrocks1-300x300.jpg",300,300,true],"woocommerce_single":["https:\/\/caliweedeurope.com\/wp-content\/uploads\/2024\/11\/111sunrocks1-600x584.jpg",600,584,true],"woocommerce_gallery_thumbnail":["https:\/\/caliweedeurope.com\/wp-content\/uploads\/2024\/11\/111sunrocks1-100x100.jpg",100,100,true]},"uagb_author_info":{"display_name":"jetskiforsaleuk@gmail.com","author_link":"https:\/\/caliweedeurope.com\/pl\/author\/"},"uagb_comment_info":0,"uagb_excerpt":"Sun Rock weed\u00a0is so powerful, even long-time\u00a0weed\u00a0enthusiast Snoop Dogg is not willing to smoke it; What Are\u00a0Sun Rocks Weed\u00a0Buds?\u00a0Sun Rocks weed\u00a0is the strongest form of cannabis on the market to date.","_links":{"self":[{"href":"https:\/\/caliweedeurope.com\/pl\/wp-json\/wp\/v2\/product\/1496"}],"collection":[{"href":"https:\/\/caliweedeurope.com\/pl\/wp-json\/wp\/v2\/product"}],"about":[{"href":"https:\/\/caliweedeurope.com\/pl\/wp-json\/wp\/v2\/types\/product"}],"replies":[{"embeddable":true,"href":"https:\/\/caliweedeurope.com\/pl\/wp-json\/wp\/v2\/comments?post=1496"}],"wp:featuredmedia":[{"embeddable":true,"href":"https:\/\/caliweedeurope.com\/pl\/wp-json\/wp\/v2\/media\/1532"}],"wp:attachment":[{"href":"https:\/\/caliweedeurope.com\/pl\/wp-json\/wp\/v2\/media?parent=1496"}],"wp:term":[{"taxonomy":"product_brand","embeddable":true,"href":"https:\/\/caliweedeurope.com\/pl\/wp-json\/wp\/v2\/product_brand?post=1496"},{"taxonomy":"product_cat","embeddable":true,"href":"https:\/\/caliweedeurope.com\/pl\/wp-json\/wp\/v2\/product_cat?post=1496"},{"taxonomy":"product_tag","embeddable":true,"href":"https:\/\/caliweedeurope.com\/pl\/wp-json\/wp\/v2\/product_tag?post=1496"}],"curies":[{"name":"wp","href":"https:\/\/api.w.org\/{rel}","templated":true}]}}