{"id":1510,"date":"2024-11-03T21:33:53","date_gmt":"2024-11-03T21:33:53","guid":{"rendered":"https:\/\/caliweedeurope.com\/?post_type=product&#038;p=1510"},"modified":"2024-11-03T21:34:38","modified_gmt":"2024-11-03T21:34:38","slug":"khalifa-kush-pre-rolled-joints","status":"publish","type":"product","link":"https:\/\/caliweedeurope.com\/pl\/product\/khalifa-kush-pre-rolled-joints\/","title":{"rendered":"Khalifa Kush Pre Rolled Joints"},"content":{"rendered":"<h1>Khalifa Kush Pre Rolled Joints<\/h1>\n<p>Kup Khalifa Kush pre-rolls<\/p>\n<p class=\"translation-block\"><strong>Dawkowanie:<\/strong> Ka\u017cdy joint zawiera 1,2 grama p\u0105k\u00f3w konopi z zawarto\u015bci\u0105 THC od 25% do 37% <a href=\"https:\/\/en.wikipedia.org\/wiki\/Tetrahydrocannabinol\" target=\"_blank\" rel=\"noopener\">THC<\/a>.<\/p>\n<p class=\"translation-block\"><strong>Opakowanie:<\/strong> W zale\u017cno\u015bci od obj\u0119to\u015bci zam\u00f3wionego produktu i odmiany, u\u017cywamy kombinacji pojemnik\u00f3w z zakr\u0119tk\u0105, zapiecz\u0119towanych torebek, a wszystko jest zawsze podw\u00f3jnie pr\u00f3\u017cniowo zapakowane przed wys\u0142aniem poczt\u0105, aby zapewni\u0107 bezwonny przyjazd.<\/p>\n<p class=\"translation-block\"><strong>Przechowywanie:<\/strong> Prosz\u0119 przechowywa\u0107 swoje wst\u0119pnie skr\u0119cone jointy w szczelnym pojemniku w ch\u0142odnym i suchym miejscu, takim jak lod\u00f3wka, aby zapewni\u0107 maksymaln\u0105 trwa\u0142o\u015b\u0107. Kup wst\u0119pnie skr\u0119cone jointy Khalifa Kush.<\/p>\n<p class=\"translation-block\"><strong>Objawy i Choroby:<\/strong> Ponadto mamy ADHD, l\u0119ki, artretyzm, autyzm, zaburzenie afektywne dwubiegunowe, skurcze, fibromialgi\u0119, zaburzenia \u017co\u0142\u0105dkowo-jelitowe, bezsenno\u015b\u0107, utrat\u0119 apetytu. Dodatkowo migreny, stwardnienie rozsiane, skurcze mi\u0119\u015bni, PMS\/PMDD, PTSD, b\u00f3l: mi\u0119\u015bniowo\/stawowy, b\u00f3l: neuropatyczny, b\u00f3l: fantomowa ko\u0144czyna. Kup wst\u0119pnie skr\u0119cone jointy Khalifa Kush.<\/p>\n<p class=\"translation-block\">Wi\u0119c wiemy, \u017ce cannabis zmienia \u017cycie. I prowadzimy akcj\u0119, aby dostarczy\u0107 marihuan\u0119 do r\u0105k os\u00f3b, kt\u00f3re jej potrzebuj\u0105. Jako popularna apteka cannabis w Stanach Zjednoczonych oferujemy najwy\u017cszej jako\u015bci odmiany cannabis. A tak\u017ce pokrewne produkty (Hybrid, Indica i Sativa, oraz olej cannabis, olej konopny, edibles, koncentraty i moonrock lub <a href=\"https:\/\/deligentman.com\/product\/sun-rocks-weed\/\" target=\"_blank\" rel=\"noopener\">sun rocks<\/a>), aby sprosta\u0107 wymaganiom naszych cenionych klient\u00f3w lub pacjent\u00f3w. Jeste\u015bmy dumni z ustalania standardu dla tej apteki, dlatego. Mamy Weed na sprzeda\u017c, kup marihuan\u0119 online, olej cannabis na sprzeda\u017c, zam\u00f3w Weed online i gdzie kupi\u0107 marihuan\u0119, medyczn\u0105 marihuan\u0119 na sprzeda\u017c. Kup Weed online w Wielkiej Brytanii, kup Khalifa Kush Pre Rolled Joints.<\/p>\n<p>ZDOB\u0104D\u0179 NAJLEPSZE.<\/p>\n<p>Chcesz wi\u0119c kupi\u0107 wysokiej jako\u015bci odmiany marihuany z gwarantowan\u0105 dostaw\u0105 prawie na ca\u0142ym \u015bwiecie?<br \/> Witaj w HempBazar UK. Mamy najlepsze pre-rollsy na sprzeda\u017c!<\/p>\n<p>Dlatego oferujemy ogromny asortyment wysokiej jako\u015bci produkt\u00f3w z marihuan\u0105 na sprzeda\u017c prosto z Wielkiej Brytanii.<\/p>\n<p>Przygotuj si\u0119 do \u0142\u00f3\u017cka. Sweet Dreams to pot\u0119\u017cna mieszanka z dominuj\u0105c\u0105 Indik\u0105, kt\u00f3ra przyniesie ci ulg\u0119 na drodze do sennej relaksacji. Pre-rolls Lucy s\u0105 wykonane tylko z najlepszych 100% kwiat\u00f3w konopi, bez shake. Khalifa Kush pre-rolls.<\/p>","protected":false},"excerpt":{"rendered":"<p>THC 18% do 30% Kup marihuan\u0119 online UK, Kup kief online UK, marihuana online Europa, Kup skunk online UK, zam\u00f3wienie pocztowe 420 UK, Kup marihuan\u0119 online UK.<\/p>\n<p>&nbsp;<\/p>","protected":false},"featured_media":1534,"comment_status":"closed","ping_status":"closed","template":"","meta":{"_uag_custom_page_level_css":"","site-sidebar-layout":"default","site-content-layout":"","ast-site-content-layout":"","site-content-style":"default","site-sidebar-style":"default","ast-global-header-display":"","ast-banner-title-visibility":"","ast-main-header-display":"","ast-hfb-above-header-display":"","ast-hfb-below-header-display":"","ast-hfb-mobile-header-display":"","site-post-title":"","ast-breadcrumbs-content":"","ast-featured-img":"","footer-sml-layout":"","theme-transparent-header-meta":"","adv-header-id-meta":"","stick-header-meta":"","header-above-stick-meta":"","header-main-stick-meta":"","header-below-stick-meta":"","astra-migrate-meta-layouts":"default","ast-page-background-enabled":"default","ast-page-background-meta":{"desktop":{"background-color":"var(--ast-global-color-4)","background-image":"","background-repeat":"repeat","background-position":"center center","background-size":"auto","background-attachment":"scroll","background-type":"","background-media":"","overlay-type":"","overlay-color":"","overlay-opacity":"","overlay-gradient":""},"tablet":{"background-color":"","background-image":"","background-repeat":"repeat","background-position":"center center","background-size":"auto","background-attachment":"scroll","background-type":"","background-media":"","overlay-type":"","overlay-color":"","overlay-opacity":"","overlay-gradient":""},"mobile":{"background-color":"","background-image":"","background-repeat":"repeat","background-position":"center center","background-size":"auto","background-attachment":"scroll","background-type":"","background-media":"","overlay-type":"","overlay-color":"","overlay-opacity":"","overlay-gradient":""}},"ast-content-background-meta":{"desktop":{"background-color":"var(--ast-global-color-5)","background-image":"","background-repeat":"repeat","background-position":"center center","background-size":"auto","background-attachment":"scroll","background-type":"","background-media":"","overlay-type":"","overlay-color":"","overlay-opacity":"","overlay-gradient":""},"tablet":{"background-color":"var(--ast-global-color-5)","background-image":"","background-repeat":"repeat","background-position":"center center","background-size":"auto","background-attachment":"scroll","background-type":"","background-media":"","overlay-type":"","overlay-color":"","overlay-opacity":"","overlay-gradient":""},"mobile":{"background-color":"var(--ast-global-color-5)","background-image":"","background-repeat":"repeat","background-position":"center center","background-size":"auto","background-attachment":"scroll","background-type":"","background-media":"","overlay-type":"","overlay-color":"","overlay-opacity":"","overlay-gradient":""}}},"product_brand":[],"product_cat":[22,228,427,380],"product_tag":[428,429,430,431,432,433,434,330,435,436,437,232,438,439,440,441,442,443,444],"class_list":{"0":"post-1510","1":"product","2":"type-product","3":"status-publish","4":"has-post-thumbnail","6":"product_cat-hybrid","7":"product_cat-indica","8":"product_cat-pre-rolls","9":"product_cat-sativa","10":"product_tag-420-mail-order-uk","11":"product_tag-best-online-vape-store-uk","12":"product_tag-best-place-to-buy-weed-online-europe","13":"product_tag-best-weed-store-uk","14":"product_tag-buy-cbd-weed-online-europe","15":"product_tag-buy-kief-online-uk","16":"product_tag-buy-marijuana-online","17":"product_tag-buy-marijuana-online-uk","18":"product_tag-buy-pollen-online-uk","19":"product_tag-buy-pre-rolled-joints-online-uk","20":"product_tag-buy-skunk-online-uk","21":"product_tag-buy-weed-online-uk","22":"product_tag-head-shop-uk","23":"product_tag-khalifa-kush-pre-rolled-joints","24":"product_tag-legal-highs-shop-uk","25":"product_tag-mail-order-weed-online-europe","26":"product_tag-marijuana-store-uk","27":"product_tag-order-weed-online-europe","28":"product_tag-weed-online-europe","29":"desktop-align-center","30":"tablet-align-left","31":"mobile-align-left","33":"first","34":"instock","35":"shipping-taxable","36":"purchasable","37":"product-type-variable"},"uagb_featured_image_src":{"full":["https:\/\/caliweedeurope.com\/wp-content\/uploads\/2024\/11\/Pre-Roll-5-Pack-4.16.20-scaled-1.jpg",1948,1948,false],"thumbnail":["https:\/\/caliweedeurope.com\/wp-content\/uploads\/2024\/11\/Pre-Roll-5-Pack-4.16.20-scaled-1-150x150.jpg",150,150,true],"medium":["https:\/\/caliweedeurope.com\/wp-content\/uploads\/2024\/11\/Pre-Roll-5-Pack-4.16.20-scaled-1-300x300.jpg",300,300,true],"medium_large":["https:\/\/caliweedeurope.com\/wp-content\/uploads\/2024\/11\/Pre-Roll-5-Pack-4.16.20-scaled-1-768x768.jpg",768,768,true],"large":["https:\/\/caliweedeurope.com\/wp-content\/uploads\/2024\/11\/Pre-Roll-5-Pack-4.16.20-scaled-1-1024x1024.jpg",1024,1024,true],"1536x1536":["https:\/\/caliweedeurope.com\/wp-content\/uploads\/2024\/11\/Pre-Roll-5-Pack-4.16.20-scaled-1-1536x1536.jpg",1536,1536,true],"2048x2048":["https:\/\/caliweedeurope.com\/wp-content\/uploads\/2024\/11\/Pre-Roll-5-Pack-4.16.20-scaled-1.jpg",1948,1948,false],"trp-custom-language-flag":["https:\/\/caliweedeurope.com\/wp-content\/uploads\/2024\/11\/Pre-Roll-5-Pack-4.16.20-scaled-1.jpg",12,12,false],"woocommerce_thumbnail":["https:\/\/caliweedeurope.com\/wp-content\/uploads\/2024\/11\/Pre-Roll-5-Pack-4.16.20-scaled-1-300x300.jpg",300,300,true],"woocommerce_single":["https:\/\/caliweedeurope.com\/wp-content\/uploads\/2024\/11\/Pre-Roll-5-Pack-4.16.20-scaled-1-600x600.jpg",600,600,true],"woocommerce_gallery_thumbnail":["https:\/\/caliweedeurope.com\/wp-content\/uploads\/2024\/11\/Pre-Roll-5-Pack-4.16.20-scaled-1-100x100.jpg",100,100,true]},"uagb_author_info":{"display_name":"jetskiforsaleuk@gmail.com","author_link":"https:\/\/caliweedeurope.com\/pl\/author\/"},"uagb_comment_info":0,"uagb_excerpt":"THC\u00a0 18% to 30% Buy Marijuana Online UK, Buy kief online UK, weed online europe, Buy skunk online UK, 420 mail order UK, Buy weed Online UK. &nbsp;","_links":{"self":[{"href":"https:\/\/caliweedeurope.com\/pl\/wp-json\/wp\/v2\/product\/1510"}],"collection":[{"href":"https:\/\/caliweedeurope.com\/pl\/wp-json\/wp\/v2\/product"}],"about":[{"href":"https:\/\/caliweedeurope.com\/pl\/wp-json\/wp\/v2\/types\/product"}],"replies":[{"embeddable":true,"href":"https:\/\/caliweedeurope.com\/pl\/wp-json\/wp\/v2\/comments?post=1510"}],"wp:featuredmedia":[{"embeddable":true,"href":"https:\/\/caliweedeurope.com\/pl\/wp-json\/wp\/v2\/media\/1534"}],"wp:attachment":[{"href":"https:\/\/caliweedeurope.com\/pl\/wp-json\/wp\/v2\/media?parent=1510"}],"wp:term":[{"taxonomy":"product_brand","embeddable":true,"href":"https:\/\/caliweedeurope.com\/pl\/wp-json\/wp\/v2\/product_brand?post=1510"},{"taxonomy":"product_cat","embeddable":true,"href":"https:\/\/caliweedeurope.com\/pl\/wp-json\/wp\/v2\/product_cat?post=1510"},{"taxonomy":"product_tag","embeddable":true,"href":"https:\/\/caliweedeurope.com\/pl\/wp-json\/wp\/v2\/product_tag?post=1510"}],"curies":[{"name":"wp","href":"https:\/\/api.w.org\/{rel}","templated":true}]}}