{"id":1520,"date":"2024-11-03T21:33:53","date_gmt":"2024-11-03T21:33:53","guid":{"rendered":"https:\/\/caliweedeurope.com\/?post_type=product&#038;p=1520"},"modified":"2024-11-03T21:34:38","modified_gmt":"2024-11-03T21:34:38","slug":"bubblegum","status":"publish","type":"product","link":"https:\/\/caliweedeurope.com\/pl\/product\/bubblegum\/","title":{"rendered":"Bubblegum"},"content":{"rendered":"<h1 class=\"product_title entry-title\">Kup Bubble Gum Marijuana Strain UK<\/h1>\n<p>Bubblegum to hybryda z przewag\u0105 indica. Zosta\u0142a po raz pierwszy stworzona w 1993 roku i wywo\u0142uje siln\u0105 eufori\u0119 u niekt\u00f3rych u\u017cytkownik\u00f3w. To odmiana 60\/40, co oznacza, \u017ce ma oba efekty, kt\u00f3rych niekt\u00f3rzy szukaj\u0105. Najwa\u017cniejsza rzecz, kt\u00f3r\u0105 nale\u017cy wiedzie\u0107 o tej odmianie, to jej bardzo s\u0142odki zapach i smak, co wielu u\u017cytkownik\u00f3w uwielbia. Jak wspomniano wcze\u015bniej, ta odmiana znajduje si\u0119 prawdopodobnie w 80% holenderskich coffee shop\u00f3w. Jedynymi miejscami, gdzie nie jest dost\u0119pna, s\u0105 te, kt\u00f3re oferuj\u0105 inn\u0105 podstawow\u0105 odmian\u0119 lub s\u0105 to drogie sklepy, kt\u00f3re sprzedaj\u0105 tylko najlepsze odmiany. Je\u015bli chcesz spr\u00f3bowa\u0107 tej odmiany, najlepszym miejscem do tego b\u0119dzie Rotterdam lub Amsterdam.<\/p>\n<p class=\"translation-block\"><span class=\"hidden-xs\">Kup Bubble Gum Marijuana UK online. Bubble Gum to r\u00f3wnowa\u017cony hybrydowy, 50% Indica \/ 50% Sativa.<\/span> Kreatywny, Energetyzuj\u0105cy, <a href=\"https:\/\/pl.wikipedia.org\/wiki\/Euforia\" target=\"_blank\" rel=\"noopener\">Euforia<\/a>, \u015amieszny, Szcz\u0119\u015bliwy, Relaksuj\u0105cy, Podnosz\u0105cy na duchu, Mo\u017ce z\u0142agodzi\u0107, Artretyzm, <a href=\"https:\/\/deligentman.com\/what-are-the-best-cannabis-strains-for-chronic-pain\/\" target=\"_blank\" rel=\"noopener\">B\u00f3l przewlek\u0142y<\/a>, Depresja, Zaburzenia \u017co\u0142\u0105dkowo-jelitowe, Bezsenno\u015b\u0107, Utrata apetytu, Nudno\u015bci, <a href=\"https:\/\/deligentman.com\/how-cannabis-can-help-treat-ptsd\/\" target=\"_blank\" rel=\"noopener\">PTSD<\/a>, Stres.<\/p>\n<header class=\"heading--article\">\n<h2 class=\"heading--md heading-md--lg\">Najwa\u017cniejsze cechy odmiany<\/h2>\n<\/header>\n<div class=\"description-wrapper\">\n<div class=\"description\">\n<p>Wielu pokole\u0144 potrzeba by\u0142o, aby w ko\u0144cu wyhodowa\u0107 stabilne Bubble Gum o charakterystycznym s\u0142odkim zapachu i euforycznym efekcie. Bubble Gum zdoby\u0142o dwie nagrody na Cannabis Cup w 1994 roku, a tak\u017ce zaj\u0119\u0142o 2. miejsce w 1995 i ponownie w 1999 roku.<\/p>\n<p>&nbsp;<\/p>\n<p>Kup cannabis online w Europie, mo\u017cesz zam\u00f3wi\u0107 traw\u0119 i cannabis online w Wielkiej Brytanii. Dostarczamy szybko z dostaw\u0105 na nast\u0119pny dzie\u0144. Kup cannabis i traw\u0119 na sprzeda\u017c w UK Weed Supermarket. Kup cannabis online UK, zam\u00f3wienie pocztowe trawy UK. Kup w\u00f3dk\u0119 online USA, kup marihuan\u0119 online UK. Dostarczamy szybko z dostaw\u0105 na nast\u0119pny dzie\u0144. Trawa na sprzeda\u017c w Wielkiej Brytanii. Aquatic Weed Cutter na sprzeda\u017c w Wielkiej Brytanii. Jak kupi\u0107 traw\u0119 online.<\/p>\n<\/p><\/div>\n<\/p><\/div>","protected":false},"excerpt":{"rendered":"<p class=\"translation-block\"><span class=\"hidden-xs\">Kup Bubble Gum Marijuana UK online. Bubble Gum to r\u00f3wnowa\u017cony hybrydowy i Sativa.<\/span> Kreatywny, Energetyzuj\u0105cy, <a href=\"https:\/\/pl.wikipedia.org\/wiki\/Euforia\" target=\"_self\">Euforia<\/a>, \u015amieszny, Szcz\u0119\u015bliwy, Relaksuj\u0105cy, Podnosz\u0105cy na duchu, Mo\u017ce z\u0142agodzi\u0107, Artretyzm, <a href=\"https:\/\/deligentman.com\/what-are-the-best-cannabis-strains-for-chronic-pain\/\" target=\"_self\">B\u00f3l przewlek\u0142y<\/a>, Depresja, Zaburzenia \u017co\u0142\u0105dkowo-jelitowe, Bezsenno\u015b\u0107, Utrata apetytu, Nudno\u015bci, <a href=\"https:\/\/deligentman.com\/how-cannabis-can-help-treat-ptsd\/\" target=\"_self\">PTSD<\/a>, Stres.<\/p>","protected":false},"featured_media":1550,"comment_status":"closed","ping_status":"closed","template":"","meta":{"_uag_custom_page_level_css":"","site-sidebar-layout":"default","site-content-layout":"","ast-site-content-layout":"","site-content-style":"default","site-sidebar-style":"default","ast-global-header-display":"","ast-banner-title-visibility":"","ast-main-header-display":"","ast-hfb-above-header-display":"","ast-hfb-below-header-display":"","ast-hfb-mobile-header-display":"","site-post-title":"","ast-breadcrumbs-content":"","ast-featured-img":"","footer-sml-layout":"","theme-transparent-header-meta":"","adv-header-id-meta":"","stick-header-meta":"","header-above-stick-meta":"","header-main-stick-meta":"","header-below-stick-meta":"","astra-migrate-meta-layouts":"default","ast-page-background-enabled":"default","ast-page-background-meta":{"desktop":{"background-color":"var(--ast-global-color-4)","background-image":"","background-repeat":"repeat","background-position":"center center","background-size":"auto","background-attachment":"scroll","background-type":"","background-media":"","overlay-type":"","overlay-color":"","overlay-opacity":"","overlay-gradient":""},"tablet":{"background-color":"","background-image":"","background-repeat":"repeat","background-position":"center center","background-size":"auto","background-attachment":"scroll","background-type":"","background-media":"","overlay-type":"","overlay-color":"","overlay-opacity":"","overlay-gradient":""},"mobile":{"background-color":"","background-image":"","background-repeat":"repeat","background-position":"center center","background-size":"auto","background-attachment":"scroll","background-type":"","background-media":"","overlay-type":"","overlay-color":"","overlay-opacity":"","overlay-gradient":""}},"ast-content-background-meta":{"desktop":{"background-color":"var(--ast-global-color-5)","background-image":"","background-repeat":"repeat","background-position":"center center","background-size":"auto","background-attachment":"scroll","background-type":"","background-media":"","overlay-type":"","overlay-color":"","overlay-opacity":"","overlay-gradient":""},"tablet":{"background-color":"var(--ast-global-color-5)","background-image":"","background-repeat":"repeat","background-position":"center center","background-size":"auto","background-attachment":"scroll","background-type":"","background-media":"","overlay-type":"","overlay-color":"","overlay-opacity":"","overlay-gradient":""},"mobile":{"background-color":"var(--ast-global-color-5)","background-image":"","background-repeat":"repeat","background-position":"center center","background-size":"auto","background-attachment":"scroll","background-type":"","background-media":"","overlay-type":"","overlay-color":"","overlay-opacity":"","overlay-gradient":""}}},"product_brand":[],"product_cat":[22,228,380],"product_tag":[344,329,354,355,356,331,359,361,362,363,447,366,369,370,371,372,374,448,375,449,378],"class_list":{"0":"post-1520","1":"product","2":"type-product","3":"status-publish","4":"has-post-thumbnail","6":"product_cat-hybrid","7":"product_cat-indica","8":"product_cat-sativa","9":"product_tag-buy-cannabis-buds-online-uk","10":"product_tag-buy-cannabis-in-uk","11":"product_tag-buy-cannabis-uk","12":"product_tag-buy-legal-cannabis-online-uk","13":"product_tag-buy-legal-cannabis-uk","14":"product_tag-buy-medical-cannabis-online-uk","15":"product_tag-buying-cannabis-online-uk","16":"product_tag-buying-cannabis-uk","17":"product_tag-can-i-buy-cannabis-online-uk","18":"product_tag-can-you-buy-cannabis-online-uk","19":"product_tag-cannabis-buy-online-uk","20":"product_tag-cannabis-for-sale-online-uk","21":"product_tag-cannabis-online-uk","22":"product_tag-cannabis-sale-online-uk","23":"product_tag-cannabis-seeds-online-uk","24":"product_tag-cheapest-cannabis-seeds-online-uk","25":"product_tag-online-cannabis-shop-uk","26":"product_tag-order-cannabis-online-uk","27":"product_tag-ordering-cannabis-online-uk","28":"product_tag-where-can-i-buy-cannabis-in-the-uk","29":"product_tag-where-can-i-buy-cannabis-oil-in-uk","30":"desktop-align-center","31":"tablet-align-left","32":"mobile-align-left","34":"first","35":"instock","36":"sale","37":"shipping-taxable","38":"purchasable","39":"product-type-variable"},"uagb_featured_image_src":{"full":["https:\/\/caliweedeurope.com\/wp-content\/uploads\/2024\/11\/treegod415_57308782_130390081388138_8858901574894619432_n.jpg",1080,1350,false],"thumbnail":["https:\/\/caliweedeurope.com\/wp-content\/uploads\/2024\/11\/treegod415_57308782_130390081388138_8858901574894619432_n-150x150.jpg",150,150,true],"medium":["https:\/\/caliweedeurope.com\/wp-content\/uploads\/2024\/11\/treegod415_57308782_130390081388138_8858901574894619432_n-240x300.jpg",240,300,true],"medium_large":["https:\/\/caliweedeurope.com\/wp-content\/uploads\/2024\/11\/treegod415_57308782_130390081388138_8858901574894619432_n-768x960.jpg",768,960,true],"large":["https:\/\/caliweedeurope.com\/wp-content\/uploads\/2024\/11\/treegod415_57308782_130390081388138_8858901574894619432_n-819x1024.jpg",819,1024,true],"1536x1536":["https:\/\/caliweedeurope.com\/wp-content\/uploads\/2024\/11\/treegod415_57308782_130390081388138_8858901574894619432_n.jpg",1080,1350,false],"2048x2048":["https:\/\/caliweedeurope.com\/wp-content\/uploads\/2024\/11\/treegod415_57308782_130390081388138_8858901574894619432_n.jpg",1080,1350,false],"trp-custom-language-flag":["https:\/\/caliweedeurope.com\/wp-content\/uploads\/2024\/11\/treegod415_57308782_130390081388138_8858901574894619432_n.jpg",10,12,false],"woocommerce_thumbnail":["https:\/\/caliweedeurope.com\/wp-content\/uploads\/2024\/11\/treegod415_57308782_130390081388138_8858901574894619432_n-300x300.jpg",300,300,true],"woocommerce_single":["https:\/\/caliweedeurope.com\/wp-content\/uploads\/2024\/11\/treegod415_57308782_130390081388138_8858901574894619432_n-600x750.jpg",600,750,true],"woocommerce_gallery_thumbnail":["https:\/\/caliweedeurope.com\/wp-content\/uploads\/2024\/11\/treegod415_57308782_130390081388138_8858901574894619432_n-100x100.jpg",100,100,true]},"uagb_author_info":{"display_name":"jetskiforsaleuk@gmail.com","author_link":"https:\/\/caliweedeurope.com\/pl\/author\/"},"uagb_comment_info":0,"uagb_excerpt":"Buy Bubble Gum Marijuana UK Online. Bubble Gum is an evenly balanced hybrid and Sativa. Creative, Energizing, Euphoria, Giggly, Happy, Relaxing, Uplifting, May Relieve, Arthritis, Chronic Pain, Depression, Gastrointestinal Disorder, Insomnia, Loss of Appetite, Nausea, PTSD, Stress.","_links":{"self":[{"href":"https:\/\/caliweedeurope.com\/pl\/wp-json\/wp\/v2\/product\/1520"}],"collection":[{"href":"https:\/\/caliweedeurope.com\/pl\/wp-json\/wp\/v2\/product"}],"about":[{"href":"https:\/\/caliweedeurope.com\/pl\/wp-json\/wp\/v2\/types\/product"}],"replies":[{"embeddable":true,"href":"https:\/\/caliweedeurope.com\/pl\/wp-json\/wp\/v2\/comments?post=1520"}],"wp:featuredmedia":[{"embeddable":true,"href":"https:\/\/caliweedeurope.com\/pl\/wp-json\/wp\/v2\/media\/1550"}],"wp:attachment":[{"href":"https:\/\/caliweedeurope.com\/pl\/wp-json\/wp\/v2\/media?parent=1520"}],"wp:term":[{"taxonomy":"product_brand","embeddable":true,"href":"https:\/\/caliweedeurope.com\/pl\/wp-json\/wp\/v2\/product_brand?post=1520"},{"taxonomy":"product_cat","embeddable":true,"href":"https:\/\/caliweedeurope.com\/pl\/wp-json\/wp\/v2\/product_cat?post=1520"},{"taxonomy":"product_tag","embeddable":true,"href":"https:\/\/caliweedeurope.com\/pl\/wp-json\/wp\/v2\/product_tag?post=1520"}],"curies":[{"name":"wp","href":"https:\/\/api.w.org\/{rel}","templated":true}]}}