{"id":1524,"date":"2024-11-03T21:33:54","date_gmt":"2024-11-03T21:33:54","guid":{"rendered":"https:\/\/caliweedeurope.com\/?post_type=product&#038;p=1524"},"modified":"2024-11-03T21:34:38","modified_gmt":"2024-11-03T21:34:38","slug":"original-haze","status":"publish","type":"product","link":"https:\/\/caliweedeurope.com\/pl\/product\/original-haze\/","title":{"rendered":"Original Haze"},"content":{"rendered":"<h1>Odr\u00f3\u017cno\u015b\u0107 Original Haze<\/h1>\n<p class=\"translation-block\">Pracujemy z t\u0105 odmian\u0105 w Holandii od ponad 20 lat. Jest to baza dla wszystkich Haze, kt\u00f3re mo\u017cna znale\u017a\u0107 tutaj w <a href=\"https:\/\/pl.wikipedia.org\/wiki\/Holandia\" target=\"_blank\" rel=\"noopener\">Holandii<\/a>. Od stabilizacji pod koniec lat 70-tych, oryginalna odmiana Haze nigdy nie zosta\u0142a skrzy\u017cowana. Idealna do projekt\u00f3w hodowlanych dzi\u0119ki swojemu czystemu statusowi hodowlanemu. Dla komercyjnych hodowc\u00f3w, ta oryginalna Haze nie jest zalecana ze wzgl\u0119du na jej wielko\u015b\u0107 i d\u0142ugi czas dojrzewania. Bardzo mocna, z energetycznym efektem cerebralnym. Specjalny materia\u0142 hodowlany. Bardzo \u017cywiczna, du\u017ce puszyste p\u0105ki o s\u0142odko-kwa\u015bnym smaku. Jedyna dost\u0119pna czysta oryginalna Haze. <a href=\"https:\/\/deligentman.com\/contact\/\" target=\"_blank\" rel=\"noopener\">Skontaktuj si\u0119 z nami<\/a><\/p>","protected":false},"excerpt":{"rendered":"<p>Original Haze to 100% czysta odmiana sativa, stworzona z szerokiej gamy r\u00f3\u017cnych sativ, w tym odmian meksyka\u0144skich, kolumbijskich, tajlandzkich i po\u0142udniowoindyjskich. Rezultatem jest silna i dobrze zr\u00f3wnowa\u017cona odmiana sativa, pe\u0142na THC (\u015brednio 10-20%) i s\u0142odkich, mglistych smak\u00f3w. Original Haze to odmiana sativa z amsterdamskiego konopi i mo\u017ce by\u0107 uprawiana zar\u00f3wno w pomieszczeniach (gdzie ro\u015bliny potrzebuj\u0105 czasu kwitnienia oko\u0142o 98 dni), jak i na zewn\u0105trz. Amsterdamskie konopie Original Haze nigdy nie by\u0142y dost\u0119pne w postaci nasion feminizowanych. Nasiona Original Haze, odmiana Original Haze, najlepsze odmiany Haze, czyste nasiona Haze, odmiana Haze Sativa, genetyka Haze, odmiana marihuany Haze, odmiany Haze marihuany.<\/p>","protected":false},"featured_media":1552,"comment_status":"closed","ping_status":"closed","template":"","meta":{"_uag_custom_page_level_css":"","site-sidebar-layout":"default","site-content-layout":"","ast-site-content-layout":"","site-content-style":"default","site-sidebar-style":"default","ast-global-header-display":"","ast-banner-title-visibility":"","ast-main-header-display":"","ast-hfb-above-header-display":"","ast-hfb-below-header-display":"","ast-hfb-mobile-header-display":"","site-post-title":"","ast-breadcrumbs-content":"","ast-featured-img":"","footer-sml-layout":"","theme-transparent-header-meta":"","adv-header-id-meta":"","stick-header-meta":"","header-above-stick-meta":"","header-main-stick-meta":"","header-below-stick-meta":"","astra-migrate-meta-layouts":"default","ast-page-background-enabled":"default","ast-page-background-meta":{"desktop":{"background-color":"var(--ast-global-color-4)","background-image":"","background-repeat":"repeat","background-position":"center center","background-size":"auto","background-attachment":"scroll","background-type":"","background-media":"","overlay-type":"","overlay-color":"","overlay-opacity":"","overlay-gradient":""},"tablet":{"background-color":"","background-image":"","background-repeat":"repeat","background-position":"center center","background-size":"auto","background-attachment":"scroll","background-type":"","background-media":"","overlay-type":"","overlay-color":"","overlay-opacity":"","overlay-gradient":""},"mobile":{"background-color":"","background-image":"","background-repeat":"repeat","background-position":"center center","background-size":"auto","background-attachment":"scroll","background-type":"","background-media":"","overlay-type":"","overlay-color":"","overlay-opacity":"","overlay-gradient":""}},"ast-content-background-meta":{"desktop":{"background-color":"var(--ast-global-color-5)","background-image":"","background-repeat":"repeat","background-position":"center center","background-size":"auto","background-attachment":"scroll","background-type":"","background-media":"","overlay-type":"","overlay-color":"","overlay-opacity":"","overlay-gradient":""},"tablet":{"background-color":"var(--ast-global-color-5)","background-image":"","background-repeat":"repeat","background-position":"center center","background-size":"auto","background-attachment":"scroll","background-type":"","background-media":"","overlay-type":"","overlay-color":"","overlay-opacity":"","overlay-gradient":""},"mobile":{"background-color":"var(--ast-global-color-5)","background-image":"","background-repeat":"repeat","background-position":"center center","background-size":"auto","background-attachment":"scroll","background-type":"","background-media":"","overlay-type":"","overlay-color":"","overlay-opacity":"","overlay-gradient":""}}},"product_brand":[],"product_cat":[380],"product_tag":[450,451,452,453,454,455,456,457],"class_list":{"0":"post-1524","1":"product","2":"type-product","3":"status-publish","4":"has-post-thumbnail","6":"product_cat-sativa","7":"product_tag-best-haze-strains","8":"product_tag-haze-genetics","9":"product_tag-haze-marijuana-strain","10":"product_tag-haze-sativa-strain","11":"product_tag-haze-strains-of-pot","12":"product_tag-original-haze-seeds","13":"product_tag-original-haze-strain","14":"product_tag-pure-haze-seeds","15":"desktop-align-center","16":"tablet-align-left","17":"mobile-align-left","19":"first","20":"instock","21":"sale","22":"shipping-taxable","23":"purchasable","24":"product-type-variable"},"uagb_featured_image_src":{"full":["https:\/\/caliweedeurope.com\/wp-content\/uploads\/2024\/11\/treegod415_51730942_1149181218592646_2122766851273443054_n.jpg",1080,1350,false],"thumbnail":["https:\/\/caliweedeurope.com\/wp-content\/uploads\/2024\/11\/treegod415_51730942_1149181218592646_2122766851273443054_n-150x150.jpg",150,150,true],"medium":["https:\/\/caliweedeurope.com\/wp-content\/uploads\/2024\/11\/treegod415_51730942_1149181218592646_2122766851273443054_n-240x300.jpg",240,300,true],"medium_large":["https:\/\/caliweedeurope.com\/wp-content\/uploads\/2024\/11\/treegod415_51730942_1149181218592646_2122766851273443054_n-768x960.jpg",768,960,true],"large":["https:\/\/caliweedeurope.com\/wp-content\/uploads\/2024\/11\/treegod415_51730942_1149181218592646_2122766851273443054_n-819x1024.jpg",819,1024,true],"1536x1536":["https:\/\/caliweedeurope.com\/wp-content\/uploads\/2024\/11\/treegod415_51730942_1149181218592646_2122766851273443054_n.jpg",1080,1350,false],"2048x2048":["https:\/\/caliweedeurope.com\/wp-content\/uploads\/2024\/11\/treegod415_51730942_1149181218592646_2122766851273443054_n.jpg",1080,1350,false],"trp-custom-language-flag":["https:\/\/caliweedeurope.com\/wp-content\/uploads\/2024\/11\/treegod415_51730942_1149181218592646_2122766851273443054_n.jpg",10,12,false],"woocommerce_thumbnail":["https:\/\/caliweedeurope.com\/wp-content\/uploads\/2024\/11\/treegod415_51730942_1149181218592646_2122766851273443054_n-300x300.jpg",300,300,true],"woocommerce_single":["https:\/\/caliweedeurope.com\/wp-content\/uploads\/2024\/11\/treegod415_51730942_1149181218592646_2122766851273443054_n-600x750.jpg",600,750,true],"woocommerce_gallery_thumbnail":["https:\/\/caliweedeurope.com\/wp-content\/uploads\/2024\/11\/treegod415_51730942_1149181218592646_2122766851273443054_n-100x100.jpg",100,100,true]},"uagb_author_info":{"display_name":"jetskiforsaleuk@gmail.com","author_link":"https:\/\/caliweedeurope.com\/pl\/author\/"},"uagb_comment_info":0,"uagb_excerpt":"Original Haze is a 100% pure sativa strain bred as a wide variety of different sativas, including Mexican, Columbian, Thai, and South Indian varieties. The result is a powerful and well-balanced sativa strain packed full of THC (10-20% on average) and sweet hazy flavors. The original Haze is a sativa variety from Amsterdam weed and&hellip;","_links":{"self":[{"href":"https:\/\/caliweedeurope.com\/pl\/wp-json\/wp\/v2\/product\/1524"}],"collection":[{"href":"https:\/\/caliweedeurope.com\/pl\/wp-json\/wp\/v2\/product"}],"about":[{"href":"https:\/\/caliweedeurope.com\/pl\/wp-json\/wp\/v2\/types\/product"}],"replies":[{"embeddable":true,"href":"https:\/\/caliweedeurope.com\/pl\/wp-json\/wp\/v2\/comments?post=1524"}],"wp:featuredmedia":[{"embeddable":true,"href":"https:\/\/caliweedeurope.com\/pl\/wp-json\/wp\/v2\/media\/1552"}],"wp:attachment":[{"href":"https:\/\/caliweedeurope.com\/pl\/wp-json\/wp\/v2\/media?parent=1524"}],"wp:term":[{"taxonomy":"product_brand","embeddable":true,"href":"https:\/\/caliweedeurope.com\/pl\/wp-json\/wp\/v2\/product_brand?post=1524"},{"taxonomy":"product_cat","embeddable":true,"href":"https:\/\/caliweedeurope.com\/pl\/wp-json\/wp\/v2\/product_cat?post=1524"},{"taxonomy":"product_tag","embeddable":true,"href":"https:\/\/caliweedeurope.com\/pl\/wp-json\/wp\/v2\/product_tag?post=1524"}],"curies":[{"name":"wp","href":"https:\/\/api.w.org\/{rel}","templated":true}]}}