{"id":1546,"date":"2024-11-03T21:34:17","date_gmt":"2024-11-03T21:34:17","guid":{"rendered":"https:\/\/caliweedeurope.com\/?post_type=product&#038;p=1546"},"modified":"2024-11-03T21:34:54","modified_gmt":"2024-11-03T21:34:54","slug":"blue-cheese","status":"publish","type":"product","link":"https:\/\/caliweedeurope.com\/pl\/product\/blue-cheese\/","title":{"rendered":"Blue Cheese"},"content":{"rendered":"<p>Blue Cheese to typowy hybrydowy szczep dominuj\u0105cy indica, kt\u00f3ry oferuje wyra\u017any smak oraz umiarkowane efekty psychoaktywne po\u0142\u0105czone z leniwym buzzem.<\/p>\n<p>Szczep otrzyma\u0142 swoj\u0105 nazw\u0119 dzi\u0119ki swojemu aromatowi i linii genetycznej. Blue Cheese to wynik krzy\u017cowania popularnej Blueberry z brytyjsk\u0105 odmian\u0105 Cheese. Wbrew temu, co mog\u0142oby si\u0119 wydawa\u0107, nie smakuje jak ser; ale zapach... O, tak, zdecydowanie pachnie jak dojrza\u0142y cheddar.<\/p>\n<p>Blue Cheese nie jest najsilniejszym hybrydowym szczepem dominuj\u0105cym indica, poniewa\u017c zazwyczaj zawiera od 15% do 20% THC.<\/p>\n<p>Je\u015bli chodzi o wygl\u0105d, odmiana marihuany Blue Cheese ma wyj\u0105tkowo g\u0119ste p\u0105ki, z \u015bci\u015ble upakowanymi li\u015b\u0107mi, kt\u00f3re s\u0105 jasnozielone do \u015bredniozielonych i przetykane ziemistymi w\u0142oskami.<\/p>\n<p>Kiedy tylko poczujesz zapach swojej torby Blue Cheese, zrozumiesz, sk\u0105d pochodzi jej nazwa. Zaczynaj\u0105c od ostrego zapachu sera, odmiana przenosi owocowe, jagodowe nuty odziedziczone po swoim rodzicu, Blueberry.<\/p>\n<p>Czasami aromat jest tak intensywny, \u017ce wiele os\u00f3b por\u00f3wna\u0142o go do pi\u017cma lub nawet zgni\u0142ych warzyw.<\/p>\n<p>Kiedy palisz Blue Cheese, profil smaku jest w rzeczywisto\u015bci odwr\u00f3con\u0105 wersj\u0105 jego profilu zapachowego. Przy wydechu poczujesz ca\u0142kowicie jagodowy smak, z odcieniami serowego funk, kt\u00f3re graj\u0105 gdzie\u015b daleko, daleko w tle.<\/p>\n<p>Efekt jest por\u00f3wnywalny z innymi hybrydami dominuj\u0105cymi indica. Blue Cheese mo\u017ce stopniowo narasta\u0107 \u2013 bez pocz\u0105tkowego cerebralnego rushu, kt\u00f3ry jest zwi\u0105zany z bardziej zr\u00f3wnowa\u017conymi odmianami \u2013 wprowadzaj\u0105c p\u00f3\u017aniej pe\u0142ne rozlu\u017anienie ca\u0142ego cia\u0142a.<\/p>\n<p>Pomimo umiarkowanej zawarto\u015bci THC, Blue Cheese mo\u017ce zaskoczy\u0107 niedo\u015bwiadczonych u\u017cytkownik\u00f3w swoimi efektami psychoaktywnymi.<\/p>\n<p>Po osi\u0105gni\u0119ciu szczytu, high z Blue Cheese mo\u017ce prowadzi\u0107 do parali\u017cuj\u0105cego couchlocka, ale nawet mniejsze dawki tej odmiany potrafi\u0105 zniweczy\u0107 wszystkie twoje plany na reszt\u0119 dnia.<\/p>\n<p>M\u00f3wi\u0105c to, odmiana Blue Cheese jest zalecana do stosowania wieczorem. Dodatkowo, zawsze upewnij si\u0119, \u017ce masz przy sobie przek\u0105ski, poniewa\u017c ta hybryda jest znana z wywo\u0142ywania silnego apetytu.<\/p>\n<p>Dzi\u0119ki wymienionym powy\u017cej efektom, Blue Cheese jest doskona\u0142\u0105 opcj\u0105 dla os\u00f3b, kt\u00f3re u\u017cywaj\u0105 marihuany w celach medycznych. Mo\u017ce z\u0142agodzi\u0107 l\u0119k, depresj\u0119 i pom\u00f3c pacjentom radzi\u0107 sobie z objawami zwi\u0105zanymi z <a href=\"https:\/\/deligentman.com\/2016\/05\/06\/how-cannabis-can-help-treat-ptsd\/\" target=\"_blank\" rel=\"noopener\">PTSD<\/a>. Je\u015bli cierpisz na zaburzenia uwagi, jego jasny i skoncentrowany efekt r\u00f3wnie\u017c b\u0119dzie korzystny.<br \/> Je\u015bli chodzi o mo\u017cliwe skutki uboczne, Blue Cheese nie r\u00f3\u017cni si\u0119 zbytnio od innych hybryd dominuj\u0105cych w indice. Nawet umiarkowane dawki tej odmiany mog\u0105 powodowa\u0107 sucho\u015b\u0107 w ustach, suche i sw\u0119dz\u0105ce oczy oraz nag\u0142y wzrost apetytu; czy ten ostatni efekt uboczny jest niepo\u017c\u0105dany, zale\u017cy tak naprawd\u0119 od twoich nawyk\u00f3w \u017cywieniowych.<\/p>\n<p>Mniej po\u017c\u0105dane reakcje mog\u0105 obejmowa\u0107 zawroty g\u0142owy i pewien niepok\u00f3j, ale wywo\u0142anie paranoi za pomoc\u0105 Blue Cheese nie jest opcj\u0105, chyba \u017ce spo\u017cyjesz go w ekstremalnych ilo\u015bciach.<\/p>\n<p>Poza tym, Blue Cheese to niesamowita odmiana, a gdy jest spo\u017cywana w wystarczaj\u0105cych ilo\u015bciach, stanowi doskona\u0142y wyb\u00f3r do relaksu od wczesnego wieczora a\u017c do snu. U\u017cyj jej, gdy poczujesz potrzeb\u0119 odpr\u0119\u017cenia po d\u0142ugim i stresuj\u0105cym dniu pracy.<\/p>","protected":false},"excerpt":{"rendered":"<ul class=\"product-benefits\">\n<li>Zwykle dociera w ci\u0105gu 2-3 dni<\/li>\n<li>Darmowa wysy\u0142ka na zam\u00f3wienia powy\u017cej 200 euro<\/li>\n<li>Wysy\u0142ka tylko na terenie Europy<\/li>\n<\/ul>","protected":false},"featured_media":1562,"comment_status":"closed","ping_status":"closed","template":"","meta":{"_uag_custom_page_level_css":"","site-sidebar-layout":"default","site-content-layout":"","ast-site-content-layout":"","site-content-style":"default","site-sidebar-style":"default","ast-global-header-display":"","ast-banner-title-visibility":"","ast-main-header-display":"","ast-hfb-above-header-display":"","ast-hfb-below-header-display":"","ast-hfb-mobile-header-display":"","site-post-title":"","ast-breadcrumbs-content":"","ast-featured-img":"","footer-sml-layout":"","theme-transparent-header-meta":"","adv-header-id-meta":"","stick-header-meta":"","header-above-stick-meta":"","header-main-stick-meta":"","header-below-stick-meta":"","astra-migrate-meta-layouts":"default","ast-page-background-enabled":"default","ast-page-background-meta":{"desktop":{"background-color":"var(--ast-global-color-4)","background-image":"","background-repeat":"repeat","background-position":"center center","background-size":"auto","background-attachment":"scroll","background-type":"","background-media":"","overlay-type":"","overlay-color":"","overlay-opacity":"","overlay-gradient":""},"tablet":{"background-color":"","background-image":"","background-repeat":"repeat","background-position":"center center","background-size":"auto","background-attachment":"scroll","background-type":"","background-media":"","overlay-type":"","overlay-color":"","overlay-opacity":"","overlay-gradient":""},"mobile":{"background-color":"","background-image":"","background-repeat":"repeat","background-position":"center center","background-size":"auto","background-attachment":"scroll","background-type":"","background-media":"","overlay-type":"","overlay-color":"","overlay-opacity":"","overlay-gradient":""}},"ast-content-background-meta":{"desktop":{"background-color":"var(--ast-global-color-5)","background-image":"","background-repeat":"repeat","background-position":"center center","background-size":"auto","background-attachment":"scroll","background-type":"","background-media":"","overlay-type":"","overlay-color":"","overlay-opacity":"","overlay-gradient":""},"tablet":{"background-color":"var(--ast-global-color-5)","background-image":"","background-repeat":"repeat","background-position":"center center","background-size":"auto","background-attachment":"scroll","background-type":"","background-media":"","overlay-type":"","overlay-color":"","overlay-opacity":"","overlay-gradient":""},"mobile":{"background-color":"var(--ast-global-color-5)","background-image":"","background-repeat":"repeat","background-position":"center center","background-size":"auto","background-attachment":"scroll","background-type":"","background-media":"","overlay-type":"","overlay-color":"","overlay-opacity":"","overlay-gradient":""}}},"product_brand":[],"product_cat":[228],"product_tag":[201,202,203,204,205,206,207,208,209,210,211,212,213,214,215,216,217,218,219,220,221,222,223,224,225,226],"class_list":{"0":"post-1546","1":"product","2":"type-product","3":"status-publish","4":"has-post-thumbnail","6":"product_cat-indica","7":"product_tag-buy-weed-online-in-australia","8":"product_tag-buy-weed-online-in-belgium","9":"product_tag-buy-weed-online-in-britain","10":"product_tag-buy-weed-online-in-china","11":"product_tag-buy-weed-online-in-croatia","12":"product_tag-buy-weed-online-in-denmark","13":"product_tag-buy-weed-online-in-european-union","14":"product_tag-buy-weed-online-in-france","15":"product_tag-buy-weed-online-in-germany","16":"product_tag-buy-weed-online-in-guam","17":"product_tag-buy-weed-online-in-guernsey","18":"product_tag-buy-weed-online-in-hungary","19":"product_tag-buy-weed-online-in-ireland","20":"product_tag-buy-weed-online-in-israel","21":"product_tag-buy-weed-online-in-italy","22":"product_tag-buy-weed-online-in-japan","23":"product_tag-buy-weed-online-in-jersey","24":"product_tag-buy-weed-online-in-latvia","25":"product_tag-buy-weed-online-in-poland","26":"product_tag-buy-weed-online-in-russia","27":"product_tag-buy-weed-online-in-spain","28":"product_tag-buy-weed-online-in-sweeden","29":"product_tag-buy-weed-online-in-switzerland","30":"product_tag-buy-weed-online-in-turkey","31":"product_tag-buy-weed-online-in-ukraine","32":"product_tag-buy-weed-online-united-states","33":"desktop-align-center","34":"tablet-align-left","35":"mobile-align-left","37":"first","38":"instock","39":"sale","40":"shipping-taxable","41":"purchasable","42":"product-type-variable"},"uagb_featured_image_src":{"full":["https:\/\/caliweedeurope.com\/wp-content\/uploads\/2024\/11\/treegod415_67298644_165799464467681_6494209895392585596_n.jpg",1080,1350,false],"thumbnail":["https:\/\/caliweedeurope.com\/wp-content\/uploads\/2024\/11\/treegod415_67298644_165799464467681_6494209895392585596_n-150x150.jpg",150,150,true],"medium":["https:\/\/caliweedeurope.com\/wp-content\/uploads\/2024\/11\/treegod415_67298644_165799464467681_6494209895392585596_n-240x300.jpg",240,300,true],"medium_large":["https:\/\/caliweedeurope.com\/wp-content\/uploads\/2024\/11\/treegod415_67298644_165799464467681_6494209895392585596_n-768x960.jpg",768,960,true],"large":["https:\/\/caliweedeurope.com\/wp-content\/uploads\/2024\/11\/treegod415_67298644_165799464467681_6494209895392585596_n-819x1024.jpg",819,1024,true],"1536x1536":["https:\/\/caliweedeurope.com\/wp-content\/uploads\/2024\/11\/treegod415_67298644_165799464467681_6494209895392585596_n.jpg",1080,1350,false],"2048x2048":["https:\/\/caliweedeurope.com\/wp-content\/uploads\/2024\/11\/treegod415_67298644_165799464467681_6494209895392585596_n.jpg",1080,1350,false],"trp-custom-language-flag":["https:\/\/caliweedeurope.com\/wp-content\/uploads\/2024\/11\/treegod415_67298644_165799464467681_6494209895392585596_n.jpg",10,12,false],"woocommerce_thumbnail":["https:\/\/caliweedeurope.com\/wp-content\/uploads\/2024\/11\/treegod415_67298644_165799464467681_6494209895392585596_n-300x300.jpg",300,300,true],"woocommerce_single":["https:\/\/caliweedeurope.com\/wp-content\/uploads\/2024\/11\/treegod415_67298644_165799464467681_6494209895392585596_n-600x750.jpg",600,750,true],"woocommerce_gallery_thumbnail":["https:\/\/caliweedeurope.com\/wp-content\/uploads\/2024\/11\/treegod415_67298644_165799464467681_6494209895392585596_n-100x100.jpg",100,100,true]},"uagb_author_info":{"display_name":"jetskiforsaleuk@gmail.com","author_link":"https:\/\/caliweedeurope.com\/pl\/author\/"},"uagb_comment_info":0,"uagb_excerpt":"Typically Arrives in 2-3 Days Free Shipping on Orders over 200 Euros Europe shipping only","_links":{"self":[{"href":"https:\/\/caliweedeurope.com\/pl\/wp-json\/wp\/v2\/product\/1546"}],"collection":[{"href":"https:\/\/caliweedeurope.com\/pl\/wp-json\/wp\/v2\/product"}],"about":[{"href":"https:\/\/caliweedeurope.com\/pl\/wp-json\/wp\/v2\/types\/product"}],"replies":[{"embeddable":true,"href":"https:\/\/caliweedeurope.com\/pl\/wp-json\/wp\/v2\/comments?post=1546"}],"wp:featuredmedia":[{"embeddable":true,"href":"https:\/\/caliweedeurope.com\/pl\/wp-json\/wp\/v2\/media\/1562"}],"wp:attachment":[{"href":"https:\/\/caliweedeurope.com\/pl\/wp-json\/wp\/v2\/media?parent=1546"}],"wp:term":[{"taxonomy":"product_brand","embeddable":true,"href":"https:\/\/caliweedeurope.com\/pl\/wp-json\/wp\/v2\/product_brand?post=1546"},{"taxonomy":"product_cat","embeddable":true,"href":"https:\/\/caliweedeurope.com\/pl\/wp-json\/wp\/v2\/product_cat?post=1546"},{"taxonomy":"product_tag","embeddable":true,"href":"https:\/\/caliweedeurope.com\/pl\/wp-json\/wp\/v2\/product_tag?post=1546"}],"curies":[{"name":"wp","href":"https:\/\/api.w.org\/{rel}","templated":true}]}}